{"id":983,"date":"2024-01-11T15:50:55","date_gmt":"2024-01-11T15:50:55","guid":{"rendered":"https:\/\/alfaloc.pt\/?page_id=983"},"modified":"2024-07-31T15:14:29","modified_gmt":"2024-07-31T15:14:29","slug":"fazer-envio","status":"publish","type":"page","link":"https:\/\/alfaloc.fr\/pt-pt\/fazer-envio\/","title":{"rendered":"Fazer Envio"},"content":{"rendered":"\t\t<div data-elementor-type=\"wp-page\" data-elementor-id=\"983\" class=\"elementor elementor-983\" data-elementor-post-type=\"page\">\n\t\t\t\t<div class=\"elementor-element elementor-element-d14ab86 e-flex e-con-boxed e-con e-parent\" data-id=\"d14ab86\" data-element_type=\"container\">\n\t\t\t\t\t<div class=\"e-con-inner\">\n\t\t<div class=\"elementor-element elementor-element-d28b8ee e-con-full e-flex e-con e-child\" data-id=\"d28b8ee\" data-element_type=\"container\">\n\t\t\t\t<div class=\"elementor-element elementor-element-c964919 elementor-widget__width-inherit elementor-widget-mobile__width-inherit elementor-widget elementor-widget-heading\" data-id=\"c964919\" data-element_type=\"widget\" data-widget_type=\"heading.default\">\n\t\t\t\t<div class=\"elementor-widget-container\">\n\t\t\t<style>\/*! elementor - v3.22.0 - 17-06-2024 *\/\n.elementor-heading-title{padding:0;margin:0;line-height:1}.elementor-widget-heading .elementor-heading-title[class*=elementor-size-]>a{color:inherit;font-size:inherit;line-height:inherit}.elementor-widget-heading .elementor-heading-title.elementor-size-small{font-size:15px}.elementor-widget-heading .elementor-heading-title.elementor-size-medium{font-size:19px}.elementor-widget-heading .elementor-heading-title.elementor-size-large{font-size:29px}.elementor-widget-heading .elementor-heading-title.elementor-size-xl{font-size:39px}.elementor-widget-heading .elementor-heading-title.elementor-size-xxl{font-size:59px}<\/style><h2 class=\"elementor-heading-title elementor-size-default\">Com a <strong>alfaloc<\/strong> fazer um envio \u00e9 simples.<\/h2>\t\t<\/div>\n\t\t\t\t<\/div>\n\t\t\t\t<div class=\"elementor-element elementor-element-1d0f640 elementor-hidden-mobile elementor-widget elementor-widget-spacer\" data-id=\"1d0f640\" data-element_type=\"widget\" data-widget_type=\"spacer.default\">\n\t\t\t\t<div class=\"elementor-widget-container\">\n\t\t\t<style>\/*! elementor - v3.22.0 - 17-06-2024 *\/\n.elementor-column .elementor-spacer-inner{height:var(--spacer-size)}.e-con{--container-widget-width:100%}.e-con-inner>.elementor-widget-spacer,.e-con>.elementor-widget-spacer{width:var(--container-widget-width,var(--spacer-size));--align-self:var(--container-widget-align-self,initial);--flex-shrink:0}.e-con-inner>.elementor-widget-spacer>.elementor-widget-container,.e-con>.elementor-widget-spacer>.elementor-widget-container{height:100%;width:100%}.e-con-inner>.elementor-widget-spacer>.elementor-widget-container>.elementor-spacer,.e-con>.elementor-widget-spacer>.elementor-widget-container>.elementor-spacer{height:100%}.e-con-inner>.elementor-widget-spacer>.elementor-widget-container>.elementor-spacer>.elementor-spacer-inner,.e-con>.elementor-widget-spacer>.elementor-widget-container>.elementor-spacer>.elementor-spacer-inner{height:var(--container-widget-height,var(--spacer-size))}.e-con-inner>.elementor-widget-spacer.elementor-widget-empty,.e-con>.elementor-widget-spacer.elementor-widget-empty{position:relative;min-height:22px;min-width:22px}.e-con-inner>.elementor-widget-spacer.elementor-widget-empty .elementor-widget-empty-icon,.e-con>.elementor-widget-spacer.elementor-widget-empty .elementor-widget-empty-icon{position:absolute;top:0;bottom:0;left:0;right:0;margin:auto;padding:0;width:22px;height:22px}<\/style>\t\t<div class=\"elementor-spacer\">\n\t\t\t<div class=\"elementor-spacer-inner\"><\/div>\n\t\t<\/div>\n\t\t\t\t<\/div>\n\t\t\t\t<\/div>\n\t\t<div class=\"elementor-element elementor-element-3db209d e-con-full e-flex e-con e-child\" data-id=\"3db209d\" data-element_type=\"container\">\n\t\t\t\t<div class=\"elementor-element elementor-element-eaf7ff9 elementor-widget-mobile__width-initial elementor-widget elementor-widget-text-editor\" data-id=\"eaf7ff9\" data-element_type=\"widget\" data-widget_type=\"text-editor.default\">\n\t\t\t\t<div class=\"elementor-widget-container\">\n\t\t\t<style>\/*! elementor - v3.22.0 - 17-06-2024 *\/\n.elementor-widget-text-editor.elementor-drop-cap-view-stacked .elementor-drop-cap{background-color:#69727d;color:#fff}.elementor-widget-text-editor.elementor-drop-cap-view-framed .elementor-drop-cap{color:#69727d;border:3px solid;background-color:transparent}.elementor-widget-text-editor:not(.elementor-drop-cap-view-default) .elementor-drop-cap{margin-top:8px}.elementor-widget-text-editor:not(.elementor-drop-cap-view-default) .elementor-drop-cap-letter{width:1em;height:1em}.elementor-widget-text-editor .elementor-drop-cap{float:left;text-align:center;line-height:1;font-size:50px}.elementor-widget-text-editor .elementor-drop-cap-letter{display:inline-block}<\/style>\t\t\t\t<p>\u00c9 o seu primeiro envio? Ter\u00e1 de <a href=\"https:\/\/alfaloc.pt\/alfaloc-fr\/o-meu-primeiro-envio\/\">abrir conta<\/a> <strong>alfaloc<\/strong>.<\/p><p>Se j\u00e1 \u00e9 cliente <strong>alfaloc<\/strong> dever\u00e1 aceder ao <a href=\"https:\/\/my.alfaloc.pt\/dashboard\" target=\"_blank\" rel=\"noopener\">myalfaloc<\/a> para fazer o seu envio.<\/p><p>Registe-se primeiro. Dever\u00e1 faz\u00ea-lo para usufruir das suas condi\u00e7\u00f5es especiais. <a href=\"#\">Como entrar no myalfaloc<\/a>.<\/p><p>Agora sim, j\u00e1 \u00e9 cliente <strong>alfaloc<\/strong> e j\u00e1 tem registo no <a href=\"https:\/\/my.alfaloc.pt\/dashboard\" target=\"_blank\" rel=\"noopener\">myalfaloc<\/a>, ent\u00e3o mostramos como \u00e9 simples fazer um envio:<\/p>\t\t\t\t\t\t<\/div>\n\t\t\t\t<\/div>\n\t\t\t\t<div class=\"elementor-element elementor-element-b114ecd elementor-widget-mobile__width-initial alfaloc-ol elementor-widget elementor-widget-text-editor\" data-id=\"b114ecd\" data-element_type=\"widget\" data-widget_type=\"text-editor.default\">\n\t\t\t\t<div class=\"elementor-widget-container\">\n\t\t\t\t\t\t\t<ol><li><a href=\"https:\/\/my.alfaloc.pt\/dashboard\" target=\"_blank\" rel=\"noopener\"><strong>Fa\u00e7a login<\/strong><\/a> e escolha \u201c<strong>Nova Carta de Porte<\/strong><strong>\u201d<\/strong>;<\/li><li><strong>Introduza as informa\u00e7\u00f5es sobre o Destinat\u00e1rio do envio;<\/strong><br \/><span style=\"color: #393939\">Clique em <strong style=\"font-weight: 600\">\u201cSeguinte\u201d<\/strong>;<\/span><\/li><li><strong>Introduza as informa\u00e7\u00f5es sobre o Expedidor<\/strong> (local de onde sai a encomenda);<br \/><span style=\"color: #393939\">Clique em <strong style=\"font-weight: 600\">\u201cSeguinte\u201d<\/strong>;<\/span><\/li><li><strong>Qual \u00e9 o tipo de servi\u00e7o que quer? <\/strong><a href=\"https:\/\/alfaloc.pt\/alfaloc-fr\/escolher-servico\/\"><strong>R\u00e1pido, econ\u00f3mico e\/ou exclusivo<\/strong><\/a><strong>?<\/strong><\/li><li><strong>Coloque as dimens\u00f5es da mercadoria<\/strong><br \/>J\u00e1 agora, diga-nos se pretende algum dos nossos servi\u00e7os complementares, como o Seguro ou a SMS para o seu telem\u00f3vel quando a encomenda for entregue (este servi\u00e7o \u00e9 gratuito).<br \/><span style=\"color: #393939\">Clique em <strong style=\"font-weight: 600\">\u201cFinalizar\u201d<\/strong> e a Carta de Porte do envio \u00e9 gerada.<\/span><\/li><li><strong>Agora \u00e9 s\u00f3 escolher \u201cDownload\u201d da Carta de Porte, imprimir e juntar \u00e0 mercadoria<\/strong> (assim como outros poss\u00edveis documentos obrigat\u00f3rios: faturas, etc.).<br \/>E relaxe\u2026 a <strong>alfaloc<\/strong> far\u00e1 a recolha gratuitamente nas suas instala\u00e7\u00f5es!<\/li><\/ol>\t\t\t\t\t\t<\/div>\n\t\t\t\t<\/div>\n\t\t\t\t<div class=\"elementor-element elementor-element-2397e26 elementor-widget-mobile__width-initial elementor-widget elementor-widget-text-editor\" data-id=\"2397e26\" data-element_type=\"widget\" data-widget_type=\"text-editor.default\">\n\t\t\t\t<div class=\"elementor-widget-container\">\n\t\t\t\t\t\t\t<p>E depois \u00e9 s\u00f3 esperar que chegue ao destinat\u00e1rio. Prometemos ser muito r\u00e1pidos.<\/p><p>Apesar disso, pode a qualquer momento saber o estado do seu envio em <a href=\"https:\/\/alfaloc.pt\/alfaloc-fr\/localizar-envio\/\">Localizar Envio<\/a>.<\/p><p><strong>Aten\u00e7\u00e3o<\/strong>: n\u00e3o se esque\u00e7a de juntar a Carta de Porte \u00e0 sua mercadoria (onde tamb\u00e9m devem seguir outros <a href=\"#\">documentos do envio<\/a>, quando aplic\u00e1vel). Este \u00e9 um dos documentos legalmente obrigat\u00f3rios.<\/p><p>J\u00e1 agora, sabia que pode <a href=\"https:\/\/my.alfaloc.pt\/address\" target=\"_blank\" rel=\"noopener\">gravar a morada<\/a> dos seus destinat\u00e1rios no <a href=\"https:\/\/my.alfaloc.pt\/dashboard\" target=\"_blank\" rel=\"noopener\">myalfaloc<\/a>? Assim, n\u00e3o precisa de estar sempre a repetir todos os dados, basta escrever o nome do destinat\u00e1rio ou empresa e o resto aparece automaticamente. Aceda a <a href=\"https:\/\/my.alfaloc.pt\/address\" target=\"_blank\" rel=\"noopener\">Gest\u00e3o de Moradas<\/a>.<\/p><p><strong style=\"font-weight: 600\">Sempre que houver alguma d\u00favida, <strong style=\"color: #dd1a21;font-weight: 600\">fale connosco aqui no chat, <\/strong><\/strong><a href=\"mailto:24horas@alfaloc.pt\"><strong style=\"color: #dd1a21;font-weight: 600\">e-mail<\/strong><\/a><strong style=\"color: #dd1a21;font-weight: 600\"> ou pelo <a href=\"tel:917777100\"><strong style=\"color: #dd1a21;font-weight: 600\">917 777 100<\/strong><\/a><\/strong>.<\/p>\t\t\t\t\t\t<\/div>\n\t\t\t\t<\/div>\n\t\t\t\t<\/div>\n\t\t\t\t<\/div>\n\t\t<div class=\"elementor-element elementor-element-11b198f e-con-full elementor-hidden-tablet elementor-hidden-mobile_extra elementor-hidden-mobile e-flex e-con e-child\" data-id=\"11b198f\" data-element_type=\"container\">\n\t\t\t\t<\/div>\n\t\t\t\t\t<\/div>\n\t\t\t\t<\/div>\n\t\t<div class=\"elementor-element elementor-element-99cdc66 e-flex e-con-boxed e-con e-parent\" data-id=\"99cdc66\" data-element_type=\"container\">\n\t\t\t\t\t<div class=\"e-con-inner\">\n\t\t<div class=\"elementor-element elementor-element-6232dac e-con-full alfaloc-custom-border e-flex e-con e-child\" data-id=\"6232dac\" data-element_type=\"container\">\n\t\t\t\t<div class=\"elementor-element elementor-element-021d25d do-package-img elementor-widget elementor-widget-image\" data-id=\"021d25d\" data-element_type=\"widget\" data-widget_type=\"image.default\">\n\t\t\t\t<div class=\"elementor-widget-container\">\n\t\t\t<style>\/*! elementor - v3.22.0 - 17-06-2024 *\/\n.elementor-widget-image{text-align:center}.elementor-widget-image a{display:inline-block}.elementor-widget-image a img[src$=\".svg\"]{width:48px}.elementor-widget-image img{vertical-align:middle;display:inline-block}<\/style>\t\t\t\t\t\t\t\t\t\t<img decoding=\"async\" src=\"https:\/\/alfaloc.fr\/wp-content\/uploads\/sites\/3\/2024\/01\/abrir-conta.svg\" class=\"attachment-full size-full wp-image-1045\" alt=\"\" \/>\t\t\t\t\t\t\t\t\t\t\t\t\t<\/div>\n\t\t\t\t<\/div>\n\t\t\t\t<div class=\"elementor-element elementor-element-8f5e22d elementor-widget elementor-widget-heading\" data-id=\"8f5e22d\" data-element_type=\"widget\" data-widget_type=\"heading.default\">\n\t\t\t\t<div class=\"elementor-widget-container\">\n\t\t\t<h2 class=\"elementor-heading-title elementor-size-default\">Abrir Conta<\/h2>\t\t<\/div>\n\t\t\t\t<\/div>\n\t\t\t\t<div class=\"elementor-element elementor-element-7b5bd45 elementor-widget-mobile__width-initial elementor-widget elementor-widget-text-editor\" data-id=\"7b5bd45\" data-element_type=\"widget\" data-widget_type=\"text-editor.default\">\n\t\t\t\t<div class=\"elementor-widget-container\">\n\t\t\t\t\t\t\t<p>Para fazer um envio, abra conta com a Alfaloc. \u00c9 simples, r\u00e1pido e gratuito: aceda a <a href=\"https:\/\/alfaloc.pt\/alfaloc-fr\/o-meu-primeiro-envio\/\"><strong>Abrir Conta<\/strong><\/a>, preencha o formul\u00e1rio e escolha Submeter.<\/p>\t\t\t\t\t\t<\/div>\n\t\t\t\t<\/div>\n\t\t\t\t<\/div>\n\t\t<div class=\"elementor-element elementor-element-52383a4 e-con-full alfaloc-custom-border e-flex e-con e-child\" data-id=\"52383a4\" data-element_type=\"container\">\n\t\t\t\t<div class=\"elementor-element elementor-element-f595e0b do-package-img elementor-widget elementor-widget-image\" data-id=\"f595e0b\" data-element_type=\"widget\" data-widget_type=\"image.default\">\n\t\t\t\t<div class=\"elementor-widget-container\">\n\t\t\t\t\t\t\t\t\t\t\t\t\t<img decoding=\"async\" src=\"https:\/\/alfaloc.fr\/wp-content\/uploads\/sites\/3\/2024\/01\/nova-cotacao.svg\" class=\"attachment-full size-full wp-image-1063\" alt=\"\" \/>\t\t\t\t\t\t\t\t\t\t\t\t\t<\/div>\n\t\t\t\t<\/div>\n\t\t\t\t<div class=\"elementor-element elementor-element-671f358 elementor-widget elementor-widget-heading\" data-id=\"671f358\" data-element_type=\"widget\" data-widget_type=\"heading.default\">\n\t\t\t\t<div class=\"elementor-widget-container\">\n\t\t\t<h2 class=\"elementor-heading-title elementor-size-default\">Nova Cota\u00e7\u00e3o<\/h2>\t\t<\/div>\n\t\t\t\t<\/div>\n\t\t\t\t<div class=\"elementor-element elementor-element-eff7aef elementor-widget-mobile__width-initial elementor-widget elementor-widget-text-editor\" data-id=\"eff7aef\" data-element_type=\"widget\" data-widget_type=\"text-editor.default\">\n\t\t\t\t<div class=\"elementor-widget-container\">\n\t\t\t\t\t\t\t<p>Calcule o custo dos seus envios em <a href=\"https:\/\/my.alfaloc.pt\/budget\/create\" target=\"_blank\" rel=\"noopener\"><strong>Nova Cota\u00e7\u00e3o<\/strong><\/a> no <a href=\"https:\/\/my.alfaloc.pt\/dashboard\" target=\"_blank\" rel=\"noopener\"><strong>myalfaloc<\/strong><\/a> (usufrui tarifas personalizadas). Outra op\u00e7\u00e3o: <a href=\"https:\/\/alfaloc.pt\/alfaloc-fr\/calcular-preco\/\"><strong>Calcular Pre\u00e7o<\/strong><\/a> (sem usufruir tarifas personalizadas).<\/p>\t\t\t\t\t\t<\/div>\n\t\t\t\t<\/div>\n\t\t\t\t<\/div>\n\t\t<div class=\"elementor-element elementor-element-0042a41 e-con-full alfaloc-custom-border e-flex e-con e-child\" data-id=\"0042a41\" data-element_type=\"container\">\n\t\t\t\t<div class=\"elementor-element elementor-element-d20e27b do-package-img elementor-widget elementor-widget-image\" data-id=\"d20e27b\" data-element_type=\"widget\" data-widget_type=\"image.default\">\n\t\t\t\t<div class=\"elementor-widget-container\">\n\t\t\t\t\t\t\t\t\t\t\t\t\t<img decoding=\"async\" src=\"https:\/\/alfaloc.fr\/wp-content\/uploads\/sites\/3\/2024\/01\/nova-carta-de-porte.svg\" class=\"attachment-full size-full wp-image-1064\" alt=\"\" \/>\t\t\t\t\t\t\t\t\t\t\t\t\t<\/div>\n\t\t\t\t<\/div>\n\t\t\t\t<div class=\"elementor-element elementor-element-facac05 elementor-widget elementor-widget-heading\" data-id=\"facac05\" data-element_type=\"widget\" data-widget_type=\"heading.default\">\n\t\t\t\t<div class=\"elementor-widget-container\">\n\t\t\t<h2 class=\"elementor-heading-title elementor-size-default\">Nova carta de porte<\/h2>\t\t<\/div>\n\t\t\t\t<\/div>\n\t\t\t\t<div class=\"elementor-element elementor-element-a551591 elementor-widget-mobile__width-initial elementor-widget elementor-widget-text-editor\" data-id=\"a551591\" data-element_type=\"widget\" data-widget_type=\"text-editor.default\">\n\t\t\t\t<div class=\"elementor-widget-container\">\n\t\t\t\t\t\t\t<p>Para come\u00e7ar a enviar s\u00f3 precisa de ir a <a href=\"https:\/\/my.alfaloc.pt\/waybill\/receiver\" target=\"_blank\" rel=\"noopener\"><strong>Nova carta de porte<\/strong><\/a> no <a href=\"https:\/\/my.alfaloc.pt\/dashboard\" target=\"_blank\" rel=\"noopener\"><strong>myalfaloc<\/strong> <\/a>e colocar os dados. Para qualquer d\u00favida, pode ligar 707 212 707, 24h\/dia.<\/p>\t\t\t\t\t\t<\/div>\n\t\t\t\t<\/div>\n\t\t\t\t<\/div>\n\t\t<div class=\"elementor-element elementor-element-8ca2363 e-con-full e-flex e-con e-child\" data-id=\"8ca2363\" data-element_type=\"container\">\n\t\t\t\t<div class=\"elementor-element elementor-element-df90b25 do-package-img elementor-widget elementor-widget-image\" data-id=\"df90b25\" data-element_type=\"widget\" data-widget_type=\"image.default\">\n\t\t\t\t<div class=\"elementor-widget-container\">\n\t\t\t\t\t\t\t\t\t\t\t\t\t<img decoding=\"async\" src=\"https:\/\/alfaloc.fr\/wp-content\/uploads\/sites\/3\/2024\/01\/envio-realizado.svg\" class=\"attachment-full size-full wp-image-1065\" alt=\"\" \/>\t\t\t\t\t\t\t\t\t\t\t\t\t<\/div>\n\t\t\t\t<\/div>\n\t\t\t\t<div class=\"elementor-element elementor-element-c4eae52 elementor-widget elementor-widget-heading\" data-id=\"c4eae52\" data-element_type=\"widget\" data-widget_type=\"heading.default\">\n\t\t\t\t<div class=\"elementor-widget-container\">\n\t\t\t<h2 class=\"elementor-heading-title elementor-size-default\">Envio realizado<\/h2>\t\t<\/div>\n\t\t\t\t<\/div>\n\t\t\t\t<div class=\"elementor-element elementor-element-025ba43 elementor-widget-mobile__width-initial elementor-widget elementor-widget-text-editor\" data-id=\"025ba43\" data-element_type=\"widget\" data-widget_type=\"text-editor.default\">\n\t\t\t\t<div class=\"elementor-widget-container\">\n\t\t\t\t\t\t\t<p>A recolha \u00e9 realizada no local onde pediu e a Alfaloc trata do resto. Pode acompanhar o seu envio em <a href=\"https:\/\/alfaloc.pt\/alfaloc-fr\/localizar-envio\/\"><strong>Localizar Envio<\/strong><\/a> e\/ou <a href=\"https:\/\/alfaloc.pt\/alfaloc-fr\/servicos-complementares\/\"><strong>receber um aviso em SMS\/email<\/strong><\/a>.<\/p>\t\t\t\t\t\t<\/div>\n\t\t\t\t<\/div>\n\t\t\t\t<\/div>\n\t\t<div class=\"elementor-element elementor-element-a1574ae e-con-full elementor-hidden-laptop elementor-hidden-tablet_extra elementor-hidden-tablet elementor-hidden-mobile_extra elementor-hidden-mobile e-flex e-con e-child\" data-id=\"a1574ae\" data-element_type=\"container\">\n\t\t\t\t<\/div>\n\t\t\t\t\t<\/div>\n\t\t\t\t<\/div>\n\t\t\t\t<\/div>\n\t\t","protected":false},"excerpt":{"rendered":"<p>Como fazer um envio com a Alfaloc? Com a Alfaloc \u00e9 simples.<\/p>\n","protected":false},"author":1,"featured_media":185,"parent":0,"menu_order":0,"comment_status":"closed","ping_status":"closed","template":"","meta":{"footnotes":""},"class_list":["post-983","page","type-page","status-publish","has-post-thumbnail","hentry"],"yoast_head":"<!-- This site is optimized with the Yoast SEO Premium plugin v27.5 (Yoast SEO v27.5) - https:\/\/yoast.com\/product\/yoast-seo-premium-wordpress\/ -->\n<title>Fazer Envio - Alfaloc FR<\/title>\n<meta name=\"description\" content=\"Como fazer um envio? Com a Alfaloc \u00e9 simples. Ali\u00e1s, com a Alfaloc \u00e9 simples, r\u00e1pido e seguro. Saiba como ...\" \/>\n<meta name=\"robots\" content=\"index, follow, max-snippet:-1, max-image-preview:large, max-video-preview:-1\" \/>\n<link rel=\"canonical\" href=\"https:\/\/alfaloc.fr\/pt-pt\/fazer-envio\/\" \/>\n<meta property=\"og:locale\" content=\"pt_PT\" \/>\n<meta property=\"og:type\" content=\"article\" \/>\n<meta property=\"og:title\" content=\"Fazer Envio\" \/>\n<meta property=\"og:description\" content=\"Como fazer um envio? Com a Alfaloc \u00e9 simples. Ali\u00e1s, com a Alfaloc \u00e9 simples, r\u00e1pido e seguro. Saiba como ...\" \/>\n<meta property=\"og:url\" content=\"https:\/\/alfaloc.fr\/pt-pt\/fazer-envio\/\" \/>\n<meta property=\"og:site_name\" content=\"Alfaloc FR\" \/>\n<meta property=\"article:modified_time\" content=\"2024-07-31T15:14:29+00:00\" \/>\n<meta property=\"og:image\" content=\"https:\/\/alfaloc.fr\/wp-content\/uploads\/sites\/3\/2023\/12\/alfaloc-localizar-envio.jpg\" \/>\n\t<meta property=\"og:image:width\" content=\"1573\" \/>\n\t<meta property=\"og:image:height\" content=\"486\" \/>\n\t<meta property=\"og:image:type\" content=\"image\/jpeg\" \/>\n<meta name=\"twitter:card\" content=\"summary_large_image\" \/>\n<meta name=\"twitter:description\" content=\"Como fazer um envio? Com a Alfaloc \u00e9 simples. Ali\u00e1s, com a Alfaloc \u00e9 simples, r\u00e1pido e seguro. Saiba como ...\" \/>\n<meta name=\"twitter:label1\" content=\"Tempo estimado de leitura\" \/>\n\t<meta name=\"twitter:data1\" content=\"4 minutos\" \/>\n<script type=\"application\/ld+json\" class=\"yoast-schema-graph\">{\"@context\":\"https:\\\/\\\/schema.org\",\"@graph\":[{\"@type\":\"WebPage\",\"@id\":\"https:\\\/\\\/alfaloc.fr\\\/pt-pt\\\/fazer-envio\\\/\",\"url\":\"https:\\\/\\\/alfaloc.fr\\\/pt-pt\\\/fazer-envio\\\/\",\"name\":\"Fazer Envio - Alfaloc FR\",\"isPartOf\":{\"@id\":\"https:\\\/\\\/alfaloc.fr\\\/pt-pt\\\/#website\"},\"primaryImageOfPage\":{\"@id\":\"https:\\\/\\\/alfaloc.fr\\\/pt-pt\\\/fazer-envio\\\/#primaryimage\"},\"image\":{\"@id\":\"https:\\\/\\\/alfaloc.fr\\\/pt-pt\\\/fazer-envio\\\/#primaryimage\"},\"thumbnailUrl\":\"https:\\\/\\\/alfaloc.fr\\\/wp-content\\\/uploads\\\/sites\\\/3\\\/2023\\\/12\\\/alfaloc-localizar-envio.jpg\",\"datePublished\":\"2024-01-11T15:50:55+00:00\",\"dateModified\":\"2024-07-31T15:14:29+00:00\",\"description\":\"Como fazer um envio? Com a Alfaloc \u00e9 simples. Ali\u00e1s, com a Alfaloc \u00e9 simples, r\u00e1pido e seguro. Saiba como ...\",\"breadcrumb\":{\"@id\":\"https:\\\/\\\/alfaloc.fr\\\/pt-pt\\\/fazer-envio\\\/#breadcrumb\"},\"inLanguage\":\"pt-PT\",\"potentialAction\":[{\"@type\":\"ReadAction\",\"target\":[\"https:\\\/\\\/alfaloc.fr\\\/pt-pt\\\/fazer-envio\\\/\"]}]},{\"@type\":\"ImageObject\",\"inLanguage\":\"pt-PT\",\"@id\":\"https:\\\/\\\/alfaloc.fr\\\/pt-pt\\\/fazer-envio\\\/#primaryimage\",\"url\":\"https:\\\/\\\/alfaloc.fr\\\/wp-content\\\/uploads\\\/sites\\\/3\\\/2023\\\/12\\\/alfaloc-localizar-envio.jpg\",\"contentUrl\":\"https:\\\/\\\/alfaloc.fr\\\/wp-content\\\/uploads\\\/sites\\\/3\\\/2023\\\/12\\\/alfaloc-localizar-envio.jpg\",\"width\":1573,\"height\":486,\"caption\":\"Alfaloc Transportes\"},{\"@type\":\"BreadcrumbList\",\"@id\":\"https:\\\/\\\/alfaloc.fr\\\/pt-pt\\\/fazer-envio\\\/#breadcrumb\",\"itemListElement\":[{\"@type\":\"ListItem\",\"position\":1,\"name\":\"In\u00edcio\",\"item\":\"https:\\\/\\\/alfaloc.fr\\\/pt-pt\\\/\"},{\"@type\":\"ListItem\",\"position\":2,\"name\":\"Fazer Envio\"}]},{\"@type\":\"WebSite\",\"@id\":\"https:\\\/\\\/alfaloc.fr\\\/pt-pt\\\/#website\",\"url\":\"https:\\\/\\\/alfaloc.fr\\\/pt-pt\\\/\",\"name\":\"Alfaloc FR\",\"description\":\"\",\"potentialAction\":[{\"@type\":\"SearchAction\",\"target\":{\"@type\":\"EntryPoint\",\"urlTemplate\":\"https:\\\/\\\/alfaloc.fr\\\/pt-pt\\\/?s={search_term_string}\"},\"query-input\":{\"@type\":\"PropertyValueSpecification\",\"valueRequired\":true,\"valueName\":\"search_term_string\"}}],\"inLanguage\":\"pt-PT\"}]}<\/script>\n<!-- \/ Yoast SEO Premium plugin. -->","yoast_head_json":{"title":"Fazer Envio - Alfaloc FR","description":"Como fazer um envio? Com a Alfaloc \u00e9 simples. Ali\u00e1s, com a Alfaloc \u00e9 simples, r\u00e1pido e seguro. Saiba como ...","robots":{"index":"index","follow":"follow","max-snippet":"max-snippet:-1","max-image-preview":"max-image-preview:large","max-video-preview":"max-video-preview:-1"},"canonical":"https:\/\/alfaloc.fr\/pt-pt\/fazer-envio\/","og_locale":"pt_PT","og_type":"article","og_title":"Fazer Envio","og_description":"Como fazer um envio? Com a Alfaloc \u00e9 simples. Ali\u00e1s, com a Alfaloc \u00e9 simples, r\u00e1pido e seguro. Saiba como ...","og_url":"https:\/\/alfaloc.fr\/pt-pt\/fazer-envio\/","og_site_name":"Alfaloc FR","article_modified_time":"2024-07-31T15:14:29+00:00","og_image":[{"width":1573,"height":486,"url":"https:\/\/alfaloc.fr\/wp-content\/uploads\/sites\/3\/2023\/12\/alfaloc-localizar-envio.jpg","type":"image\/jpeg"}],"twitter_card":"summary_large_image","twitter_description":"Como fazer um envio? Com a Alfaloc \u00e9 simples. Ali\u00e1s, com a Alfaloc \u00e9 simples, r\u00e1pido e seguro. Saiba como ...","twitter_misc":{"Tempo estimado de leitura":"4 minutos"},"schema":{"@context":"https:\/\/schema.org","@graph":[{"@type":"WebPage","@id":"https:\/\/alfaloc.fr\/pt-pt\/fazer-envio\/","url":"https:\/\/alfaloc.fr\/pt-pt\/fazer-envio\/","name":"Fazer Envio - Alfaloc FR","isPartOf":{"@id":"https:\/\/alfaloc.fr\/pt-pt\/#website"},"primaryImageOfPage":{"@id":"https:\/\/alfaloc.fr\/pt-pt\/fazer-envio\/#primaryimage"},"image":{"@id":"https:\/\/alfaloc.fr\/pt-pt\/fazer-envio\/#primaryimage"},"thumbnailUrl":"https:\/\/alfaloc.fr\/wp-content\/uploads\/sites\/3\/2023\/12\/alfaloc-localizar-envio.jpg","datePublished":"2024-01-11T15:50:55+00:00","dateModified":"2024-07-31T15:14:29+00:00","description":"Como fazer um envio? Com a Alfaloc \u00e9 simples. Ali\u00e1s, com a Alfaloc \u00e9 simples, r\u00e1pido e seguro. Saiba como ...","breadcrumb":{"@id":"https:\/\/alfaloc.fr\/pt-pt\/fazer-envio\/#breadcrumb"},"inLanguage":"pt-PT","potentialAction":[{"@type":"ReadAction","target":["https:\/\/alfaloc.fr\/pt-pt\/fazer-envio\/"]}]},{"@type":"ImageObject","inLanguage":"pt-PT","@id":"https:\/\/alfaloc.fr\/pt-pt\/fazer-envio\/#primaryimage","url":"https:\/\/alfaloc.fr\/wp-content\/uploads\/sites\/3\/2023\/12\/alfaloc-localizar-envio.jpg","contentUrl":"https:\/\/alfaloc.fr\/wp-content\/uploads\/sites\/3\/2023\/12\/alfaloc-localizar-envio.jpg","width":1573,"height":486,"caption":"Alfaloc Transportes"},{"@type":"BreadcrumbList","@id":"https:\/\/alfaloc.fr\/pt-pt\/fazer-envio\/#breadcrumb","itemListElement":[{"@type":"ListItem","position":1,"name":"In\u00edcio","item":"https:\/\/alfaloc.fr\/pt-pt\/"},{"@type":"ListItem","position":2,"name":"Fazer Envio"}]},{"@type":"WebSite","@id":"https:\/\/alfaloc.fr\/pt-pt\/#website","url":"https:\/\/alfaloc.fr\/pt-pt\/","name":"Alfaloc FR","description":"","potentialAction":[{"@type":"SearchAction","target":{"@type":"EntryPoint","urlTemplate":"https:\/\/alfaloc.fr\/pt-pt\/?s={search_term_string}"},"query-input":{"@type":"PropertyValueSpecification","valueRequired":true,"valueName":"search_term_string"}}],"inLanguage":"pt-PT"}]}},"_links":{"self":[{"href":"https:\/\/alfaloc.fr\/pt-pt\/wp-json\/wp\/v2\/pages\/983","targetHints":{"allow":["GET"]}}],"collection":[{"href":"https:\/\/alfaloc.fr\/pt-pt\/wp-json\/wp\/v2\/pages"}],"about":[{"href":"https:\/\/alfaloc.fr\/pt-pt\/wp-json\/wp\/v2\/types\/page"}],"author":[{"embeddable":true,"href":"https:\/\/alfaloc.fr\/pt-pt\/wp-json\/wp\/v2\/users\/1"}],"replies":[{"embeddable":true,"href":"https:\/\/alfaloc.fr\/pt-pt\/wp-json\/wp\/v2\/comments?post=983"}],"version-history":[{"count":242,"href":"https:\/\/alfaloc.fr\/pt-pt\/wp-json\/wp\/v2\/pages\/983\/revisions"}],"predecessor-version":[{"id":6329,"href":"https:\/\/alfaloc.fr\/pt-pt\/wp-json\/wp\/v2\/pages\/983\/revisions\/6329"}],"wp:featuredmedia":[{"embeddable":true,"href":"https:\/\/alfaloc.fr\/pt-pt\/wp-json\/wp\/v2\/media\/185"}],"wp:attachment":[{"href":"https:\/\/alfaloc.fr\/pt-pt\/wp-json\/wp\/v2\/media?parent=983"}],"curies":[{"name":"wp","href":"https:\/\/api.w.org\/{rel}","templated":true}]}}