{"id":8503,"date":"2024-11-15T11:15:53","date_gmt":"2024-11-15T11:15:53","guid":{"rendered":"https:\/\/alfaloc.pt\/?page_id=8503"},"modified":"2024-11-26T09:47:19","modified_gmt":"2024-11-26T09:47:19","slug":"formularios-e-documentos","status":"publish","type":"page","link":"https:\/\/alfaloc.fr\/pt-pt\/formularios-e-documentos\/","title":{"rendered":"Formul\u00e1rios e Documentos"},"content":{"rendered":"\t\t<div data-elementor-type=\"wp-page\" data-elementor-id=\"8503\" class=\"elementor elementor-8503\" data-elementor-post-type=\"page\">\n\t\t\t\t<div class=\"elementor-element elementor-element-b1cd151 e-flex e-con-boxed e-con e-parent\" data-id=\"b1cd151\" data-element_type=\"container\">\n\t\t\t\t\t<div class=\"e-con-inner\">\n\t\t<div class=\"elementor-element elementor-element-72ed6c7 e-con-full e-flex e-con e-child\" data-id=\"72ed6c7\" data-element_type=\"container\">\n\t\t\t\t<div class=\"elementor-element elementor-element-00b8f49 elementor-align-left elementor-icon-list--layout-traditional elementor-list-item-link-full_width elementor-widget elementor-widget-icon-list\" data-id=\"00b8f49\" data-element_type=\"widget\" id=\"alfaloc-ver-todos\" data-widget_type=\"icon-list.default\">\n\t\t\t\t<div class=\"elementor-widget-container\">\n\t\t\t<link rel=\"stylesheet\" href=\"https:\/\/alfaloc.fr\/wp-content\/uploads\/sites\/3\/elementor\/css\/custom-widget-icon-list.min.css?ver=1742845087\">\t\t<ul class=\"elementor-icon-list-items\">\n\t\t\t\t\t\t\t<li class=\"elementor-icon-list-item\">\n\t\t\t\t\t\t\t\t\t\t\t<a href=\"https:\/\/alfaloc.pt\/alfaloc-fr\/pedir-certificado-ambiental\/\">\n\n\t\t\t\t\t\t\t\t\t\t\t\t<span class=\"elementor-icon-list-icon\">\n\t\t\t\t\t\t\t<svg xmlns=\"http:\/\/www.w3.org\/2000\/svg\" width=\"30\" height=\"30\" viewBox=\"0 0 30 30\" fill=\"none\"><g id=\"clarity:circle-arrow-line\" clip-path=\"url(#clip0_909_1143)\"><path id=\"Vector\" d=\"M28.333 15.0001C28.333 12.363 27.551 9.78514 26.0859 7.59248C24.6209 5.39983 22.5385 3.69086 20.1021 2.68169C17.6658 1.67252 14.9849 1.40848 12.3985 1.92295C9.81206 2.43742 7.43628 3.7073 5.57158 5.572C3.70688 7.4367 2.43701 9.81247 1.92254 12.3989C1.40807 14.9853 1.67211 17.6662 2.68128 20.1025C3.69045 22.5389 5.39941 24.6213 7.59207 26.0864C9.78473 27.5514 12.3626 28.3334 14.9997 28.3334C18.5359 28.3334 21.9273 26.9287 24.4278 24.4282C26.9282 21.9277 28.333 18.5363 28.333 15.0001ZM3.33301 15.0001C3.33301 12.6926 4.01725 10.437 5.2992 8.51843C6.58114 6.59986 8.40323 5.10451 10.535 4.22149C12.6668 3.33847 15.0126 3.10743 17.2757 3.55759C19.5388 4.00775 21.6176 5.1189 23.2493 6.75051C24.8809 8.38212 25.992 10.4609 26.4422 12.724C26.8923 14.9871 26.6613 17.3329 25.7783 19.4647C24.8952 21.5965 23.3999 23.4186 21.4813 24.7006C19.5628 25.9825 17.3071 26.6668 14.9997 26.6668C11.9055 26.6668 8.93802 25.4376 6.7501 23.2497C4.56217 21.0617 3.33301 18.0943 3.33301 15.0001Z\" fill=\"#DD1A22\"><\/path><path id=\"Vector_2\" d=\"M23.1162 15.0665L16.7745 8.72488C16.6998 8.63765 16.6079 8.56679 16.5045 8.51677C16.4011 8.46676 16.2885 8.43865 16.1738 8.43421C16.059 8.42978 15.9445 8.44912 15.8376 8.49102C15.7307 8.53291 15.6335 8.59646 15.5523 8.67767C15.4711 8.75888 15.4076 8.85601 15.3657 8.96294C15.3238 9.06988 15.3044 9.18432 15.3089 9.29909C15.3133 9.41386 15.3414 9.52647 15.3914 9.62986C15.4415 9.73324 15.5123 9.82517 15.5995 9.89988L19.8495 14.1665L7.34955 14.1665C7.12853 14.1665 6.91657 14.2543 6.76029 14.4106C6.60401 14.5669 6.51621 14.7789 6.51621 14.9999C6.51621 15.2209 6.60401 15.4329 6.76029 15.5891C6.91657 15.7454 7.12853 15.8332 7.34955 15.8332L19.9995 15.8332L15.5995 20.2332C15.5123 20.3079 15.4415 20.3999 15.3914 20.5032C15.3414 20.6066 15.3133 20.7192 15.3089 20.834C15.3044 20.9488 15.3238 21.0632 15.3657 21.1702C15.4076 21.2771 15.4711 21.3742 15.5523 21.4554C15.6335 21.5366 15.7307 21.6002 15.8376 21.6421C15.9445 21.684 16.059 21.7033 16.1738 21.6989C16.2885 21.6944 16.4011 21.6663 16.5045 21.6163C16.6079 21.5663 16.6998 21.4954 16.7745 21.4082L23.1162 15.0665Z\" fill=\"#DD1A22\"><\/path><\/g><defs><clipPath id=\"clip0_909_1143\"><rect width=\"30\" height=\"30\" fill=\"white\" transform=\"translate(30) rotate(90)\"><\/rect><\/clipPath><\/defs><\/svg>\t\t\t\t\t\t<\/span>\n\t\t\t\t\t\t\t\t\t\t<span class=\"elementor-icon-list-text\">1. Quero pedir o meu Certificado Ambiental<\/span>\n\t\t\t\t\t\t\t\t\t\t\t<\/a>\n\t\t\t\t\t\t\t\t\t<\/li>\n\t\t\t\t\t\t\t\t<li class=\"elementor-icon-list-item\">\n\t\t\t\t\t\t\t\t\t\t\t<a href=\"https:\/\/alfaloc.fr\/pt-pt\/contactos\/\">\n\n\t\t\t\t\t\t\t\t\t\t\t\t<span class=\"elementor-icon-list-icon\">\n\t\t\t\t\t\t\t<svg xmlns=\"http:\/\/www.w3.org\/2000\/svg\" width=\"30\" height=\"30\" viewBox=\"0 0 30 30\" fill=\"none\"><g id=\"clarity:circle-arrow-line\" clip-path=\"url(#clip0_909_1143)\"><path id=\"Vector\" d=\"M28.333 15.0001C28.333 12.363 27.551 9.78514 26.0859 7.59248C24.6209 5.39983 22.5385 3.69086 20.1021 2.68169C17.6658 1.67252 14.9849 1.40848 12.3985 1.92295C9.81206 2.43742 7.43628 3.7073 5.57158 5.572C3.70688 7.4367 2.43701 9.81247 1.92254 12.3989C1.40807 14.9853 1.67211 17.6662 2.68128 20.1025C3.69045 22.5389 5.39941 24.6213 7.59207 26.0864C9.78473 27.5514 12.3626 28.3334 14.9997 28.3334C18.5359 28.3334 21.9273 26.9287 24.4278 24.4282C26.9282 21.9277 28.333 18.5363 28.333 15.0001ZM3.33301 15.0001C3.33301 12.6926 4.01725 10.437 5.2992 8.51843C6.58114 6.59986 8.40323 5.10451 10.535 4.22149C12.6668 3.33847 15.0126 3.10743 17.2757 3.55759C19.5388 4.00775 21.6176 5.1189 23.2493 6.75051C24.8809 8.38212 25.992 10.4609 26.4422 12.724C26.8923 14.9871 26.6613 17.3329 25.7783 19.4647C24.8952 21.5965 23.3999 23.4186 21.4813 24.7006C19.5628 25.9825 17.3071 26.6668 14.9997 26.6668C11.9055 26.6668 8.93802 25.4376 6.7501 23.2497C4.56217 21.0617 3.33301 18.0943 3.33301 15.0001Z\" fill=\"#DD1A22\"><\/path><path id=\"Vector_2\" d=\"M23.1162 15.0665L16.7745 8.72488C16.6998 8.63765 16.6079 8.56679 16.5045 8.51677C16.4011 8.46676 16.2885 8.43865 16.1738 8.43421C16.059 8.42978 15.9445 8.44912 15.8376 8.49102C15.7307 8.53291 15.6335 8.59646 15.5523 8.67767C15.4711 8.75888 15.4076 8.85601 15.3657 8.96294C15.3238 9.06988 15.3044 9.18432 15.3089 9.29909C15.3133 9.41386 15.3414 9.52647 15.3914 9.62986C15.4415 9.73324 15.5123 9.82517 15.5995 9.89988L19.8495 14.1665L7.34955 14.1665C7.12853 14.1665 6.91657 14.2543 6.76029 14.4106C6.60401 14.5669 6.51621 14.7789 6.51621 14.9999C6.51621 15.2209 6.60401 15.4329 6.76029 15.5891C6.91657 15.7454 7.12853 15.8332 7.34955 15.8332L19.9995 15.8332L15.5995 20.2332C15.5123 20.3079 15.4415 20.3999 15.3914 20.5032C15.3414 20.6066 15.3133 20.7192 15.3089 20.834C15.3044 20.9488 15.3238 21.0632 15.3657 21.1702C15.4076 21.2771 15.4711 21.3742 15.5523 21.4554C15.6335 21.5366 15.7307 21.6002 15.8376 21.6421C15.9445 21.684 16.059 21.7033 16.1738 21.6989C16.2885 21.6944 16.4011 21.6663 16.5045 21.6163C16.6079 21.5663 16.6998 21.4954 16.7745 21.4082L23.1162 15.0665Z\" fill=\"#DD1A22\"><\/path><\/g><defs><clipPath id=\"clip0_909_1143\"><rect width=\"30\" height=\"30\" fill=\"white\" transform=\"translate(30) rotate(90)\"><\/rect><\/clipPath><\/defs><\/svg>\t\t\t\t\t\t<\/span>\n\t\t\t\t\t\t\t\t\t\t<span class=\"elementor-icon-list-text\">2. Pretende enviar uma sugest\u00e3o, um elogio, reclama\u00e7\u00e3o ou pedido de informa\u00e7\u00f5es?<\/span>\n\t\t\t\t\t\t\t\t\t\t\t<\/a>\n\t\t\t\t\t\t\t\t\t<\/li>\n\t\t\t\t\t\t\t\t<li class=\"elementor-icon-list-item\">\n\t\t\t\t\t\t\t\t\t\t\t<a href=\"https:\/\/alfaloc.pt\/alfaloc-fr\/parceiros\/\">\n\n\t\t\t\t\t\t\t\t\t\t\t\t<span class=\"elementor-icon-list-icon\">\n\t\t\t\t\t\t\t<svg xmlns=\"http:\/\/www.w3.org\/2000\/svg\" width=\"30\" height=\"30\" viewBox=\"0 0 30 30\" fill=\"none\"><g id=\"clarity:circle-arrow-line\" clip-path=\"url(#clip0_909_1143)\"><path id=\"Vector\" d=\"M28.333 15.0001C28.333 12.363 27.551 9.78514 26.0859 7.59248C24.6209 5.39983 22.5385 3.69086 20.1021 2.68169C17.6658 1.67252 14.9849 1.40848 12.3985 1.92295C9.81206 2.43742 7.43628 3.7073 5.57158 5.572C3.70688 7.4367 2.43701 9.81247 1.92254 12.3989C1.40807 14.9853 1.67211 17.6662 2.68128 20.1025C3.69045 22.5389 5.39941 24.6213 7.59207 26.0864C9.78473 27.5514 12.3626 28.3334 14.9997 28.3334C18.5359 28.3334 21.9273 26.9287 24.4278 24.4282C26.9282 21.9277 28.333 18.5363 28.333 15.0001ZM3.33301 15.0001C3.33301 12.6926 4.01725 10.437 5.2992 8.51843C6.58114 6.59986 8.40323 5.10451 10.535 4.22149C12.6668 3.33847 15.0126 3.10743 17.2757 3.55759C19.5388 4.00775 21.6176 5.1189 23.2493 6.75051C24.8809 8.38212 25.992 10.4609 26.4422 12.724C26.8923 14.9871 26.6613 17.3329 25.7783 19.4647C24.8952 21.5965 23.3999 23.4186 21.4813 24.7006C19.5628 25.9825 17.3071 26.6668 14.9997 26.6668C11.9055 26.6668 8.93802 25.4376 6.7501 23.2497C4.56217 21.0617 3.33301 18.0943 3.33301 15.0001Z\" fill=\"#DD1A22\"><\/path><path id=\"Vector_2\" d=\"M23.1162 15.0665L16.7745 8.72488C16.6998 8.63765 16.6079 8.56679 16.5045 8.51677C16.4011 8.46676 16.2885 8.43865 16.1738 8.43421C16.059 8.42978 15.9445 8.44912 15.8376 8.49102C15.7307 8.53291 15.6335 8.59646 15.5523 8.67767C15.4711 8.75888 15.4076 8.85601 15.3657 8.96294C15.3238 9.06988 15.3044 9.18432 15.3089 9.29909C15.3133 9.41386 15.3414 9.52647 15.3914 9.62986C15.4415 9.73324 15.5123 9.82517 15.5995 9.89988L19.8495 14.1665L7.34955 14.1665C7.12853 14.1665 6.91657 14.2543 6.76029 14.4106C6.60401 14.5669 6.51621 14.7789 6.51621 14.9999C6.51621 15.2209 6.60401 15.4329 6.76029 15.5891C6.91657 15.7454 7.12853 15.8332 7.34955 15.8332L19.9995 15.8332L15.5995 20.2332C15.5123 20.3079 15.4415 20.3999 15.3914 20.5032C15.3414 20.6066 15.3133 20.7192 15.3089 20.834C15.3044 20.9488 15.3238 21.0632 15.3657 21.1702C15.4076 21.2771 15.4711 21.3742 15.5523 21.4554C15.6335 21.5366 15.7307 21.6002 15.8376 21.6421C15.9445 21.684 16.059 21.7033 16.1738 21.6989C16.2885 21.6944 16.4011 21.6663 16.5045 21.6163C16.6079 21.5663 16.6998 21.4954 16.7745 21.4082L23.1162 15.0665Z\" fill=\"#DD1A22\"><\/path><\/g><defs><clipPath id=\"clip0_909_1143\"><rect width=\"30\" height=\"30\" fill=\"white\" transform=\"translate(30) rotate(90)\"><\/rect><\/clipPath><\/defs><\/svg>\t\t\t\t\t\t<\/span>\n\t\t\t\t\t\t\t\t\t\t<span class=\"elementor-icon-list-text\">3. Quero tornar-me parceiro Alfaloc.<\/span>\n\t\t\t\t\t\t\t\t\t\t\t<\/a>\n\t\t\t\t\t\t\t\t\t<\/li>\n\t\t\t\t\t\t\t\t<li class=\"elementor-icon-list-item\">\n\t\t\t\t\t\t\t\t\t\t\t<a href=\"https:\/\/alfaloc.pt\/alfaloc-fr\/apoio-ao-cliente\/\">\n\n\t\t\t\t\t\t\t\t\t\t\t\t<span class=\"elementor-icon-list-icon\">\n\t\t\t\t\t\t\t<svg xmlns=\"http:\/\/www.w3.org\/2000\/svg\" width=\"30\" height=\"30\" viewBox=\"0 0 30 30\" fill=\"none\"><g id=\"clarity:circle-arrow-line\" clip-path=\"url(#clip0_909_1143)\"><path id=\"Vector\" d=\"M28.333 15.0001C28.333 12.363 27.551 9.78514 26.0859 7.59248C24.6209 5.39983 22.5385 3.69086 20.1021 2.68169C17.6658 1.67252 14.9849 1.40848 12.3985 1.92295C9.81206 2.43742 7.43628 3.7073 5.57158 5.572C3.70688 7.4367 2.43701 9.81247 1.92254 12.3989C1.40807 14.9853 1.67211 17.6662 2.68128 20.1025C3.69045 22.5389 5.39941 24.6213 7.59207 26.0864C9.78473 27.5514 12.3626 28.3334 14.9997 28.3334C18.5359 28.3334 21.9273 26.9287 24.4278 24.4282C26.9282 21.9277 28.333 18.5363 28.333 15.0001ZM3.33301 15.0001C3.33301 12.6926 4.01725 10.437 5.2992 8.51843C6.58114 6.59986 8.40323 5.10451 10.535 4.22149C12.6668 3.33847 15.0126 3.10743 17.2757 3.55759C19.5388 4.00775 21.6176 5.1189 23.2493 6.75051C24.8809 8.38212 25.992 10.4609 26.4422 12.724C26.8923 14.9871 26.6613 17.3329 25.7783 19.4647C24.8952 21.5965 23.3999 23.4186 21.4813 24.7006C19.5628 25.9825 17.3071 26.6668 14.9997 26.6668C11.9055 26.6668 8.93802 25.4376 6.7501 23.2497C4.56217 21.0617 3.33301 18.0943 3.33301 15.0001Z\" fill=\"#DD1A22\"><\/path><path id=\"Vector_2\" d=\"M23.1162 15.0665L16.7745 8.72488C16.6998 8.63765 16.6079 8.56679 16.5045 8.51677C16.4011 8.46676 16.2885 8.43865 16.1738 8.43421C16.059 8.42978 15.9445 8.44912 15.8376 8.49102C15.7307 8.53291 15.6335 8.59646 15.5523 8.67767C15.4711 8.75888 15.4076 8.85601 15.3657 8.96294C15.3238 9.06988 15.3044 9.18432 15.3089 9.29909C15.3133 9.41386 15.3414 9.52647 15.3914 9.62986C15.4415 9.73324 15.5123 9.82517 15.5995 9.89988L19.8495 14.1665L7.34955 14.1665C7.12853 14.1665 6.91657 14.2543 6.76029 14.4106C6.60401 14.5669 6.51621 14.7789 6.51621 14.9999C6.51621 15.2209 6.60401 15.4329 6.76029 15.5891C6.91657 15.7454 7.12853 15.8332 7.34955 15.8332L19.9995 15.8332L15.5995 20.2332C15.5123 20.3079 15.4415 20.3999 15.3914 20.5032C15.3414 20.6066 15.3133 20.7192 15.3089 20.834C15.3044 20.9488 15.3238 21.0632 15.3657 21.1702C15.4076 21.2771 15.4711 21.3742 15.5523 21.4554C15.6335 21.5366 15.7307 21.6002 15.8376 21.6421C15.9445 21.684 16.059 21.7033 16.1738 21.6989C16.2885 21.6944 16.4011 21.6663 16.5045 21.6163C16.6079 21.5663 16.6998 21.4954 16.7745 21.4082L23.1162 15.0665Z\" fill=\"#DD1A22\"><\/path><\/g><defs><clipPath id=\"clip0_909_1143\"><rect width=\"30\" height=\"30\" fill=\"white\" transform=\"translate(30) rotate(90)\"><\/rect><\/clipPath><\/defs><\/svg>\t\t\t\t\t\t<\/span>\n\t\t\t\t\t\t\t\t\t\t<span class=\"elementor-icon-list-text\">Outras informa\u00e7\u00f5es \u00fateis de apoio ao cliente<\/span>\n\t\t\t\t\t\t\t\t\t\t\t<\/a>\n\t\t\t\t\t\t\t\t\t<\/li>\n\t\t\t\t\t\t<\/ul>\n\t\t\t\t<\/div>\n\t\t\t\t<\/div>\n\t\t\t\t<\/div>\n\t\t<div class=\"elementor-element elementor-element-b383ec8 e-con-full elementor-hidden-tablet elementor-hidden-mobile_extra elementor-hidden-mobile e-flex e-con e-child\" data-id=\"b383ec8\" data-element_type=\"container\">\n\t\t\t\t<\/div>\n\t\t\t\t\t<\/div>\n\t\t\t\t<\/div>\n\t\t\t\t<\/div>\n\t\t","protected":false},"excerpt":{"rendered":"<p>Procura formul\u00e1rio ou documentos Alfaloc?<br \/>\nEncontre aqui toda a documenta\u00e7\u00e3o necess\u00e1ria<\/p>\n","protected":false},"author":4,"featured_media":27,"parent":0,"menu_order":0,"comment_status":"closed","ping_status":"closed","template":"","meta":{"footnotes":""},"class_list":["post-8503","page","type-page","status-publish","has-post-thumbnail","hentry"],"yoast_head":"<!-- This site is optimized with the Yoast SEO Premium plugin v27.5 (Yoast SEO v27.5) - https:\/\/yoast.com\/product\/yoast-seo-premium-wordpress\/ -->\n<title>Formul\u00e1rios e Documentos - Alfaloc FR<\/title>\n<meta name=\"description\" content=\"O apoio ao cliente Alfaloc est\u00e1 sempre dispon\u00edvel para dar suporte a qualquer quest\u00e3o. Encontre aqui os principais formul\u00e1rios Alfaloc.\" \/>\n<meta name=\"robots\" content=\"index, follow, max-snippet:-1, max-image-preview:large, max-video-preview:-1\" \/>\n<link rel=\"canonical\" href=\"https:\/\/alfaloc.fr\/pt-pt\/formularios-e-documentos\/\" \/>\n<meta property=\"og:locale\" content=\"pt_PT\" \/>\n<meta property=\"og:type\" content=\"article\" \/>\n<meta property=\"og:title\" content=\"Apoio ao cliente - Alfaloc FR\" \/>\n<meta property=\"og:description\" content=\"Precisa de ajuda? O apoio ao cliente Alfaloc est\u00e1 sempre dispon\u00edvel para dar suporte com qualquer quest\u00e3o ou necessidade.\" \/>\n<meta property=\"og:url\" content=\"https:\/\/alfaloc.fr\/pt-pt\/formularios-e-documentos\/\" \/>\n<meta property=\"og:site_name\" content=\"Alfaloc FR\" \/>\n<meta property=\"article:modified_time\" content=\"2024-11-26T09:47:19+00:00\" \/>\n<meta property=\"og:image\" content=\"https:\/\/alfaloc.fr\/wp-content\/uploads\/sites\/3\/2024\/08\/liguem-2024.png\" \/>\n\t<meta property=\"og:image:width\" content=\"300\" \/>\n\t<meta property=\"og:image:height\" content=\"300\" \/>\n\t<meta property=\"og:image:type\" content=\"image\/png\" \/>\n<meta name=\"twitter:card\" content=\"summary_large_image\" \/>\n<meta name=\"twitter:title\" content=\"Apoio ao cliente - Alfaloc FR\" \/>\n<meta name=\"twitter:description\" content=\"Precisa de ajuda? O apoio ao cliente Alfaloc est\u00e1 sempre dispon\u00edvel para dar suporte com qualquer quest\u00e3o ou necessidade.\" \/>\n<meta name=\"twitter:label1\" content=\"Tempo estimado de leitura\" \/>\n\t<meta name=\"twitter:data1\" content=\"1 minuto\" \/>\n<script type=\"application\/ld+json\" class=\"yoast-schema-graph\">{\"@context\":\"https:\\\/\\\/schema.org\",\"@graph\":[{\"@type\":\"WebPage\",\"@id\":\"https:\\\/\\\/alfaloc.fr\\\/pt-pt\\\/formularios-e-documentos\\\/\",\"url\":\"https:\\\/\\\/alfaloc.fr\\\/pt-pt\\\/formularios-e-documentos\\\/\",\"name\":\"Formul\u00e1rios e Documentos - Alfaloc FR\",\"isPartOf\":{\"@id\":\"https:\\\/\\\/alfaloc.fr\\\/pt-pt\\\/#website\"},\"primaryImageOfPage\":{\"@id\":\"https:\\\/\\\/alfaloc.fr\\\/pt-pt\\\/formularios-e-documentos\\\/#primaryimage\"},\"image\":{\"@id\":\"https:\\\/\\\/alfaloc.fr\\\/pt-pt\\\/formularios-e-documentos\\\/#primaryimage\"},\"thumbnailUrl\":\"https:\\\/\\\/alfaloc.fr\\\/wp-content\\\/uploads\\\/sites\\\/3\\\/2023\\\/12\\\/alfaloc-banner.jpg\",\"datePublished\":\"2024-11-15T11:15:53+00:00\",\"dateModified\":\"2024-11-26T09:47:19+00:00\",\"description\":\"O apoio ao cliente Alfaloc est\u00e1 sempre dispon\u00edvel para dar suporte a qualquer quest\u00e3o. Encontre aqui os principais formul\u00e1rios Alfaloc.\",\"breadcrumb\":{\"@id\":\"https:\\\/\\\/alfaloc.fr\\\/pt-pt\\\/formularios-e-documentos\\\/#breadcrumb\"},\"inLanguage\":\"pt-PT\",\"potentialAction\":[{\"@type\":\"ReadAction\",\"target\":[\"https:\\\/\\\/alfaloc.fr\\\/pt-pt\\\/formularios-e-documentos\\\/\"]}]},{\"@type\":\"ImageObject\",\"inLanguage\":\"pt-PT\",\"@id\":\"https:\\\/\\\/alfaloc.fr\\\/pt-pt\\\/formularios-e-documentos\\\/#primaryimage\",\"url\":\"https:\\\/\\\/alfaloc.fr\\\/wp-content\\\/uploads\\\/sites\\\/3\\\/2023\\\/12\\\/alfaloc-banner.jpg\",\"contentUrl\":\"https:\\\/\\\/alfaloc.fr\\\/wp-content\\\/uploads\\\/sites\\\/3\\\/2023\\\/12\\\/alfaloc-banner.jpg\",\"width\":1920,\"height\":1025,\"caption\":\"Alfaloc\"},{\"@type\":\"BreadcrumbList\",\"@id\":\"https:\\\/\\\/alfaloc.fr\\\/pt-pt\\\/formularios-e-documentos\\\/#breadcrumb\",\"itemListElement\":[{\"@type\":\"ListItem\",\"position\":1,\"name\":\"In\u00edcio\",\"item\":\"https:\\\/\\\/alfaloc.fr\\\/pt-pt\\\/\"},{\"@type\":\"ListItem\",\"position\":2,\"name\":\"Formul\u00e1rios e Documentos\"}]},{\"@type\":\"WebSite\",\"@id\":\"https:\\\/\\\/alfaloc.fr\\\/pt-pt\\\/#website\",\"url\":\"https:\\\/\\\/alfaloc.fr\\\/pt-pt\\\/\",\"name\":\"Alfaloc FR\",\"description\":\"\",\"potentialAction\":[{\"@type\":\"SearchAction\",\"target\":{\"@type\":\"EntryPoint\",\"urlTemplate\":\"https:\\\/\\\/alfaloc.fr\\\/pt-pt\\\/?s={search_term_string}\"},\"query-input\":{\"@type\":\"PropertyValueSpecification\",\"valueRequired\":true,\"valueName\":\"search_term_string\"}}],\"inLanguage\":\"pt-PT\"}]}<\/script>\n<!-- \/ Yoast SEO Premium plugin. -->","yoast_head_json":{"title":"Formul\u00e1rios e Documentos - Alfaloc FR","description":"O apoio ao cliente Alfaloc est\u00e1 sempre dispon\u00edvel para dar suporte a qualquer quest\u00e3o. Encontre aqui os principais formul\u00e1rios Alfaloc.","robots":{"index":"index","follow":"follow","max-snippet":"max-snippet:-1","max-image-preview":"max-image-preview:large","max-video-preview":"max-video-preview:-1"},"canonical":"https:\/\/alfaloc.fr\/pt-pt\/formularios-e-documentos\/","og_locale":"pt_PT","og_type":"article","og_title":"Apoio ao cliente - Alfaloc FR","og_description":"Precisa de ajuda? O apoio ao cliente Alfaloc est\u00e1 sempre dispon\u00edvel para dar suporte com qualquer quest\u00e3o ou necessidade.","og_url":"https:\/\/alfaloc.fr\/pt-pt\/formularios-e-documentos\/","og_site_name":"Alfaloc FR","article_modified_time":"2024-11-26T09:47:19+00:00","og_image":[{"width":300,"height":300,"url":"https:\/\/alfaloc.fr\/wp-content\/uploads\/sites\/3\/2024\/08\/liguem-2024.png","type":"image\/png"}],"twitter_card":"summary_large_image","twitter_title":"Apoio ao cliente - Alfaloc FR","twitter_description":"Precisa de ajuda? O apoio ao cliente Alfaloc est\u00e1 sempre dispon\u00edvel para dar suporte com qualquer quest\u00e3o ou necessidade.","twitter_misc":{"Tempo estimado de leitura":"1 minuto"},"schema":{"@context":"https:\/\/schema.org","@graph":[{"@type":"WebPage","@id":"https:\/\/alfaloc.fr\/pt-pt\/formularios-e-documentos\/","url":"https:\/\/alfaloc.fr\/pt-pt\/formularios-e-documentos\/","name":"Formul\u00e1rios e Documentos - Alfaloc FR","isPartOf":{"@id":"https:\/\/alfaloc.fr\/pt-pt\/#website"},"primaryImageOfPage":{"@id":"https:\/\/alfaloc.fr\/pt-pt\/formularios-e-documentos\/#primaryimage"},"image":{"@id":"https:\/\/alfaloc.fr\/pt-pt\/formularios-e-documentos\/#primaryimage"},"thumbnailUrl":"https:\/\/alfaloc.fr\/wp-content\/uploads\/sites\/3\/2023\/12\/alfaloc-banner.jpg","datePublished":"2024-11-15T11:15:53+00:00","dateModified":"2024-11-26T09:47:19+00:00","description":"O apoio ao cliente Alfaloc est\u00e1 sempre dispon\u00edvel para dar suporte a qualquer quest\u00e3o. Encontre aqui os principais formul\u00e1rios Alfaloc.","breadcrumb":{"@id":"https:\/\/alfaloc.fr\/pt-pt\/formularios-e-documentos\/#breadcrumb"},"inLanguage":"pt-PT","potentialAction":[{"@type":"ReadAction","target":["https:\/\/alfaloc.fr\/pt-pt\/formularios-e-documentos\/"]}]},{"@type":"ImageObject","inLanguage":"pt-PT","@id":"https:\/\/alfaloc.fr\/pt-pt\/formularios-e-documentos\/#primaryimage","url":"https:\/\/alfaloc.fr\/wp-content\/uploads\/sites\/3\/2023\/12\/alfaloc-banner.jpg","contentUrl":"https:\/\/alfaloc.fr\/wp-content\/uploads\/sites\/3\/2023\/12\/alfaloc-banner.jpg","width":1920,"height":1025,"caption":"Alfaloc"},{"@type":"BreadcrumbList","@id":"https:\/\/alfaloc.fr\/pt-pt\/formularios-e-documentos\/#breadcrumb","itemListElement":[{"@type":"ListItem","position":1,"name":"In\u00edcio","item":"https:\/\/alfaloc.fr\/pt-pt\/"},{"@type":"ListItem","position":2,"name":"Formul\u00e1rios e Documentos"}]},{"@type":"WebSite","@id":"https:\/\/alfaloc.fr\/pt-pt\/#website","url":"https:\/\/alfaloc.fr\/pt-pt\/","name":"Alfaloc FR","description":"","potentialAction":[{"@type":"SearchAction","target":{"@type":"EntryPoint","urlTemplate":"https:\/\/alfaloc.fr\/pt-pt\/?s={search_term_string}"},"query-input":{"@type":"PropertyValueSpecification","valueRequired":true,"valueName":"search_term_string"}}],"inLanguage":"pt-PT"}]}},"_links":{"self":[{"href":"https:\/\/alfaloc.fr\/pt-pt\/wp-json\/wp\/v2\/pages\/8503","targetHints":{"allow":["GET"]}}],"collection":[{"href":"https:\/\/alfaloc.fr\/pt-pt\/wp-json\/wp\/v2\/pages"}],"about":[{"href":"https:\/\/alfaloc.fr\/pt-pt\/wp-json\/wp\/v2\/types\/page"}],"author":[{"embeddable":true,"href":"https:\/\/alfaloc.fr\/pt-pt\/wp-json\/wp\/v2\/users\/4"}],"replies":[{"embeddable":true,"href":"https:\/\/alfaloc.fr\/pt-pt\/wp-json\/wp\/v2\/comments?post=8503"}],"version-history":[{"count":16,"href":"https:\/\/alfaloc.fr\/pt-pt\/wp-json\/wp\/v2\/pages\/8503\/revisions"}],"predecessor-version":[{"id":8746,"href":"https:\/\/alfaloc.fr\/pt-pt\/wp-json\/wp\/v2\/pages\/8503\/revisions\/8746"}],"wp:featuredmedia":[{"embeddable":true,"href":"https:\/\/alfaloc.fr\/pt-pt\/wp-json\/wp\/v2\/media\/27"}],"wp:attachment":[{"href":"https:\/\/alfaloc.fr\/pt-pt\/wp-json\/wp\/v2\/media?parent=8503"}],"curies":[{"name":"wp","href":"https:\/\/api.w.org\/{rel}","templated":true}]}}