{"id":774,"date":"2024-01-11T10:40:15","date_gmt":"2024-01-11T10:40:15","guid":{"rendered":"https:\/\/alfaloc.pt\/?page_id=774"},"modified":"2024-10-04T13:12:06","modified_gmt":"2024-10-04T13:12:06","slug":"condicoes-de-envio","status":"publish","type":"page","link":"https:\/\/alfaloc.fr\/pt-pt\/condicoes-de-envio\/","title":{"rendered":"Condi\u00e7\u00f5es de Envio"},"content":{"rendered":"\t\t<div data-elementor-type=\"wp-page\" data-elementor-id=\"774\" class=\"elementor elementor-774\" data-elementor-post-type=\"page\">\n\t\t\t\t<div class=\"elementor-element elementor-element-8067200 e-flex e-con-boxed e-con e-parent\" data-id=\"8067200\" data-element_type=\"container\">\n\t\t\t\t\t<div class=\"e-con-inner\">\n\t\t<div class=\"elementor-element elementor-element-e925b35 e-con-full e-flex e-con e-child\" data-id=\"e925b35\" data-element_type=\"container\">\n\t\t\t\t<div class=\"elementor-element elementor-element-c0900d5 elementor-widget__width-initial elementor-widget-mobile__width-inherit elementor-widget elementor-widget-heading\" data-id=\"c0900d5\" data-element_type=\"widget\" data-widget_type=\"heading.default\">\n\t\t\t\t<div class=\"elementor-widget-container\">\n\t\t\t<style>\/*! elementor - v3.22.0 - 17-06-2024 *\/\n.elementor-heading-title{padding:0;margin:0;line-height:1}.elementor-widget-heading .elementor-heading-title[class*=elementor-size-]>a{color:inherit;font-size:inherit;line-height:inherit}.elementor-widget-heading .elementor-heading-title.elementor-size-small{font-size:15px}.elementor-widget-heading .elementor-heading-title.elementor-size-medium{font-size:19px}.elementor-widget-heading .elementor-heading-title.elementor-size-large{font-size:29px}.elementor-widget-heading .elementor-heading-title.elementor-size-xl{font-size:39px}.elementor-widget-heading .elementor-heading-title.elementor-size-xxl{font-size:59px}<\/style><h2 class=\"elementor-heading-title elementor-size-default\">Condi\u00e7\u00f5es espec\u00edficas dos servi\u00e7os<\/h2>\t\t<\/div>\n\t\t\t\t<\/div>\n\t\t\t\t<div class=\"elementor-element elementor-element-6d52cae elementor-hidden-mobile elementor-widget elementor-widget-spacer\" data-id=\"6d52cae\" data-element_type=\"widget\" data-widget_type=\"spacer.default\">\n\t\t\t\t<div class=\"elementor-widget-container\">\n\t\t\t<style>\/*! elementor - v3.22.0 - 17-06-2024 *\/\n.elementor-column .elementor-spacer-inner{height:var(--spacer-size)}.e-con{--container-widget-width:100%}.e-con-inner>.elementor-widget-spacer,.e-con>.elementor-widget-spacer{width:var(--container-widget-width,var(--spacer-size));--align-self:var(--container-widget-align-self,initial);--flex-shrink:0}.e-con-inner>.elementor-widget-spacer>.elementor-widget-container,.e-con>.elementor-widget-spacer>.elementor-widget-container{height:100%;width:100%}.e-con-inner>.elementor-widget-spacer>.elementor-widget-container>.elementor-spacer,.e-con>.elementor-widget-spacer>.elementor-widget-container>.elementor-spacer{height:100%}.e-con-inner>.elementor-widget-spacer>.elementor-widget-container>.elementor-spacer>.elementor-spacer-inner,.e-con>.elementor-widget-spacer>.elementor-widget-container>.elementor-spacer>.elementor-spacer-inner{height:var(--container-widget-height,var(--spacer-size))}.e-con-inner>.elementor-widget-spacer.elementor-widget-empty,.e-con>.elementor-widget-spacer.elementor-widget-empty{position:relative;min-height:22px;min-width:22px}.e-con-inner>.elementor-widget-spacer.elementor-widget-empty .elementor-widget-empty-icon,.e-con>.elementor-widget-spacer.elementor-widget-empty .elementor-widget-empty-icon{position:absolute;top:0;bottom:0;left:0;right:0;margin:auto;padding:0;width:22px;height:22px}<\/style>\t\t<div class=\"elementor-spacer\">\n\t\t\t<div class=\"elementor-spacer-inner\"><\/div>\n\t\t<\/div>\n\t\t\t\t<\/div>\n\t\t\t\t<\/div>\n\t\t<div class=\"elementor-element elementor-element-96778ab e-con-full e-flex e-con e-child\" data-id=\"96778ab\" data-element_type=\"container\">\n\t\t\t\t<div class=\"elementor-element elementor-element-2d40370 elementor-widget-mobile__width-initial elementor-widget elementor-widget-text-editor\" data-id=\"2d40370\" data-element_type=\"widget\" data-widget_type=\"text-editor.default\">\n\t\t\t\t<div class=\"elementor-widget-container\">\n\t\t\t<style>\/*! elementor - v3.22.0 - 17-06-2024 *\/\n.elementor-widget-text-editor.elementor-drop-cap-view-stacked .elementor-drop-cap{background-color:#69727d;color:#fff}.elementor-widget-text-editor.elementor-drop-cap-view-framed .elementor-drop-cap{color:#69727d;border:3px solid;background-color:transparent}.elementor-widget-text-editor:not(.elementor-drop-cap-view-default) .elementor-drop-cap{margin-top:8px}.elementor-widget-text-editor:not(.elementor-drop-cap-view-default) .elementor-drop-cap-letter{width:1em;height:1em}.elementor-widget-text-editor .elementor-drop-cap{float:left;text-align:center;line-height:1;font-size:50px}.elementor-widget-text-editor .elementor-drop-cap-letter{display:inline-block}<\/style>\t\t\t\t<p>Cada servi\u00e7o <strong>alfaloc<\/strong> foi desenhado e constru\u00eddo para necessidades espec\u00edficas dos nossos clientes. Conhe\u00e7a as condi\u00e7\u00f5es e envio para cada um deles.<\/p><p>Procuramos em cada uma das solu\u00e7\u00f5es, minimizar tempos de tr\u00e2nsito, garantindo o m\u00e1ximo de efici\u00eancia nas entregas mais cr\u00edticas.<\/p><p>As limita\u00e7\u00f5es de cada tipo de viatura, dos circuitos e dos parceiros, condicionam as dimens\u00f5es e pesos das mercadorias a transportar.<\/p><p>Verifique se o que pretende transportar est\u00e1 dentro dos intervalos de cada um dos servi\u00e7os <strong>alfaloc<\/strong>.<\/p>\t\t\t\t\t\t<\/div>\n\t\t\t\t<\/div>\n\t\t\t\t<div class=\"elementor-element elementor-element-d506937 elementor-widget-mobile__width-initial alfaloc-ul ul-dot-red no-space elementor-widget elementor-widget-text-editor\" data-id=\"d506937\" data-element_type=\"widget\" data-widget_type=\"text-editor.default\">\n\t\t\t\t<div class=\"elementor-widget-container\">\n\t\t\t\t\t\t\t<ul><li><a href=\"https:\/\/alfaloc.pt\/alfaloc-fr\/condicoes-de-servico-expresso-porta-a-porta\/\">Condi\u00e7\u00f5es espec\u00edficas do servi\u00e7o Expresso porta-a-porta<\/a><\/li><li><a href=\"https:\/\/alfaloc.pt\/alfaloc-fr\/condicoes-de-servico-camiao-diario\/\">Condi\u00e7\u00f5es espec\u00edficas do servi\u00e7o Cami\u00e3o Di\u00e1rio<\/a><\/li><li><a href=\"https:\/\/alfaloc.pt\/alfaloc-fr\/condicoes-de-servico-race\/\">Condi\u00e7\u00f5es espec\u00edficas do servi\u00e7o RACE<\/a><\/li><li><a href=\"https:\/\/alfaloc.pt\/alfaloc-fr\/condicoes-de-servico-low-cost-internacional\/\">Condi\u00e7\u00f5es espec\u00edficas do servi\u00e7o Low Cost exporta\u00e7\u00e3o<\/a><\/li><li><a href=\"https:\/\/alfaloc.pt\/alfaloc-fr\/condicoes-de-servico-low-cost-nacional\/\">Condi\u00e7\u00f5es espec\u00edficas do servi\u00e7o Low Cost nacional<\/a><\/li><li><a href=\"https:\/\/alfaloc.pt\/alfaloc-fr\/condicoes-de-servico-nacional\/\">Condi\u00e7\u00f5es espec\u00edficas do servi\u00e7o Nacional<\/a><\/li><\/ul>\t\t\t\t\t\t<\/div>\n\t\t\t\t<\/div>\n\t\t\t\t<div class=\"elementor-element elementor-element-3e3f217 elementor-widget-mobile__width-initial elementor-widget elementor-widget-text-editor\" data-id=\"3e3f217\" data-element_type=\"widget\" data-widget_type=\"text-editor.default\">\n\t\t\t\t<div class=\"elementor-widget-container\">\n\t\t\t\t\t\t\t<p>As condi\u00e7\u00f5es de envio est\u00e3o perfeitamente enquadradas nas condi\u00e7\u00f5es gerais da <strong>alfaloc<\/strong>.<\/p>\t\t\t\t\t\t<\/div>\n\t\t\t\t<\/div>\n\t\t\t\t<div class=\"elementor-element elementor-element-b64f697 elementor-widget-mobile__width-initial alfaloc-ul ul-dot-red no-space elementor-widget elementor-widget-text-editor\" data-id=\"b64f697\" data-element_type=\"widget\" data-widget_type=\"text-editor.default\">\n\t\t\t\t<div class=\"elementor-widget-container\">\n\t\t\t\t\t\t\t<ul><li><a href=\"https:\/\/alfaloc.pt\/alfaloc-fr\/wp-content\/uploads\/sites\/3\/2024\/03\/condicoes_gerais_prestacao_servicos_PT_2020.pdf\" target=\"_blank\" rel=\"noopener\">Condi\u00e7\u00f5es Gerais de Presta\u00e7\u00e3o de Servi\u00e7os<\/a><\/li><\/ul>\t\t\t\t\t\t<\/div>\n\t\t\t\t<\/div>\n\t\t\t\t<div class=\"elementor-element elementor-element-53c8a83 elementor-widget-mobile__width-initial elementor-widget elementor-widget-text-editor\" data-id=\"53c8a83\" data-element_type=\"widget\" data-widget_type=\"text-editor.default\">\n\t\t\t\t<div class=\"elementor-widget-container\">\n\t\t\t\t\t\t\t<p>Conhe\u00e7a tamb\u00e9m que artigos pode ou n\u00e3o, transportar pelos servi\u00e7os <strong>alfaloc.<\/strong><\/p>\t\t\t\t\t\t<\/div>\n\t\t\t\t<\/div>\n\t\t\t\t<div class=\"elementor-element elementor-element-30a5f45 elementor-widget-mobile__width-initial alfaloc-ul ul-dot-red no-space elementor-widget elementor-widget-text-editor\" data-id=\"30a5f45\" data-element_type=\"widget\" data-widget_type=\"text-editor.default\">\n\t\t\t\t<div class=\"elementor-widget-container\">\n\t\t\t\t\t\t\t<ul><li>Lista de produtos que pode transportar pela Alfaloc<\/li><\/ul>\t\t\t\t\t\t<\/div>\n\t\t\t\t<\/div>\n\t\t\t\t<div class=\"elementor-element elementor-element-0d3e10f elementor-widget-mobile__width-initial elementor-widget elementor-widget-text-editor\" data-id=\"0d3e10f\" data-element_type=\"widget\" data-widget_type=\"text-editor.default\">\n\t\t\t\t<div class=\"elementor-widget-container\">\n\t\t\t\t\t\t\t<p>Todo o modelo de atua\u00e7\u00e3o da <strong>alfaloc<\/strong> respeita os princ\u00edpios da prote\u00e7\u00e3o de dados e da liberdade de cada cliente.<\/p>\t\t\t\t\t\t<\/div>\n\t\t\t\t<\/div>\n\t\t\t\t<div class=\"elementor-element elementor-element-40eb685 elementor-widget-mobile__width-initial alfaloc-ul ul-dot-red no-space elementor-widget elementor-widget-text-editor\" data-id=\"40eb685\" data-element_type=\"widget\" data-widget_type=\"text-editor.default\">\n\t\t\t\t<div class=\"elementor-widget-container\">\n\t\t\t\t\t\t\t<ul><li><a href=\"https:\/\/alfaloc.pt\/alfaloc-fr\/wp-content\/uploads\/sites\/3\/2024\/03\/alfaloc-politica-de-privacidade-termos-de-uso.pdf\" target=\"_blank\" rel=\"noopener\">Pol\u00edtica de Privacidade e Termos de Uso<\/a><\/li><\/ul>\t\t\t\t\t\t<\/div>\n\t\t\t\t<\/div>\n\t\t\t\t<\/div>\n\t\t\t\t<\/div>\n\t\t<div class=\"elementor-element elementor-element-f006e47 e-con-full elementor-hidden-tablet elementor-hidden-mobile_extra elementor-hidden-mobile e-flex e-con e-child\" data-id=\"f006e47\" data-element_type=\"container\">\n\t\t\t\t<\/div>\n\t\t\t\t\t<\/div>\n\t\t\t\t<\/div>\n\t\t\t\t<\/div>\n\t\t","protected":false},"excerpt":{"rendered":"<p>Conhe\u00e7a as condi\u00e7\u00f5es legais dos servi\u00e7os Alfaloc. Garantimos a conformidade com as normas legais em todos os nossos servi\u00e7os.<\/p>\n","protected":false},"author":1,"featured_media":7617,"parent":0,"menu_order":0,"comment_status":"closed","ping_status":"closed","template":"","meta":{"footnotes":""},"class_list":["post-774","page","type-page","status-publish","has-post-thumbnail","hentry"],"yoast_head":"<!-- This site is optimized with the Yoast SEO Premium plugin v27.5 (Yoast SEO v27.5) - https:\/\/yoast.com\/product\/yoast-seo-premium-wordpress\/ -->\n<title>Condi\u00e7\u00f5es de Envio - Alfaloc FR<\/title>\n<meta name=\"description\" content=\"Conhe\u00e7a as condi\u00e7\u00f5es legais dos envios Alfaloc. Garantimos a conformidade com as normas legais em todos os nossos servi\u00e7os.\" \/>\n<meta name=\"robots\" content=\"index, follow, max-snippet:-1, max-image-preview:large, max-video-preview:-1\" \/>\n<link rel=\"canonical\" href=\"https:\/\/alfaloc.fr\/pt-pt\/condicoes-de-envio\/\" \/>\n<meta property=\"og:locale\" content=\"pt_PT\" \/>\n<meta property=\"og:type\" content=\"article\" \/>\n<meta property=\"og:title\" content=\"Condi\u00e7\u00f5es de Envio - Alfaloc FR\" \/>\n<meta property=\"og:description\" content=\"Conhe\u00e7a as condi\u00e7\u00f5es legais dos servi\u00e7os Alfaloc. Garantimos a conformidade com as normas legais em todos os nossos servi\u00e7os.\" \/>\n<meta property=\"og:url\" content=\"https:\/\/alfaloc.fr\/pt-pt\/condicoes-de-envio\/\" \/>\n<meta property=\"og:site_name\" content=\"Alfaloc FR\" \/>\n<meta property=\"article:modified_time\" content=\"2024-10-04T13:12:06+00:00\" \/>\n<meta property=\"og:image\" content=\"https:\/\/alfaloc.fr\/wp-content\/uploads\/sites\/3\/2024\/08\/carta-porte-2024.png\" \/>\n\t<meta property=\"og:image:width\" content=\"300\" \/>\n\t<meta property=\"og:image:height\" content=\"300\" \/>\n\t<meta property=\"og:image:type\" content=\"image\/png\" \/>\n<meta name=\"twitter:card\" content=\"summary_large_image\" \/>\n<meta name=\"twitter:title\" content=\"Condi\u00e7\u00f5es de Envio - Alfaloc FR\" \/>\n<meta name=\"twitter:description\" content=\"Conhe\u00e7a as condi\u00e7\u00f5es legais dos servi\u00e7os Alfaloc. Garantimos a conformidade com as normas legais em todos os nossos servi\u00e7os.\" \/>\n<meta name=\"twitter:label1\" content=\"Tempo estimado de leitura\" \/>\n\t<meta name=\"twitter:data1\" content=\"2 minutos\" \/>\n<script type=\"application\/ld+json\" class=\"yoast-schema-graph\">{\"@context\":\"https:\\\/\\\/schema.org\",\"@graph\":[{\"@type\":\"WebPage\",\"@id\":\"https:\\\/\\\/alfaloc.fr\\\/pt-pt\\\/condicoes-de-envio\\\/\",\"url\":\"https:\\\/\\\/alfaloc.fr\\\/pt-pt\\\/condicoes-de-envio\\\/\",\"name\":\"Condi\u00e7\u00f5es de Envio - Alfaloc FR\",\"isPartOf\":{\"@id\":\"https:\\\/\\\/alfaloc.fr\\\/pt-pt\\\/#website\"},\"primaryImageOfPage\":{\"@id\":\"https:\\\/\\\/alfaloc.fr\\\/pt-pt\\\/condicoes-de-envio\\\/#primaryimage\"},\"image\":{\"@id\":\"https:\\\/\\\/alfaloc.fr\\\/pt-pt\\\/condicoes-de-envio\\\/#primaryimage\"},\"thumbnailUrl\":\"https:\\\/\\\/alfaloc.fr\\\/wp-content\\\/uploads\\\/sites\\\/3\\\/2024\\\/08\\\/boxes-Thumb.png\",\"datePublished\":\"2024-01-11T10:40:15+00:00\",\"dateModified\":\"2024-10-04T13:12:06+00:00\",\"description\":\"Conhe\u00e7a as condi\u00e7\u00f5es legais dos envios Alfaloc. Garantimos a conformidade com as normas legais em todos os nossos servi\u00e7os.\",\"breadcrumb\":{\"@id\":\"https:\\\/\\\/alfaloc.fr\\\/pt-pt\\\/condicoes-de-envio\\\/#breadcrumb\"},\"inLanguage\":\"pt-PT\",\"potentialAction\":[{\"@type\":\"ReadAction\",\"target\":[\"https:\\\/\\\/alfaloc.fr\\\/pt-pt\\\/condicoes-de-envio\\\/\"]}]},{\"@type\":\"ImageObject\",\"inLanguage\":\"pt-PT\",\"@id\":\"https:\\\/\\\/alfaloc.fr\\\/pt-pt\\\/condicoes-de-envio\\\/#primaryimage\",\"url\":\"https:\\\/\\\/alfaloc.fr\\\/wp-content\\\/uploads\\\/sites\\\/3\\\/2024\\\/08\\\/boxes-Thumb.png\",\"contentUrl\":\"https:\\\/\\\/alfaloc.fr\\\/wp-content\\\/uploads\\\/sites\\\/3\\\/2024\\\/08\\\/boxes-Thumb.png\",\"width\":432,\"height\":432},{\"@type\":\"BreadcrumbList\",\"@id\":\"https:\\\/\\\/alfaloc.fr\\\/pt-pt\\\/condicoes-de-envio\\\/#breadcrumb\",\"itemListElement\":[{\"@type\":\"ListItem\",\"position\":1,\"name\":\"In\u00edcio\",\"item\":\"https:\\\/\\\/alfaloc.fr\\\/pt-pt\\\/\"},{\"@type\":\"ListItem\",\"position\":2,\"name\":\"Condi\u00e7\u00f5es de Envio\"}]},{\"@type\":\"WebSite\",\"@id\":\"https:\\\/\\\/alfaloc.fr\\\/pt-pt\\\/#website\",\"url\":\"https:\\\/\\\/alfaloc.fr\\\/pt-pt\\\/\",\"name\":\"Alfaloc FR\",\"description\":\"\",\"potentialAction\":[{\"@type\":\"SearchAction\",\"target\":{\"@type\":\"EntryPoint\",\"urlTemplate\":\"https:\\\/\\\/alfaloc.fr\\\/pt-pt\\\/?s={search_term_string}\"},\"query-input\":{\"@type\":\"PropertyValueSpecification\",\"valueRequired\":true,\"valueName\":\"search_term_string\"}}],\"inLanguage\":\"pt-PT\"}]}<\/script>\n<!-- \/ Yoast SEO Premium plugin. -->","yoast_head_json":{"title":"Condi\u00e7\u00f5es de Envio - Alfaloc FR","description":"Conhe\u00e7a as condi\u00e7\u00f5es legais dos envios Alfaloc. Garantimos a conformidade com as normas legais em todos os nossos servi\u00e7os.","robots":{"index":"index","follow":"follow","max-snippet":"max-snippet:-1","max-image-preview":"max-image-preview:large","max-video-preview":"max-video-preview:-1"},"canonical":"https:\/\/alfaloc.fr\/pt-pt\/condicoes-de-envio\/","og_locale":"pt_PT","og_type":"article","og_title":"Condi\u00e7\u00f5es de Envio - Alfaloc FR","og_description":"Conhe\u00e7a as condi\u00e7\u00f5es legais dos servi\u00e7os Alfaloc. Garantimos a conformidade com as normas legais em todos os nossos servi\u00e7os.","og_url":"https:\/\/alfaloc.fr\/pt-pt\/condicoes-de-envio\/","og_site_name":"Alfaloc FR","article_modified_time":"2024-10-04T13:12:06+00:00","og_image":[{"width":300,"height":300,"url":"https:\/\/alfaloc.fr\/wp-content\/uploads\/sites\/3\/2024\/08\/carta-porte-2024.png","type":"image\/png"}],"twitter_card":"summary_large_image","twitter_title":"Condi\u00e7\u00f5es de Envio - Alfaloc FR","twitter_description":"Conhe\u00e7a as condi\u00e7\u00f5es legais dos servi\u00e7os Alfaloc. Garantimos a conformidade com as normas legais em todos os nossos servi\u00e7os.","twitter_misc":{"Tempo estimado de leitura":"2 minutos"},"schema":{"@context":"https:\/\/schema.org","@graph":[{"@type":"WebPage","@id":"https:\/\/alfaloc.fr\/pt-pt\/condicoes-de-envio\/","url":"https:\/\/alfaloc.fr\/pt-pt\/condicoes-de-envio\/","name":"Condi\u00e7\u00f5es de Envio - Alfaloc FR","isPartOf":{"@id":"https:\/\/alfaloc.fr\/pt-pt\/#website"},"primaryImageOfPage":{"@id":"https:\/\/alfaloc.fr\/pt-pt\/condicoes-de-envio\/#primaryimage"},"image":{"@id":"https:\/\/alfaloc.fr\/pt-pt\/condicoes-de-envio\/#primaryimage"},"thumbnailUrl":"https:\/\/alfaloc.fr\/wp-content\/uploads\/sites\/3\/2024\/08\/boxes-Thumb.png","datePublished":"2024-01-11T10:40:15+00:00","dateModified":"2024-10-04T13:12:06+00:00","description":"Conhe\u00e7a as condi\u00e7\u00f5es legais dos envios Alfaloc. Garantimos a conformidade com as normas legais em todos os nossos servi\u00e7os.","breadcrumb":{"@id":"https:\/\/alfaloc.fr\/pt-pt\/condicoes-de-envio\/#breadcrumb"},"inLanguage":"pt-PT","potentialAction":[{"@type":"ReadAction","target":["https:\/\/alfaloc.fr\/pt-pt\/condicoes-de-envio\/"]}]},{"@type":"ImageObject","inLanguage":"pt-PT","@id":"https:\/\/alfaloc.fr\/pt-pt\/condicoes-de-envio\/#primaryimage","url":"https:\/\/alfaloc.fr\/wp-content\/uploads\/sites\/3\/2024\/08\/boxes-Thumb.png","contentUrl":"https:\/\/alfaloc.fr\/wp-content\/uploads\/sites\/3\/2024\/08\/boxes-Thumb.png","width":432,"height":432},{"@type":"BreadcrumbList","@id":"https:\/\/alfaloc.fr\/pt-pt\/condicoes-de-envio\/#breadcrumb","itemListElement":[{"@type":"ListItem","position":1,"name":"In\u00edcio","item":"https:\/\/alfaloc.fr\/pt-pt\/"},{"@type":"ListItem","position":2,"name":"Condi\u00e7\u00f5es de Envio"}]},{"@type":"WebSite","@id":"https:\/\/alfaloc.fr\/pt-pt\/#website","url":"https:\/\/alfaloc.fr\/pt-pt\/","name":"Alfaloc FR","description":"","potentialAction":[{"@type":"SearchAction","target":{"@type":"EntryPoint","urlTemplate":"https:\/\/alfaloc.fr\/pt-pt\/?s={search_term_string}"},"query-input":{"@type":"PropertyValueSpecification","valueRequired":true,"valueName":"search_term_string"}}],"inLanguage":"pt-PT"}]}},"_links":{"self":[{"href":"https:\/\/alfaloc.fr\/pt-pt\/wp-json\/wp\/v2\/pages\/774","targetHints":{"allow":["GET"]}}],"collection":[{"href":"https:\/\/alfaloc.fr\/pt-pt\/wp-json\/wp\/v2\/pages"}],"about":[{"href":"https:\/\/alfaloc.fr\/pt-pt\/wp-json\/wp\/v2\/types\/page"}],"author":[{"embeddable":true,"href":"https:\/\/alfaloc.fr\/pt-pt\/wp-json\/wp\/v2\/users\/1"}],"replies":[{"embeddable":true,"href":"https:\/\/alfaloc.fr\/pt-pt\/wp-json\/wp\/v2\/comments?post=774"}],"version-history":[{"count":106,"href":"https:\/\/alfaloc.fr\/pt-pt\/wp-json\/wp\/v2\/pages\/774\/revisions"}],"predecessor-version":[{"id":7959,"href":"https:\/\/alfaloc.fr\/pt-pt\/wp-json\/wp\/v2\/pages\/774\/revisions\/7959"}],"wp:featuredmedia":[{"embeddable":true,"href":"https:\/\/alfaloc.fr\/pt-pt\/wp-json\/wp\/v2\/media\/7617"}],"wp:attachment":[{"href":"https:\/\/alfaloc.fr\/pt-pt\/wp-json\/wp\/v2\/media?parent=774"}],"curies":[{"name":"wp","href":"https:\/\/api.w.org\/{rel}","templated":true}]}}