{"id":7492,"date":"2024-08-26T14:16:29","date_gmt":"2024-08-26T14:16:29","guid":{"rendered":"https:\/\/alfaloc.pt\/?page_id=7492"},"modified":"2025-02-27T09:49:19","modified_gmt":"2025-02-27T09:49:19","slug":"condicoes-de-servico-camiao-diario","status":"publish","type":"page","link":"https:\/\/alfaloc.fr\/pt-pt\/condicoes-de-servico-camiao-diario\/","title":{"rendered":"Condi\u00e7\u00f5es de Servi\u00e7o Cami\u00e3o Di\u00e1rio"},"content":{"rendered":"\t\t<div data-elementor-type=\"wp-page\" data-elementor-id=\"7492\" class=\"elementor elementor-7492\" data-elementor-post-type=\"page\">\n\t\t\t\t<div class=\"elementor-element elementor-element-4d58cc71 e-flex e-con-boxed e-con e-parent\" data-id=\"4d58cc71\" data-element_type=\"container\">\n\t\t\t\t\t<div class=\"e-con-inner\">\n\t\t<div class=\"elementor-element elementor-element-7b502350 e-con-full e-flex e-con e-child\" data-id=\"7b502350\" data-element_type=\"container\">\n\t\t<div class=\"elementor-element elementor-element-24200c0 e-con-full e-flex e-con e-child\" data-id=\"24200c0\" data-element_type=\"container\">\n\t\t\t\t<div class=\"elementor-element elementor-element-47f2229d elementor-widget elementor-widget-heading\" data-id=\"47f2229d\" data-element_type=\"widget\" data-widget_type=\"heading.default\">\n\t\t\t\t<div class=\"elementor-widget-container\">\n\t\t\t<style>\/*! elementor - v3.22.0 - 17-06-2024 *\/\n.elementor-heading-title{padding:0;margin:0;line-height:1}.elementor-widget-heading .elementor-heading-title[class*=elementor-size-]>a{color:inherit;font-size:inherit;line-height:inherit}.elementor-widget-heading .elementor-heading-title.elementor-size-small{font-size:15px}.elementor-widget-heading .elementor-heading-title.elementor-size-medium{font-size:19px}.elementor-widget-heading .elementor-heading-title.elementor-size-large{font-size:29px}.elementor-widget-heading .elementor-heading-title.elementor-size-xl{font-size:39px}.elementor-widget-heading .elementor-heading-title.elementor-size-xxl{font-size:59px}<\/style><h2 class=\"elementor-heading-title elementor-size-default\">Transporte terrestre com sa\u00eddas di\u00e1rias - Cami\u00e3o<\/h2>\t\t<\/div>\n\t\t\t\t<\/div>\n\t\t\t\t<div class=\"elementor-element elementor-element-211518b6 elementor-hidden-tablet elementor-hidden-mobile_extra elementor-hidden-mobile elementor-widget elementor-widget-spacer\" data-id=\"211518b6\" data-element_type=\"widget\" data-widget_type=\"spacer.default\">\n\t\t\t\t<div class=\"elementor-widget-container\">\n\t\t\t<style>\/*! elementor - v3.22.0 - 17-06-2024 *\/\n.elementor-column .elementor-spacer-inner{height:var(--spacer-size)}.e-con{--container-widget-width:100%}.e-con-inner>.elementor-widget-spacer,.e-con>.elementor-widget-spacer{width:var(--container-widget-width,var(--spacer-size));--align-self:var(--container-widget-align-self,initial);--flex-shrink:0}.e-con-inner>.elementor-widget-spacer>.elementor-widget-container,.e-con>.elementor-widget-spacer>.elementor-widget-container{height:100%;width:100%}.e-con-inner>.elementor-widget-spacer>.elementor-widget-container>.elementor-spacer,.e-con>.elementor-widget-spacer>.elementor-widget-container>.elementor-spacer{height:100%}.e-con-inner>.elementor-widget-spacer>.elementor-widget-container>.elementor-spacer>.elementor-spacer-inner,.e-con>.elementor-widget-spacer>.elementor-widget-container>.elementor-spacer>.elementor-spacer-inner{height:var(--container-widget-height,var(--spacer-size))}.e-con-inner>.elementor-widget-spacer.elementor-widget-empty,.e-con>.elementor-widget-spacer.elementor-widget-empty{position:relative;min-height:22px;min-width:22px}.e-con-inner>.elementor-widget-spacer.elementor-widget-empty .elementor-widget-empty-icon,.e-con>.elementor-widget-spacer.elementor-widget-empty .elementor-widget-empty-icon{position:absolute;top:0;bottom:0;left:0;right:0;margin:auto;padding:0;width:22px;height:22px}<\/style>\t\t<div class=\"elementor-spacer\">\n\t\t\t<div class=\"elementor-spacer-inner\"><\/div>\n\t\t<\/div>\n\t\t\t\t<\/div>\n\t\t\t\t<\/div>\n\t\t\t\t<div class=\"elementor-element elementor-element-7c531712 elementor-widget elementor-widget-text-editor\" data-id=\"7c531712\" data-element_type=\"widget\" data-widget_type=\"text-editor.default\">\n\t\t\t\t<div class=\"elementor-widget-container\">\n\t\t\t<style>\/*! elementor - v3.22.0 - 17-06-2024 *\/\n.elementor-widget-text-editor.elementor-drop-cap-view-stacked .elementor-drop-cap{background-color:#69727d;color:#fff}.elementor-widget-text-editor.elementor-drop-cap-view-framed .elementor-drop-cap{color:#69727d;border:3px solid;background-color:transparent}.elementor-widget-text-editor:not(.elementor-drop-cap-view-default) .elementor-drop-cap{margin-top:8px}.elementor-widget-text-editor:not(.elementor-drop-cap-view-default) .elementor-drop-cap-letter{width:1em;height:1em}.elementor-widget-text-editor .elementor-drop-cap{float:left;text-align:center;line-height:1;font-size:50px}.elementor-widget-text-editor .elementor-drop-cap-letter{display:inline-block}<\/style>\t\t\t\t<p>O servi\u00e7o de <strong>Transporte Terrestre \u2013 Cami\u00e3o Di\u00e1rio<\/strong> \u2013 oferece uma solu\u00e7\u00e3o eficiente e fi\u00e1vel para as suas necessidades de log\u00edstica.<\/p><p><strong>Com rotas otimizadas, e um rigoroso cumprimento dos prazos, garantimos que as suas mercadorias chegam ao destino com rapidez e seguran\u00e7a.<\/strong><\/p>\t\t\t\t\t\t<\/div>\n\t\t\t\t<\/div>\n\t\t\t\t<div class=\"elementor-element elementor-element-2f49824e elementor-widget__width-inherit elementor-widget-mobile__width-inherit alfaloc-ul padding-ul elementor-widget elementor-widget-text-editor\" data-id=\"2f49824e\" data-element_type=\"widget\" data-widget_type=\"text-editor.default\">\n\t\t\t\t<div class=\"elementor-widget-container\">\n\t\t\t\t\t\t\t<p>Exporta\u00e7\u00e3o\/Importa\u00e7\u00e3o<\/p><ul><li><strong>Rela\u00e7\u00e3o Peso\/Volume<\/strong>:\u00a0Para Portugal Continental e Ilhas,\u00a0a rela\u00e7\u00e3o \u00e9 de\u00a0<strong>200 kg\/m3.<\/strong><\/li><li><strong>Peso real m\u00e1ximo por volume:<\/strong> <strong>70 kg<\/strong><ul><li><strong>NOTA:<\/strong> Poder\u00e3o existir algumas exce\u00e7\u00f5es, nomeadamente para Pa\u00edses da Zona 6. Em casos de volumes com pesos reais acima de 65kg, confirme com o Servi\u00e7o de Apoio a Cliente (SAC)<\/li><\/ul><\/li><li><strong>VMV \u2013 \u201cValor m\u00ednimo por volume\u201d<\/strong> \u2013 Valor a aplicar, sempre que o resultado da multiplica\u00e7\u00e3o do VMV pelo n\u00famero de volumes num mesmo envio, for superior ao pre\u00e7o indicado pelo acordo de servi\u00e7os, no escal\u00e3o de peso respetivo.\u00a0<\/li><\/ul>\t\t\t\t\t\t<\/div>\n\t\t\t\t<\/div>\n\t\t\t\t<div class=\"elementor-element elementor-element-b5acc33 elementor-widget__width-inherit elementor-widget-mobile__width-inherit alfaloc-ul padding-ul elementor-widget elementor-widget-text-editor\" data-id=\"b5acc33\" data-element_type=\"widget\" data-widget_type=\"text-editor.default\">\n\t\t\t\t<div class=\"elementor-widget-container\">\n\t\t\t\t\t\t\t<p><a href=\"https:\/\/alfaloc.pt\/alfaloc-fr\/servicos-extra\/\"><strong>Ver servi\u00e7os Extra<\/strong><\/a><\/p>\t\t\t\t\t\t<\/div>\n\t\t\t\t<\/div>\n\t\t\t\t<div class=\"elementor-element elementor-element-3cccf531 elementor-widget__width-inherit elementor-widget-mobile__width-inherit alfaloc-ul padding-ul elementor-widget elementor-widget-text-editor\" data-id=\"3cccf531\" data-element_type=\"widget\" data-widget_type=\"text-editor.default\">\n\t\t\t\t<div class=\"elementor-widget-container\">\n\t\t\t\t\t\t\t<ul class=\"alfaloc-ul-spacing\">\n<li>Dimens\u00f5es m\u00e1ximas: em qualquer dimens\u00e3o 120 cm e (2xA)+(2xL)+C <strong>&lt; 300 cm<\/strong><br><ul class=\"alfaloc-ul-spacing\">\n<li><strong>NOTA:<\/strong>&nbsp;Envios com dimens\u00f5es superiores, devem ser confirmados pelo SAC. Al\u00e9m disso, alguns destinos podem exigir uma taxa extra para pacotes de grande dimens\u00e3o, no valor de 20\u20ac por pacote.<\/li>\n<\/ul>\n<\/li>\n<li>Taxa de origem\/destino de grande risco:&nbsp;Para pa\u00edses em risco, com embargos ou outras limita\u00e7\u00f5es econ\u00f3mico-sociais identificados nas zonas da&nbsp;alfaloc, aplica-se uma taxa de&nbsp;25\u20ac.<br><ul class=\"alfaloc-ul-spacing\">\n<li>Consulte a disponibilidade do servi\u00e7o para o destino pretendido.<\/li>\n<\/ul>\n<\/li>\n<li>Envios para Zonas N\u00e3o Metropolitanas: Para envios de, e para, zonas n\u00e3o metropolitanas, aplica-se uma taxa de&nbsp;0,38\u20ac&nbsp;por kg, num m\u00ednimo de&nbsp;15\u20ac, al\u00e9m do valor do servi\u00e7o.<\/li>\n<li>Entregas em destinos de car\u00e1ter particular: ter\u00e3o uma taxa adicional de <strong>\u20ac 4,00 EUR.<\/strong><\/li>\n<li>Custo de corre\u00e7\u00e3o de audit. Quando o peso tax\u00e1vel auditado \u00e9 maior ou igual em 25% ao indicado na Carta de Porte. <strong>8% da corre\u00e7\u00e3o com um m\u00ednimo de 1,50 Euros por envio<\/strong>.<\/li>\n<li>Taxa aplicada \u00e0 aus\u00eancia de dados cr\u00edticos para o sucesso de um transporte de <strong>4,00\u20ac<\/strong>.<\/li>\n<li>Taxa de Combust\u00edvel:&nbsp;Ajustamos&nbsp;<a href=\"https:\/\/alfaloc.pt\/alfaloc-fr\/taxa-de-combustivel\/\">e divulgamos<\/a>,&nbsp;semanalmente, esta taxa&nbsp;com 5 dias de anteced\u00eancia.&nbsp;<\/li>\n<li>Documenta\u00e7\u00e3o:&nbsp;Todos os envios devem ser acompanhados do respetivo&nbsp;<a href=\"https:\/\/alfaloc.pt\/alfaloc-fr\/documentos-de-envio\/\">documento de transporte<\/a>&nbsp;(guia de remessa, guia de transporte, fatura).<\/li>\n<li>Embalamento:&nbsp;A&nbsp;alfaloc&nbsp;alerta para a<a href=\"https:\/\/alfaloc.pt\/alfaloc-fr\/embalagens-e-embalamento\/\">&nbsp;import\u00e2ncia de embalar&nbsp;<\/a>corretamente as&nbsp;encomendas.&nbsp;A responsabilidade pelo embalamento recai sobre&nbsp;o expedidor.<\/li>\n<li>Rotulagem: Todos os volumes devem ser devidamente rotulados com a identifica\u00e7\u00e3o, e morada, do destinat\u00e1rio.<\/li>\n<li>Servi\u00e7os Adicionais: Para obter informa\u00e7\u00f5es sobre servi\u00e7os adicionais de manuseamento, restri\u00e7\u00f5es ao servi\u00e7o e limites de peso e dimens\u00f5es, consulte o nosso&nbsp;Servi\u00e7o de Apoio ao Cliente.<\/li>\n<li>Os transportes ser\u00e3o efetuadas de acordo com as <a href=\"https:\/\/alfaloc.pt\/alfaloc-fr\/condicoes-gerais\/\">Condi\u00e7\u00f5es Gerais<\/a> da <strong>alfaloc<\/strong><\/li>\n<\/ul>\t\t\t\t\t\t<\/div>\n\t\t\t\t<\/div>\n\t\t\t\t<div class=\"elementor-element elementor-element-353d1cee elementor-hidden-tablet elementor-hidden-mobile_extra elementor-hidden-mobile elementor-widget elementor-widget-spacer\" data-id=\"353d1cee\" data-element_type=\"widget\" data-widget_type=\"spacer.default\">\n\t\t\t\t<div class=\"elementor-widget-container\">\n\t\t\t\t\t<div class=\"elementor-spacer\">\n\t\t\t<div class=\"elementor-spacer-inner\"><\/div>\n\t\t<\/div>\n\t\t\t\t<\/div>\n\t\t\t\t<\/div>\n\t\t\t\t<div class=\"elementor-element elementor-element-28e7acb3 elementor-widget elementor-widget-text-editor\" data-id=\"28e7acb3\" data-element_type=\"widget\" data-widget_type=\"text-editor.default\">\n\t\t\t\t<div class=\"elementor-widget-container\">\n\t\t\t\t\t\t\t<p>Ver tamb\u00e9m <a href=\"https:\/\/alfaloc.pt\/alfaloc-fr\/wp-content\/uploads\/sites\/3\/2024\/03\/condicoes_gerais_prestacao_servicos_PT_2020.pdf\" target=\"_blank\" rel=\"noopener\">Condi\u00e7\u00f5es Gerais de Presta\u00e7\u00e3o de Servi\u00e7os<\/a><\/p>\t\t\t\t\t\t<\/div>\n\t\t\t\t<\/div>\n\t\t\t\t<div class=\"elementor-element elementor-element-7d321cc6 elementor-widget elementor-widget-text-editor\" data-id=\"7d321cc6\" data-element_type=\"widget\" data-widget_type=\"text-editor.default\">\n\t\t\t\t<div class=\"elementor-widget-container\">\n\t\t\t\t\t\t\t<p><strong>Servi\u00e7o de Apoio a Clientes &#8211; sac@alfaloc.pt, 917 777 100 ou 707 212 707<\/strong><\/p>\t\t\t\t\t\t<\/div>\n\t\t\t\t<\/div>\n\t\t\t\t<div class=\"elementor-element elementor-element-53512de5 elementor-widget elementor-widget-text-editor\" data-id=\"53512de5\" data-element_type=\"widget\" data-widget_type=\"text-editor.default\">\n\t\t\t\t<div class=\"elementor-widget-container\">\n\t\t\t\t\t\t\t<p>(Chamada para rede m\u00f3vel nacional)<br \/>(Chamada para rede fixa nacional de valor acrescentado. A partir de n\u00ba fixo, chamada com custo m\u00e1ximo de 0,09\u20ac+iva por minuto, com fatura\u00e7\u00e3o ao segundo a partir do primeiro minuto.)<br \/>(A partir de n\u00ba m\u00f3vel, chamada com custo m\u00e1ximo de 0,13\u20ac+iva por minuto, com fatura\u00e7\u00e3o ao segundo a partir do primeiro minuto. Custo efetivo dependente dos operadores.)<\/p>\t\t\t\t\t\t<\/div>\n\t\t\t\t<\/div>\n\t\t\t\t<\/div>\n\t\t\t\t<\/div>\n\t\t<div class=\"elementor-element elementor-element-21a9e479 e-con-full e-flex e-con e-child\" data-id=\"21a9e479\" data-element_type=\"container\">\n\t\t<div class=\"elementor-element elementor-element-381757b5 e-con-full e-flex e-con e-child\" data-id=\"381757b5\" data-element_type=\"container\">\n\t\t\t\t<div class=\"elementor-element elementor-element-6ac143f0 elementor-widget elementor-widget-image\" data-id=\"6ac143f0\" data-element_type=\"widget\" data-widget_type=\"image.default\">\n\t\t\t\t<div class=\"elementor-widget-container\">\n\t\t\t<style>\/*! elementor - v3.22.0 - 17-06-2024 *\/\n.elementor-widget-image{text-align:center}.elementor-widget-image a{display:inline-block}.elementor-widget-image a img[src$=\".svg\"]{width:48px}.elementor-widget-image img{vertical-align:middle;display:inline-block}<\/style>\t\t\t\t\t\t\t\t\t\t<img fetchpriority=\"high\" decoding=\"async\" width=\"300\" height=\"300\" src=\"https:\/\/alfaloc.fr\/wp-content\/uploads\/sites\/3\/2024\/08\/camiao.png\" class=\"attachment-full size-full wp-image-6938\" alt=\"\" srcset=\"https:\/\/alfaloc.fr\/wp-content\/uploads\/sites\/3\/2024\/08\/camiao.png 300w, https:\/\/alfaloc.fr\/wp-content\/uploads\/sites\/3\/2024\/08\/camiao-150x150.png 150w\" sizes=\"(max-width: 300px) 100vw, 300px\" \/>\t\t\t\t\t\t\t\t\t\t\t\t\t<\/div>\n\t\t\t\t<\/div>\n\t\t\t\t<\/div>\n\t\t<div class=\"elementor-element elementor-element-3bfea0d5 e-con-full e-flex e-con e-child\" data-id=\"3bfea0d5\" data-element_type=\"container\">\n\t\t<div class=\"elementor-element elementor-element-2bfd4550 e-con-full e-flex e-con e-child\" data-id=\"2bfd4550\" data-element_type=\"container\" data-settings=\"{&quot;background_background&quot;:&quot;classic&quot;}\">\n\t\t\t\t<div class=\"elementor-element elementor-element-76ec3680 elementor-widget elementor-widget-ws-form\" data-id=\"76ec3680\" data-element_type=\"widget\" data-widget_type=\"ws-form.default\">\n\t\t\t\t<div class=\"elementor-widget-container\">\n\t\t\t<form action=\"https:\/\/alfaloc.fr\/pt-pt\/wp-json\/ws-form\/v1\/submit\" class=\"wsf-form wsf-form-canvas\" id=\"ws-form-1\" data-id=\"5\" data-instance-id=\"1\" method=\"POST\"><\/form>\t\t<\/div>\n\t\t\t\t<\/div>\n\t\t\t\t<\/div>\n\t\t\t\t<\/div>\n\t\t\t\t<\/div>\n\t\t\t\t\t<\/div>\n\t\t\t\t<\/div>\n\t\t\t\t<\/div>\n\t\t","protected":false},"excerpt":{"rendered":"<p>Transporte terrestre com sa\u00eddas di\u00e1rias &#8211; Cami\u00e3o O servi\u00e7o de Transporte Terrestre \u2013 Cami\u00e3o Di\u00e1rio \u2013 oferece uma solu\u00e7\u00e3o eficiente e fi\u00e1vel para as suas necessidades de log\u00edstica. Com rotas otimizadas, e um rigoroso cumprimento dos prazos, garantimos que as suas mercadorias chegam ao destino com rapidez e seguran\u00e7a. Exporta\u00e7\u00e3o\/Importa\u00e7\u00e3o Rela\u00e7\u00e3o Peso\/Volume:\u00a0Para Portugal Continental e [&hellip;]<\/p>\n","protected":false},"author":1,"featured_media":0,"parent":0,"menu_order":0,"comment_status":"closed","ping_status":"closed","template":"","meta":{"footnotes":""},"class_list":["post-7492","page","type-page","status-publish","hentry"],"yoast_head":"<!-- This site is optimized with the Yoast SEO Premium plugin v27.5 (Yoast SEO v27.5) - https:\/\/yoast.com\/product\/yoast-seo-premium-wordpress\/ -->\n<title>Condi\u00e7\u00f5es de Servi\u00e7o Cami\u00e3o Di\u00e1rio - Alfaloc FR<\/title>\n<meta name=\"description\" content=\"Condi\u00e7\u00f5es do servi\u00e7o de Transporte Terrestre. Uma solu\u00e7\u00e3o eficiente e fi\u00e1vel para as suas necessidades de log\u00edstica.\" \/>\n<meta name=\"robots\" content=\"index, follow, max-snippet:-1, max-image-preview:large, max-video-preview:-1\" \/>\n<link rel=\"canonical\" href=\"https:\/\/alfaloc.fr\/pt-pt\/condicoes-de-servico-camiao-diario\/\" \/>\n<meta property=\"og:locale\" content=\"pt_PT\" \/>\n<meta property=\"og:type\" content=\"article\" \/>\n<meta property=\"og:title\" content=\"Condi\u00e7\u00f5es de Servi\u00e7o Cami\u00e3o Di\u00e1rio\" \/>\n<meta property=\"og:description\" content=\"Condi\u00e7\u00f5es do servi\u00e7o de Transporte Terrestre. Uma solu\u00e7\u00e3o eficiente e fi\u00e1vel para as suas necessidades de log\u00edstica.\" \/>\n<meta property=\"og:url\" content=\"https:\/\/alfaloc.fr\/pt-pt\/condicoes-de-servico-camiao-diario\/\" \/>\n<meta property=\"og:site_name\" content=\"Alfaloc FR\" \/>\n<meta property=\"article:modified_time\" content=\"2025-02-27T09:49:19+00:00\" \/>\n<meta property=\"og:image\" content=\"https:\/\/alfaloc.pt\/alfaloc-fr\/wp-content\/uploads\/sites\/3\/2024\/08\/camiao.png\" \/>\n<meta name=\"twitter:card\" content=\"summary_large_image\" \/>\n<meta name=\"twitter:label1\" content=\"Tempo estimado de leitura\" \/>\n\t<meta name=\"twitter:data1\" content=\"8 minutos\" \/>\n<script type=\"application\/ld+json\" class=\"yoast-schema-graph\">{\"@context\":\"https:\\\/\\\/schema.org\",\"@graph\":[{\"@type\":\"WebPage\",\"@id\":\"https:\\\/\\\/alfaloc.fr\\\/pt-pt\\\/condicoes-de-servico-camiao-diario\\\/\",\"url\":\"https:\\\/\\\/alfaloc.fr\\\/pt-pt\\\/condicoes-de-servico-camiao-diario\\\/\",\"name\":\"Condi\u00e7\u00f5es de Servi\u00e7o Cami\u00e3o Di\u00e1rio - Alfaloc FR\",\"isPartOf\":{\"@id\":\"https:\\\/\\\/alfaloc.fr\\\/pt-pt\\\/#website\"},\"primaryImageOfPage\":{\"@id\":\"https:\\\/\\\/alfaloc.fr\\\/pt-pt\\\/condicoes-de-servico-camiao-diario\\\/#primaryimage\"},\"image\":{\"@id\":\"https:\\\/\\\/alfaloc.fr\\\/pt-pt\\\/condicoes-de-servico-camiao-diario\\\/#primaryimage\"},\"thumbnailUrl\":\"https:\\\/\\\/alfaloc.pt\\\/alfaloc-fr\\\/wp-content\\\/uploads\\\/sites\\\/3\\\/2024\\\/08\\\/camiao.png\",\"datePublished\":\"2024-08-26T14:16:29+00:00\",\"dateModified\":\"2025-02-27T09:49:19+00:00\",\"description\":\"Condi\u00e7\u00f5es do servi\u00e7o de Transporte Terrestre. Uma solu\u00e7\u00e3o eficiente e fi\u00e1vel para as suas necessidades de log\u00edstica.\",\"breadcrumb\":{\"@id\":\"https:\\\/\\\/alfaloc.fr\\\/pt-pt\\\/condicoes-de-servico-camiao-diario\\\/#breadcrumb\"},\"inLanguage\":\"pt-PT\",\"potentialAction\":[{\"@type\":\"ReadAction\",\"target\":[\"https:\\\/\\\/alfaloc.fr\\\/pt-pt\\\/condicoes-de-servico-camiao-diario\\\/\"]}]},{\"@type\":\"ImageObject\",\"inLanguage\":\"pt-PT\",\"@id\":\"https:\\\/\\\/alfaloc.fr\\\/pt-pt\\\/condicoes-de-servico-camiao-diario\\\/#primaryimage\",\"url\":\"https:\\\/\\\/alfaloc.pt\\\/alfaloc-fr\\\/wp-content\\\/uploads\\\/sites\\\/3\\\/2024\\\/08\\\/camiao.png\",\"contentUrl\":\"https:\\\/\\\/alfaloc.pt\\\/alfaloc-fr\\\/wp-content\\\/uploads\\\/sites\\\/3\\\/2024\\\/08\\\/camiao.png\"},{\"@type\":\"BreadcrumbList\",\"@id\":\"https:\\\/\\\/alfaloc.fr\\\/pt-pt\\\/condicoes-de-servico-camiao-diario\\\/#breadcrumb\",\"itemListElement\":[{\"@type\":\"ListItem\",\"position\":1,\"name\":\"In\u00edcio\",\"item\":\"https:\\\/\\\/alfaloc.fr\\\/pt-pt\\\/\"},{\"@type\":\"ListItem\",\"position\":2,\"name\":\"Condi\u00e7\u00f5es de Servi\u00e7o Cami\u00e3o Di\u00e1rio\"}]},{\"@type\":\"WebSite\",\"@id\":\"https:\\\/\\\/alfaloc.fr\\\/pt-pt\\\/#website\",\"url\":\"https:\\\/\\\/alfaloc.fr\\\/pt-pt\\\/\",\"name\":\"Alfaloc FR\",\"description\":\"\",\"potentialAction\":[{\"@type\":\"SearchAction\",\"target\":{\"@type\":\"EntryPoint\",\"urlTemplate\":\"https:\\\/\\\/alfaloc.fr\\\/pt-pt\\\/?s={search_term_string}\"},\"query-input\":{\"@type\":\"PropertyValueSpecification\",\"valueRequired\":true,\"valueName\":\"search_term_string\"}}],\"inLanguage\":\"pt-PT\"}]}<\/script>\n<!-- \/ Yoast SEO Premium plugin. -->","yoast_head_json":{"title":"Condi\u00e7\u00f5es de Servi\u00e7o Cami\u00e3o Di\u00e1rio - Alfaloc FR","description":"Condi\u00e7\u00f5es do servi\u00e7o de Transporte Terrestre. Uma solu\u00e7\u00e3o eficiente e fi\u00e1vel para as suas necessidades de log\u00edstica.","robots":{"index":"index","follow":"follow","max-snippet":"max-snippet:-1","max-image-preview":"max-image-preview:large","max-video-preview":"max-video-preview:-1"},"canonical":"https:\/\/alfaloc.fr\/pt-pt\/condicoes-de-servico-camiao-diario\/","og_locale":"pt_PT","og_type":"article","og_title":"Condi\u00e7\u00f5es de Servi\u00e7o Cami\u00e3o Di\u00e1rio","og_description":"Condi\u00e7\u00f5es do servi\u00e7o de Transporte Terrestre. Uma solu\u00e7\u00e3o eficiente e fi\u00e1vel para as suas necessidades de log\u00edstica.","og_url":"https:\/\/alfaloc.fr\/pt-pt\/condicoes-de-servico-camiao-diario\/","og_site_name":"Alfaloc FR","article_modified_time":"2025-02-27T09:49:19+00:00","og_image":[{"url":"https:\/\/alfaloc.pt\/alfaloc-fr\/wp-content\/uploads\/sites\/3\/2024\/08\/camiao.png","type":"","width":"","height":""}],"twitter_card":"summary_large_image","twitter_misc":{"Tempo estimado de leitura":"8 minutos"},"schema":{"@context":"https:\/\/schema.org","@graph":[{"@type":"WebPage","@id":"https:\/\/alfaloc.fr\/pt-pt\/condicoes-de-servico-camiao-diario\/","url":"https:\/\/alfaloc.fr\/pt-pt\/condicoes-de-servico-camiao-diario\/","name":"Condi\u00e7\u00f5es de Servi\u00e7o Cami\u00e3o Di\u00e1rio - Alfaloc FR","isPartOf":{"@id":"https:\/\/alfaloc.fr\/pt-pt\/#website"},"primaryImageOfPage":{"@id":"https:\/\/alfaloc.fr\/pt-pt\/condicoes-de-servico-camiao-diario\/#primaryimage"},"image":{"@id":"https:\/\/alfaloc.fr\/pt-pt\/condicoes-de-servico-camiao-diario\/#primaryimage"},"thumbnailUrl":"https:\/\/alfaloc.pt\/alfaloc-fr\/wp-content\/uploads\/sites\/3\/2024\/08\/camiao.png","datePublished":"2024-08-26T14:16:29+00:00","dateModified":"2025-02-27T09:49:19+00:00","description":"Condi\u00e7\u00f5es do servi\u00e7o de Transporte Terrestre. Uma solu\u00e7\u00e3o eficiente e fi\u00e1vel para as suas necessidades de log\u00edstica.","breadcrumb":{"@id":"https:\/\/alfaloc.fr\/pt-pt\/condicoes-de-servico-camiao-diario\/#breadcrumb"},"inLanguage":"pt-PT","potentialAction":[{"@type":"ReadAction","target":["https:\/\/alfaloc.fr\/pt-pt\/condicoes-de-servico-camiao-diario\/"]}]},{"@type":"ImageObject","inLanguage":"pt-PT","@id":"https:\/\/alfaloc.fr\/pt-pt\/condicoes-de-servico-camiao-diario\/#primaryimage","url":"https:\/\/alfaloc.pt\/alfaloc-fr\/wp-content\/uploads\/sites\/3\/2024\/08\/camiao.png","contentUrl":"https:\/\/alfaloc.pt\/alfaloc-fr\/wp-content\/uploads\/sites\/3\/2024\/08\/camiao.png"},{"@type":"BreadcrumbList","@id":"https:\/\/alfaloc.fr\/pt-pt\/condicoes-de-servico-camiao-diario\/#breadcrumb","itemListElement":[{"@type":"ListItem","position":1,"name":"In\u00edcio","item":"https:\/\/alfaloc.fr\/pt-pt\/"},{"@type":"ListItem","position":2,"name":"Condi\u00e7\u00f5es de Servi\u00e7o Cami\u00e3o Di\u00e1rio"}]},{"@type":"WebSite","@id":"https:\/\/alfaloc.fr\/pt-pt\/#website","url":"https:\/\/alfaloc.fr\/pt-pt\/","name":"Alfaloc FR","description":"","potentialAction":[{"@type":"SearchAction","target":{"@type":"EntryPoint","urlTemplate":"https:\/\/alfaloc.fr\/pt-pt\/?s={search_term_string}"},"query-input":{"@type":"PropertyValueSpecification","valueRequired":true,"valueName":"search_term_string"}}],"inLanguage":"pt-PT"}]}},"_links":{"self":[{"href":"https:\/\/alfaloc.fr\/pt-pt\/wp-json\/wp\/v2\/pages\/7492","targetHints":{"allow":["GET"]}}],"collection":[{"href":"https:\/\/alfaloc.fr\/pt-pt\/wp-json\/wp\/v2\/pages"}],"about":[{"href":"https:\/\/alfaloc.fr\/pt-pt\/wp-json\/wp\/v2\/types\/page"}],"author":[{"embeddable":true,"href":"https:\/\/alfaloc.fr\/pt-pt\/wp-json\/wp\/v2\/users\/1"}],"replies":[{"embeddable":true,"href":"https:\/\/alfaloc.fr\/pt-pt\/wp-json\/wp\/v2\/comments?post=7492"}],"version-history":[{"count":19,"href":"https:\/\/alfaloc.fr\/pt-pt\/wp-json\/wp\/v2\/pages\/7492\/revisions"}],"predecessor-version":[{"id":12616,"href":"https:\/\/alfaloc.fr\/pt-pt\/wp-json\/wp\/v2\/pages\/7492\/revisions\/12616"}],"wp:attachment":[{"href":"https:\/\/alfaloc.fr\/pt-pt\/wp-json\/wp\/v2\/media?parent=7492"}],"curies":[{"name":"wp","href":"https:\/\/api.w.org\/{rel}","templated":true}]}}