{"id":5297,"date":"2024-07-05T08:50:18","date_gmt":"2024-07-05T08:50:18","guid":{"rendered":"https:\/\/alfaloc.pt\/?page_id=5297"},"modified":"2025-02-11T09:47:23","modified_gmt":"2025-02-11T09:47:23","slug":"como-calcular-preco-de-envio","status":"publish","type":"page","link":"https:\/\/alfaloc.fr\/pt-pt\/como-calcular-preco-de-envio\/","title":{"rendered":"Como Calcular Pre\u00e7o de Envio"},"content":{"rendered":"\t\t<div data-elementor-type=\"wp-page\" data-elementor-id=\"5297\" class=\"elementor elementor-5297\" data-elementor-post-type=\"page\">\n\t\t\t\t<div class=\"elementor-element elementor-element-1124396 e-flex e-con-boxed e-con e-parent\" data-id=\"1124396\" data-element_type=\"container\">\n\t\t\t\t\t<div class=\"e-con-inner\">\n\t\t<div class=\"elementor-element elementor-element-48c3d1b e-con-full e-flex e-con e-child\" data-id=\"48c3d1b\" data-element_type=\"container\">\n\t\t\t\t<div class=\"elementor-element elementor-element-74a6fe5 elementor-widget__width-initial elementor-widget-mobile__width-inherit elementor-widget elementor-widget-heading\" data-id=\"74a6fe5\" data-element_type=\"widget\" data-widget_type=\"heading.default\">\n\t\t\t\t<div class=\"elementor-widget-container\">\n\t\t\t<style>\/*! elementor - v3.22.0 - 17-06-2024 *\/\n.elementor-heading-title{padding:0;margin:0;line-height:1}.elementor-widget-heading .elementor-heading-title[class*=elementor-size-]>a{color:inherit;font-size:inherit;line-height:inherit}.elementor-widget-heading .elementor-heading-title.elementor-size-small{font-size:15px}.elementor-widget-heading .elementor-heading-title.elementor-size-medium{font-size:19px}.elementor-widget-heading .elementor-heading-title.elementor-size-large{font-size:29px}.elementor-widget-heading .elementor-heading-title.elementor-size-xl{font-size:39px}.elementor-widget-heading .elementor-heading-title.elementor-size-xxl{font-size:59px}<\/style><h2 class=\"elementor-heading-title elementor-size-default\">O melhor pre\u00e7o para o seu transporte<\/h2>\t\t<\/div>\n\t\t\t\t<\/div>\n\t\t\t\t<div class=\"elementor-element elementor-element-1abed64 elementor-hidden-mobile elementor-widget elementor-widget-spacer\" data-id=\"1abed64\" data-element_type=\"widget\" data-widget_type=\"spacer.default\">\n\t\t\t\t<div class=\"elementor-widget-container\">\n\t\t\t<style>\/*! elementor - v3.22.0 - 17-06-2024 *\/\n.elementor-column .elementor-spacer-inner{height:var(--spacer-size)}.e-con{--container-widget-width:100%}.e-con-inner>.elementor-widget-spacer,.e-con>.elementor-widget-spacer{width:var(--container-widget-width,var(--spacer-size));--align-self:var(--container-widget-align-self,initial);--flex-shrink:0}.e-con-inner>.elementor-widget-spacer>.elementor-widget-container,.e-con>.elementor-widget-spacer>.elementor-widget-container{height:100%;width:100%}.e-con-inner>.elementor-widget-spacer>.elementor-widget-container>.elementor-spacer,.e-con>.elementor-widget-spacer>.elementor-widget-container>.elementor-spacer{height:100%}.e-con-inner>.elementor-widget-spacer>.elementor-widget-container>.elementor-spacer>.elementor-spacer-inner,.e-con>.elementor-widget-spacer>.elementor-widget-container>.elementor-spacer>.elementor-spacer-inner{height:var(--container-widget-height,var(--spacer-size))}.e-con-inner>.elementor-widget-spacer.elementor-widget-empty,.e-con>.elementor-widget-spacer.elementor-widget-empty{position:relative;min-height:22px;min-width:22px}.e-con-inner>.elementor-widget-spacer.elementor-widget-empty .elementor-widget-empty-icon,.e-con>.elementor-widget-spacer.elementor-widget-empty .elementor-widget-empty-icon{position:absolute;top:0;bottom:0;left:0;right:0;margin:auto;padding:0;width:22px;height:22px}<\/style>\t\t<div class=\"elementor-spacer\">\n\t\t\t<div class=\"elementor-spacer-inner\"><\/div>\n\t\t<\/div>\n\t\t\t\t<\/div>\n\t\t\t\t<\/div>\n\t\t<div class=\"elementor-element elementor-element-c6991f5 e-con-full e-flex e-con e-child\" data-id=\"c6991f5\" data-element_type=\"container\">\n\t\t\t\t<div class=\"elementor-element elementor-element-491bf35 elementor-widget-mobile__width-initial alfaloc-ul padding-ul alfaloc-ol-nav elementor-widget elementor-widget-text-editor\" data-id=\"491bf35\" data-element_type=\"widget\" data-widget_type=\"text-editor.default\">\n\t\t\t\t<div class=\"elementor-widget-container\">\n\t\t\t<style>\/*! elementor - v3.22.0 - 17-06-2024 *\/\n.elementor-widget-text-editor.elementor-drop-cap-view-stacked .elementor-drop-cap{background-color:#69727d;color:#fff}.elementor-widget-text-editor.elementor-drop-cap-view-framed .elementor-drop-cap{color:#69727d;border:3px solid;background-color:transparent}.elementor-widget-text-editor:not(.elementor-drop-cap-view-default) .elementor-drop-cap{margin-top:8px}.elementor-widget-text-editor:not(.elementor-drop-cap-view-default) .elementor-drop-cap-letter{width:1em;height:1em}.elementor-widget-text-editor .elementor-drop-cap{float:left;text-align:center;line-height:1;font-size:50px}.elementor-widget-text-editor .elementor-drop-cap-letter{display:inline-block}<\/style>\t\t\t\t<p>Na <strong>alfaloc<\/strong> pode obter o pre\u00e7o para um envio de forma simples, atrav\u00e9s de diferentes canais, de forma independente e imediata. Al\u00e9m disso, saiba como calcular o melhor pre\u00e7o para o seu transporte.<\/p>\t\t\t\t\t\t<\/div>\n\t\t\t\t<\/div>\n\t\t\t\t<div class=\"elementor-element elementor-element-8b3e2ca elementor-widget-mobile__width-initial alfaloc-ul padding-ul alfaloc-ol-nav elementor-widget elementor-widget-text-editor\" data-id=\"8b3e2ca\" data-element_type=\"widget\" data-widget_type=\"text-editor.default\">\n\t\t\t\t<div class=\"elementor-widget-container\">\n\t\t\t\t\t\t\t<p>V\u00e1rias formas simples de calcular o pre\u00e7o:<\/p><ol><li><a href=\"https:\/\/alfaloc.pt\/alfaloc-fr\/calcular-preco\/\">Calcular Pre\u00e7o<\/a>, no website<\/li><li><a href=\"https:\/\/my.alfaloc.pt\/budget\/create\" target=\"_blank\" rel=\"noopener\">Nova Cota\u00e7\u00e3o<\/a>, no myalfaloc<\/li><li>Envie e-mail para <a href=\"mailto:inbox@alfaloc.pt\">inbox@alfaloc.pt<\/a><\/li><li>Pe\u00e7a cota\u00e7\u00e3o via Chat em alfaloc.pt<\/li><li>Ligue 917 777 000<\/li><\/ol>\t\t\t\t\t\t<\/div>\n\t\t\t\t<\/div>\n\t\t\t\t<div class=\"elementor-element elementor-element-43b3e6a elementor-widget-mobile__width-initial alfaloc-ul padding-ul alfaloc-ol-nav elementor-widget elementor-widget-text-editor\" data-id=\"43b3e6a\" data-element_type=\"widget\" data-widget_type=\"text-editor.default\">\n\t\t\t\t<div class=\"elementor-widget-container\">\n\t\t\t\t\t\t\t<p>Se n\u00e3o tem a certeza do servi\u00e7o mais adequado para o seu envio, por exemplo, experimente o jogo de servi\u00e7os Alfaloc.<\/p><p>Al\u00e9m disso, descubra as nossas solu\u00e7\u00f5es de <a href=\"https:\/\/alfaloc.pt\/alfaloc-fr\/servicos-mais-sustentaveis\/\" target=\"_blank\" rel=\"noopener\">transporte mais sustent\u00e1veis<\/a>.<\/p><p>Se necessita de ajuda para simular uma cota\u00e7\u00e3o em myalfaloc, veja este video.<\/p>\t\t\t\t\t\t<\/div>\n\t\t\t\t<\/div>\n\t\t\t\t<div class=\"elementor-element elementor-element-c5c3898 elementor-widget__width-initial elementor-widget elementor-widget-video\" data-id=\"c5c3898\" data-element_type=\"widget\" data-settings=\"{&quot;youtube_url&quot;:&quot;https:\\\/\\\/www.youtube.com\\\/watch?v=Fq0p0jue_Vg&quot;,&quot;modestbranding&quot;:&quot;yes&quot;,&quot;video_type&quot;:&quot;youtube&quot;,&quot;controls&quot;:&quot;yes&quot;}\" data-widget_type=\"video.default\">\n\t\t\t\t<div class=\"elementor-widget-container\">\n\t\t\t<style>\/*! elementor - v3.22.0 - 17-06-2024 *\/\n.elementor-widget-video .elementor-widget-container{overflow:hidden;transform:translateZ(0)}.elementor-widget-video .elementor-wrapper{aspect-ratio:var(--video-aspect-ratio)}.elementor-widget-video .elementor-wrapper iframe,.elementor-widget-video .elementor-wrapper video{height:100%;width:100%;display:flex;border:none;background-color:#000}@supports not (aspect-ratio:1\/1){.elementor-widget-video .elementor-wrapper{position:relative;overflow:hidden;height:0;padding-bottom:calc(100% \/ var(--video-aspect-ratio))}.elementor-widget-video .elementor-wrapper iframe,.elementor-widget-video .elementor-wrapper video{position:absolute;top:0;right:0;bottom:0;left:0}}.elementor-widget-video .elementor-open-inline .elementor-custom-embed-image-overlay{position:absolute;top:0;right:0;bottom:0;left:0;background-size:cover;background-position:50%}.elementor-widget-video .elementor-custom-embed-image-overlay{cursor:pointer;text-align:center}.elementor-widget-video .elementor-custom-embed-image-overlay:hover .elementor-custom-embed-play i{opacity:1}.elementor-widget-video .elementor-custom-embed-image-overlay img{display:block;width:100%;aspect-ratio:var(--video-aspect-ratio);-o-object-fit:cover;object-fit:cover;-o-object-position:center center;object-position:center center}@supports not (aspect-ratio:1\/1){.elementor-widget-video .elementor-custom-embed-image-overlay{position:relative;overflow:hidden;height:0;padding-bottom:calc(100% \/ var(--video-aspect-ratio))}.elementor-widget-video .elementor-custom-embed-image-overlay img{position:absolute;top:0;right:0;bottom:0;left:0}}.elementor-widget-video .e-hosted-video .elementor-video{-o-object-fit:cover;object-fit:cover}.e-con-inner>.elementor-widget-video,.e-con>.elementor-widget-video{width:var(--container-widget-width);--flex-grow:var(--container-widget-flex-grow)}<\/style>\t\t<div class=\"elementor-wrapper elementor-open-inline\">\n\t\t\t<div class=\"elementor-video\"><\/div>\t\t<\/div>\n\t\t\t\t<\/div>\n\t\t\t\t<\/div>\n\t\t<div class=\"elementor-element elementor-element-4a46e5c e-con-full e-flex e-con e-child\" data-id=\"4a46e5c\" data-element_type=\"container\">\n\t\t\t\t<div class=\"elementor-element elementor-element-b95ce78 elementor-widget-mobile__width-inherit elementor-widget elementor-widget-heading\" data-id=\"b95ce78\" data-element_type=\"widget\" data-widget_type=\"heading.default\">\n\t\t\t\t<div class=\"elementor-widget-container\">\n\t\t\t<h3 class=\"elementor-heading-title elementor-size-default\">Qual a principal diferen\u00e7a entre \"Calcular pre\u00e7o\" no website e \"Nova cota\u00e7\u00e3o\" no myalfaloc?<\/h3>\t\t<\/div>\n\t\t\t\t<\/div>\n\t\t\t\t<div class=\"elementor-element elementor-element-c087908 elementor-widget-mobile__width-initial alfaloc-ul padding-ul elementor-widget elementor-widget-text-editor\" data-id=\"c087908\" data-element_type=\"widget\" data-widget_type=\"text-editor.default\">\n\t\t\t\t<div class=\"elementor-widget-container\">\n\t\t\t\t\t\t\t<p>Ao calcular a cota\u00e7\u00e3o (pre\u00e7o) no myalfaloc tem descontos adequados \u00e0 sua empresa. No entanto, no website, esses descontos n\u00e3o est\u00e3o dispon\u00edveis.<\/p>\t\t\t\t\t\t<\/div>\n\t\t\t\t<\/div>\n\t\t<div class=\"elementor-element elementor-element-87f9b43 e-con-full e-flex e-con e-child\" data-id=\"87f9b43\" data-element_type=\"container\">\n\t\t\t\t<div class=\"elementor-element elementor-element-2b3b849 elementor-widget-mobile__width-initial alfaloc-ul elementor-widget elementor-widget-text-editor\" data-id=\"2b3b849\" data-element_type=\"widget\" data-widget_type=\"text-editor.default\">\n\t\t\t\t<div class=\"elementor-widget-container\">\n\t\t\t\t\t\t\t<p><strong>Porqu\u00ea?<\/strong><\/p>\t\t\t\t\t\t<\/div>\n\t\t\t\t<\/div>\n\t\t\t\t<div class=\"elementor-element elementor-element-4b73113 elementor-widget-mobile__width-initial alfaloc-ul elementor-widget elementor-widget-text-editor\" data-id=\"4b73113\" data-element_type=\"widget\" data-widget_type=\"text-editor.default\">\n\t\t\t\t<div class=\"elementor-widget-container\">\n\t\t\t\t\t\t\t<p>Para calcular uma cota\u00e7\u00e3o (pre\u00e7o) de um envio no Myalfaloc, \u00e9 necess\u00e1rio ter um n\u00famero de cliente Alfaloc (pode <a href=\"https:\/\/alfaloc.pt\/alfaloc-fr\/o-meu-primeiro-envio\/\">obter o n\u00famero de cliente por aqui<\/a>).<\/p>\n<p>Quando abre uma conta na <strong>alfaloc<\/strong>, e recebe o n\u00famero de cliente, um(a) Gestor(a) de Cliente entra em contato para discutir as necessidades de transporte da sua empresa, como:<\/p>\n<ul>\n<li>Frequ\u00eancia de envios<\/li>\n<li>Destinos de interesse<\/li>\n<li>Peso comum de cada volume<\/li>\n<li>Tipo de produtos<\/li>\n<li>Outras informa\u00e7\u00f5es relevantes<\/li>\n<\/ul>\n<p><br><\/p><p>O\/A Gestor(a) de Cliente usa essas informa\u00e7\u00f5es para preparar um plano de pre\u00e7os e descontos adequado \u00e0s necessidades da sua empresa.&nbsp; Portanto, quando acede ao seu Myalfaloc e faz cota\u00e7\u00f5es ou <a href=\"#\">cria cartas de porte<\/a> todos os pre\u00e7os s\u00e3o ajustados \u00e0 sua empresa.<\/p>\n<p>(Tamb\u00e9m lhe pode ser \u00fatil ver <a href=\"#\">como criar o seu acesso ao myalfaloc<\/a>.)<\/p>\n<p>Por outro lado, quando acede a <a href=\"https:\/\/alfaloc.pt\/alfaloc-fr\/calcular-preco\/\">Calcular Pre\u00e7o<\/a> no website &#8211; como n\u00e3o h\u00e1 obriga\u00e7\u00e3o de registo de utilizador nem login &#8211; n\u00e3o \u00e9 poss\u00edvel ao sistema saber quem est\u00e1 a fazer o c\u00e1lculo de pre\u00e7o. Por isso n\u00e3o \u00e9 poss\u00edvel aplicar descontos personalizados, e o pre\u00e7o exibido no site n\u00e3o ser\u00e1 t\u00e3o competitivo quanto o do Myalfaloc.<\/p>\t\t\t\t\t\t<\/div>\n\t\t\t\t<\/div>\n\t\t\t\t<div class=\"elementor-element elementor-element-41a45ff elementor-widget-mobile__width-inherit elementor-widget elementor-widget-heading\" data-id=\"41a45ff\" data-element_type=\"widget\" data-widget_type=\"heading.default\">\n\t\t\t\t<div class=\"elementor-widget-container\">\n\t\t\t<h3 class=\"elementor-heading-title elementor-size-default\">Porque \u00e9 que quando fa\u00e7o \"Calcular pre\u00e7o\" no website, por vezes n\u00e3o me d\u00e1 um pre\u00e7o imediato e sugere um contacto de um comercial?<\/h3>\t\t<\/div>\n\t\t\t\t<\/div>\n\t\t\t\t<\/div>\n\t\t<div class=\"elementor-element elementor-element-aebc283 e-con-full e-flex e-con e-child\" data-id=\"aebc283\" data-element_type=\"container\">\n\t\t\t\t<div class=\"elementor-element elementor-element-67d8310 elementor-widget-mobile__width-initial alfaloc-ul elementor-widget elementor-widget-text-editor\" data-id=\"67d8310\" data-element_type=\"widget\" data-widget_type=\"text-editor.default\">\n\t\t\t\t<div class=\"elementor-widget-container\">\n\t\t\t\t\t\t\t<p>A <strong>alfaloc<\/strong> \u00e9 especialista em transportes internacionais e urgentes. Al\u00e9m disso,\u00a0 na maioria das vezes, para obtermos os melhores pre\u00e7os de transporte, trata-se de oportunidade, que trazem grandes poupan\u00e7as e mais-valias aos nossos clientes.<\/p><p>Para estas situa\u00e7\u00f5es, temos de verificar a disponibilidade de viaturas e condutores no momento, apurar tempos de tr\u00e2nsito e possibilidade de recolha. Por serem servi\u00e7os personalizados, \u00e9 necess\u00e1rio pedir um or\u00e7amento e aguardar que o Servi\u00e7o de Apoio ao Cliente ou o\/a Gestor(a) de Cliente d\u00ea-lhe uma resposta.<\/p>\t\t\t\t\t\t<\/div>\n\t\t\t\t<\/div>\n\t\t\t\t<\/div>\n\t\t\t\t<\/div>\n\t\t\t\t<\/div>\n\t\t\t\t<\/div>\n\t\t<div class=\"elementor-element elementor-element-03d3a03 e-con-full elementor-hidden-tablet elementor-hidden-mobile_extra elementor-hidden-mobile e-flex e-con e-child\" data-id=\"03d3a03\" data-element_type=\"container\">\n\t\t\t\t<\/div>\n\t\t\t\t\t<\/div>\n\t\t\t\t<\/div>\n\t\t\t\t<\/div>\n\t\t","protected":false},"excerpt":{"rendered":"<p>Calcule o Valor do seu envio. Apenas com dados da origem, destino e peso aproximado, pode simular o pre\u00e7o do seu transporte. <\/p>\n","protected":false},"author":1,"featured_media":6935,"parent":0,"menu_order":0,"comment_status":"closed","ping_status":"closed","template":"","meta":{"footnotes":""},"class_list":["post-5297","page","type-page","status-publish","has-post-thumbnail","hentry"],"yoast_head":"<!-- This site is optimized with the Yoast SEO Premium plugin v27.5 (Yoast SEO v27.5) - https:\/\/yoast.com\/product\/yoast-seo-premium-wordpress\/ -->\n<title>Como Calcular Pre\u00e7o de Envio - Alfaloc FR - pre\u00e7os de transporte<\/title>\n<meta name=\"description\" content=\"Calcule o Valor do seu envio. Apenas com dados da origem, destino e peso aproximado, pode simular o pre\u00e7o do seu transporte.\" \/>\n<meta name=\"robots\" content=\"index, follow, max-snippet:-1, max-image-preview:large, max-video-preview:-1\" \/>\n<link rel=\"canonical\" href=\"https:\/\/alfaloc.fr\/pt-pt\/como-calcular-preco-de-envio\/\" \/>\n<meta property=\"og:locale\" content=\"pt_PT\" \/>\n<meta property=\"og:type\" content=\"article\" \/>\n<meta property=\"og:title\" content=\"Como Calcular Pre\u00e7o de Envio - Alfaloc FR\" \/>\n<meta property=\"og:description\" content=\"Calcule o Valor do seu envio. Apenas com dados da origem, destino e peso aproximado, pode simular o pre\u00e7o do seu transporte.\" \/>\n<meta property=\"og:url\" content=\"https:\/\/alfaloc.fr\/pt-pt\/como-calcular-preco-de-envio\/\" \/>\n<meta property=\"og:site_name\" content=\"Alfaloc FR\" \/>\n<meta property=\"article:modified_time\" content=\"2025-02-11T09:47:23+00:00\" \/>\n<meta property=\"og:image\" content=\"https:\/\/alfaloc.fr\/wp-content\/uploads\/sites\/3\/2024\/08\/nova-cotacao-2024.png\" \/>\n\t<meta property=\"og:image:width\" content=\"300\" \/>\n\t<meta property=\"og:image:height\" content=\"300\" \/>\n\t<meta property=\"og:image:type\" content=\"image\/png\" \/>\n<meta name=\"twitter:card\" content=\"summary_large_image\" \/>\n<meta name=\"twitter:title\" content=\"Como Calcular Pre\u00e7o de Envio - Alfaloc FR\" \/>\n<meta name=\"twitter:description\" content=\"Calcule o Valor do seu envio. Apenas com dados da origem, destino e peso aproximado, pode simular o pre\u00e7o do seu transporte.\" \/>\n<meta name=\"twitter:label1\" content=\"Tempo estimado de leitura\" \/>\n\t<meta name=\"twitter:data1\" content=\"3 minutos\" \/>\n<script type=\"application\/ld+json\" class=\"yoast-schema-graph\">{\"@context\":\"https:\\\/\\\/schema.org\",\"@graph\":[{\"@type\":\"WebPage\",\"@id\":\"https:\\\/\\\/alfaloc.fr\\\/pt-pt\\\/como-calcular-preco-de-envio\\\/\",\"url\":\"https:\\\/\\\/alfaloc.fr\\\/pt-pt\\\/como-calcular-preco-de-envio\\\/\",\"name\":\"Como Calcular Pre\u00e7o de Envio - Alfaloc FR - pre\u00e7os de transporte\",\"isPartOf\":{\"@id\":\"https:\\\/\\\/alfaloc.fr\\\/pt-pt\\\/#website\"},\"primaryImageOfPage\":{\"@id\":\"https:\\\/\\\/alfaloc.fr\\\/pt-pt\\\/como-calcular-preco-de-envio\\\/#primaryimage\"},\"image\":{\"@id\":\"https:\\\/\\\/alfaloc.fr\\\/pt-pt\\\/como-calcular-preco-de-envio\\\/#primaryimage\"},\"thumbnailUrl\":\"https:\\\/\\\/alfaloc.fr\\\/wp-content\\\/uploads\\\/sites\\\/3\\\/2024\\\/08\\\/nova-cotacao-2024.png\",\"datePublished\":\"2024-07-05T08:50:18+00:00\",\"dateModified\":\"2025-02-11T09:47:23+00:00\",\"description\":\"Calcule o Valor do seu envio. Apenas com dados da origem, destino e peso aproximado, pode simular o pre\u00e7o do seu transporte.\",\"breadcrumb\":{\"@id\":\"https:\\\/\\\/alfaloc.fr\\\/pt-pt\\\/como-calcular-preco-de-envio\\\/#breadcrumb\"},\"inLanguage\":\"pt-PT\",\"potentialAction\":[{\"@type\":\"ReadAction\",\"target\":[\"https:\\\/\\\/alfaloc.fr\\\/pt-pt\\\/como-calcular-preco-de-envio\\\/\"]}]},{\"@type\":\"ImageObject\",\"inLanguage\":\"pt-PT\",\"@id\":\"https:\\\/\\\/alfaloc.fr\\\/pt-pt\\\/como-calcular-preco-de-envio\\\/#primaryimage\",\"url\":\"https:\\\/\\\/alfaloc.fr\\\/wp-content\\\/uploads\\\/sites\\\/3\\\/2024\\\/08\\\/nova-cotacao-2024.png\",\"contentUrl\":\"https:\\\/\\\/alfaloc.fr\\\/wp-content\\\/uploads\\\/sites\\\/3\\\/2024\\\/08\\\/nova-cotacao-2024.png\",\"width\":300,\"height\":300,\"caption\":\"Calcular Pre\u00e7o\"},{\"@type\":\"BreadcrumbList\",\"@id\":\"https:\\\/\\\/alfaloc.fr\\\/pt-pt\\\/como-calcular-preco-de-envio\\\/#breadcrumb\",\"itemListElement\":[{\"@type\":\"ListItem\",\"position\":1,\"name\":\"In\u00edcio\",\"item\":\"https:\\\/\\\/alfaloc.fr\\\/pt-pt\\\/\"},{\"@type\":\"ListItem\",\"position\":2,\"name\":\"Como Calcular Pre\u00e7o de Envio\"}]},{\"@type\":\"WebSite\",\"@id\":\"https:\\\/\\\/alfaloc.fr\\\/pt-pt\\\/#website\",\"url\":\"https:\\\/\\\/alfaloc.fr\\\/pt-pt\\\/\",\"name\":\"Alfaloc FR\",\"description\":\"\",\"potentialAction\":[{\"@type\":\"SearchAction\",\"target\":{\"@type\":\"EntryPoint\",\"urlTemplate\":\"https:\\\/\\\/alfaloc.fr\\\/pt-pt\\\/?s={search_term_string}\"},\"query-input\":{\"@type\":\"PropertyValueSpecification\",\"valueRequired\":true,\"valueName\":\"search_term_string\"}}],\"inLanguage\":\"pt-PT\"}]}<\/script>\n<!-- \/ Yoast SEO Premium plugin. -->","yoast_head_json":{"title":"Como Calcular Pre\u00e7o de Envio - Alfaloc FR - pre\u00e7os de transporte","description":"Calcule o Valor do seu envio. Apenas com dados da origem, destino e peso aproximado, pode simular o pre\u00e7o do seu transporte.","robots":{"index":"index","follow":"follow","max-snippet":"max-snippet:-1","max-image-preview":"max-image-preview:large","max-video-preview":"max-video-preview:-1"},"canonical":"https:\/\/alfaloc.fr\/pt-pt\/como-calcular-preco-de-envio\/","og_locale":"pt_PT","og_type":"article","og_title":"Como Calcular Pre\u00e7o de Envio - Alfaloc FR","og_description":"Calcule o Valor do seu envio. Apenas com dados da origem, destino e peso aproximado, pode simular o pre\u00e7o do seu transporte.","og_url":"https:\/\/alfaloc.fr\/pt-pt\/como-calcular-preco-de-envio\/","og_site_name":"Alfaloc FR","article_modified_time":"2025-02-11T09:47:23+00:00","og_image":[{"width":300,"height":300,"url":"https:\/\/alfaloc.fr\/wp-content\/uploads\/sites\/3\/2024\/08\/nova-cotacao-2024.png","type":"image\/png"}],"twitter_card":"summary_large_image","twitter_title":"Como Calcular Pre\u00e7o de Envio - Alfaloc FR","twitter_description":"Calcule o Valor do seu envio. Apenas com dados da origem, destino e peso aproximado, pode simular o pre\u00e7o do seu transporte.","twitter_misc":{"Tempo estimado de leitura":"3 minutos"},"schema":{"@context":"https:\/\/schema.org","@graph":[{"@type":"WebPage","@id":"https:\/\/alfaloc.fr\/pt-pt\/como-calcular-preco-de-envio\/","url":"https:\/\/alfaloc.fr\/pt-pt\/como-calcular-preco-de-envio\/","name":"Como Calcular Pre\u00e7o de Envio - Alfaloc FR - pre\u00e7os de transporte","isPartOf":{"@id":"https:\/\/alfaloc.fr\/pt-pt\/#website"},"primaryImageOfPage":{"@id":"https:\/\/alfaloc.fr\/pt-pt\/como-calcular-preco-de-envio\/#primaryimage"},"image":{"@id":"https:\/\/alfaloc.fr\/pt-pt\/como-calcular-preco-de-envio\/#primaryimage"},"thumbnailUrl":"https:\/\/alfaloc.fr\/wp-content\/uploads\/sites\/3\/2024\/08\/nova-cotacao-2024.png","datePublished":"2024-07-05T08:50:18+00:00","dateModified":"2025-02-11T09:47:23+00:00","description":"Calcule o Valor do seu envio. Apenas com dados da origem, destino e peso aproximado, pode simular o pre\u00e7o do seu transporte.","breadcrumb":{"@id":"https:\/\/alfaloc.fr\/pt-pt\/como-calcular-preco-de-envio\/#breadcrumb"},"inLanguage":"pt-PT","potentialAction":[{"@type":"ReadAction","target":["https:\/\/alfaloc.fr\/pt-pt\/como-calcular-preco-de-envio\/"]}]},{"@type":"ImageObject","inLanguage":"pt-PT","@id":"https:\/\/alfaloc.fr\/pt-pt\/como-calcular-preco-de-envio\/#primaryimage","url":"https:\/\/alfaloc.fr\/wp-content\/uploads\/sites\/3\/2024\/08\/nova-cotacao-2024.png","contentUrl":"https:\/\/alfaloc.fr\/wp-content\/uploads\/sites\/3\/2024\/08\/nova-cotacao-2024.png","width":300,"height":300,"caption":"Calcular Pre\u00e7o"},{"@type":"BreadcrumbList","@id":"https:\/\/alfaloc.fr\/pt-pt\/como-calcular-preco-de-envio\/#breadcrumb","itemListElement":[{"@type":"ListItem","position":1,"name":"In\u00edcio","item":"https:\/\/alfaloc.fr\/pt-pt\/"},{"@type":"ListItem","position":2,"name":"Como Calcular Pre\u00e7o de Envio"}]},{"@type":"WebSite","@id":"https:\/\/alfaloc.fr\/pt-pt\/#website","url":"https:\/\/alfaloc.fr\/pt-pt\/","name":"Alfaloc FR","description":"","potentialAction":[{"@type":"SearchAction","target":{"@type":"EntryPoint","urlTemplate":"https:\/\/alfaloc.fr\/pt-pt\/?s={search_term_string}"},"query-input":{"@type":"PropertyValueSpecification","valueRequired":true,"valueName":"search_term_string"}}],"inLanguage":"pt-PT"}]}},"_links":{"self":[{"href":"https:\/\/alfaloc.fr\/pt-pt\/wp-json\/wp\/v2\/pages\/5297","targetHints":{"allow":["GET"]}}],"collection":[{"href":"https:\/\/alfaloc.fr\/pt-pt\/wp-json\/wp\/v2\/pages"}],"about":[{"href":"https:\/\/alfaloc.fr\/pt-pt\/wp-json\/wp\/v2\/types\/page"}],"author":[{"embeddable":true,"href":"https:\/\/alfaloc.fr\/pt-pt\/wp-json\/wp\/v2\/users\/1"}],"replies":[{"embeddable":true,"href":"https:\/\/alfaloc.fr\/pt-pt\/wp-json\/wp\/v2\/comments?post=5297"}],"version-history":[{"count":55,"href":"https:\/\/alfaloc.fr\/pt-pt\/wp-json\/wp\/v2\/pages\/5297\/revisions"}],"predecessor-version":[{"id":12248,"href":"https:\/\/alfaloc.fr\/pt-pt\/wp-json\/wp\/v2\/pages\/5297\/revisions\/12248"}],"wp:featuredmedia":[{"embeddable":true,"href":"https:\/\/alfaloc.fr\/pt-pt\/wp-json\/wp\/v2\/media\/6935"}],"wp:attachment":[{"href":"https:\/\/alfaloc.fr\/pt-pt\/wp-json\/wp\/v2\/media?parent=5297"}],"curies":[{"name":"wp","href":"https:\/\/api.w.org\/{rel}","templated":true}]}}