{"id":5191,"date":"2024-07-04T15:21:20","date_gmt":"2024-07-04T15:21:20","guid":{"rendered":"https:\/\/alfaloc.pt\/?page_id=5191"},"modified":"2025-01-23T14:26:59","modified_gmt":"2025-01-23T14:26:59","slug":"pedir-certificado-ambiental","status":"publish","type":"page","link":"https:\/\/alfaloc.fr\/pt-pt\/pedir-certificado-ambiental\/","title":{"rendered":"Pedir Certificado Ambiental"},"content":{"rendered":"\t\t<div data-elementor-type=\"wp-page\" data-elementor-id=\"5191\" class=\"elementor elementor-5191\" data-elementor-post-type=\"page\">\n\t\t\t\t<div class=\"elementor-element elementor-element-30f7590 e-flex e-con-boxed e-con e-parent\" data-id=\"30f7590\" data-element_type=\"container\">\n\t\t\t\t\t<div class=\"e-con-inner\">\n\t\t<div class=\"elementor-element elementor-element-e1de83b e-con-full e-flex e-con e-child\" data-id=\"e1de83b\" data-element_type=\"container\">\n\t\t\t\t<div class=\"elementor-element elementor-element-095d1bb elementor-widget__width-initial elementor-widget-mobile__width-inherit elementor-widget elementor-widget-heading\" data-id=\"095d1bb\" data-element_type=\"widget\" data-widget_type=\"heading.default\">\n\t\t\t\t<div class=\"elementor-widget-container\">\n\t\t\t<style>\/*! elementor - v3.22.0 - 17-06-2024 *\/\n.elementor-heading-title{padding:0;margin:0;line-height:1}.elementor-widget-heading .elementor-heading-title[class*=elementor-size-]>a{color:inherit;font-size:inherit;line-height:inherit}.elementor-widget-heading .elementor-heading-title.elementor-size-small{font-size:15px}.elementor-widget-heading .elementor-heading-title.elementor-size-medium{font-size:19px}.elementor-widget-heading .elementor-heading-title.elementor-size-large{font-size:29px}.elementor-widget-heading .elementor-heading-title.elementor-size-xl{font-size:39px}.elementor-widget-heading .elementor-heading-title.elementor-size-xxl{font-size:59px}<\/style><h2 class=\"elementor-heading-title elementor-size-default\">Todos os envios t\u00eam impacto no meio ambiente.<\/h2>\t\t<\/div>\n\t\t\t\t<\/div>\n\t\t\t\t<div class=\"elementor-element elementor-element-807410d elementor-hidden-mobile elementor-widget elementor-widget-spacer\" data-id=\"807410d\" data-element_type=\"widget\" data-widget_type=\"spacer.default\">\n\t\t\t\t<div class=\"elementor-widget-container\">\n\t\t\t<style>\/*! elementor - v3.22.0 - 17-06-2024 *\/\n.elementor-column .elementor-spacer-inner{height:var(--spacer-size)}.e-con{--container-widget-width:100%}.e-con-inner>.elementor-widget-spacer,.e-con>.elementor-widget-spacer{width:var(--container-widget-width,var(--spacer-size));--align-self:var(--container-widget-align-self,initial);--flex-shrink:0}.e-con-inner>.elementor-widget-spacer>.elementor-widget-container,.e-con>.elementor-widget-spacer>.elementor-widget-container{height:100%;width:100%}.e-con-inner>.elementor-widget-spacer>.elementor-widget-container>.elementor-spacer,.e-con>.elementor-widget-spacer>.elementor-widget-container>.elementor-spacer{height:100%}.e-con-inner>.elementor-widget-spacer>.elementor-widget-container>.elementor-spacer>.elementor-spacer-inner,.e-con>.elementor-widget-spacer>.elementor-widget-container>.elementor-spacer>.elementor-spacer-inner{height:var(--container-widget-height,var(--spacer-size))}.e-con-inner>.elementor-widget-spacer.elementor-widget-empty,.e-con>.elementor-widget-spacer.elementor-widget-empty{position:relative;min-height:22px;min-width:22px}.e-con-inner>.elementor-widget-spacer.elementor-widget-empty .elementor-widget-empty-icon,.e-con>.elementor-widget-spacer.elementor-widget-empty .elementor-widget-empty-icon{position:absolute;top:0;bottom:0;left:0;right:0;margin:auto;padding:0;width:22px;height:22px}<\/style>\t\t<div class=\"elementor-spacer\">\n\t\t\t<div class=\"elementor-spacer-inner\"><\/div>\n\t\t<\/div>\n\t\t\t\t<\/div>\n\t\t\t\t<\/div>\n\t\t<div class=\"elementor-element elementor-element-46a3ad9 e-con-full e-flex e-con e-child\" data-id=\"46a3ad9\" data-element_type=\"container\">\n\t\t\t\t<div class=\"elementor-element elementor-element-fe4db87 elementor-widget-mobile__width-initial elementor-widget elementor-widget-text-editor\" data-id=\"fe4db87\" data-element_type=\"widget\" data-widget_type=\"text-editor.default\">\n\t\t\t\t<div class=\"elementor-widget-container\">\n\t\t\t<style>\/*! elementor - v3.22.0 - 17-06-2024 *\/\n.elementor-widget-text-editor.elementor-drop-cap-view-stacked .elementor-drop-cap{background-color:#69727d;color:#fff}.elementor-widget-text-editor.elementor-drop-cap-view-framed .elementor-drop-cap{color:#69727d;border:3px solid;background-color:transparent}.elementor-widget-text-editor:not(.elementor-drop-cap-view-default) .elementor-drop-cap{margin-top:8px}.elementor-widget-text-editor:not(.elementor-drop-cap-view-default) .elementor-drop-cap-letter{width:1em;height:1em}.elementor-widget-text-editor .elementor-drop-cap{float:left;text-align:center;line-height:1;font-size:50px}.elementor-widget-text-editor .elementor-drop-cap-letter{display:inline-block}<\/style>\t\t\t\t<p><strong>Mas, com a sua escolha, esse impacto pode ser reduzido. Fa\u00e7a parte da mudan\u00e7a. Pe\u00e7a j\u00e1 o seu certificado ambiental.<\/strong><\/p><p>No decorrer habitual da atividade econ\u00f3mica mundial, h\u00e1 milhares de envios realizados todos os dias. Todos os envios t\u00eam impacto ambiental, uns menores do que outros. Um dos fatores que determina o impacto ambiental de um envio \u00e9 o tipo de transporte escolhido e a sua gest\u00e3o (viatura cheia ou vazia?).<\/p><p>Portanto, h\u00e1\u00a0<a href=\"https:\/\/alfaloc.pt\/alfaloc-fr\/servicos-mais-sustentaveis\/\" target=\"_blank\" rel=\"noopener\">servi\u00e7os mais ecofriendly<\/a>\u00a0que outros. E cada tipo tem uma emiss\u00e3o de CO2 associada.<\/p><p>O certificado <strong>alfaloc \u201cPor um ambiente mais saud\u00e1vel\u201d<\/strong> reflete informa\u00e7\u00e3o sobre a emiss\u00e3o de CO2 resultantes dos envios da sua empresa durante o ano transato.<\/p>\t\t\t\t\t\t<\/div>\n\t\t\t\t<\/div>\n\t\t\t\t<div class=\"elementor-element elementor-element-e7d05cc elementor-widget-mobile__width-inherit elementor-widget elementor-widget-heading\" data-id=\"e7d05cc\" data-element_type=\"widget\" data-widget_type=\"heading.default\">\n\t\t\t\t<div class=\"elementor-widget-container\">\n\t\t\t<h3 class=\"elementor-heading-title elementor-size-default\">Pe\u00e7a j\u00e1 o certificado  ambiental a sua empresa<\/h3>\t\t<\/div>\n\t\t\t\t<\/div>\n\t\t\t\t<div class=\"elementor-element elementor-element-38f2c35 elementor-widget-mobile__width-initial alfaloc-ul no-space elementor-widget elementor-widget-text-editor\" data-id=\"38f2c35\" data-element_type=\"widget\" data-widget_type=\"text-editor.default\">\n\t\t\t\t<div class=\"elementor-widget-container\">\n\t\t\t\t\t\t\t<p>Este certificado ambiental contabiliza:<\/p>\n<ul>\n<li>O n\u00famero de servi\u00e7os que realizou com a Alfaloc no ano transato;<\/li>\n<li>As toneladas de CO2 emitidas devido \u00e0 realiza\u00e7\u00e3o desses servi\u00e7os;<\/li>\n<li>Recomenda\u00e7\u00f5es para escolhas mais ecofriendly.<\/li>\n<\/ul>\n<div>&nbsp;<\/div>\n<div>Conhe\u00e7a os <a href=\"https:\/\/pegadaecologica.alfaloc.pt\/\">nossos projetos<\/a> na \u00e1rea do ambiente.<\/div>\t\t\t\t\t\t<\/div>\n\t\t\t\t<\/div>\n\t\t\t\t<div class=\"elementor-element elementor-element-645e7c1 elementor-widget elementor-widget-image\" data-id=\"645e7c1\" data-element_type=\"widget\" data-widget_type=\"image.default\">\n\t\t\t\t<div class=\"elementor-widget-container\">\n\t\t\t<style>\/*! elementor - v3.22.0 - 17-06-2024 *\/\n.elementor-widget-image{text-align:center}.elementor-widget-image a{display:inline-block}.elementor-widget-image a img[src$=\".svg\"]{width:48px}.elementor-widget-image img{vertical-align:middle;display:inline-block}<\/style>\t\t\t\t\t\t\t\t\t\t<img fetchpriority=\"high\" decoding=\"async\" width=\"768\" height=\"181\" src=\"https:\/\/alfaloc.fr\/wp-content\/uploads\/sites\/3\/2023\/12\/alfaloc-certificado-768x181.jpg\" class=\"attachment-medium_large size-medium_large wp-image-328\" alt=\"ambiente alfaloc - Certificado ambiental\" srcset=\"https:\/\/alfaloc.fr\/wp-content\/uploads\/sites\/3\/2023\/12\/alfaloc-certificado-768x181.jpg 768w, https:\/\/alfaloc.fr\/wp-content\/uploads\/sites\/3\/2023\/12\/alfaloc-certificado-300x71.jpg 300w, https:\/\/alfaloc.fr\/wp-content\/uploads\/sites\/3\/2023\/12\/alfaloc-certificado-1024x242.jpg 1024w, https:\/\/alfaloc.fr\/wp-content\/uploads\/sites\/3\/2023\/12\/alfaloc-certificado-1536x363.jpg 1536w, https:\/\/alfaloc.fr\/wp-content\/uploads\/sites\/3\/2023\/12\/alfaloc-certificado.jpg 1579w\" sizes=\"(max-width: 768px) 100vw, 768px\" \/>\t\t\t\t\t\t\t\t\t\t\t\t\t<\/div>\n\t\t\t\t<\/div>\n\t\t\t\t<\/div>\n\t\t\t\t<\/div>\n\t\t<div class=\"elementor-element elementor-element-6028abe e-con-full e-flex e-con e-child\" data-id=\"6028abe\" data-element_type=\"container\">\n\t\t\t\t<div class=\"elementor-element elementor-element-886fc5e elementor-widget elementor-widget-html\" data-id=\"886fc5e\" data-element_type=\"widget\" data-widget_type=\"html.default\">\n\t\t\t\t<div class=\"elementor-widget-container\">\n\t\t\t<div class=\"eg-embed-ve2SeObX\"><\/div>\t\t<\/div>\n\t\t\t\t<\/div>\n\t\t\t\t<\/div>\n\t\t\t\t\t<\/div>\n\t\t\t\t<\/div>\n\t\t\t\t<\/div>\n\t\t","protected":false},"excerpt":{"rendered":"<p>Obtenha o certificado ambiental da Alfaloc, demonstrando o compromisso com pr\u00e1ticas de transporte e log\u00edstica sustent\u00e1veis.<\/p>\n","protected":false},"author":1,"featured_media":5200,"parent":0,"menu_order":0,"comment_status":"closed","ping_status":"closed","template":"","meta":{"footnotes":""},"class_list":["post-5191","page","type-page","status-publish","has-post-thumbnail","hentry"],"yoast_head":"<!-- This site is optimized with the Yoast SEO Premium plugin v27.5 (Yoast SEO v27.5) - https:\/\/yoast.com\/product\/yoast-seo-premium-wordpress\/ -->\n<title>Pedir Certificado Ambiental - Alfaloc FR<\/title>\n<meta name=\"description\" content=\"O certificado ambiental alfaloc\u00a0reflete informa\u00e7\u00e3o sobre a emiss\u00e3o de CO2 resultante dos envios da sua empresa durante o ano transato.\" \/>\n<meta name=\"robots\" content=\"index, follow, max-snippet:-1, max-image-preview:large, max-video-preview:-1\" \/>\n<link rel=\"canonical\" href=\"https:\/\/alfaloc.fr\/pt-pt\/pedir-certificado-ambiental\/\" \/>\n<meta property=\"og:locale\" content=\"pt_PT\" \/>\n<meta property=\"og:type\" content=\"article\" \/>\n<meta property=\"og:title\" content=\"Pedir Certificado Ambiental - Alfaloc FR\" \/>\n<meta property=\"og:description\" content=\"O certificado ambiental alfaloc\u00a0reflete informa\u00e7\u00e3o sobre a emiss\u00e3o de CO2 resultante dos envios da sua empresa durante o ano transato.\" \/>\n<meta property=\"og:url\" content=\"https:\/\/alfaloc.fr\/pt-pt\/pedir-certificado-ambiental\/\" \/>\n<meta property=\"og:site_name\" content=\"Alfaloc FR\" \/>\n<meta property=\"article:modified_time\" content=\"2025-01-23T14:26:59+00:00\" \/>\n<meta property=\"og:image\" content=\"https:\/\/alfaloc.fr\/wp-content\/uploads\/sites\/3\/2024\/08\/pedir-certificado-2024.png\" \/>\n\t<meta property=\"og:image:width\" content=\"300\" \/>\n\t<meta property=\"og:image:height\" content=\"300\" \/>\n\t<meta property=\"og:image:type\" content=\"image\/png\" \/>\n<meta name=\"twitter:card\" content=\"summary_large_image\" \/>\n<meta name=\"twitter:title\" content=\"Pedir Certificado Ambiental - Alfaloc FR\" \/>\n<meta name=\"twitter:description\" content=\"O certificado ambiental alfaloc\u00a0reflete informa\u00e7\u00e3o sobre a emiss\u00e3o de CO2 resultante dos envios da sua empresa durante o ano transato.\" \/>\n<meta name=\"twitter:label1\" content=\"Tempo estimado de leitura\" \/>\n\t<meta name=\"twitter:data1\" content=\"2 minutos\" \/>\n<script type=\"application\/ld+json\" class=\"yoast-schema-graph\">{\"@context\":\"https:\\\/\\\/schema.org\",\"@graph\":[{\"@type\":\"WebPage\",\"@id\":\"https:\\\/\\\/alfaloc.fr\\\/pt-pt\\\/pedir-certificado-ambiental\\\/\",\"url\":\"https:\\\/\\\/alfaloc.fr\\\/pt-pt\\\/pedir-certificado-ambiental\\\/\",\"name\":\"Pedir Certificado Ambiental - Alfaloc FR\",\"isPartOf\":{\"@id\":\"https:\\\/\\\/alfaloc.fr\\\/pt-pt\\\/#website\"},\"primaryImageOfPage\":{\"@id\":\"https:\\\/\\\/alfaloc.fr\\\/pt-pt\\\/pedir-certificado-ambiental\\\/#primaryimage\"},\"image\":{\"@id\":\"https:\\\/\\\/alfaloc.fr\\\/pt-pt\\\/pedir-certificado-ambiental\\\/#primaryimage\"},\"thumbnailUrl\":\"https:\\\/\\\/alfaloc.fr\\\/wp-content\\\/uploads\\\/sites\\\/3\\\/2024\\\/07\\\/alfaloc-certificado-ambiental-banner.jpg\",\"datePublished\":\"2024-07-04T15:21:20+00:00\",\"dateModified\":\"2025-01-23T14:26:59+00:00\",\"description\":\"O certificado ambiental alfaloc\u00a0reflete informa\u00e7\u00e3o sobre a emiss\u00e3o de CO2 resultante dos envios da sua empresa durante o ano transato.\",\"breadcrumb\":{\"@id\":\"https:\\\/\\\/alfaloc.fr\\\/pt-pt\\\/pedir-certificado-ambiental\\\/#breadcrumb\"},\"inLanguage\":\"pt-PT\",\"potentialAction\":[{\"@type\":\"ReadAction\",\"target\":[\"https:\\\/\\\/alfaloc.fr\\\/pt-pt\\\/pedir-certificado-ambiental\\\/\"]}]},{\"@type\":\"ImageObject\",\"inLanguage\":\"pt-PT\",\"@id\":\"https:\\\/\\\/alfaloc.fr\\\/pt-pt\\\/pedir-certificado-ambiental\\\/#primaryimage\",\"url\":\"https:\\\/\\\/alfaloc.fr\\\/wp-content\\\/uploads\\\/sites\\\/3\\\/2024\\\/07\\\/alfaloc-certificado-ambiental-banner.jpg\",\"contentUrl\":\"https:\\\/\\\/alfaloc.fr\\\/wp-content\\\/uploads\\\/sites\\\/3\\\/2024\\\/07\\\/alfaloc-certificado-ambiental-banner.jpg\",\"width\":1920,\"height\":432,\"caption\":\"Pegada ambiental Alfaloc\"},{\"@type\":\"BreadcrumbList\",\"@id\":\"https:\\\/\\\/alfaloc.fr\\\/pt-pt\\\/pedir-certificado-ambiental\\\/#breadcrumb\",\"itemListElement\":[{\"@type\":\"ListItem\",\"position\":1,\"name\":\"In\u00edcio\",\"item\":\"https:\\\/\\\/alfaloc.fr\\\/pt-pt\\\/\"},{\"@type\":\"ListItem\",\"position\":2,\"name\":\"Pedir Certificado Ambiental\"}]},{\"@type\":\"WebSite\",\"@id\":\"https:\\\/\\\/alfaloc.fr\\\/pt-pt\\\/#website\",\"url\":\"https:\\\/\\\/alfaloc.fr\\\/pt-pt\\\/\",\"name\":\"Alfaloc FR\",\"description\":\"\",\"potentialAction\":[{\"@type\":\"SearchAction\",\"target\":{\"@type\":\"EntryPoint\",\"urlTemplate\":\"https:\\\/\\\/alfaloc.fr\\\/pt-pt\\\/?s={search_term_string}\"},\"query-input\":{\"@type\":\"PropertyValueSpecification\",\"valueRequired\":true,\"valueName\":\"search_term_string\"}}],\"inLanguage\":\"pt-PT\"}]}<\/script>\n<!-- \/ Yoast SEO Premium plugin. -->","yoast_head_json":{"title":"Pedir Certificado Ambiental - Alfaloc FR","description":"O certificado ambiental alfaloc\u00a0reflete informa\u00e7\u00e3o sobre a emiss\u00e3o de CO2 resultante dos envios da sua empresa durante o ano transato.","robots":{"index":"index","follow":"follow","max-snippet":"max-snippet:-1","max-image-preview":"max-image-preview:large","max-video-preview":"max-video-preview:-1"},"canonical":"https:\/\/alfaloc.fr\/pt-pt\/pedir-certificado-ambiental\/","og_locale":"pt_PT","og_type":"article","og_title":"Pedir Certificado Ambiental - Alfaloc FR","og_description":"O certificado ambiental alfaloc\u00a0reflete informa\u00e7\u00e3o sobre a emiss\u00e3o de CO2 resultante dos envios da sua empresa durante o ano transato.","og_url":"https:\/\/alfaloc.fr\/pt-pt\/pedir-certificado-ambiental\/","og_site_name":"Alfaloc FR","article_modified_time":"2025-01-23T14:26:59+00:00","og_image":[{"width":300,"height":300,"url":"https:\/\/alfaloc.fr\/wp-content\/uploads\/sites\/3\/2024\/08\/pedir-certificado-2024.png","type":"image\/png"}],"twitter_card":"summary_large_image","twitter_title":"Pedir Certificado Ambiental - Alfaloc FR","twitter_description":"O certificado ambiental alfaloc\u00a0reflete informa\u00e7\u00e3o sobre a emiss\u00e3o de CO2 resultante dos envios da sua empresa durante o ano transato.","twitter_misc":{"Tempo estimado de leitura":"2 minutos"},"schema":{"@context":"https:\/\/schema.org","@graph":[{"@type":"WebPage","@id":"https:\/\/alfaloc.fr\/pt-pt\/pedir-certificado-ambiental\/","url":"https:\/\/alfaloc.fr\/pt-pt\/pedir-certificado-ambiental\/","name":"Pedir Certificado Ambiental - Alfaloc FR","isPartOf":{"@id":"https:\/\/alfaloc.fr\/pt-pt\/#website"},"primaryImageOfPage":{"@id":"https:\/\/alfaloc.fr\/pt-pt\/pedir-certificado-ambiental\/#primaryimage"},"image":{"@id":"https:\/\/alfaloc.fr\/pt-pt\/pedir-certificado-ambiental\/#primaryimage"},"thumbnailUrl":"https:\/\/alfaloc.fr\/wp-content\/uploads\/sites\/3\/2024\/07\/alfaloc-certificado-ambiental-banner.jpg","datePublished":"2024-07-04T15:21:20+00:00","dateModified":"2025-01-23T14:26:59+00:00","description":"O certificado ambiental alfaloc\u00a0reflete informa\u00e7\u00e3o sobre a emiss\u00e3o de CO2 resultante dos envios da sua empresa durante o ano transato.","breadcrumb":{"@id":"https:\/\/alfaloc.fr\/pt-pt\/pedir-certificado-ambiental\/#breadcrumb"},"inLanguage":"pt-PT","potentialAction":[{"@type":"ReadAction","target":["https:\/\/alfaloc.fr\/pt-pt\/pedir-certificado-ambiental\/"]}]},{"@type":"ImageObject","inLanguage":"pt-PT","@id":"https:\/\/alfaloc.fr\/pt-pt\/pedir-certificado-ambiental\/#primaryimage","url":"https:\/\/alfaloc.fr\/wp-content\/uploads\/sites\/3\/2024\/07\/alfaloc-certificado-ambiental-banner.jpg","contentUrl":"https:\/\/alfaloc.fr\/wp-content\/uploads\/sites\/3\/2024\/07\/alfaloc-certificado-ambiental-banner.jpg","width":1920,"height":432,"caption":"Pegada ambiental Alfaloc"},{"@type":"BreadcrumbList","@id":"https:\/\/alfaloc.fr\/pt-pt\/pedir-certificado-ambiental\/#breadcrumb","itemListElement":[{"@type":"ListItem","position":1,"name":"In\u00edcio","item":"https:\/\/alfaloc.fr\/pt-pt\/"},{"@type":"ListItem","position":2,"name":"Pedir Certificado Ambiental"}]},{"@type":"WebSite","@id":"https:\/\/alfaloc.fr\/pt-pt\/#website","url":"https:\/\/alfaloc.fr\/pt-pt\/","name":"Alfaloc FR","description":"","potentialAction":[{"@type":"SearchAction","target":{"@type":"EntryPoint","urlTemplate":"https:\/\/alfaloc.fr\/pt-pt\/?s={search_term_string}"},"query-input":{"@type":"PropertyValueSpecification","valueRequired":true,"valueName":"search_term_string"}}],"inLanguage":"pt-PT"}]}},"_links":{"self":[{"href":"https:\/\/alfaloc.fr\/pt-pt\/wp-json\/wp\/v2\/pages\/5191","targetHints":{"allow":["GET"]}}],"collection":[{"href":"https:\/\/alfaloc.fr\/pt-pt\/wp-json\/wp\/v2\/pages"}],"about":[{"href":"https:\/\/alfaloc.fr\/pt-pt\/wp-json\/wp\/v2\/types\/page"}],"author":[{"embeddable":true,"href":"https:\/\/alfaloc.fr\/pt-pt\/wp-json\/wp\/v2\/users\/1"}],"replies":[{"embeddable":true,"href":"https:\/\/alfaloc.fr\/pt-pt\/wp-json\/wp\/v2\/comments?post=5191"}],"version-history":[{"count":101,"href":"https:\/\/alfaloc.fr\/pt-pt\/wp-json\/wp\/v2\/pages\/5191\/revisions"}],"predecessor-version":[{"id":9423,"href":"https:\/\/alfaloc.fr\/pt-pt\/wp-json\/wp\/v2\/pages\/5191\/revisions\/9423"}],"wp:featuredmedia":[{"embeddable":true,"href":"https:\/\/alfaloc.fr\/pt-pt\/wp-json\/wp\/v2\/media\/5200"}],"wp:attachment":[{"href":"https:\/\/alfaloc.fr\/pt-pt\/wp-json\/wp\/v2\/media?parent=5191"}],"curies":[{"name":"wp","href":"https:\/\/api.w.org\/{rel}","templated":true}]}}