{"id":4471,"date":"2024-06-05T11:13:12","date_gmt":"2024-06-05T11:13:12","guid":{"rendered":"https:\/\/alfaloc.pt\/?page_id=4471"},"modified":"2025-03-17T09:59:48","modified_gmt":"2025-03-17T09:59:48","slug":"seguro-de-transporte","status":"publish","type":"page","link":"https:\/\/alfaloc.fr\/pt-pt\/seguro-de-transporte\/","title":{"rendered":"Seguro de Transporte"},"content":{"rendered":"\t\t<div data-elementor-type=\"wp-page\" data-elementor-id=\"4471\" class=\"elementor elementor-4471\" data-elementor-post-type=\"page\">\n\t\t\t\t<div class=\"elementor-element elementor-element-f36ff9c e-flex e-con-boxed e-con e-parent\" data-id=\"f36ff9c\" data-element_type=\"container\">\n\t\t\t\t\t<div class=\"e-con-inner\">\n\t\t<div class=\"elementor-element elementor-element-1f98b863 e-con-full e-flex e-con e-child\" data-id=\"1f98b863\" data-element_type=\"container\">\n\t\t\t\t<div class=\"elementor-element elementor-element-219a9df5 elementor-widget__width-inherit elementor-widget-mobile__width-inherit elementor-widget-tablet__width-initial elementor-widget elementor-widget-heading\" data-id=\"219a9df5\" data-element_type=\"widget\" data-widget_type=\"heading.default\">\n\t\t\t\t<div class=\"elementor-widget-container\">\n\t\t\t<style>\/*! elementor - v3.22.0 - 17-06-2024 *\/\n.elementor-heading-title{padding:0;margin:0;line-height:1}.elementor-widget-heading .elementor-heading-title[class*=elementor-size-]>a{color:inherit;font-size:inherit;line-height:inherit}.elementor-widget-heading .elementor-heading-title.elementor-size-small{font-size:15px}.elementor-widget-heading .elementor-heading-title.elementor-size-medium{font-size:19px}.elementor-widget-heading .elementor-heading-title.elementor-size-large{font-size:29px}.elementor-widget-heading .elementor-heading-title.elementor-size-xl{font-size:39px}.elementor-widget-heading .elementor-heading-title.elementor-size-xxl{font-size:59px}<\/style><h2 class=\"elementor-heading-title elementor-size-default\">Um envio seguro \u00e9 bom<\/h2>\t\t<\/div>\n\t\t\t\t<\/div>\n\t\t\t\t<div class=\"elementor-element elementor-element-39ceaba4 elementor-hidden-mobile elementor-widget elementor-widget-spacer\" data-id=\"39ceaba4\" data-element_type=\"widget\" data-widget_type=\"spacer.default\">\n\t\t\t\t<div class=\"elementor-widget-container\">\n\t\t\t<style>\/*! elementor - v3.22.0 - 17-06-2024 *\/\n.elementor-column .elementor-spacer-inner{height:var(--spacer-size)}.e-con{--container-widget-width:100%}.e-con-inner>.elementor-widget-spacer,.e-con>.elementor-widget-spacer{width:var(--container-widget-width,var(--spacer-size));--align-self:var(--container-widget-align-self,initial);--flex-shrink:0}.e-con-inner>.elementor-widget-spacer>.elementor-widget-container,.e-con>.elementor-widget-spacer>.elementor-widget-container{height:100%;width:100%}.e-con-inner>.elementor-widget-spacer>.elementor-widget-container>.elementor-spacer,.e-con>.elementor-widget-spacer>.elementor-widget-container>.elementor-spacer{height:100%}.e-con-inner>.elementor-widget-spacer>.elementor-widget-container>.elementor-spacer>.elementor-spacer-inner,.e-con>.elementor-widget-spacer>.elementor-widget-container>.elementor-spacer>.elementor-spacer-inner{height:var(--container-widget-height,var(--spacer-size))}.e-con-inner>.elementor-widget-spacer.elementor-widget-empty,.e-con>.elementor-widget-spacer.elementor-widget-empty{position:relative;min-height:22px;min-width:22px}.e-con-inner>.elementor-widget-spacer.elementor-widget-empty .elementor-widget-empty-icon,.e-con>.elementor-widget-spacer.elementor-widget-empty .elementor-widget-empty-icon{position:absolute;top:0;bottom:0;left:0;right:0;margin:auto;padding:0;width:22px;height:22px}<\/style>\t\t<div class=\"elementor-spacer\">\n\t\t\t<div class=\"elementor-spacer-inner\"><\/div>\n\t\t<\/div>\n\t\t\t\t<\/div>\n\t\t\t\t<\/div>\n\t\t<div class=\"elementor-element elementor-element-454d6414 e-con-full e-flex e-con e-child\" data-id=\"454d6414\" data-element_type=\"container\">\n\t\t\t\t<div class=\"elementor-element elementor-element-5c31da2f elementor-widget-mobile__width-initial elementor-widget elementor-widget-text-editor\" data-id=\"5c31da2f\" data-element_type=\"widget\" data-widget_type=\"text-editor.default\">\n\t\t\t\t<div class=\"elementor-widget-container\">\n\t\t\t<style>\/*! elementor - v3.22.0 - 17-06-2024 *\/\n.elementor-widget-text-editor.elementor-drop-cap-view-stacked .elementor-drop-cap{background-color:#69727d;color:#fff}.elementor-widget-text-editor.elementor-drop-cap-view-framed .elementor-drop-cap{color:#69727d;border:3px solid;background-color:transparent}.elementor-widget-text-editor:not(.elementor-drop-cap-view-default) .elementor-drop-cap{margin-top:8px}.elementor-widget-text-editor:not(.elementor-drop-cap-view-default) .elementor-drop-cap-letter{width:1em;height:1em}.elementor-widget-text-editor .elementor-drop-cap{float:left;text-align:center;line-height:1;font-size:50px}.elementor-widget-text-editor .elementor-drop-cap-letter{display:inline-block}<\/style>\t\t\t\t<p>Para todos os seus envios, existe responsabilidade do operador que realizou o transporte. Mas ela \u00e9 limitada. Para maior tranquilidade, opte tamb\u00e9m por um seguro de transporte.<\/p><p>O regime jur\u00eddico do transporte nacional define o valor de 10\u20ac por kg como indemniza\u00e7\u00e3o do operador em extravios ou danos da sua responsabilidade.<\/p><p>Mas tamb\u00e9m existem limites no transporte internacional.<\/p>\t\t\t\t\t\t<\/div>\n\t\t\t\t<\/div>\n\t\t\t\t<div class=\"elementor-element elementor-element-7035f13 elementor-widget__width-inherit elementor-widget-mobile__width-inherit elementor-widget-tablet__width-initial elementor-widget elementor-widget-heading\" data-id=\"7035f13\" data-element_type=\"widget\" data-widget_type=\"heading.default\">\n\t\t\t\t<div class=\"elementor-widget-container\">\n\t\t\t<p class=\"elementor-heading-title elementor-size-default\">Resposabilidade civil do transportador rodovi\u00e1rio - CMR<\/p>\t\t<\/div>\n\t\t\t\t<\/div>\n\t\t\t\t<div class=\"elementor-element elementor-element-81f5e69 elementor-widget-mobile__width-initial elementor-widget elementor-widget-text-editor\" data-id=\"81f5e69\" data-element_type=\"widget\" data-widget_type=\"text-editor.default\">\n\t\t\t\t<div class=\"elementor-widget-container\">\n\t\t\t\t\t\t\t<p>De acordo com o Decreto-Lei n\u00b0 239\/2003, que regula a Conven\u00e7\u00e3o CMR, relativa ao transporte internacional, caso existam perdas ou danos nas mercadorias, o transportador poder\u00e1 ter de indemnizar o seu cliente.<\/p><p>Este seguro revela-se essencial para a rela\u00e7\u00e3o entre ambas as partes envolvidas no transporte, definindo limites de responsabilidade legal.<\/p><p>CMR: 8,33 DSE por Kg<\/p>\t\t\t\t\t\t<\/div>\n\t\t\t\t<\/div>\n\t\t\t\t<div class=\"elementor-element elementor-element-bfaa54f elementor-widget__width-inherit elementor-widget-mobile__width-inherit elementor-widget-tablet__width-initial elementor-widget elementor-widget-heading\" data-id=\"bfaa54f\" data-element_type=\"widget\" data-widget_type=\"heading.default\">\n\t\t\t\t<div class=\"elementor-widget-container\">\n\t\t\t<p class=\"elementor-heading-title elementor-size-default\">Conven\u00e7\u00e3o de Montreal ou a Conven\u00e7\u00e3o de Vars\u00f3via<\/p>\t\t<\/div>\n\t\t\t\t<\/div>\n\t\t\t\t<div class=\"elementor-element elementor-element-2490489a elementor-widget-mobile__width-initial elementor-widget elementor-widget-text-editor\" data-id=\"2490489a\" data-element_type=\"widget\" data-widget_type=\"text-editor.default\">\n\t\t\t\t<div class=\"elementor-widget-container\">\n\t\t\t\t\t\t\t<p>Estas Conven\u00e7\u00f5es governam e podem limitar a responsabilidade dos transportadores a\u00e9reos na perda ou dano nas suas encomendas.<\/p><p>17 Special Drawing Rights (aproximadamente 22 Euros) por quilo por perda ou dano na encomenda registada<\/p>\t\t\t\t\t\t<\/div>\n\t\t\t\t<\/div>\n\t\t\t\t<div class=\"elementor-element elementor-element-98b5d19 elementor-widget-mobile__width-inherit elementor-widget elementor-widget-heading\" data-id=\"98b5d19\" data-element_type=\"widget\" data-widget_type=\"heading.default\">\n\t\t\t\t<div class=\"elementor-widget-container\">\n\t\t\t<h3 class=\"elementor-heading-title elementor-size-default\">Seguro de transporte<\/h3>\t\t<\/div>\n\t\t\t\t<\/div>\n\t\t\t\t<div class=\"elementor-element elementor-element-2fec8f3 elementor-widget__width-inherit elementor-widget-mobile__width-inherit elementor-widget-tablet__width-initial elementor-widget elementor-widget-heading\" data-id=\"2fec8f3\" data-element_type=\"widget\" data-widget_type=\"heading.default\">\n\t\t\t\t<div class=\"elementor-widget-container\">\n\t\t\t<p class=\"elementor-heading-title elementor-size-default\">Mas um envio ainda + seguro \u00e9 melhor<\/p>\t\t<\/div>\n\t\t\t\t<\/div>\n\t\t\t\t<div class=\"elementor-element elementor-element-96bd08b elementor-widget-mobile__width-initial elementor-widget elementor-widget-text-editor\" data-id=\"96bd08b\" data-element_type=\"widget\" data-widget_type=\"text-editor.default\">\n\t\t\t\t<div class=\"elementor-widget-container\">\n\t\t\t\t\t\t\t<p>Opte por acionar um seguro <b>alfaloc<\/b> para a sua mercadoria. Proteja-o verdadeiramente pelo valor da sua mercadoria e n\u00e3o apenas pelo seu peso.<\/p><p>Por 1,15% do valor declarado pela mercadoria, num m\u00ednimo e 9,85\u20ac, fica totalmente descansado. Para um limite m\u00e1ximo de 3.500\u20ac.<\/p>\t\t\t\t\t\t<\/div>\n\t\t\t\t<\/div>\n\t\t\t\t<div class=\"elementor-element elementor-element-7010662 elementor-widget__width-inherit elementor-widget-mobile__width-inherit elementor-widget-tablet__width-initial elementor-widget elementor-widget-heading\" data-id=\"7010662\" data-element_type=\"widget\" data-widget_type=\"heading.default\">\n\t\t\t\t<div class=\"elementor-widget-container\">\n\t\t\t<p class=\"elementor-heading-title elementor-size-default\">Seguran\u00e7a total<\/p>\t\t<\/div>\n\t\t\t\t<\/div>\n\t\t\t\t<div class=\"elementor-element elementor-element-f578930 elementor-widget-mobile__width-initial elementor-widget elementor-widget-text-editor\" data-id=\"f578930\" data-element_type=\"widget\" data-widget_type=\"text-editor.default\">\n\t\t\t\t<div class=\"elementor-widget-container\">\n\t\t\t\t\t\t\t<p>Para mercadorias mais valiosas, pode optar pelo Seguro especial da <strong>alfaloc<\/strong>.\u00a0 Um seguro \u00e0 sua medida. Um seguro constru\u00eddo para si. Sob or\u00e7amento.<\/p>\t\t\t\t\t\t<\/div>\n\t\t\t\t<\/div>\n\t\t\t\t<div class=\"elementor-element elementor-element-5ca3f4ba elementor-widget-mobile__width-initial alfaloc-ul elementor-widget elementor-widget-text-editor\" data-id=\"5ca3f4ba\" data-element_type=\"widget\" data-widget_type=\"text-editor.default\">\n\t\t\t\t<div class=\"elementor-widget-container\">\n\t\t\t\t\t\t\t<p><strong>O que necessita para concretizar o seguro?<\/strong><\/p><ul><li>Nome do segurado<\/li><li>Tipo de mercadoria<\/li><li>Estado da mercadoria<\/li><li>Embalagem da mercadoria<\/li><li>Capital seguro<\/li><li>Meio de transporte utilizado<\/li><li>\u00c2mbito da cobertura<\/li><\/ul>\t\t\t\t\t\t<\/div>\n\t\t\t\t<\/div>\n\t\t\t\t<div class=\"elementor-element elementor-element-6ddec9bc elementor-widget-mobile__width-initial elementor-widget elementor-widget-text-editor\" data-id=\"6ddec9bc\" data-element_type=\"widget\" data-widget_type=\"text-editor.default\">\n\t\t\t\t<div class=\"elementor-widget-container\">\n\t\t\t\t\t\t\t<p>Fa\u00e7a download do .pdf com toda a informa\u00e7\u00e3o que necessita para fazer o seu seguro. Riscos cobertos, condi\u00e7\u00f5es e exclus\u00f5es<\/p>\t\t\t\t\t\t<\/div>\n\t\t\t\t<\/div>\n\t\t\t\t<div class=\"elementor-element elementor-element-662a773c alfaloc-download-btn elementor-widget elementor-widget-button\" data-id=\"662a773c\" data-element_type=\"widget\" data-widget_type=\"button.default\">\n\t\t\t\t<div class=\"elementor-widget-container\">\n\t\t\t\t\t<div class=\"elementor-button-wrapper\">\n\t\t\t<a class=\"elementor-button elementor-button-link elementor-size-sm\" href=\"https:\/\/alfaloc.pt\/alfaloc-fr\/wp-content\/uploads\/sites\/3\/2024\/06\/Seguro-Alfaloc.pdf\" target=\"_blank\">\n\t\t\t\t\t\t<span class=\"elementor-button-content-wrapper\">\n\t\t\t\t\t\t<span class=\"elementor-button-icon\">\n\t\t\t\t<svg xmlns=\"http:\/\/www.w3.org\/2000\/svg\" width=\"17\" height=\"20\" viewBox=\"0 0 17 20\" fill=\"none\"><g clip-path=\"url(#clip0_1064_2979)\"><path d=\"M8.5002 0C7.96899 0 7.53762 0.444708 7.53762 0.992346V12.2908L3.98299 8.66059C3.60538 8.27527 2.99609 8.27791 2.62233 8.66719C2.24856 9.05648 2.25112 9.68461 2.62873 10.0699L7.82306 15.3761C8.01123 15.5674 8.25571 15.6638 8.5002 15.6638C8.74468 15.6638 8.99044 15.5674 9.17733 15.3761L14.3717 10.0699C14.7493 9.68461 14.7518 9.05648 14.3781 8.66719C14.0043 8.27791 13.395 8.27527 13.0174 8.66059L9.46277 12.2908V0.992346C9.46277 0.444708 9.03141 0 8.5002 0Z\" fill=\"white\"><\/path><path d=\"M17 19.0076C17 18.46 16.5686 18.0153 16.0374 18.0153H0.962578C0.431368 18.0153 0 18.46 0 19.0076C0 19.5552 0.431368 20 0.962578 20H16.0387C16.5699 20 17.0013 19.5552 17.0013 19.0076H17Z\" fill=\"white\"><\/path><\/g><defs><clipPath id=\"clip0_1064_2979\"><rect width=\"17\" height=\"20\" fill=\"white\"><\/rect><\/clipPath><\/defs><\/svg>\t\t\t<\/span>\n\t\t\t\t\t\t\t\t\t<span class=\"elementor-button-text\">Seguro alfaloc<\/span>\n\t\t\t\t\t<\/span>\n\t\t\t\t\t<\/a>\n\t\t<\/div>\n\t\t\t\t<\/div>\n\t\t\t\t<\/div>\n\t\t\t\t<div class=\"elementor-element elementor-element-654c335c elementor-widget-mobile__width-initial elementor-widget elementor-widget-text-editor\" data-id=\"654c335c\" data-element_type=\"widget\" data-widget_type=\"text-editor.default\">\n\t\t\t\t<div class=\"elementor-widget-container\">\n\t\t\t\t\t\t\t<p><strong>Ainda tem d\u00favidas?<\/strong><br \/><a href=\"#liguem-me\">Contacte-nos agora!<\/a><\/p>\t\t\t\t\t\t<\/div>\n\t\t\t\t<\/div>\n\t\t\t\t<\/div>\n\t\t\t\t<\/div>\n\t\t<div class=\"elementor-element elementor-element-20b7611c e-con-full elementor-hidden-tablet elementor-hidden-mobile_extra elementor-hidden-mobile e-flex e-con e-child\" data-id=\"20b7611c\" data-element_type=\"container\">\n\t\t\t\t<\/div>\n\t\t\t\t\t<\/div>\n\t\t\t\t<\/div>\n\t\t\t\t<\/div>\n\t\t","protected":false},"excerpt":{"rendered":"<p>Opte por acionar um seguro ALFALOC para a sua mercadoria. Proteja-o verdadeiramente pelo valor da mercadoria e n\u00e3o apenas pelo seu peso.<\/p>\n","protected":false},"author":4,"featured_media":7615,"parent":0,"menu_order":0,"comment_status":"closed","ping_status":"closed","template":"","meta":{"footnotes":""},"class_list":["post-4471","page","type-page","status-publish","has-post-thumbnail","hentry"],"yoast_head":"<!-- This site is optimized with the Yoast SEO Premium plugin v27.5 (Yoast SEO v27.5) - https:\/\/yoast.com\/product\/yoast-seo-premium-wordpress\/ -->\n<title>Seguro de Transporte - Alfaloc FR<\/title>\n<meta name=\"description\" content=\"Opte por acionar um seguro ALFALOC para a sua mercadoria. Proteja-o verdadeiramente pelo valor da mercadoria e n\u00e3o apenas pelo seu peso.\" \/>\n<meta name=\"robots\" content=\"index, follow, max-snippet:-1, max-image-preview:large, max-video-preview:-1\" \/>\n<link rel=\"canonical\" href=\"https:\/\/alfaloc.fr\/pt-pt\/seguro-de-transporte\/\" \/>\n<meta property=\"og:locale\" content=\"pt_PT\" \/>\n<meta property=\"og:type\" content=\"article\" \/>\n<meta property=\"og:title\" content=\"Seguro de Transporte - Alfaloc FR\" \/>\n<meta property=\"og:description\" content=\"Opte por acionar um seguro ALFALOC para a sua mercadoria. Proteja-o verdadeiramente pelo valor da mercadoria e n\u00e3o apenas pelo seu peso.\" \/>\n<meta property=\"og:url\" content=\"https:\/\/alfaloc.fr\/pt-pt\/seguro-de-transporte\/\" \/>\n<meta property=\"og:site_name\" content=\"Alfaloc FR\" \/>\n<meta property=\"article:modified_time\" content=\"2025-03-17T09:59:48+00:00\" \/>\n<meta property=\"og:image\" content=\"https:\/\/alfaloc.fr\/wp-content\/uploads\/sites\/3\/2024\/04\/alfaloc-abrir-conta-empresarial-banner.jpg\" \/>\n\t<meta property=\"og:image:width\" content=\"1920\" \/>\n\t<meta property=\"og:image:height\" content=\"432\" \/>\n\t<meta property=\"og:image:type\" content=\"image\/jpeg\" \/>\n<meta name=\"twitter:card\" content=\"summary_large_image\" \/>\n<meta name=\"twitter:title\" content=\"Seguro de Transporte - Alfaloc FR\" \/>\n<meta name=\"twitter:description\" content=\"Opte por acionar um seguro ALFALOC para a sua mercadoria. Proteja-o verdadeiramente pelo valor da mercadoria e n\u00e3o apenas pelo seu peso.\" \/>\n<meta name=\"twitter:label1\" content=\"Tempo estimado de leitura\" \/>\n\t<meta name=\"twitter:data1\" content=\"2 minutos\" \/>\n<script type=\"application\/ld+json\" class=\"yoast-schema-graph\">{\"@context\":\"https:\\\/\\\/schema.org\",\"@graph\":[{\"@type\":\"WebPage\",\"@id\":\"https:\\\/\\\/alfaloc.fr\\\/pt-pt\\\/seguro-de-transporte\\\/\",\"url\":\"https:\\\/\\\/alfaloc.fr\\\/pt-pt\\\/seguro-de-transporte\\\/\",\"name\":\"Seguro de Transporte - Alfaloc FR\",\"isPartOf\":{\"@id\":\"https:\\\/\\\/alfaloc.fr\\\/pt-pt\\\/#website\"},\"primaryImageOfPage\":{\"@id\":\"https:\\\/\\\/alfaloc.fr\\\/pt-pt\\\/seguro-de-transporte\\\/#primaryimage\"},\"image\":{\"@id\":\"https:\\\/\\\/alfaloc.fr\\\/pt-pt\\\/seguro-de-transporte\\\/#primaryimage\"},\"thumbnailUrl\":\"https:\\\/\\\/alfaloc.fr\\\/wp-content\\\/uploads\\\/sites\\\/3\\\/2024\\\/08\\\/run-Thumb.png\",\"datePublished\":\"2024-06-05T11:13:12+00:00\",\"dateModified\":\"2025-03-17T09:59:48+00:00\",\"description\":\"Opte por acionar um seguro ALFALOC para a sua mercadoria. Proteja-o verdadeiramente pelo valor da mercadoria e n\u00e3o apenas pelo seu peso.\",\"breadcrumb\":{\"@id\":\"https:\\\/\\\/alfaloc.fr\\\/pt-pt\\\/seguro-de-transporte\\\/#breadcrumb\"},\"inLanguage\":\"pt-PT\",\"potentialAction\":[{\"@type\":\"ReadAction\",\"target\":[\"https:\\\/\\\/alfaloc.fr\\\/pt-pt\\\/seguro-de-transporte\\\/\"]}]},{\"@type\":\"ImageObject\",\"inLanguage\":\"pt-PT\",\"@id\":\"https:\\\/\\\/alfaloc.fr\\\/pt-pt\\\/seguro-de-transporte\\\/#primaryimage\",\"url\":\"https:\\\/\\\/alfaloc.fr\\\/wp-content\\\/uploads\\\/sites\\\/3\\\/2024\\\/08\\\/run-Thumb.png\",\"contentUrl\":\"https:\\\/\\\/alfaloc.fr\\\/wp-content\\\/uploads\\\/sites\\\/3\\\/2024\\\/08\\\/run-Thumb.png\",\"width\":432,\"height\":432},{\"@type\":\"BreadcrumbList\",\"@id\":\"https:\\\/\\\/alfaloc.fr\\\/pt-pt\\\/seguro-de-transporte\\\/#breadcrumb\",\"itemListElement\":[{\"@type\":\"ListItem\",\"position\":1,\"name\":\"In\u00edcio\",\"item\":\"https:\\\/\\\/alfaloc.fr\\\/pt-pt\\\/\"},{\"@type\":\"ListItem\",\"position\":2,\"name\":\"Seguro de Transporte\"}]},{\"@type\":\"WebSite\",\"@id\":\"https:\\\/\\\/alfaloc.fr\\\/pt-pt\\\/#website\",\"url\":\"https:\\\/\\\/alfaloc.fr\\\/pt-pt\\\/\",\"name\":\"Alfaloc FR\",\"description\":\"\",\"potentialAction\":[{\"@type\":\"SearchAction\",\"target\":{\"@type\":\"EntryPoint\",\"urlTemplate\":\"https:\\\/\\\/alfaloc.fr\\\/pt-pt\\\/?s={search_term_string}\"},\"query-input\":{\"@type\":\"PropertyValueSpecification\",\"valueRequired\":true,\"valueName\":\"search_term_string\"}}],\"inLanguage\":\"pt-PT\"}]}<\/script>\n<!-- \/ Yoast SEO Premium plugin. -->","yoast_head_json":{"title":"Seguro de Transporte - Alfaloc FR","description":"Opte por acionar um seguro ALFALOC para a sua mercadoria. Proteja-o verdadeiramente pelo valor da mercadoria e n\u00e3o apenas pelo seu peso.","robots":{"index":"index","follow":"follow","max-snippet":"max-snippet:-1","max-image-preview":"max-image-preview:large","max-video-preview":"max-video-preview:-1"},"canonical":"https:\/\/alfaloc.fr\/pt-pt\/seguro-de-transporte\/","og_locale":"pt_PT","og_type":"article","og_title":"Seguro de Transporte - Alfaloc FR","og_description":"Opte por acionar um seguro ALFALOC para a sua mercadoria. Proteja-o verdadeiramente pelo valor da mercadoria e n\u00e3o apenas pelo seu peso.","og_url":"https:\/\/alfaloc.fr\/pt-pt\/seguro-de-transporte\/","og_site_name":"Alfaloc FR","article_modified_time":"2025-03-17T09:59:48+00:00","og_image":[{"width":1920,"height":432,"url":"https:\/\/alfaloc.fr\/wp-content\/uploads\/sites\/3\/2024\/04\/alfaloc-abrir-conta-empresarial-banner.jpg","type":"image\/jpeg"}],"twitter_card":"summary_large_image","twitter_title":"Seguro de Transporte - Alfaloc FR","twitter_description":"Opte por acionar um seguro ALFALOC para a sua mercadoria. Proteja-o verdadeiramente pelo valor da mercadoria e n\u00e3o apenas pelo seu peso.","twitter_misc":{"Tempo estimado de leitura":"2 minutos"},"schema":{"@context":"https:\/\/schema.org","@graph":[{"@type":"WebPage","@id":"https:\/\/alfaloc.fr\/pt-pt\/seguro-de-transporte\/","url":"https:\/\/alfaloc.fr\/pt-pt\/seguro-de-transporte\/","name":"Seguro de Transporte - Alfaloc FR","isPartOf":{"@id":"https:\/\/alfaloc.fr\/pt-pt\/#website"},"primaryImageOfPage":{"@id":"https:\/\/alfaloc.fr\/pt-pt\/seguro-de-transporte\/#primaryimage"},"image":{"@id":"https:\/\/alfaloc.fr\/pt-pt\/seguro-de-transporte\/#primaryimage"},"thumbnailUrl":"https:\/\/alfaloc.fr\/wp-content\/uploads\/sites\/3\/2024\/08\/run-Thumb.png","datePublished":"2024-06-05T11:13:12+00:00","dateModified":"2025-03-17T09:59:48+00:00","description":"Opte por acionar um seguro ALFALOC para a sua mercadoria. Proteja-o verdadeiramente pelo valor da mercadoria e n\u00e3o apenas pelo seu peso.","breadcrumb":{"@id":"https:\/\/alfaloc.fr\/pt-pt\/seguro-de-transporte\/#breadcrumb"},"inLanguage":"pt-PT","potentialAction":[{"@type":"ReadAction","target":["https:\/\/alfaloc.fr\/pt-pt\/seguro-de-transporte\/"]}]},{"@type":"ImageObject","inLanguage":"pt-PT","@id":"https:\/\/alfaloc.fr\/pt-pt\/seguro-de-transporte\/#primaryimage","url":"https:\/\/alfaloc.fr\/wp-content\/uploads\/sites\/3\/2024\/08\/run-Thumb.png","contentUrl":"https:\/\/alfaloc.fr\/wp-content\/uploads\/sites\/3\/2024\/08\/run-Thumb.png","width":432,"height":432},{"@type":"BreadcrumbList","@id":"https:\/\/alfaloc.fr\/pt-pt\/seguro-de-transporte\/#breadcrumb","itemListElement":[{"@type":"ListItem","position":1,"name":"In\u00edcio","item":"https:\/\/alfaloc.fr\/pt-pt\/"},{"@type":"ListItem","position":2,"name":"Seguro de Transporte"}]},{"@type":"WebSite","@id":"https:\/\/alfaloc.fr\/pt-pt\/#website","url":"https:\/\/alfaloc.fr\/pt-pt\/","name":"Alfaloc FR","description":"","potentialAction":[{"@type":"SearchAction","target":{"@type":"EntryPoint","urlTemplate":"https:\/\/alfaloc.fr\/pt-pt\/?s={search_term_string}"},"query-input":{"@type":"PropertyValueSpecification","valueRequired":true,"valueName":"search_term_string"}}],"inLanguage":"pt-PT"}]}},"_links":{"self":[{"href":"https:\/\/alfaloc.fr\/pt-pt\/wp-json\/wp\/v2\/pages\/4471","targetHints":{"allow":["GET"]}}],"collection":[{"href":"https:\/\/alfaloc.fr\/pt-pt\/wp-json\/wp\/v2\/pages"}],"about":[{"href":"https:\/\/alfaloc.fr\/pt-pt\/wp-json\/wp\/v2\/types\/page"}],"author":[{"embeddable":true,"href":"https:\/\/alfaloc.fr\/pt-pt\/wp-json\/wp\/v2\/users\/4"}],"replies":[{"embeddable":true,"href":"https:\/\/alfaloc.fr\/pt-pt\/wp-json\/wp\/v2\/comments?post=4471"}],"version-history":[{"count":38,"href":"https:\/\/alfaloc.fr\/pt-pt\/wp-json\/wp\/v2\/pages\/4471\/revisions"}],"predecessor-version":[{"id":12767,"href":"https:\/\/alfaloc.fr\/pt-pt\/wp-json\/wp\/v2\/pages\/4471\/revisions\/12767"}],"wp:featuredmedia":[{"embeddable":true,"href":"https:\/\/alfaloc.fr\/pt-pt\/wp-json\/wp\/v2\/media\/7615"}],"wp:attachment":[{"href":"https:\/\/alfaloc.fr\/pt-pt\/wp-json\/wp\/v2\/media?parent=4471"}],"curies":[{"name":"wp","href":"https:\/\/api.w.org\/{rel}","templated":true}]}}