{"id":4057,"date":"2024-05-20T08:54:33","date_gmt":"2024-05-20T08:54:33","guid":{"rendered":"https:\/\/alfaloc.pt\/?page_id=4057"},"modified":"2024-08-27T14:58:35","modified_gmt":"2024-08-27T14:58:35","slug":"candidatar-me","status":"publish","type":"page","link":"https:\/\/alfaloc.fr\/pt-pt\/candidatar-me\/","title":{"rendered":"Candidatar-me a um emprego Alfaloc"},"content":{"rendered":"\t\t<div data-elementor-type=\"wp-page\" data-elementor-id=\"4057\" class=\"elementor elementor-4057\" data-elementor-post-type=\"page\">\n\t\t\t\t<div class=\"elementor-element elementor-element-97d60d4 e-flex e-con-boxed e-con e-parent\" data-id=\"97d60d4\" data-element_type=\"container\">\n\t\t\t\t\t<div class=\"e-con-inner\">\n\t\t<div class=\"elementor-element elementor-element-863f06b e-con-full e-flex e-con e-child\" data-id=\"863f06b\" data-element_type=\"container\">\n\t\t<div class=\"elementor-element elementor-element-6b54894 e-con-full e-flex e-con e-child\" data-id=\"6b54894\" data-element_type=\"container\">\n\t\t\t\t<div class=\"elementor-element elementor-element-c11bd50 elementor-widget__width-inherit elementor-widget elementor-widget-ws-form\" data-id=\"c11bd50\" data-element_type=\"widget\" id=\"alfaloc-wsf-tab-form\" data-widget_type=\"ws-form.default\">\n\t\t\t\t<div class=\"elementor-widget-container\">\n\t\t\t<form action=\"https:\/\/alfaloc.fr\/pt-pt\/wp-json\/ws-form\/v1\/submit\" class=\"wsf-form wsf-form-canvas\" id=\"ws-form-1\" data-id=\"16\" data-instance-id=\"1\" method=\"POST\"><\/form>\t\t<\/div>\n\t\t\t\t<\/div>\n\t\t\t\t<\/div>\n\t\t\t\t<\/div>\n\t\t<div class=\"elementor-element elementor-element-6265c96 e-con-full e-flex e-con e-child\" data-id=\"6265c96\" data-element_type=\"container\">\n\t\t\t\t<div class=\"elementor-element elementor-element-bb0b055 elementor-grid-1 elementor-grid-tablet-2 elementor-grid-mobile-1 elementor-widget elementor-widget-loop-grid\" data-id=\"bb0b055\" data-element_type=\"widget\" data-settings=\"{&quot;template_id&quot;:3590,&quot;columns&quot;:&quot;1&quot;,&quot;_skin&quot;:&quot;post&quot;,&quot;columns_tablet&quot;:&quot;2&quot;,&quot;columns_mobile&quot;:&quot;1&quot;,&quot;edit_handle_selector&quot;:&quot;[data-elementor-type=\\&quot;loop-item\\&quot;]&quot;,&quot;row_gap&quot;:{&quot;unit&quot;:&quot;px&quot;,&quot;size&quot;:&quot;&quot;,&quot;sizes&quot;:[]},&quot;row_gap_laptop&quot;:{&quot;unit&quot;:&quot;px&quot;,&quot;size&quot;:&quot;&quot;,&quot;sizes&quot;:[]},&quot;row_gap_tablet_extra&quot;:{&quot;unit&quot;:&quot;px&quot;,&quot;size&quot;:&quot;&quot;,&quot;sizes&quot;:[]},&quot;row_gap_tablet&quot;:{&quot;unit&quot;:&quot;px&quot;,&quot;size&quot;:&quot;&quot;,&quot;sizes&quot;:[]},&quot;row_gap_mobile_extra&quot;:{&quot;unit&quot;:&quot;px&quot;,&quot;size&quot;:&quot;&quot;,&quot;sizes&quot;:[]},&quot;row_gap_mobile&quot;:{&quot;unit&quot;:&quot;px&quot;,&quot;size&quot;:&quot;&quot;,&quot;sizes&quot;:[]}}\" data-widget_type=\"loop-grid.post\">\n\t\t\t\t<div class=\"elementor-widget-container\">\n\t\t\t<link rel=\"stylesheet\" href=\"https:\/\/alfaloc.fr\/wp-content\/plugins\/elementor-pro\/assets\/css\/widget-loop-builder.min.css\">\t\t<div class=\"elementor-loop-container elementor-grid\">\n\t\t<style id=\"loop-3590\">.elementor-3590 .elementor-element.elementor-element-2916ed9{--display:flex;--flex-direction:column;--container-widget-width:100%;--container-widget-height:initial;--container-widget-flex-grow:0;--container-widget-align-self:initial;--flex-wrap-mobile:wrap;--gap:10px 10px;--background-transition:0.3s;--border-radius:25px 25px 25px 25px;--margin-top:0px;--margin-bottom:0px;--margin-left:0px;--margin-right:0px;--padding-top:25px;--padding-bottom:45px;--padding-left:40px;--padding-right:40px;}.elementor-3590 .elementor-element.elementor-element-2916ed9:not(.elementor-motion-effects-element-type-background), .elementor-3590 .elementor-element.elementor-element-2916ed9 > .elementor-motion-effects-container > .elementor-motion-effects-layer{background-color:#F2F2F273;}.elementor-3590 .elementor-element.elementor-element-2916ed9, .elementor-3590 .elementor-element.elementor-element-2916ed9::before{--border-transition:0.3s;}.elementor-3590 .elementor-element.elementor-element-e149e35 .elementor-heading-title{color:#DD1A21;font-size:35px;font-weight:700;line-height:1.1em;letter-spacing:1px;}.elementor-3590 .elementor-element.elementor-element-95a63c9 .elementor-icon-list-icon i{color:#FFFFFF00;font-size:14px;}.elementor-3590 .elementor-element.elementor-element-95a63c9 .elementor-icon-list-icon svg{fill:#FFFFFF00;--e-icon-list-icon-size:14px;}.elementor-3590 .elementor-element.elementor-element-95a63c9 .elementor-icon-list-icon{width:14px;}.elementor-3590 .elementor-element.elementor-element-95a63c9 .elementor-icon-list-text, .elementor-3590 .elementor-element.elementor-element-95a63c9 .elementor-icon-list-text a{color:#838383;}.elementor-3590 .elementor-element.elementor-element-95a63c9 .elementor-icon-list-item{font-family:\"Urbanist\", Sans-serif;font-size:12px;font-weight:400;line-height:1.25em;letter-spacing:0.2px;}.elementor-3590 .elementor-element.elementor-element-4ef87f1 .elementor-widget-container{font-family:\"Urbanist\", Sans-serif;font-size:17px;font-weight:400;line-height:1.4em;letter-spacing:0.6px;}.elementor-3590 .elementor-element.elementor-element-4ef87f1 > .elementor-widget-container{margin:5px 0px 0px 0px;}.elementor-3590 .elementor-element.elementor-element-ec54dd9{--display:flex;--flex-direction:row;--container-widget-width:initial;--container-widget-height:100%;--container-widget-flex-grow:1;--container-widget-align-self:stretch;--flex-wrap-mobile:wrap;--background-transition:0.3s;--margin-top:20px;--margin-bottom:0px;--margin-left:0px;--margin-right:0px;--padding-top:0px;--padding-bottom:0px;--padding-left:0px;--padding-right:0px;}.elementor-3590 .elementor-element.elementor-element-7061871 .elementor-button{font-family:\"Urbanist\", Sans-serif;font-size:17px;font-weight:600;line-height:1em;fill:#DD1A22;color:#DD1A22;background-color:#FFFFFF00;border-style:solid;border-width:1px 1px 1px 1px;border-radius:6px 6px 6px 6px;padding:11px 18px 15px 18px;}.elementor-3590 .elementor-element.elementor-element-7061871 .elementor-button:hover, .elementor-3590 .elementor-element.elementor-element-7061871 .elementor-button:focus{color:#FFFFFF;background-color:var( --e-global-color-secondary );border-color:var( --e-global-color-secondary );}.elementor-3590 .elementor-element.elementor-element-7061871 .elementor-button:hover svg, .elementor-3590 .elementor-element.elementor-element-7061871 .elementor-button:focus svg{fill:#FFFFFF;}.elementor-3590 .elementor-element.elementor-element-7061871 > .elementor-widget-container{margin:0px 0px 0px 0px;}.elementor-3590 .elementor-element.elementor-element-7061871.elementor-element{--align-self:flex-start;}.elementor-3590 .elementor-element.elementor-element-616d15a .elementor-button{font-family:\"Urbanist\", Sans-serif;font-size:17px;font-weight:600;line-height:1em;fill:#FCFCFC;color:#FCFCFC;background-color:#DD1A22;border-style:solid;border-width:1px 1px 1px 1px;border-color:var( --e-global-color-secondary );border-radius:6px 6px 6px 6px;padding:11px 18px 15px 18px;}.elementor-3590 .elementor-element.elementor-element-616d15a .elementor-button:hover, .elementor-3590 .elementor-element.elementor-element-616d15a .elementor-button:focus{color:var( --e-global-color-secondary );background-color:#FFFFFF00;}.elementor-3590 .elementor-element.elementor-element-616d15a .elementor-button:hover svg, .elementor-3590 .elementor-element.elementor-element-616d15a .elementor-button:focus svg{fill:var( --e-global-color-secondary );}.elementor-3590 .elementor-element.elementor-element-616d15a > .elementor-widget-container{margin:0px 0px 0px 0px;}@media(max-width:1440px){.elementor-3590 .elementor-element.elementor-element-2916ed9{--padding-top:25px;--padding-bottom:40px;--padding-left:30px;--padding-right:30px;}.elementor-3590 .elementor-element.elementor-element-e149e35 .elementor-heading-title{font-size:30px;}.elementor-3590 .elementor-element.elementor-element-95a63c9 .elementor-icon-list-item{font-size:12px;line-height:1.25em;letter-spacing:0.6px;}.elementor-3590 .elementor-element.elementor-element-4ef87f1 .elementor-widget-container{font-size:17px;line-height:1.4em;letter-spacing:0.7px;}}@media(max-width:1200px){.elementor-3590 .elementor-element.elementor-element-2916ed9{--padding-top:25px;--padding-bottom:35px;--padding-left:20px;--padding-right:20px;}.elementor-3590 .elementor-element.elementor-element-e149e35 .elementor-heading-title{font-size:26px;}.elementor-3590 .elementor-element.elementor-element-95a63c9 .elementor-icon-list-item{font-size:12px;line-height:1.25em;letter-spacing:0.6px;}.elementor-3590 .elementor-element.elementor-element-4ef87f1 .elementor-widget-container{font-size:16px;line-height:1.4em;letter-spacing:0.7px;}.elementor-3590 .elementor-element.elementor-element-ec54dd9{--gap:10px 10px;}.elementor-3590 .elementor-element.elementor-element-7061871 .elementor-button{font-size:15px;}.elementor-3590 .elementor-element.elementor-element-616d15a .elementor-button{font-size:15px;}}@media(max-width:1024px){.elementor-3590 .elementor-element.elementor-element-2916ed9{--padding-top:25px;--padding-bottom:40px;--padding-left:30px;--padding-right:30px;}.elementor-3590 .elementor-element.elementor-element-e149e35 .elementor-heading-title{font-size:25px;}.elementor-3590 .elementor-element.elementor-element-95a63c9 .elementor-icon-list-item{font-size:12px;line-height:1.25em;letter-spacing:0.6px;}.elementor-3590 .elementor-element.elementor-element-4ef87f1 .elementor-widget-container{font-size:16px;line-height:1.4em;letter-spacing:0.7px;}.elementor-3590 .elementor-element.elementor-element-7061871 .elementor-button{font-size:16px;}.elementor-3590 .elementor-element.elementor-element-616d15a .elementor-button{font-size:16px;}}@media(max-width:880px){.elementor-3590 .elementor-element.elementor-element-2916ed9{--padding-top:25px;--padding-bottom:40px;--padding-left:20px;--padding-right:20px;}.elementor-3590 .elementor-element.elementor-element-95a63c9 .elementor-icon-list-item{font-size:12px;line-height:1.25em;letter-spacing:0.6px;}.elementor-3590 .elementor-element.elementor-element-4ef87f1 .elementor-widget-container{font-size:16px;line-height:1.4em;letter-spacing:0.7px;}.elementor-3590 .elementor-element.elementor-element-ec54dd9{--gap:15px 15px;}}@media(max-width:767px){.elementor-3590 .elementor-element.elementor-element-2916ed9{--gap:10px 10px;--padding-top:25px;--padding-bottom:25px;--padding-left:20px;--padding-right:20px;}.elementor-3590 .elementor-element.elementor-element-e149e35 .elementor-heading-title{font-size:22px;}.elementor-3590 .elementor-element.elementor-element-95a63c9 .elementor-icon-list-item{font-size:12px;line-height:1.25em;letter-spacing:0.6px;}.elementor-3590 .elementor-element.elementor-element-4ef87f1 .elementor-widget-container{font-size:14px;line-height:1.4em;letter-spacing:0.7px;}.elementor-3590 .elementor-element.elementor-element-ec54dd9{--gap:10px 10px;--margin-top:10px;--margin-bottom:0px;--margin-left:0px;--margin-right:0px;}.elementor-3590 .elementor-element.elementor-element-7061871 .elementor-button{font-size:14px;padding:12px 16px 12px 16px;}.elementor-3590 .elementor-element.elementor-element-7061871 > .elementor-widget-container{margin:0px 0px 0px 0px;}.elementor-3590 .elementor-element.elementor-element-616d15a .elementor-button{font-size:14px;padding:12px 16px 12px 16px;}.elementor-3590 .elementor-element.elementor-element-616d15a > .elementor-widget-container{margin:0px 0px 0px 0px;}}<\/style>\t\t<div data-elementor-type=\"loop-item\" data-elementor-id=\"3590\" class=\"elementor elementor-3590 e-loop-item e-loop-item-12522 post-12522 alfaloc-jobs type-alfaloc-jobs status-publish hentry\" data-elementor-post-type=\"elementor_library\" data-custom-edit-handle=\"1\">\n\t\t\t<div class=\"elementor-element elementor-element-2916ed9 e-flex e-con-boxed e-con e-parent\" data-id=\"2916ed9\" data-element_type=\"container\" data-settings=\"{&quot;background_background&quot;:&quot;classic&quot;}\">\n\t\t\t\t\t<div class=\"e-con-inner\">\n\t\t\t\t<div class=\"elementor-element elementor-element-e149e35 elementor-widget elementor-widget-theme-post-title elementor-page-title elementor-widget-heading\" data-id=\"e149e35\" data-element_type=\"widget\" data-widget_type=\"theme-post-title.default\">\n\t\t\t\t<div class=\"elementor-widget-container\">\n\t\t\t<style>\/*! elementor - v3.22.0 - 17-06-2024 *\/\n.elementor-heading-title{padding:0;margin:0;line-height:1}.elementor-widget-heading .elementor-heading-title[class*=elementor-size-]>a{color:inherit;font-size:inherit;line-height:inherit}.elementor-widget-heading .elementor-heading-title.elementor-size-small{font-size:15px}.elementor-widget-heading .elementor-heading-title.elementor-size-medium{font-size:19px}.elementor-widget-heading .elementor-heading-title.elementor-size-large{font-size:29px}.elementor-widget-heading .elementor-heading-title.elementor-size-xl{font-size:39px}.elementor-widget-heading .elementor-heading-title.elementor-size-xxl{font-size:59px}<\/style><h1 class=\"elementor-heading-title elementor-size-default\"><a href=\"https:\/\/alfaloc.fr\/pt-pt\/empregos\/gestor-solucoes-transporte\/\">Gestor\/a de Solu\u00e7\u00f5es de Transporte<\/a><\/h1>\t\t<\/div>\n\t\t\t\t<\/div>\n\t\t\t\t<div class=\"elementor-element elementor-element-95a63c9 elementor-widget elementor-widget-post-info\" data-id=\"95a63c9\" data-element_type=\"widget\" data-widget_type=\"post-info.default\">\n\t\t\t\t<div class=\"elementor-widget-container\">\n\t\t\t<link rel=\"stylesheet\" href=\"https:\/\/alfaloc.fr\/wp-content\/uploads\/sites\/3\/elementor\/css\/custom-widget-icon-list.min.css?ver=1742845087\"><link rel=\"stylesheet\" href=\"https:\/\/alfaloc.fr\/wp-content\/plugins\/elementor-pro\/assets\/css\/widget-theme-elements.min.css\">\t\t<ul class=\"elementor-icon-list-items elementor-post-info\">\n\t\t\t\t\t\t\t\t<li class=\"elementor-icon-list-item elementor-repeater-item-2346c89\">\n\t\t\t\t\t\t\t\t\t\t\t\t\t<span class=\"elementor-icon-list-text elementor-post-info__item elementor-post-info__item--type-custom\">\n\t\t\t\t\t\t\t\t\t\t24 Mar 2025\t\t\t\t\t<\/span>\n\t\t\t\t\t\t\t\t<\/li>\n\t\t\t\t<li class=\"elementor-icon-list-item elementor-repeater-item-f62c512\">\n\t\t\t\t\t\t\t\t\t\t<span class=\"elementor-icon-list-icon\">\n\t\t\t\t\t\t\t\t<svg xmlns=\"http:\/\/www.w3.org\/2000\/svg\" width=\"11\" height=\"14\" viewBox=\"0 0 11 14\" fill=\"none\"><g id=\"Group\"><path id=\"Vector\" d=\"M5.5 13.333C5.5 13.333 10 9.73301 10 5.83301C10 3.34781 7.9852 1.33301 5.5 1.33301C3.0148 1.33301 1 3.34781 1 5.83301C1 9.73301 5.5 13.333 5.5 13.333Z\" stroke=\"#DD1A22\" stroke-linejoin=\"round\"><\/path><path id=\"Vector_2\" d=\"M5.50117 7.6332C5.73755 7.6332 5.97162 7.58665 6.19 7.49619C6.40839 7.40573 6.60682 7.27314 6.77396 7.106C6.94111 6.93885 7.0737 6.74042 7.16416 6.52203C7.25461 6.30365 7.30117 6.06958 7.30117 5.8332C7.30117 5.59682 7.25461 5.36276 7.16416 5.14437C7.0737 4.92599 6.94111 4.72756 6.77396 4.56041C6.60682 4.39327 6.40839 4.26068 6.19 4.17022C5.97162 4.07976 5.73755 4.0332 5.50117 4.0332C5.02378 4.0332 4.56594 4.22285 4.22838 4.56041C3.89081 4.89798 3.70117 5.35581 3.70117 5.8332C3.70117 6.31059 3.89081 6.76843 4.22838 7.106C4.56594 7.44356 5.02378 7.6332 5.50117 7.6332Z\" stroke=\"#DD1A22\" stroke-linejoin=\"round\"><\/path><\/g><\/svg>\t\t\t\t\t\t\t<\/span>\n\t\t\t\t\t\t\t\t\t<span class=\"elementor-icon-list-text elementor-post-info__item elementor-post-info__item--type-custom\">\n\t\t\t\t\t\t\t\t\t\tMarinha Grande\t\t\t\t\t<\/span>\n\t\t\t\t\t\t\t\t<\/li>\n\t\t\t\t<\/ul>\n\t\t\t\t<\/div>\n\t\t\t\t<\/div>\n\t\t\t\t<div class=\"elementor-element elementor-element-4ef87f1 elementor-widget elementor-widget-theme-post-excerpt\" data-id=\"4ef87f1\" data-element_type=\"widget\" data-widget_type=\"theme-post-excerpt.default\">\n\t\t\t\t<div class=\"elementor-widget-container\">\n\t\t\tSaiba mais sobre o papel de Gestor\/a de Solu\u00e7\u00f5es de Transporte e suas responsabilidades.\t\t<\/div>\n\t\t\t\t<\/div>\n\t\t<div class=\"elementor-element elementor-element-ec54dd9 e-flex e-con-boxed e-con e-child\" data-id=\"ec54dd9\" data-element_type=\"container\">\n\t\t\t\t\t<div class=\"e-con-inner\">\n\t\t\t\t<div class=\"elementor-element elementor-element-7061871 elementor-align-center elementor-widget elementor-widget-button\" data-id=\"7061871\" data-element_type=\"widget\" data-widget_type=\"button.default\">\n\t\t\t\t<div class=\"elementor-widget-container\">\n\t\t\t\t\t<div class=\"elementor-button-wrapper\">\n\t\t\t<a class=\"elementor-button elementor-button-link elementor-size-sm\" href=\"https:\/\/alfaloc.fr\/pt-pt\/empregos\/gestor-solucoes-transporte\/\">\n\t\t\t\t\t\t<span class=\"elementor-button-content-wrapper\">\n\t\t\t\t\t\t\t\t\t<span class=\"elementor-button-text\">Ver oferta<\/span>\n\t\t\t\t\t<\/span>\n\t\t\t\t\t<\/a>\n\t\t<\/div>\n\t\t\t\t<\/div>\n\t\t\t\t<\/div>\n\t\t\t\t<div class=\"elementor-element elementor-element-616d15a elementor-widget elementor-widget-button\" data-id=\"616d15a\" data-element_type=\"widget\" data-widget_type=\"button.default\">\n\t\t\t\t<div class=\"elementor-widget-container\">\n\t\t\t\t\t<div class=\"elementor-button-wrapper\">\n\t\t\t<a class=\"elementor-button elementor-button-link elementor-size-sm\" href=\"https:\/\/alfaloc.fr\/pt-pt\/candidatar-me\/\">\n\t\t\t\t\t\t<span class=\"elementor-button-content-wrapper\">\n\t\t\t\t\t\t\t\t\t<span class=\"elementor-button-text\">Candidatar<\/span>\n\t\t\t\t\t<\/span>\n\t\t\t\t\t<\/a>\n\t\t<\/div>\n\t\t\t\t<\/div>\n\t\t\t\t<\/div>\n\t\t\t\t\t<\/div>\n\t\t\t\t<\/div>\n\t\t\t\t\t<\/div>\n\t\t\t\t<\/div>\n\t\t\t\t<\/div>\n\t\t\t\t<\/div>\n\t\t\n\t\t\t\t<\/div>\n\t\t\t\t<\/div>\n\t\t\t\t<\/div>\n\t\t\t\t\t<\/div>\n\t\t\t\t<\/div>\n\t\t\t\t<\/div>\n\t\t","protected":false},"excerpt":{"rendered":"<p>Candidate-se a uma oportunidade de carreira na Alfaloc.<\/p>\n","protected":false},"author":1,"featured_media":7615,"parent":0,"menu_order":0,"comment_status":"closed","ping_status":"closed","template":"","meta":{"footnotes":""},"class_list":["post-4057","page","type-page","status-publish","has-post-thumbnail","hentry"],"yoast_head":"<!-- This site is optimized with the Yoast SEO Premium plugin v27.5 (Yoast SEO v27.5) - https:\/\/yoast.com\/product\/yoast-seo-premium-wordpress\/ -->\n<title>Candidatar-me a um emprego Alfaloc<\/title>\n<meta name=\"description\" content=\"Candidate-se a uma oportunidade de carreira na Alfaloc. Fa\u00e7a-o atrav\u00e9s de alguma oportunidade aberta ou em candidatura espont\u00e2nea.\" \/>\n<meta name=\"robots\" content=\"index, follow, max-snippet:-1, max-image-preview:large, max-video-preview:-1\" \/>\n<link rel=\"canonical\" href=\"https:\/\/alfaloc.fr\/pt-pt\/candidatar-me\/\" \/>\n<meta property=\"og:locale\" content=\"pt_PT\" \/>\n<meta property=\"og:type\" content=\"article\" \/>\n<meta property=\"og:title\" content=\"Candidatar-me a um emprego Alfaloc\" \/>\n<meta property=\"og:description\" content=\"Candidate-se a uma oportunidade de carreira na Alfaloc. Fa\u00e7a-o atrav\u00e9s de alguma oportunidade aberta ou em candidatura espont\u00e2nea.\" \/>\n<meta property=\"og:url\" content=\"https:\/\/alfaloc.fr\/pt-pt\/candidatar-me\/\" \/>\n<meta property=\"og:site_name\" content=\"Alfaloc FR\" \/>\n<meta property=\"article:modified_time\" content=\"2024-08-27T14:58:35+00:00\" \/>\n<meta property=\"og:image\" content=\"https:\/\/alfaloc.fr\/wp-content\/uploads\/sites\/3\/2024\/08\/noticia-trofeu-2019.png\" \/>\n\t<meta property=\"og:image:width\" content=\"1204\" \/>\n\t<meta property=\"og:image:height\" content=\"628\" \/>\n\t<meta property=\"og:image:type\" content=\"image\/png\" \/>\n<meta name=\"twitter:card\" content=\"summary_large_image\" \/>\n<meta name=\"twitter:description\" content=\"Candidate-se a uma oportunidade de carreira na Alfaloc. Fa\u00e7a-o atrav\u00e9s de alguma oportunidade aberta ou em candidatura espont\u00e2nea.\" \/>\n<meta name=\"twitter:label1\" content=\"Tempo estimado de leitura\" \/>\n\t<meta name=\"twitter:data1\" content=\"1 minuto\" \/>\n<script type=\"application\/ld+json\" class=\"yoast-schema-graph\">{\"@context\":\"https:\\\/\\\/schema.org\",\"@graph\":[{\"@type\":\"WebPage\",\"@id\":\"https:\\\/\\\/alfaloc.fr\\\/pt-pt\\\/candidatar-me\\\/\",\"url\":\"https:\\\/\\\/alfaloc.fr\\\/pt-pt\\\/candidatar-me\\\/\",\"name\":\"Candidatar-me a um emprego Alfaloc\",\"isPartOf\":{\"@id\":\"https:\\\/\\\/alfaloc.fr\\\/pt-pt\\\/#website\"},\"primaryImageOfPage\":{\"@id\":\"https:\\\/\\\/alfaloc.fr\\\/pt-pt\\\/candidatar-me\\\/#primaryimage\"},\"image\":{\"@id\":\"https:\\\/\\\/alfaloc.fr\\\/pt-pt\\\/candidatar-me\\\/#primaryimage\"},\"thumbnailUrl\":\"https:\\\/\\\/alfaloc.fr\\\/wp-content\\\/uploads\\\/sites\\\/3\\\/2024\\\/08\\\/run-Thumb.png\",\"datePublished\":\"2024-05-20T08:54:33+00:00\",\"dateModified\":\"2024-08-27T14:58:35+00:00\",\"description\":\"Candidate-se a uma oportunidade de carreira na Alfaloc. Fa\u00e7a-o atrav\u00e9s de alguma oportunidade aberta ou em candidatura espont\u00e2nea.\",\"breadcrumb\":{\"@id\":\"https:\\\/\\\/alfaloc.fr\\\/pt-pt\\\/candidatar-me\\\/#breadcrumb\"},\"inLanguage\":\"pt-PT\",\"potentialAction\":[{\"@type\":\"ReadAction\",\"target\":[\"https:\\\/\\\/alfaloc.fr\\\/pt-pt\\\/candidatar-me\\\/\"]}]},{\"@type\":\"ImageObject\",\"inLanguage\":\"pt-PT\",\"@id\":\"https:\\\/\\\/alfaloc.fr\\\/pt-pt\\\/candidatar-me\\\/#primaryimage\",\"url\":\"https:\\\/\\\/alfaloc.fr\\\/wp-content\\\/uploads\\\/sites\\\/3\\\/2024\\\/08\\\/run-Thumb.png\",\"contentUrl\":\"https:\\\/\\\/alfaloc.fr\\\/wp-content\\\/uploads\\\/sites\\\/3\\\/2024\\\/08\\\/run-Thumb.png\",\"width\":432,\"height\":432},{\"@type\":\"BreadcrumbList\",\"@id\":\"https:\\\/\\\/alfaloc.fr\\\/pt-pt\\\/candidatar-me\\\/#breadcrumb\",\"itemListElement\":[{\"@type\":\"ListItem\",\"position\":1,\"name\":\"In\u00edcio\",\"item\":\"https:\\\/\\\/alfaloc.fr\\\/pt-pt\\\/\"},{\"@type\":\"ListItem\",\"position\":2,\"name\":\"Candidatar-me a um emprego Alfaloc\"}]},{\"@type\":\"WebSite\",\"@id\":\"https:\\\/\\\/alfaloc.fr\\\/pt-pt\\\/#website\",\"url\":\"https:\\\/\\\/alfaloc.fr\\\/pt-pt\\\/\",\"name\":\"Alfaloc FR\",\"description\":\"\",\"potentialAction\":[{\"@type\":\"SearchAction\",\"target\":{\"@type\":\"EntryPoint\",\"urlTemplate\":\"https:\\\/\\\/alfaloc.fr\\\/pt-pt\\\/?s={search_term_string}\"},\"query-input\":{\"@type\":\"PropertyValueSpecification\",\"valueRequired\":true,\"valueName\":\"search_term_string\"}}],\"inLanguage\":\"pt-PT\"}]}<\/script>\n<!-- \/ Yoast SEO Premium plugin. -->","yoast_head_json":{"title":"Candidatar-me a um emprego Alfaloc","description":"Candidate-se a uma oportunidade de carreira na Alfaloc. Fa\u00e7a-o atrav\u00e9s de alguma oportunidade aberta ou em candidatura espont\u00e2nea.","robots":{"index":"index","follow":"follow","max-snippet":"max-snippet:-1","max-image-preview":"max-image-preview:large","max-video-preview":"max-video-preview:-1"},"canonical":"https:\/\/alfaloc.fr\/pt-pt\/candidatar-me\/","og_locale":"pt_PT","og_type":"article","og_title":"Candidatar-me a um emprego Alfaloc","og_description":"Candidate-se a uma oportunidade de carreira na Alfaloc. Fa\u00e7a-o atrav\u00e9s de alguma oportunidade aberta ou em candidatura espont\u00e2nea.","og_url":"https:\/\/alfaloc.fr\/pt-pt\/candidatar-me\/","og_site_name":"Alfaloc FR","article_modified_time":"2024-08-27T14:58:35+00:00","og_image":[{"width":1204,"height":628,"url":"https:\/\/alfaloc.fr\/wp-content\/uploads\/sites\/3\/2024\/08\/noticia-trofeu-2019.png","type":"image\/png"}],"twitter_card":"summary_large_image","twitter_description":"Candidate-se a uma oportunidade de carreira na Alfaloc. Fa\u00e7a-o atrav\u00e9s de alguma oportunidade aberta ou em candidatura espont\u00e2nea.","twitter_misc":{"Tempo estimado de leitura":"1 minuto"},"schema":{"@context":"https:\/\/schema.org","@graph":[{"@type":"WebPage","@id":"https:\/\/alfaloc.fr\/pt-pt\/candidatar-me\/","url":"https:\/\/alfaloc.fr\/pt-pt\/candidatar-me\/","name":"Candidatar-me a um emprego Alfaloc","isPartOf":{"@id":"https:\/\/alfaloc.fr\/pt-pt\/#website"},"primaryImageOfPage":{"@id":"https:\/\/alfaloc.fr\/pt-pt\/candidatar-me\/#primaryimage"},"image":{"@id":"https:\/\/alfaloc.fr\/pt-pt\/candidatar-me\/#primaryimage"},"thumbnailUrl":"https:\/\/alfaloc.fr\/wp-content\/uploads\/sites\/3\/2024\/08\/run-Thumb.png","datePublished":"2024-05-20T08:54:33+00:00","dateModified":"2024-08-27T14:58:35+00:00","description":"Candidate-se a uma oportunidade de carreira na Alfaloc. Fa\u00e7a-o atrav\u00e9s de alguma oportunidade aberta ou em candidatura espont\u00e2nea.","breadcrumb":{"@id":"https:\/\/alfaloc.fr\/pt-pt\/candidatar-me\/#breadcrumb"},"inLanguage":"pt-PT","potentialAction":[{"@type":"ReadAction","target":["https:\/\/alfaloc.fr\/pt-pt\/candidatar-me\/"]}]},{"@type":"ImageObject","inLanguage":"pt-PT","@id":"https:\/\/alfaloc.fr\/pt-pt\/candidatar-me\/#primaryimage","url":"https:\/\/alfaloc.fr\/wp-content\/uploads\/sites\/3\/2024\/08\/run-Thumb.png","contentUrl":"https:\/\/alfaloc.fr\/wp-content\/uploads\/sites\/3\/2024\/08\/run-Thumb.png","width":432,"height":432},{"@type":"BreadcrumbList","@id":"https:\/\/alfaloc.fr\/pt-pt\/candidatar-me\/#breadcrumb","itemListElement":[{"@type":"ListItem","position":1,"name":"In\u00edcio","item":"https:\/\/alfaloc.fr\/pt-pt\/"},{"@type":"ListItem","position":2,"name":"Candidatar-me a um emprego Alfaloc"}]},{"@type":"WebSite","@id":"https:\/\/alfaloc.fr\/pt-pt\/#website","url":"https:\/\/alfaloc.fr\/pt-pt\/","name":"Alfaloc FR","description":"","potentialAction":[{"@type":"SearchAction","target":{"@type":"EntryPoint","urlTemplate":"https:\/\/alfaloc.fr\/pt-pt\/?s={search_term_string}"},"query-input":{"@type":"PropertyValueSpecification","valueRequired":true,"valueName":"search_term_string"}}],"inLanguage":"pt-PT"}]}},"_links":{"self":[{"href":"https:\/\/alfaloc.fr\/pt-pt\/wp-json\/wp\/v2\/pages\/4057","targetHints":{"allow":["GET"]}}],"collection":[{"href":"https:\/\/alfaloc.fr\/pt-pt\/wp-json\/wp\/v2\/pages"}],"about":[{"href":"https:\/\/alfaloc.fr\/pt-pt\/wp-json\/wp\/v2\/types\/page"}],"author":[{"embeddable":true,"href":"https:\/\/alfaloc.fr\/pt-pt\/wp-json\/wp\/v2\/users\/1"}],"replies":[{"embeddable":true,"href":"https:\/\/alfaloc.fr\/pt-pt\/wp-json\/wp\/v2\/comments?post=4057"}],"version-history":[{"count":23,"href":"https:\/\/alfaloc.fr\/pt-pt\/wp-json\/wp\/v2\/pages\/4057\/revisions"}],"predecessor-version":[{"id":7159,"href":"https:\/\/alfaloc.fr\/pt-pt\/wp-json\/wp\/v2\/pages\/4057\/revisions\/7159"}],"wp:featuredmedia":[{"embeddable":true,"href":"https:\/\/alfaloc.fr\/pt-pt\/wp-json\/wp\/v2\/media\/7615"}],"wp:attachment":[{"href":"https:\/\/alfaloc.fr\/pt-pt\/wp-json\/wp\/v2\/media?parent=4057"}],"curies":[{"name":"wp","href":"https:\/\/api.w.org\/{rel}","templated":true}]}}