{"id":3918,"date":"2024-05-15T09:50:33","date_gmt":"2024-05-15T09:50:33","guid":{"rendered":"https:\/\/alfaloc.pt\/?page_id=3918"},"modified":"2024-11-14T14:27:21","modified_gmt":"2024-11-14T14:27:21","slug":"empresa-aplauso","status":"publish","type":"page","link":"https:\/\/alfaloc.fr\/pt-pt\/empresa-aplauso\/","title":{"rendered":"Empresa APLAUSO"},"content":{"rendered":"\t\t<div data-elementor-type=\"wp-page\" data-elementor-id=\"3918\" class=\"elementor elementor-3918\" data-elementor-post-type=\"page\">\n\t\t\t\t<div class=\"elementor-element elementor-element-60474014 e-flex e-con-boxed e-con e-parent\" data-id=\"60474014\" data-element_type=\"container\">\n\t\t\t\t\t<div class=\"e-con-inner\">\n\t\t<div class=\"elementor-element elementor-element-115f6401 e-con-full e-flex e-con e-child\" data-id=\"115f6401\" data-element_type=\"container\">\n\t\t\t\t<div class=\"elementor-element elementor-element-314592a elementor-widget__width-inherit elementor-widget-mobile__width-inherit elementor-widget-tablet__width-initial elementor-widget elementor-widget-heading\" data-id=\"314592a\" data-element_type=\"widget\" data-widget_type=\"heading.default\">\n\t\t\t\t<div class=\"elementor-widget-container\">\n\t\t\t<style>\/*! elementor - v3.22.0 - 17-06-2024 *\/\n.elementor-heading-title{padding:0;margin:0;line-height:1}.elementor-widget-heading .elementor-heading-title[class*=elementor-size-]>a{color:inherit;font-size:inherit;line-height:inherit}.elementor-widget-heading .elementor-heading-title.elementor-size-small{font-size:15px}.elementor-widget-heading .elementor-heading-title.elementor-size-medium{font-size:19px}.elementor-widget-heading .elementor-heading-title.elementor-size-large{font-size:29px}.elementor-widget-heading .elementor-heading-title.elementor-size-xl{font-size:39px}.elementor-widget-heading .elementor-heading-title.elementor-size-xxl{font-size:59px}<\/style><h2 class=\"elementor-heading-title elementor-size-default\">A Alfaloc e o Millennium BCP aplaudem as empresas portuguesas<\/h2>\t\t<\/div>\n\t\t\t\t<\/div>\n\t\t\t\t<div class=\"elementor-element elementor-element-fb7a68a elementor-hidden-tablet elementor-hidden-mobile_extra elementor-hidden-mobile elementor-widget elementor-widget-spacer\" data-id=\"fb7a68a\" data-element_type=\"widget\" data-widget_type=\"spacer.default\">\n\t\t\t\t<div class=\"elementor-widget-container\">\n\t\t\t<style>\/*! elementor - v3.22.0 - 17-06-2024 *\/\n.elementor-column .elementor-spacer-inner{height:var(--spacer-size)}.e-con{--container-widget-width:100%}.e-con-inner>.elementor-widget-spacer,.e-con>.elementor-widget-spacer{width:var(--container-widget-width,var(--spacer-size));--align-self:var(--container-widget-align-self,initial);--flex-shrink:0}.e-con-inner>.elementor-widget-spacer>.elementor-widget-container,.e-con>.elementor-widget-spacer>.elementor-widget-container{height:100%;width:100%}.e-con-inner>.elementor-widget-spacer>.elementor-widget-container>.elementor-spacer,.e-con>.elementor-widget-spacer>.elementor-widget-container>.elementor-spacer{height:100%}.e-con-inner>.elementor-widget-spacer>.elementor-widget-container>.elementor-spacer>.elementor-spacer-inner,.e-con>.elementor-widget-spacer>.elementor-widget-container>.elementor-spacer>.elementor-spacer-inner{height:var(--container-widget-height,var(--spacer-size))}.e-con-inner>.elementor-widget-spacer.elementor-widget-empty,.e-con>.elementor-widget-spacer.elementor-widget-empty{position:relative;min-height:22px;min-width:22px}.e-con-inner>.elementor-widget-spacer.elementor-widget-empty .elementor-widget-empty-icon,.e-con>.elementor-widget-spacer.elementor-widget-empty .elementor-widget-empty-icon{position:absolute;top:0;bottom:0;left:0;right:0;margin:auto;padding:0;width:22px;height:22px}<\/style>\t\t<div class=\"elementor-spacer\">\n\t\t\t<div class=\"elementor-spacer-inner\"><\/div>\n\t\t<\/div>\n\t\t\t\t<\/div>\n\t\t\t\t<\/div>\n\t\t<div class=\"elementor-element elementor-element-609765a1 e-con-full e-flex e-con e-child\" data-id=\"609765a1\" data-element_type=\"container\">\n\t\t\t\t<div class=\"elementor-element elementor-element-2f486c0b elementor-widget-mobile__width-initial elementor-widget elementor-widget-text-editor\" data-id=\"2f486c0b\" data-element_type=\"widget\" data-widget_type=\"text-editor.default\">\n\t\t\t\t<div class=\"elementor-widget-container\">\n\t\t\t<style>\/*! elementor - v3.22.0 - 17-06-2024 *\/\n.elementor-widget-text-editor.elementor-drop-cap-view-stacked .elementor-drop-cap{background-color:#69727d;color:#fff}.elementor-widget-text-editor.elementor-drop-cap-view-framed .elementor-drop-cap{color:#69727d;border:3px solid;background-color:transparent}.elementor-widget-text-editor:not(.elementor-drop-cap-view-default) .elementor-drop-cap{margin-top:8px}.elementor-widget-text-editor:not(.elementor-drop-cap-view-default) .elementor-drop-cap-letter{width:1em;height:1em}.elementor-widget-text-editor .elementor-drop-cap{float:left;text-align:center;line-height:1;font-size:50px}.elementor-widget-text-editor .elementor-drop-cap-letter{display:inline-block}<\/style>\t\t\t\t<p>Com a <b>alfaloc, <\/b>pode<b> usufruir de vantagens especiais! <\/b>Vantagens do programa BCP Aplauso<\/p><p><span style=\"font-weight: 400;\">O Millennium BCP tem aplaudido e apoiado as Empresas, e os Empres\u00e1rios portugueses, atrav\u00e9s da solu\u00e7\u00e3o integrada de produtos e servi\u00e7os banc\u00e1rios \u201cPrograma Empresa Aplauso\u201d.<\/span><\/p><p><span style=\"font-weight: 400;\">Este programa premeia as empresas que se destacam na Solidez Financeira, Desempenho Econ\u00f3mico e Capacidade de Inova\u00e7\u00e3o.<\/span><\/p><p><span style=\"font-weight: 400;\">Saiba que se a sua empresa reuniu os requisitos que lhe permitem ser Empresa Aplauso, com a <strong>alfaloc<\/strong> pode ter acesso a vantagens especiais.<\/span><\/p><p><strong>Pode ter acesso a vantagens especiais com a Alfaloc?<\/strong><\/p><p><span style=\"font-weight: 400;\">Atrav\u00e9s do Programa Aplauso, o Millennium BCP\u00a0 disponibiliza-lhe um conjunto alargado de benef\u00edcios atrav\u00e9s de uma rede muito restrita de parceiros selecionados.<\/span><\/p><p><span style=\"font-weight: 400;\">Estes parceiros s\u00e3o tamb\u00e9m Empresas Aplauso e destacaram-se de forma t\u00e3o bem-sucedida no seu setor de atividade que foram selecionados pelo Millennium BCP como a empresa de refer\u00eancia com quem trabalhar no setor respetivo.<\/span><\/p>\t\t\t\t\t\t<\/div>\n\t\t\t\t<\/div>\n\t\t\t\t<div class=\"elementor-element elementor-element-f66a395 elementor-widget-mobile__width-inherit elementor-widget elementor-widget-heading\" data-id=\"f66a395\" data-element_type=\"widget\" data-widget_type=\"heading.default\">\n\t\t\t\t<div class=\"elementor-widget-container\">\n\t\t\t<h3 class=\"elementor-heading-title elementor-size-default\">Vantagens BCP Aplauso<\/h3>\t\t<\/div>\n\t\t\t\t<\/div>\n\t\t\t\t<div class=\"elementor-element elementor-element-3d9658b elementor-widget-mobile__width-initial elementor-widget elementor-widget-text-editor\" data-id=\"3d9658b\" data-element_type=\"widget\" data-widget_type=\"text-editor.default\">\n\t\t\t\t<div class=\"elementor-widget-container\">\n\t\t\t\t\t\t\t<p><span style=\"font-weight: 400;\">O Millennium BCP voltou a eleger a <strong>alfaloc<\/strong> como Parceiro Aplauso no setor dos transportes, nomeadamente para transportes urgentes, com necessidades de personaliza\u00e7\u00e3o ou cr\u00edticos.<\/span><\/p><p><span style=\"font-weight: 400;\">Assim, uma vez que a a<strong>lfaloc<\/strong> \u00e9 um Parceiro Aplauso, a sua empresa pode usufruir dos benef\u00edcios especiais atribu\u00eddos via Millennium BCP.<\/span><\/p>\t\t\t\t\t\t<\/div>\n\t\t\t\t<\/div>\n\t\t\t\t<div class=\"elementor-element elementor-element-ce1ea58 elementor-widget-mobile__width-auto elementor-widget elementor-widget-heading\" data-id=\"ce1ea58\" data-element_type=\"widget\" data-widget_type=\"heading.default\">\n\t\t\t\t<div class=\"elementor-widget-container\">\n\t\t\t<h3 class=\"elementor-heading-title elementor-size-default\">A sua empresa \u00e9 uma Empresa Aplauso?<\/h3>\t\t<\/div>\n\t\t\t\t<\/div>\n\t\t\t\t<div class=\"elementor-element elementor-element-cc1c8f0 elementor-widget-mobile__width-initial alfaloc-ul padding-ul elementor-widget elementor-widget-text-editor\" data-id=\"cc1c8f0\" data-element_type=\"widget\" data-widget_type=\"text-editor.default\">\n\t\t\t\t<div class=\"elementor-widget-container\">\n\t\t\t\t\t\t\t<p><b>Quais as vantagens para a sua Empresa Aplauso ao ser cliente Alfaloc?<\/b><\/p><ul><li><span style=\"font-weight: 400;\">15% de Desconto em <\/span><a href=\"https:\/\/alfaloc.pt\/alfaloc-fr\/servico\/partilha\/\"><span style=\"font-weight: 400;\">servi\u00e7os de transportes urgentes<\/span><\/a><ul><li><span style=\"font-weight: 400;\">De e para a Europa Central<\/span><\/li><li><span style=\"font-weight: 400;\">Em carrinhas e mini-TIR.<\/span><\/li><li><span style=\"font-weight: 400;\">Um servi\u00e7o criado para apoiar as empresas exportadoras portuguesas na expedi\u00e7\u00e3o dos seus envios expresso.<\/span><\/li><\/ul><\/li><li><b>A Alfaloc disponibiliza 3 solu\u00e7\u00f5es de servi\u00e7os (<\/b><a href=\"https:\/\/alfaloc.pt\/alfaloc-fr\/servico\/partilha\/\"><b>Partilha<\/b><\/a><b>, <\/b><a href=\"https:\/\/alfaloc.pt\/alfaloc-fr\/servico\/sonyc\/\"><b>Sonyc<\/b><\/a><b> e <\/b><a href=\"https:\/\/alfaloc.pt\/alfaloc-fr\/servico\/foguete\/\"><b>Foguete<\/b><\/a><b>) de excel\u00eancia a pre\u00e7os muito competitivos realizados em PARTILHA de recursos, com enorme sentido de responsabilidade AMBIENTAL.<\/b><\/li><li><span style=\"font-weight: 400;\">VOUCHER OFERTA de 100km para utilizar em servi\u00e7os de transporte diretos e dedicados futuros &#8211; <\/span><a href=\"https:\/\/alfaloc.pt\/alfaloc-fr\/servico\/foguete\/\"><span style=\"font-weight: 400;\">Foguete\u00ae<\/span><\/a><span style=\"font-weight: 400;\">, at\u00e9 ao limite de 10% dos km totais. Servi\u00e7os de transporte para situa\u00e7\u00f5es urgentes, com necessidades de personaliza\u00e7\u00e3o ou caracter\u00edsticas especiais.<\/span><\/li><li><span style=\"font-weight: 400;\">Descontos entre 40% a 55% nas condi\u00e7\u00f5es dos servi\u00e7os de transporte expresso \u00e0 exporta\u00e7\u00e3o (<\/span><a href=\"https:\/\/alfaloc.pt\/alfaloc-fr\/servico\/expresso-porta-a-porta\/\"><span style=\"font-weight: 400;\">Avi\u00e3o<\/span><\/a><span style=\"font-weight: 400;\">, <\/span><a href=\"https:\/\/alfaloc.pt\/alfaloc-fr\/servico\/camiao-diario\/\"><span style=\"font-weight: 400;\">Cami\u00e3o<\/span><\/a><span style=\"font-weight: 400;\"> e <\/span><a href=\"https:\/\/alfaloc.pt\/alfaloc-fr\/servico\/race\/\"><span style=\"font-weight: 400;\">RACE<\/span><\/a><span style=\"font-weight: 400;\">).<\/span><\/li><li><span style=\"font-weight: 400;\">Atribui\u00e7\u00f5es de condi\u00e7\u00f5es muito especiais (<\/span><a href=\"https:\/\/alfaloc.pt\/alfaloc-fr\/servico\/low-cost\/\"><span style=\"font-weight: 400;\">LowCost<\/span><\/a><span style=\"font-weight: 400;\">) para 16 destinos.<\/span><\/li><li><span style=\"font-weight: 400;\">Oferta das <\/span><a href=\"https:\/\/alfaloc.pt\/alfaloc-fr\/embalagens\/\"><span style=\"font-weight: 400;\">embalagens<\/span><\/a><span style=\"font-weight: 400;\"> para os envios expresso internacionais. S\u00e3o mais de 6 solu\u00e7\u00f5es de embalagens.<\/span><\/li><li><span style=\"font-weight: 400;\">Atribui\u00e7\u00e3o de um Gestor de Conta dedicado.<\/span><\/li><li><span style=\"font-weight: 400;\">Porta de entrada online, privilegiada para clientes APLAUSO, via chat e\/ou whatsapp para simplificar ainda mais a rela\u00e7\u00e3o entre cliente e Alfaloc.<\/span><\/li><li><span style=\"font-weight: 400;\">Acesso \u00e0 plataforma online <\/span><a href=\"https:\/\/my.alfaloc.pt\/dashboard\"><span style=\"font-weight: 400;\">myalfaloc<\/span><\/a><span style=\"font-weight: 400;\"> para pedir novos envios, gerir o estado dos envios j\u00e1 realizados, localizar dos envios em tr\u00e2nsito, obter cota\u00e7\u00e3o com as suas tarifas personalizadas, consultar faturas, aceder a campanhas exclusivas, entre outros.<\/span><span style=\"font-weight: 400;\"><br \/><\/span><\/li><\/ul>\t\t\t\t\t\t<\/div>\n\t\t\t\t<\/div>\n\t\t\t\t<div class=\"elementor-element elementor-element-d9492db elementor-widget-mobile__width-initial alfaloc-ul elementor-widget elementor-widget-text-editor\" data-id=\"d9492db\" data-element_type=\"widget\" data-widget_type=\"text-editor.default\">\n\t\t\t\t<div class=\"elementor-widget-container\">\n\t\t\t\t\t\t\t<p><b>Como utilizar:<\/b><\/p><p><a href=\"https:\/\/alfaloc.pt\/alfaloc-fr\/contactos\/\"><span style=\"font-weight: 400;\">Ao contactar-nos <\/span><\/a><span style=\"font-weight: 400;\">refira o c\u00f3digo promocional \u201cAPLAUSO 2024\u201d.<\/span><\/p><p><b>Para mais informa\u00e7\u00f5es:<\/b><\/p><ul><li style=\"font-weight: 400;\"><span style=\"font-weight: 400;\">fale com o Servi\u00e7o de Apoio ao Cliente via 917 777 100<\/span><\/li><li style=\"font-weight: 400;\"><span style=\"font-weight: 400;\">ou envie mail para marketing@alfaloc.pt<\/span><\/li><li style=\"font-weight: 400;\"><span style=\"font-weight: 400;\">ou clique em <\/span><a href=\"#liguem-me\"><span style=\"font-weight: 400;\">Liguem-me<\/span><\/a><span style=\"font-weight: 400;\"> para n\u00f3s lhe ligarmos de volta<\/span><\/li><\/ul>\t\t\t\t\t\t<\/div>\n\t\t\t\t<\/div>\n\t\t\t\t<\/div>\n\t\t\t\t<\/div>\n\t\t<div class=\"elementor-element elementor-element-3bdd03a4 e-con-full elementor-hidden-tablet elementor-hidden-mobile_extra elementor-hidden-mobile e-flex e-con e-child\" data-id=\"3bdd03a4\" data-element_type=\"container\">\n\t\t\t\t<div class=\"elementor-element elementor-element-a62a201 elementor-widget elementor-widget-image\" data-id=\"a62a201\" data-element_type=\"widget\" data-widget_type=\"image.default\">\n\t\t\t\t<div class=\"elementor-widget-container\">\n\t\t\t<style>\/*! elementor - v3.22.0 - 17-06-2024 *\/\n.elementor-widget-image{text-align:center}.elementor-widget-image a{display:inline-block}.elementor-widget-image a img[src$=\".svg\"]{width:48px}.elementor-widget-image img{vertical-align:middle;display:inline-block}<\/style>\t\t\t\t\t\t\t\t\t\t<img fetchpriority=\"high\" decoding=\"async\" width=\"1772\" height=\"710\" src=\"https:\/\/alfaloc.fr\/wp-content\/uploads\/sites\/3\/2024\/05\/a3739ce79633aebb5404db45a174cbc62f7676ca65d87abc03cf2.jpg\" class=\"attachment-full size-full wp-image-3943\" alt=\"alfaloc parceiro aplauso BCP\" srcset=\"https:\/\/alfaloc.fr\/wp-content\/uploads\/sites\/3\/2024\/05\/a3739ce79633aebb5404db45a174cbc62f7676ca65d87abc03cf2.jpg 1772w, https:\/\/alfaloc.fr\/wp-content\/uploads\/sites\/3\/2024\/05\/a3739ce79633aebb5404db45a174cbc62f7676ca65d87abc03cf2-300x120.jpg 300w, https:\/\/alfaloc.fr\/wp-content\/uploads\/sites\/3\/2024\/05\/a3739ce79633aebb5404db45a174cbc62f7676ca65d87abc03cf2-1024x410.jpg 1024w, https:\/\/alfaloc.fr\/wp-content\/uploads\/sites\/3\/2024\/05\/a3739ce79633aebb5404db45a174cbc62f7676ca65d87abc03cf2-768x308.jpg 768w, https:\/\/alfaloc.fr\/wp-content\/uploads\/sites\/3\/2024\/05\/a3739ce79633aebb5404db45a174cbc62f7676ca65d87abc03cf2-1536x615.jpg 1536w\" sizes=\"(max-width: 1772px) 100vw, 1772px\" \/>\t\t\t\t\t\t\t\t\t\t\t\t\t<\/div>\n\t\t\t\t<\/div>\n\t\t\t\t<div class=\"elementor-element elementor-element-9dde412 elementor-widget elementor-widget-image\" data-id=\"9dde412\" data-element_type=\"widget\" data-widget_type=\"image.default\">\n\t\t\t\t<div class=\"elementor-widget-container\">\n\t\t\t\t\t\t\t\t\t\t\t\t\t<img decoding=\"async\" width=\"2062\" height=\"1404\" src=\"https:\/\/alfaloc.fr\/wp-content\/uploads\/sites\/3\/2024\/05\/Captura-de-ecra\u0303-2024-05-15-a\u0300s-11.15.44.png\" class=\"attachment-full size-full wp-image-3948\" alt=\"Descontos ALFALOC\" srcset=\"https:\/\/alfaloc.fr\/wp-content\/uploads\/sites\/3\/2024\/05\/Captura-de-ecra\u0303-2024-05-15-a\u0300s-11.15.44.png 2062w, https:\/\/alfaloc.fr\/wp-content\/uploads\/sites\/3\/2024\/05\/Captura-de-ecra\u0303-2024-05-15-a\u0300s-11.15.44-300x204.png 300w, https:\/\/alfaloc.fr\/wp-content\/uploads\/sites\/3\/2024\/05\/Captura-de-ecra\u0303-2024-05-15-a\u0300s-11.15.44-1024x697.png 1024w, https:\/\/alfaloc.fr\/wp-content\/uploads\/sites\/3\/2024\/05\/Captura-de-ecra\u0303-2024-05-15-a\u0300s-11.15.44-768x523.png 768w, https:\/\/alfaloc.fr\/wp-content\/uploads\/sites\/3\/2024\/05\/Captura-de-ecra\u0303-2024-05-15-a\u0300s-11.15.44-1536x1046.png 1536w, https:\/\/alfaloc.fr\/wp-content\/uploads\/sites\/3\/2024\/05\/Captura-de-ecra\u0303-2024-05-15-a\u0300s-11.15.44-2048x1394.png 2048w\" sizes=\"(max-width: 2062px) 100vw, 2062px\" \/>\t\t\t\t\t\t\t\t\t\t\t\t\t<\/div>\n\t\t\t\t<\/div>\n\t\t\t\t<\/div>\n\t\t\t\t\t<\/div>\n\t\t\t\t<\/div>\n\t\t\t\t<\/div>\n\t\t","protected":false},"excerpt":{"rendered":"<p>O Millennium BCP voltou a eleger a\u00a0Alfaloc\u00a0como Parceiro Aplauso no setor dos transportes urgentes, com necessidades de personaliza\u00e7\u00e3o ou cr\u00edticos.<\/p>\n","protected":false},"author":4,"featured_media":5126,"parent":0,"menu_order":0,"comment_status":"closed","ping_status":"closed","template":"","meta":{"footnotes":""},"class_list":["post-3918","page","type-page","status-publish","has-post-thumbnail","hentry"],"yoast_head":"<!-- This site is optimized with the Yoast SEO Premium plugin v27.5 (Yoast SEO v27.5) - https:\/\/yoast.com\/product\/yoast-seo-premium-wordpress\/ -->\n<title>Empresa APLAUSO - Alfaloc FR - vantagens BCP<\/title>\n<meta name=\"description\" content=\"O Millennium BCP voltou a eleger a\u00a0alfaloc\u00a0como Parceiro Aplauso para transportes urgentes, com necessidades de personaliza\u00e7\u00e3o ou cr\u00edticos.\" \/>\n<meta name=\"robots\" content=\"index, follow, max-snippet:-1, max-image-preview:large, max-video-preview:-1\" \/>\n<link rel=\"canonical\" href=\"https:\/\/alfaloc.fr\/pt-pt\/empresa-aplauso\/\" \/>\n<meta property=\"og:locale\" content=\"pt_PT\" \/>\n<meta property=\"og:type\" content=\"article\" \/>\n<meta property=\"og:title\" content=\"Empresa APLAUSO - Alfaloc FR - vantagens BCP\" \/>\n<meta property=\"og:description\" content=\"O Millennium BCP voltou a eleger a\u00a0alfaloc\u00a0como Parceiro Aplauso para transportes urgentes, com necessidades de personaliza\u00e7\u00e3o ou cr\u00edticos.\" \/>\n<meta property=\"og:url\" content=\"https:\/\/alfaloc.fr\/pt-pt\/empresa-aplauso\/\" \/>\n<meta property=\"og:site_name\" content=\"Alfaloc FR\" \/>\n<meta property=\"article:modified_time\" content=\"2024-11-14T14:27:21+00:00\" \/>\n<meta property=\"og:image\" content=\"https:\/\/alfaloc.fr\/wp-content\/uploads\/sites\/3\/2024\/06\/cliente_aplauso_alfaloc_bcp.png\" \/>\n\t<meta property=\"og:image:width\" content=\"283\" \/>\n\t<meta property=\"og:image:height\" content=\"254\" \/>\n\t<meta property=\"og:image:type\" content=\"image\/png\" \/>\n<meta name=\"twitter:card\" content=\"summary_large_image\" \/>\n<meta name=\"twitter:title\" content=\"Empresa APLAUSO - Alfaloc FR - vantagens BCP\" \/>\n<meta name=\"twitter:description\" content=\"O Millennium BCP voltou a eleger a\u00a0alfaloc\u00a0como Parceiro Aplauso para transportes urgentes, com necessidades de personaliza\u00e7\u00e3o ou cr\u00edticos.\" \/>\n<meta name=\"twitter:label1\" content=\"Tempo estimado de leitura\" \/>\n\t<meta name=\"twitter:data1\" content=\"3 minutos\" \/>\n<script type=\"application\/ld+json\" class=\"yoast-schema-graph\">{\"@context\":\"https:\\\/\\\/schema.org\",\"@graph\":[{\"@type\":\"WebPage\",\"@id\":\"https:\\\/\\\/alfaloc.fr\\\/pt-pt\\\/empresa-aplauso\\\/\",\"url\":\"https:\\\/\\\/alfaloc.fr\\\/pt-pt\\\/empresa-aplauso\\\/\",\"name\":\"Empresa APLAUSO - Alfaloc FR - vantagens BCP\",\"isPartOf\":{\"@id\":\"https:\\\/\\\/alfaloc.fr\\\/pt-pt\\\/#website\"},\"primaryImageOfPage\":{\"@id\":\"https:\\\/\\\/alfaloc.fr\\\/pt-pt\\\/empresa-aplauso\\\/#primaryimage\"},\"image\":{\"@id\":\"https:\\\/\\\/alfaloc.fr\\\/pt-pt\\\/empresa-aplauso\\\/#primaryimage\"},\"thumbnailUrl\":\"https:\\\/\\\/alfaloc.fr\\\/wp-content\\\/uploads\\\/sites\\\/3\\\/2024\\\/06\\\/cliente_aplauso_alfaloc_bcp.png\",\"datePublished\":\"2024-05-15T09:50:33+00:00\",\"dateModified\":\"2024-11-14T14:27:21+00:00\",\"description\":\"O Millennium BCP voltou a eleger a\u00a0alfaloc\u00a0como Parceiro Aplauso para transportes urgentes, com necessidades de personaliza\u00e7\u00e3o ou cr\u00edticos.\",\"breadcrumb\":{\"@id\":\"https:\\\/\\\/alfaloc.fr\\\/pt-pt\\\/empresa-aplauso\\\/#breadcrumb\"},\"inLanguage\":\"pt-PT\",\"potentialAction\":[{\"@type\":\"ReadAction\",\"target\":[\"https:\\\/\\\/alfaloc.fr\\\/pt-pt\\\/empresa-aplauso\\\/\"]}]},{\"@type\":\"ImageObject\",\"inLanguage\":\"pt-PT\",\"@id\":\"https:\\\/\\\/alfaloc.fr\\\/pt-pt\\\/empresa-aplauso\\\/#primaryimage\",\"url\":\"https:\\\/\\\/alfaloc.fr\\\/wp-content\\\/uploads\\\/sites\\\/3\\\/2024\\\/06\\\/cliente_aplauso_alfaloc_bcp.png\",\"contentUrl\":\"https:\\\/\\\/alfaloc.fr\\\/wp-content\\\/uploads\\\/sites\\\/3\\\/2024\\\/06\\\/cliente_aplauso_alfaloc_bcp.png\",\"width\":283,\"height\":254,\"caption\":\"Alfaloc \u00e9 cliente Aplauso 2024 Millenium BCP\"},{\"@type\":\"BreadcrumbList\",\"@id\":\"https:\\\/\\\/alfaloc.fr\\\/pt-pt\\\/empresa-aplauso\\\/#breadcrumb\",\"itemListElement\":[{\"@type\":\"ListItem\",\"position\":1,\"name\":\"In\u00edcio\",\"item\":\"https:\\\/\\\/alfaloc.fr\\\/pt-pt\\\/\"},{\"@type\":\"ListItem\",\"position\":2,\"name\":\"Empresa APLAUSO\"}]},{\"@type\":\"WebSite\",\"@id\":\"https:\\\/\\\/alfaloc.fr\\\/pt-pt\\\/#website\",\"url\":\"https:\\\/\\\/alfaloc.fr\\\/pt-pt\\\/\",\"name\":\"Alfaloc FR\",\"description\":\"\",\"potentialAction\":[{\"@type\":\"SearchAction\",\"target\":{\"@type\":\"EntryPoint\",\"urlTemplate\":\"https:\\\/\\\/alfaloc.fr\\\/pt-pt\\\/?s={search_term_string}\"},\"query-input\":{\"@type\":\"PropertyValueSpecification\",\"valueRequired\":true,\"valueName\":\"search_term_string\"}}],\"inLanguage\":\"pt-PT\"}]}<\/script>\n<!-- \/ Yoast SEO Premium plugin. -->","yoast_head_json":{"title":"Empresa APLAUSO - Alfaloc FR - vantagens BCP","description":"O Millennium BCP voltou a eleger a\u00a0alfaloc\u00a0como Parceiro Aplauso para transportes urgentes, com necessidades de personaliza\u00e7\u00e3o ou cr\u00edticos.","robots":{"index":"index","follow":"follow","max-snippet":"max-snippet:-1","max-image-preview":"max-image-preview:large","max-video-preview":"max-video-preview:-1"},"canonical":"https:\/\/alfaloc.fr\/pt-pt\/empresa-aplauso\/","og_locale":"pt_PT","og_type":"article","og_title":"Empresa APLAUSO - Alfaloc FR - vantagens BCP","og_description":"O Millennium BCP voltou a eleger a\u00a0alfaloc\u00a0como Parceiro Aplauso para transportes urgentes, com necessidades de personaliza\u00e7\u00e3o ou cr\u00edticos.","og_url":"https:\/\/alfaloc.fr\/pt-pt\/empresa-aplauso\/","og_site_name":"Alfaloc FR","article_modified_time":"2024-11-14T14:27:21+00:00","og_image":[{"width":283,"height":254,"url":"https:\/\/alfaloc.fr\/wp-content\/uploads\/sites\/3\/2024\/06\/cliente_aplauso_alfaloc_bcp.png","type":"image\/png"}],"twitter_card":"summary_large_image","twitter_title":"Empresa APLAUSO - Alfaloc FR - vantagens BCP","twitter_description":"O Millennium BCP voltou a eleger a\u00a0alfaloc\u00a0como Parceiro Aplauso para transportes urgentes, com necessidades de personaliza\u00e7\u00e3o ou cr\u00edticos.","twitter_misc":{"Tempo estimado de leitura":"3 minutos"},"schema":{"@context":"https:\/\/schema.org","@graph":[{"@type":"WebPage","@id":"https:\/\/alfaloc.fr\/pt-pt\/empresa-aplauso\/","url":"https:\/\/alfaloc.fr\/pt-pt\/empresa-aplauso\/","name":"Empresa APLAUSO - Alfaloc FR - vantagens BCP","isPartOf":{"@id":"https:\/\/alfaloc.fr\/pt-pt\/#website"},"primaryImageOfPage":{"@id":"https:\/\/alfaloc.fr\/pt-pt\/empresa-aplauso\/#primaryimage"},"image":{"@id":"https:\/\/alfaloc.fr\/pt-pt\/empresa-aplauso\/#primaryimage"},"thumbnailUrl":"https:\/\/alfaloc.fr\/wp-content\/uploads\/sites\/3\/2024\/06\/cliente_aplauso_alfaloc_bcp.png","datePublished":"2024-05-15T09:50:33+00:00","dateModified":"2024-11-14T14:27:21+00:00","description":"O Millennium BCP voltou a eleger a\u00a0alfaloc\u00a0como Parceiro Aplauso para transportes urgentes, com necessidades de personaliza\u00e7\u00e3o ou cr\u00edticos.","breadcrumb":{"@id":"https:\/\/alfaloc.fr\/pt-pt\/empresa-aplauso\/#breadcrumb"},"inLanguage":"pt-PT","potentialAction":[{"@type":"ReadAction","target":["https:\/\/alfaloc.fr\/pt-pt\/empresa-aplauso\/"]}]},{"@type":"ImageObject","inLanguage":"pt-PT","@id":"https:\/\/alfaloc.fr\/pt-pt\/empresa-aplauso\/#primaryimage","url":"https:\/\/alfaloc.fr\/wp-content\/uploads\/sites\/3\/2024\/06\/cliente_aplauso_alfaloc_bcp.png","contentUrl":"https:\/\/alfaloc.fr\/wp-content\/uploads\/sites\/3\/2024\/06\/cliente_aplauso_alfaloc_bcp.png","width":283,"height":254,"caption":"Alfaloc \u00e9 cliente Aplauso 2024 Millenium BCP"},{"@type":"BreadcrumbList","@id":"https:\/\/alfaloc.fr\/pt-pt\/empresa-aplauso\/#breadcrumb","itemListElement":[{"@type":"ListItem","position":1,"name":"In\u00edcio","item":"https:\/\/alfaloc.fr\/pt-pt\/"},{"@type":"ListItem","position":2,"name":"Empresa APLAUSO"}]},{"@type":"WebSite","@id":"https:\/\/alfaloc.fr\/pt-pt\/#website","url":"https:\/\/alfaloc.fr\/pt-pt\/","name":"Alfaloc FR","description":"","potentialAction":[{"@type":"SearchAction","target":{"@type":"EntryPoint","urlTemplate":"https:\/\/alfaloc.fr\/pt-pt\/?s={search_term_string}"},"query-input":{"@type":"PropertyValueSpecification","valueRequired":true,"valueName":"search_term_string"}}],"inLanguage":"pt-PT"}]}},"_links":{"self":[{"href":"https:\/\/alfaloc.fr\/pt-pt\/wp-json\/wp\/v2\/pages\/3918","targetHints":{"allow":["GET"]}}],"collection":[{"href":"https:\/\/alfaloc.fr\/pt-pt\/wp-json\/wp\/v2\/pages"}],"about":[{"href":"https:\/\/alfaloc.fr\/pt-pt\/wp-json\/wp\/v2\/types\/page"}],"author":[{"embeddable":true,"href":"https:\/\/alfaloc.fr\/pt-pt\/wp-json\/wp\/v2\/users\/4"}],"replies":[{"embeddable":true,"href":"https:\/\/alfaloc.fr\/pt-pt\/wp-json\/wp\/v2\/comments?post=3918"}],"version-history":[{"count":109,"href":"https:\/\/alfaloc.fr\/pt-pt\/wp-json\/wp\/v2\/pages\/3918\/revisions"}],"predecessor-version":[{"id":8359,"href":"https:\/\/alfaloc.fr\/pt-pt\/wp-json\/wp\/v2\/pages\/3918\/revisions\/8359"}],"wp:featuredmedia":[{"embeddable":true,"href":"https:\/\/alfaloc.fr\/pt-pt\/wp-json\/wp\/v2\/media\/5126"}],"wp:attachment":[{"href":"https:\/\/alfaloc.fr\/pt-pt\/wp-json\/wp\/v2\/media?parent=3918"}],"curies":[{"name":"wp","href":"https:\/\/api.w.org\/{rel}","templated":true}]}}