{"id":3615,"date":"2024-04-19T15:13:02","date_gmt":"2024-04-19T15:13:02","guid":{"rendered":"https:\/\/alfaloc.pt\/?page_id=3615"},"modified":"2024-11-27T14:26:52","modified_gmt":"2024-11-27T14:26:52","slug":"parceiros","status":"publish","type":"page","link":"https:\/\/alfaloc.fr\/pt-pt\/parceiros\/","title":{"rendered":"Parceiros"},"content":{"rendered":"\t\t<div data-elementor-type=\"wp-page\" data-elementor-id=\"3615\" class=\"elementor elementor-3615\" data-elementor-post-type=\"page\">\n\t\t\t\t<div class=\"elementor-element elementor-element-339dd2 e-flex e-con-boxed e-con e-parent\" data-id=\"339dd2\" data-element_type=\"container\">\n\t\t\t\t\t<div class=\"e-con-inner\">\n\t\t<div class=\"elementor-element elementor-element-47958993 e-con-full e-flex e-con e-child\" data-id=\"47958993\" data-element_type=\"container\">\n\t\t\t\t<div class=\"elementor-element elementor-element-57f47c69 elementor-widget__width-inherit elementor-widget-mobile__width-inherit elementor-widget-tablet__width-initial elementor-widget elementor-widget-heading\" data-id=\"57f47c69\" data-element_type=\"widget\" data-widget_type=\"heading.default\">\n\t\t\t\t<div class=\"elementor-widget-container\">\n\t\t\t<style>\/*! elementor - v3.22.0 - 17-06-2024 *\/\n.elementor-heading-title{padding:0;margin:0;line-height:1}.elementor-widget-heading .elementor-heading-title[class*=elementor-size-]>a{color:inherit;font-size:inherit;line-height:inherit}.elementor-widget-heading .elementor-heading-title.elementor-size-small{font-size:15px}.elementor-widget-heading .elementor-heading-title.elementor-size-medium{font-size:19px}.elementor-widget-heading .elementor-heading-title.elementor-size-large{font-size:29px}.elementor-widget-heading .elementor-heading-title.elementor-size-xl{font-size:39px}.elementor-widget-heading .elementor-heading-title.elementor-size-xxl{font-size:59px}<\/style><h2 class=\"elementor-heading-title elementor-size-default\">Pretendo ser parceiro Alfaloc<\/h2>\t\t<\/div>\n\t\t\t\t<\/div>\n\t\t\t\t<div class=\"elementor-element elementor-element-1c5dd2b0 elementor-hidden-mobile elementor-widget elementor-widget-spacer\" data-id=\"1c5dd2b0\" data-element_type=\"widget\" data-widget_type=\"spacer.default\">\n\t\t\t\t<div class=\"elementor-widget-container\">\n\t\t\t<style>\/*! elementor - v3.22.0 - 17-06-2024 *\/\n.elementor-column .elementor-spacer-inner{height:var(--spacer-size)}.e-con{--container-widget-width:100%}.e-con-inner>.elementor-widget-spacer,.e-con>.elementor-widget-spacer{width:var(--container-widget-width,var(--spacer-size));--align-self:var(--container-widget-align-self,initial);--flex-shrink:0}.e-con-inner>.elementor-widget-spacer>.elementor-widget-container,.e-con>.elementor-widget-spacer>.elementor-widget-container{height:100%;width:100%}.e-con-inner>.elementor-widget-spacer>.elementor-widget-container>.elementor-spacer,.e-con>.elementor-widget-spacer>.elementor-widget-container>.elementor-spacer{height:100%}.e-con-inner>.elementor-widget-spacer>.elementor-widget-container>.elementor-spacer>.elementor-spacer-inner,.e-con>.elementor-widget-spacer>.elementor-widget-container>.elementor-spacer>.elementor-spacer-inner{height:var(--container-widget-height,var(--spacer-size))}.e-con-inner>.elementor-widget-spacer.elementor-widget-empty,.e-con>.elementor-widget-spacer.elementor-widget-empty{position:relative;min-height:22px;min-width:22px}.e-con-inner>.elementor-widget-spacer.elementor-widget-empty .elementor-widget-empty-icon,.e-con>.elementor-widget-spacer.elementor-widget-empty .elementor-widget-empty-icon{position:absolute;top:0;bottom:0;left:0;right:0;margin:auto;padding:0;width:22px;height:22px}<\/style>\t\t<div class=\"elementor-spacer\">\n\t\t\t<div class=\"elementor-spacer-inner\"><\/div>\n\t\t<\/div>\n\t\t\t\t<\/div>\n\t\t\t\t<\/div>\n\t\t<div class=\"elementor-element elementor-element-380f59f9 e-con-full e-flex e-con e-child\" data-id=\"380f59f9\" data-element_type=\"container\">\n\t\t\t\t<div class=\"elementor-element elementor-element-9339892 elementor-widget-mobile__width-initial alfaloc-ul elementor-widget elementor-widget-text-editor\" data-id=\"9339892\" data-element_type=\"widget\" data-widget_type=\"text-editor.default\">\n\t\t\t\t<div class=\"elementor-widget-container\">\n\t\t\t<style>\/*! elementor - v3.22.0 - 17-06-2024 *\/\n.elementor-widget-text-editor.elementor-drop-cap-view-stacked .elementor-drop-cap{background-color:#69727d;color:#fff}.elementor-widget-text-editor.elementor-drop-cap-view-framed .elementor-drop-cap{color:#69727d;border:3px solid;background-color:transparent}.elementor-widget-text-editor:not(.elementor-drop-cap-view-default) .elementor-drop-cap{margin-top:8px}.elementor-widget-text-editor:not(.elementor-drop-cap-view-default) .elementor-drop-cap-letter{width:1em;height:1em}.elementor-widget-text-editor .elementor-drop-cap{float:left;text-align:center;line-height:1;font-size:50px}.elementor-widget-text-editor .elementor-drop-cap-letter{display:inline-block}<\/style>\t\t\t\t<p class=\"p1\">A<b> alfaloc<\/b> tem como parte da sua Pol\u00edtica de Qualidade o desenvolvimento de rela\u00e7\u00f5es pr\u00f3ximas com os fornecedores (subcontratados) de modo a assegurar a melhoria cont\u00ednua do n\u00edvel qualitativo dos fornecimentos e a sua competitividade. Parceiros de neg\u00f3cio.<\/p><p class=\"p1\">Para avaliarmos a sua candidatura precisamos dos seguintes dados:<\/p><ul class=\"ul1\"><li class=\"li1\">Breve descri\u00e7\u00e3o ou apresenta\u00e7\u00e3o da empresa.<\/li><li class=\"li1\">Alvar\u00e1 de transportador<\/li><li class=\"li1\">Declara\u00e7\u00e3o de n\u00e3o d\u00edvida \u00e0 Seguran\u00e7a Social<\/li><li class=\"li1\">Seguro de Transportador<\/li><li class=\"li1\">IBAN<\/li><\/ul>\t\t\t\t\t\t<\/div>\n\t\t\t\t<\/div>\n\t\t\t\t<div class=\"elementor-element elementor-element-ab06e56 elementor-widget-mobile__width-inherit elementor-widget elementor-widget-heading\" data-id=\"ab06e56\" data-element_type=\"widget\" data-widget_type=\"heading.default\">\n\t\t\t\t<div class=\"elementor-widget-container\">\n\t\t\t<h3 class=\"elementor-heading-title elementor-size-default\">Parceiros de neg\u00f3cio<\/h3>\t\t<\/div>\n\t\t\t\t<\/div>\n\t\t\t\t<div class=\"elementor-element elementor-element-632ece2 elementor-widget-mobile__width-initial elementor-widget elementor-widget-text-editor\" data-id=\"632ece2\" data-element_type=\"widget\" data-widget_type=\"text-editor.default\">\n\t\t\t\t<div class=\"elementor-widget-container\">\n\t\t\t\t\t\t\t<p>Os desafios que os\u00a0<a href=\"https:\/\/alfaloc.pt\/alfaloc-fr\/sustentabilidade\/\" target=\"_blank\" rel=\"noopener\">crit\u00e9rios ESG<\/a>\u00a0nos trazem, levam a um maior rigor no estabelecimento destas parcerias. Privilegiamos a proximidade, as preocupa\u00e7\u00f5es ambientais, a rela\u00e7\u00e3o com a sociedade e uma gest\u00e3o respons\u00e1vel.<\/p>\t\t\t\t\t\t<\/div>\n\t\t\t\t<\/div>\n\t\t\t\t<div class=\"elementor-element elementor-element-096df32 elementor-widget__width-inherit elementor-widget-mobile__width-inherit elementor-widget-tablet__width-initial elementor-widget elementor-widget-heading\" data-id=\"096df32\" data-element_type=\"widget\" data-widget_type=\"heading.default\">\n\t\t\t\t<div class=\"elementor-widget-container\">\n\t\t\t<h2 class=\"elementor-heading-title elementor-size-default\">Informa\u00e7\u00f5es \u00fateis para Parceiros de neg\u00f3cio Alfaloc<\/h2>\t\t<\/div>\n\t\t\t\t<\/div>\n\t\t\t\t<div class=\"elementor-element elementor-element-314d383 elementor-widget-mobile__width-initial elementor-widget elementor-widget-text-editor\" data-id=\"314d383\" data-element_type=\"widget\" data-widget_type=\"text-editor.default\">\n\t\t\t\t<div class=\"elementor-widget-container\">\n\t\t\t\t\t\t\t<p>A <strong>alfaloc<\/strong> disponibiliza a todos os seus parceiros uma plataforma de apoio ao fluxo da comunica\u00e7\u00e3o contabilistica e financeira essencial para o desenvolvimento do neg\u00f3cio.<\/p><p>Especialmente para os servi\u00e7os efectuados no final do ano civil,\u00a0 dever\u00e1 proceder ao envio das faturas em tempo \u00fatil. Ou seja, para respeitar o encerramento do exerc\u00edcio contabil\u00edstico, \u00e9 obrigat\u00f3rio que todos os servi\u00e7os sejam faturados at\u00e9 31 de Dezembro do ano do pr\u00f3prio servi\u00e7o.\u00a0<\/p><p><b>Poder\u00e1 facilmente carregar as suas faturas na nossa plataforma: <\/b><span class=\"s1\"><a href=\"https:\/\/partnership.glaxus.pt\/flex\/tracking\">partnership.glaxus.pt<\/a><\/span><\/p><p>Consulte o <a href=\"https:\/\/alfaloc.pt\/alfaloc-fr\/wp-content\/uploads\/sites\/3\/2024\/11\/Manual-de-Utilizador-Partnership.pdf\">manual de utilizador do partnership<\/a> para esclarecer as suas d\u00favidas.<\/p><p><span style=\"text-decoration: underline;\">Video de apoio<\/span><\/p>\t\t\t\t\t\t<\/div>\n\t\t\t\t<\/div>\n\t\t\t\t<div class=\"elementor-element elementor-element-f585459 elementor-widget elementor-widget-video\" data-id=\"f585459\" data-element_type=\"widget\" data-settings=\"{&quot;youtube_url&quot;:&quot;https:\\\/\\\/www.youtube.com\\\/watch?v=J6itk_kB338&quot;,&quot;video_type&quot;:&quot;youtube&quot;,&quot;controls&quot;:&quot;yes&quot;}\" data-widget_type=\"video.default\">\n\t\t\t\t<div class=\"elementor-widget-container\">\n\t\t\t<style>\/*! elementor - v3.22.0 - 17-06-2024 *\/\n.elementor-widget-video .elementor-widget-container{overflow:hidden;transform:translateZ(0)}.elementor-widget-video .elementor-wrapper{aspect-ratio:var(--video-aspect-ratio)}.elementor-widget-video .elementor-wrapper iframe,.elementor-widget-video .elementor-wrapper video{height:100%;width:100%;display:flex;border:none;background-color:#000}@supports not (aspect-ratio:1\/1){.elementor-widget-video .elementor-wrapper{position:relative;overflow:hidden;height:0;padding-bottom:calc(100% \/ var(--video-aspect-ratio))}.elementor-widget-video .elementor-wrapper iframe,.elementor-widget-video .elementor-wrapper video{position:absolute;top:0;right:0;bottom:0;left:0}}.elementor-widget-video .elementor-open-inline .elementor-custom-embed-image-overlay{position:absolute;top:0;right:0;bottom:0;left:0;background-size:cover;background-position:50%}.elementor-widget-video .elementor-custom-embed-image-overlay{cursor:pointer;text-align:center}.elementor-widget-video .elementor-custom-embed-image-overlay:hover .elementor-custom-embed-play i{opacity:1}.elementor-widget-video .elementor-custom-embed-image-overlay img{display:block;width:100%;aspect-ratio:var(--video-aspect-ratio);-o-object-fit:cover;object-fit:cover;-o-object-position:center center;object-position:center center}@supports not (aspect-ratio:1\/1){.elementor-widget-video .elementor-custom-embed-image-overlay{position:relative;overflow:hidden;height:0;padding-bottom:calc(100% \/ var(--video-aspect-ratio))}.elementor-widget-video .elementor-custom-embed-image-overlay img{position:absolute;top:0;right:0;bottom:0;left:0}}.elementor-widget-video .e-hosted-video .elementor-video{-o-object-fit:cover;object-fit:cover}.e-con-inner>.elementor-widget-video,.e-con>.elementor-widget-video{width:var(--container-widget-width);--flex-grow:var(--container-widget-flex-grow)}<\/style>\t\t<div class=\"elementor-wrapper elementor-open-inline\">\n\t\t\t<div class=\"elementor-video\"><\/div>\t\t<\/div>\n\t\t\t\t<\/div>\n\t\t\t\t<\/div>\n\t\t\t\t<\/div>\n\t\t\t\t<\/div>\n\t\t<div class=\"elementor-element elementor-element-45b3e7e6 e-con-full elementor-hidden-tablet elementor-hidden-mobile_extra elementor-hidden-mobile e-flex e-con e-child\" data-id=\"45b3e7e6\" data-element_type=\"container\">\n\t\t\t\t<div class=\"elementor-element elementor-element-8ce1a45 elementor-widget-mobile__width-inherit elementor-widget elementor-widget-heading\" data-id=\"8ce1a45\" data-element_type=\"widget\" data-widget_type=\"heading.default\">\n\t\t\t\t<div class=\"elementor-widget-container\">\n\t\t\t<h3 class=\"elementor-heading-title elementor-size-default\">Novos Parceiros<\/h3>\t\t<\/div>\n\t\t\t\t<\/div>\n\t\t\t\t<div class=\"elementor-element elementor-element-325010d elementor-widget elementor-widget-html\" data-id=\"325010d\" data-element_type=\"widget\" data-widget_type=\"html.default\">\n\t\t\t\t<div class=\"elementor-widget-container\">\n\t\t\t<div class=\"eg-embed-ve2ReObX\"><\/div>\t\t<\/div>\n\t\t\t\t<\/div>\n\t\t\t\t<\/div>\n\t\t\t\t\t<\/div>\n\t\t\t\t<\/div>\n\t\t\t\t<\/div>\n\t\t","protected":false},"excerpt":{"rendered":"<p>Seja um dos parceiros Alfaloc, empresas l\u00edderes que colaboram para oferecer servi\u00e7os de transporte e log\u00edstica inovadores.<\/p>\n","protected":false},"author":1,"featured_media":622,"parent":0,"menu_order":0,"comment_status":"closed","ping_status":"closed","template":"","meta":{"footnotes":""},"class_list":["post-3615","page","type-page","status-publish","has-post-thumbnail","hentry"],"yoast_head":"<!-- This site is optimized with the Yoast SEO Premium plugin v27.2 (Yoast SEO v27.2) - https:\/\/yoast.com\/product\/yoast-seo-premium-wordpress\/ -->\n<title>Parceiros de neg\u00f3cio - Alfaloc FR<\/title>\n<meta name=\"description\" content=\"Seja um dos parceiros de neg\u00f3cio Alfaloc, empresas l\u00edderes que colaboram para oferecer servi\u00e7os de transporte e log\u00edstica inovadores.\" \/>\n<meta name=\"robots\" content=\"index, follow, max-snippet:-1, max-image-preview:large, max-video-preview:-1\" \/>\n<link rel=\"canonical\" href=\"https:\/\/alfaloc.fr\/pt-pt\/parceiros\/\" \/>\n<meta property=\"og:locale\" content=\"pt_PT\" \/>\n<meta property=\"og:type\" content=\"article\" \/>\n<meta property=\"og:title\" content=\"Parceiros de neg\u00f3cio - Alfaloc FR\" \/>\n<meta property=\"og:description\" content=\"Seja um dos parceiros de neg\u00f3cio Alfaloc, empresas l\u00edderes que colaboram para oferecer servi\u00e7os de transporte e log\u00edstica inovadores.\" \/>\n<meta property=\"og:url\" content=\"https:\/\/alfaloc.fr\/pt-pt\/parceiros\/\" \/>\n<meta property=\"og:site_name\" content=\"Alfaloc FR\" \/>\n<meta property=\"article:modified_time\" content=\"2024-11-27T14:26:52+00:00\" \/>\n<meta property=\"og:image\" content=\"https:\/\/alfaloc.fr\/wp-content\/uploads\/sites\/3\/2024\/01\/ja-tem-conta-alfaloc.png\" \/>\n\t<meta property=\"og:image:width\" content=\"1575\" \/>\n\t<meta property=\"og:image:height\" content=\"422\" \/>\n\t<meta property=\"og:image:type\" content=\"image\/png\" \/>\n<meta name=\"twitter:card\" content=\"summary_large_image\" \/>\n<meta name=\"twitter:title\" content=\"Parceiros de neg\u00f3cio - Alfaloc FR\" \/>\n<meta name=\"twitter:description\" content=\"Seja um dos parceiros de neg\u00f3cio Alfaloc, empresas l\u00edderes que colaboram para oferecer servi\u00e7os de transporte e log\u00edstica inovadores.\" \/>\n<meta name=\"twitter:label1\" content=\"Tempo estimado de leitura\" \/>\n\t<meta name=\"twitter:data1\" content=\"2 minutos\" \/>\n<script type=\"application\/ld+json\" class=\"yoast-schema-graph\">{\"@context\":\"https:\/\/schema.org\",\"@graph\":[{\"@type\":\"WebPage\",\"@id\":\"https:\/\/alfaloc.fr\/pt-pt\/parceiros\/\",\"url\":\"https:\/\/alfaloc.fr\/pt-pt\/parceiros\/\",\"name\":\"Parceiros de neg\u00f3cio - Alfaloc FR\",\"isPartOf\":{\"@id\":\"https:\/\/alfaloc.fr\/pt-pt\/#website\"},\"primaryImageOfPage\":{\"@id\":\"https:\/\/alfaloc.fr\/pt-pt\/parceiros\/#primaryimage\"},\"image\":{\"@id\":\"https:\/\/alfaloc.fr\/pt-pt\/parceiros\/#primaryimage\"},\"thumbnailUrl\":\"https:\/\/alfaloc.fr\/wp-content\/uploads\/sites\/3\/2024\/01\/ja-tem-conta-alfaloc.png\",\"datePublished\":\"2024-04-19T15:13:02+00:00\",\"dateModified\":\"2024-11-27T14:26:52+00:00\",\"description\":\"Seja um dos parceiros de neg\u00f3cio Alfaloc, empresas l\u00edderes que colaboram para oferecer servi\u00e7os de transporte e log\u00edstica inovadores.\",\"breadcrumb\":{\"@id\":\"https:\/\/alfaloc.fr\/pt-pt\/parceiros\/#breadcrumb\"},\"inLanguage\":\"pt-PT\",\"potentialAction\":[{\"@type\":\"ReadAction\",\"target\":[\"https:\/\/alfaloc.fr\/pt-pt\/parceiros\/\"]}]},{\"@type\":\"ImageObject\",\"inLanguage\":\"pt-PT\",\"@id\":\"https:\/\/alfaloc.fr\/pt-pt\/parceiros\/#primaryimage\",\"url\":\"https:\/\/alfaloc.fr\/wp-content\/uploads\/sites\/3\/2024\/01\/ja-tem-conta-alfaloc.png\",\"contentUrl\":\"https:\/\/alfaloc.fr\/wp-content\/uploads\/sites\/3\/2024\/01\/ja-tem-conta-alfaloc.png\",\"width\":1575,\"height\":422,\"caption\":\"Carrinha alfaloc\"},{\"@type\":\"BreadcrumbList\",\"@id\":\"https:\/\/alfaloc.fr\/pt-pt\/parceiros\/#breadcrumb\",\"itemListElement\":[{\"@type\":\"ListItem\",\"position\":1,\"name\":\"In\u00edcio\",\"item\":\"https:\/\/alfaloc.fr\/pt-pt\/\"},{\"@type\":\"ListItem\",\"position\":2,\"name\":\"Parceiros\"}]},{\"@type\":\"WebSite\",\"@id\":\"https:\/\/alfaloc.fr\/pt-pt\/#website\",\"url\":\"https:\/\/alfaloc.fr\/pt-pt\/\",\"name\":\"Alfaloc FR\",\"description\":\"\",\"potentialAction\":[{\"@type\":\"SearchAction\",\"target\":{\"@type\":\"EntryPoint\",\"urlTemplate\":\"https:\/\/alfaloc.fr\/pt-pt\/?s={search_term_string}\"},\"query-input\":{\"@type\":\"PropertyValueSpecification\",\"valueRequired\":true,\"valueName\":\"search_term_string\"}}],\"inLanguage\":\"pt-PT\"}]}<\/script>\n<!-- \/ Yoast SEO Premium plugin. -->","yoast_head_json":{"title":"Parceiros de neg\u00f3cio - Alfaloc FR","description":"Seja um dos parceiros de neg\u00f3cio Alfaloc, empresas l\u00edderes que colaboram para oferecer servi\u00e7os de transporte e log\u00edstica inovadores.","robots":{"index":"index","follow":"follow","max-snippet":"max-snippet:-1","max-image-preview":"max-image-preview:large","max-video-preview":"max-video-preview:-1"},"canonical":"https:\/\/alfaloc.fr\/pt-pt\/parceiros\/","og_locale":"pt_PT","og_type":"article","og_title":"Parceiros de neg\u00f3cio - Alfaloc FR","og_description":"Seja um dos parceiros de neg\u00f3cio Alfaloc, empresas l\u00edderes que colaboram para oferecer servi\u00e7os de transporte e log\u00edstica inovadores.","og_url":"https:\/\/alfaloc.fr\/pt-pt\/parceiros\/","og_site_name":"Alfaloc FR","article_modified_time":"2024-11-27T14:26:52+00:00","og_image":[{"width":1575,"height":422,"url":"https:\/\/alfaloc.fr\/wp-content\/uploads\/sites\/3\/2024\/01\/ja-tem-conta-alfaloc.png","type":"image\/png"}],"twitter_card":"summary_large_image","twitter_title":"Parceiros de neg\u00f3cio - Alfaloc FR","twitter_description":"Seja um dos parceiros de neg\u00f3cio Alfaloc, empresas l\u00edderes que colaboram para oferecer servi\u00e7os de transporte e log\u00edstica inovadores.","twitter_misc":{"Tempo estimado de leitura":"2 minutos"},"schema":{"@context":"https:\/\/schema.org","@graph":[{"@type":"WebPage","@id":"https:\/\/alfaloc.fr\/pt-pt\/parceiros\/","url":"https:\/\/alfaloc.fr\/pt-pt\/parceiros\/","name":"Parceiros de neg\u00f3cio - Alfaloc FR","isPartOf":{"@id":"https:\/\/alfaloc.fr\/pt-pt\/#website"},"primaryImageOfPage":{"@id":"https:\/\/alfaloc.fr\/pt-pt\/parceiros\/#primaryimage"},"image":{"@id":"https:\/\/alfaloc.fr\/pt-pt\/parceiros\/#primaryimage"},"thumbnailUrl":"https:\/\/alfaloc.fr\/wp-content\/uploads\/sites\/3\/2024\/01\/ja-tem-conta-alfaloc.png","datePublished":"2024-04-19T15:13:02+00:00","dateModified":"2024-11-27T14:26:52+00:00","description":"Seja um dos parceiros de neg\u00f3cio Alfaloc, empresas l\u00edderes que colaboram para oferecer servi\u00e7os de transporte e log\u00edstica inovadores.","breadcrumb":{"@id":"https:\/\/alfaloc.fr\/pt-pt\/parceiros\/#breadcrumb"},"inLanguage":"pt-PT","potentialAction":[{"@type":"ReadAction","target":["https:\/\/alfaloc.fr\/pt-pt\/parceiros\/"]}]},{"@type":"ImageObject","inLanguage":"pt-PT","@id":"https:\/\/alfaloc.fr\/pt-pt\/parceiros\/#primaryimage","url":"https:\/\/alfaloc.fr\/wp-content\/uploads\/sites\/3\/2024\/01\/ja-tem-conta-alfaloc.png","contentUrl":"https:\/\/alfaloc.fr\/wp-content\/uploads\/sites\/3\/2024\/01\/ja-tem-conta-alfaloc.png","width":1575,"height":422,"caption":"Carrinha alfaloc"},{"@type":"BreadcrumbList","@id":"https:\/\/alfaloc.fr\/pt-pt\/parceiros\/#breadcrumb","itemListElement":[{"@type":"ListItem","position":1,"name":"In\u00edcio","item":"https:\/\/alfaloc.fr\/pt-pt\/"},{"@type":"ListItem","position":2,"name":"Parceiros"}]},{"@type":"WebSite","@id":"https:\/\/alfaloc.fr\/pt-pt\/#website","url":"https:\/\/alfaloc.fr\/pt-pt\/","name":"Alfaloc FR","description":"","potentialAction":[{"@type":"SearchAction","target":{"@type":"EntryPoint","urlTemplate":"https:\/\/alfaloc.fr\/pt-pt\/?s={search_term_string}"},"query-input":{"@type":"PropertyValueSpecification","valueRequired":true,"valueName":"search_term_string"}}],"inLanguage":"pt-PT"}]}},"_links":{"self":[{"href":"https:\/\/alfaloc.fr\/pt-pt\/wp-json\/wp\/v2\/pages\/3615","targetHints":{"allow":["GET"]}}],"collection":[{"href":"https:\/\/alfaloc.fr\/pt-pt\/wp-json\/wp\/v2\/pages"}],"about":[{"href":"https:\/\/alfaloc.fr\/pt-pt\/wp-json\/wp\/v2\/types\/page"}],"author":[{"embeddable":true,"href":"https:\/\/alfaloc.fr\/pt-pt\/wp-json\/wp\/v2\/users\/1"}],"replies":[{"embeddable":true,"href":"https:\/\/alfaloc.fr\/pt-pt\/wp-json\/wp\/v2\/comments?post=3615"}],"version-history":[{"count":109,"href":"https:\/\/alfaloc.fr\/pt-pt\/wp-json\/wp\/v2\/pages\/3615\/revisions"}],"predecessor-version":[{"id":8778,"href":"https:\/\/alfaloc.fr\/pt-pt\/wp-json\/wp\/v2\/pages\/3615\/revisions\/8778"}],"wp:featuredmedia":[{"embeddable":true,"href":"https:\/\/alfaloc.fr\/pt-pt\/wp-json\/wp\/v2\/media\/622"}],"wp:attachment":[{"href":"https:\/\/alfaloc.fr\/pt-pt\/wp-json\/wp\/v2\/media?parent=3615"}],"curies":[{"name":"wp","href":"https:\/\/api.w.org\/{rel}","templated":true}]}}