{"id":2513,"date":"2024-02-29T09:59:30","date_gmt":"2024-02-29T09:59:30","guid":{"rendered":"https:\/\/alfaloc.pt\/?page_id=2513"},"modified":"2024-12-17T15:13:50","modified_gmt":"2024-12-17T15:13:50","slug":"sobre-nos","status":"publish","type":"page","link":"https:\/\/alfaloc.fr\/pt-pt\/sobre-nos\/","title":{"rendered":"Sobre n\u00f3s"},"content":{"rendered":"\t\t<div data-elementor-type=\"wp-page\" data-elementor-id=\"2513\" class=\"elementor elementor-2513\" data-elementor-post-type=\"page\">\n\t\t\t\t<div class=\"elementor-element elementor-element-ec00ce9 e-flex e-con-boxed e-con e-parent\" data-id=\"ec00ce9\" data-element_type=\"container\">\n\t\t\t\t\t<div class=\"e-con-inner\">\n\t\t<div class=\"elementor-element elementor-element-f4de466 e-con-full e-flex e-con e-child\" data-id=\"f4de466\" data-element_type=\"container\">\n\t\t\t\t<div class=\"elementor-element elementor-element-9d43130 elementor-widget__width-inherit elementor-widget-mobile__width-inherit elementor-widget-tablet__width-initial elementor-widget elementor-widget-heading\" data-id=\"9d43130\" data-element_type=\"widget\" data-widget_type=\"heading.default\">\n\t\t\t\t<div class=\"elementor-widget-container\">\n\t\t\t<style>\/*! elementor - v3.22.0 - 17-06-2024 *\/\n.elementor-heading-title{padding:0;margin:0;line-height:1}.elementor-widget-heading .elementor-heading-title[class*=elementor-size-]>a{color:inherit;font-size:inherit;line-height:inherit}.elementor-widget-heading .elementor-heading-title.elementor-size-small{font-size:15px}.elementor-widget-heading .elementor-heading-title.elementor-size-medium{font-size:19px}.elementor-widget-heading .elementor-heading-title.elementor-size-large{font-size:29px}.elementor-widget-heading .elementor-heading-title.elementor-size-xl{font-size:39px}.elementor-widget-heading .elementor-heading-title.elementor-size-xxl{font-size:59px}<\/style><h2 class=\"elementor-heading-title elementor-size-default\">A Nossa Hist\u00f3ria e Compromisso para com os nossos clientes<\/h2>\t\t<\/div>\n\t\t\t\t<\/div>\n\t\t\t\t<div class=\"elementor-element elementor-element-1f2042e elementor-hidden-mobile elementor-widget elementor-widget-spacer\" data-id=\"1f2042e\" data-element_type=\"widget\" data-widget_type=\"spacer.default\">\n\t\t\t\t<div class=\"elementor-widget-container\">\n\t\t\t<style>\/*! elementor - v3.22.0 - 17-06-2024 *\/\n.elementor-column .elementor-spacer-inner{height:var(--spacer-size)}.e-con{--container-widget-width:100%}.e-con-inner>.elementor-widget-spacer,.e-con>.elementor-widget-spacer{width:var(--container-widget-width,var(--spacer-size));--align-self:var(--container-widget-align-self,initial);--flex-shrink:0}.e-con-inner>.elementor-widget-spacer>.elementor-widget-container,.e-con>.elementor-widget-spacer>.elementor-widget-container{height:100%;width:100%}.e-con-inner>.elementor-widget-spacer>.elementor-widget-container>.elementor-spacer,.e-con>.elementor-widget-spacer>.elementor-widget-container>.elementor-spacer{height:100%}.e-con-inner>.elementor-widget-spacer>.elementor-widget-container>.elementor-spacer>.elementor-spacer-inner,.e-con>.elementor-widget-spacer>.elementor-widget-container>.elementor-spacer>.elementor-spacer-inner{height:var(--container-widget-height,var(--spacer-size))}.e-con-inner>.elementor-widget-spacer.elementor-widget-empty,.e-con>.elementor-widget-spacer.elementor-widget-empty{position:relative;min-height:22px;min-width:22px}.e-con-inner>.elementor-widget-spacer.elementor-widget-empty .elementor-widget-empty-icon,.e-con>.elementor-widget-spacer.elementor-widget-empty .elementor-widget-empty-icon{position:absolute;top:0;bottom:0;left:0;right:0;margin:auto;padding:0;width:22px;height:22px}<\/style>\t\t<div class=\"elementor-spacer\">\n\t\t\t<div class=\"elementor-spacer-inner\"><\/div>\n\t\t<\/div>\n\t\t\t\t<\/div>\n\t\t\t\t<\/div>\n\t\t<div class=\"elementor-element elementor-element-a4df184 e-con-full e-flex e-con e-child\" data-id=\"a4df184\" data-element_type=\"container\">\n\t\t\t\t<div class=\"elementor-element elementor-element-ace9522 elementor-widget-mobile__width-initial elementor-widget elementor-widget-text-editor\" data-id=\"ace9522\" data-element_type=\"widget\" data-widget_type=\"text-editor.default\">\n\t\t\t\t<div class=\"elementor-widget-container\">\n\t\t\t<style>\/*! elementor - v3.22.0 - 17-06-2024 *\/\n.elementor-widget-text-editor.elementor-drop-cap-view-stacked .elementor-drop-cap{background-color:#69727d;color:#fff}.elementor-widget-text-editor.elementor-drop-cap-view-framed .elementor-drop-cap{color:#69727d;border:3px solid;background-color:transparent}.elementor-widget-text-editor:not(.elementor-drop-cap-view-default) .elementor-drop-cap{margin-top:8px}.elementor-widget-text-editor:not(.elementor-drop-cap-view-default) .elementor-drop-cap-letter{width:1em;height:1em}.elementor-widget-text-editor .elementor-drop-cap{float:left;text-align:center;line-height:1;font-size:50px}.elementor-widget-text-editor .elementor-drop-cap-letter{display:inline-block}<\/style>\t\t\t\t<p>A <strong>alfaloc<\/strong> \u00e9 uma empresa de transporte expresso internacional de mercadorias constitu\u00edda por <strong>gente de for\u00e7a especial<\/strong> e uma <strong>aten\u00e7\u00e3o fora do comum<\/strong> \u00e0quilo que o Cliente precisa. H\u00e1 quase 30 anos a operar nos transportes em Portugal.<\/p><p>A for\u00e7a especial das solu\u00e7\u00f5es <strong>alfaloc<\/strong> s\u00e3o os servi\u00e7os urgentes, personalizados e\/ou cr\u00edticos &#8211; que se caracterizam pela total adequa\u00e7\u00e3o \u00e0s necessidades do Cliente e pelo transporte non stop de uma mercadoria at\u00e9 ao seu destino.<\/p><p><strong>A alfaloc procura ser um parceiro de neg\u00f3cio e n\u00e3o apenas mais um fornecedor.\u00a0<\/strong><\/p><p>Os servi\u00e7os v\u00e3o desde o transporte de documentos a grandes cargas, a n\u00edvel internacional e nacional, por diferentes meios, para Clientes de diversos setores de atividade.<\/p><p>A alfaloc \u00e9 tamb\u00e9m conhecida pela simpatia no atendimento e proximidade. A opini\u00e3o do Cliente \u00e9 sempre muito valorizada e acarinhada, por isso n\u00e3o hesite em dizer-nos o que pensa.<\/p>\t\t\t\t\t\t<\/div>\n\t\t\t\t<\/div>\n\t\t\t\t<div class=\"elementor-element elementor-element-88b96d0 elementor-hidden-mobile elementor-hidden-tablet_extra elementor-hidden-tablet elementor-hidden-mobile_extra elementor-widget elementor-widget-spacer\" data-id=\"88b96d0\" data-element_type=\"widget\" data-widget_type=\"spacer.default\">\n\t\t\t\t<div class=\"elementor-widget-container\">\n\t\t\t\t\t<div class=\"elementor-spacer\">\n\t\t\t<div class=\"elementor-spacer-inner\"><\/div>\n\t\t<\/div>\n\t\t\t\t<\/div>\n\t\t\t\t<\/div>\n\t\t\t\t<div class=\"elementor-element elementor-element-32a69f7 elementor-widget elementor-widget-heading\" data-id=\"32a69f7\" data-element_type=\"widget\" data-widget_type=\"heading.default\">\n\t\t\t\t<div class=\"elementor-widget-container\">\n\t\t\t<h2 class=\"elementor-heading-title elementor-size-default\">No mercado dos transportes desde 1995, contamos atualmente com 5 Delega\u00e7\u00f5es em Portugal e 1 em Espanha:<\/h2>\t\t<\/div>\n\t\t\t\t<\/div>\n\t\t\t\t<div class=\"elementor-element elementor-element-86c72c6 elementor-widget-mobile__width-initial alfaloc-ul ul-dot-red elementor-widget elementor-widget-text-editor\" data-id=\"86c72c6\" data-element_type=\"widget\" data-widget_type=\"text-editor.default\">\n\t\t\t\t<div class=\"elementor-widget-container\">\n\t\t\t\t\t\t\t<ul><li><a href=\"https:\/\/alfaloc.pt\/alfaloc-fr\/equipa-lisboa-ocidental-alfaloc\/\">Lisboa Ocidental<\/a> \u2013 com sede no Cac\u00e9m<\/li><li><a href=\"https:\/\/alfaloc.pt\/alfaloc-fr\/equipa-lisboa-oriental-alfaloc\/\">Lisboa Oriental<\/a> \u2013 com sede em Loures<\/li><li><a href=\"https:\/\/alfaloc.pt\/alfaloc-fr\/equipa-centro-alfaloc\/\">Centro Litoral<\/a> \u2013 com sede em Marinha Grande<\/li><li><a href=\"https:\/\/alfaloc.pt\/alfaloc-fr\/equipa-entre-douro-e-vouga-alfaloc\/\">Entre Douro e Vouga<\/a> \u2013 com sede em Oliveira de Azem\u00e9is<\/li><li><a href=\"https:\/\/alfaloc.pt\/alfaloc-fr\/equipa-litoral-norte-alfaloc\/\">Litoral Norte<\/a> &#8211; com sede em Vila Nova de Famalic\u00e3o<\/li><li><a href=\"http:\/\/www.alfaloc.es\">Alfaloc Euskad<\/a>i &#8211; com sede em San Sebasti\u00e1n<\/li><\/ul>\t\t\t\t\t\t<\/div>\n\t\t\t\t<\/div>\n\t\t\t\t<div class=\"elementor-element elementor-element-031eb61 elementor-widget elementor-widget-spacer\" data-id=\"031eb61\" data-element_type=\"widget\" data-widget_type=\"spacer.default\">\n\t\t\t\t<div class=\"elementor-widget-container\">\n\t\t\t\t\t<div class=\"elementor-spacer\">\n\t\t\t<div class=\"elementor-spacer-inner\"><\/div>\n\t\t<\/div>\n\t\t\t\t<\/div>\n\t\t\t\t<\/div>\n\t\t\t\t<div class=\"elementor-element elementor-element-44848ec elementor-widget-mobile__width-initial elementor-widget elementor-widget-text-editor\" data-id=\"44848ec\" data-element_type=\"widget\" data-widget_type=\"text-editor.default\">\n\t\t\t\t<div class=\"elementor-widget-container\">\n\t\t\t\t\t\t\t<p>Os Clientes <strong>alfaloc<\/strong> pertencem a setores de atividade como: Ind\u00fastria de Moldes e Pl\u00e1sticos, fornecedores da Ind\u00fastria Autom\u00f3vel em geral, Inform\u00e1tica, Cal\u00e7ado, T\u00eaxteis, Laborat\u00f3rios, Farmac\u00eauticas, Setor P\u00fablico, entre outros.<br \/><br \/>A <strong>alfaloc<\/strong> \u00e9 a empresa merecedora de v\u00e1rias Certificados e Distin\u00e7\u00f5es como PME Excel\u00eancia, PME l\u00edder. Espreite alguns em <a href=\"https:\/\/alfaloc.pt\/alfaloc-fr\/certificados-e-distincoes\/\">Certificados e Distin\u00e7\u00f5es<\/a>.<br \/><br \/>H\u00e1 uma especial aposta na sustentabilidade econ\u00f3mica, ambiental e social, perfeitamete refletida na <a href=\"https:\/\/alfaloc.pt\/alfaloc-fr\/missao-e-proposito\/\">Miss\u00e3o, Vis\u00e3o e Valores<\/a> <strong>alfaloc<\/strong>.<br \/><br \/>\u00c9 por isso que h\u00e1 cada vez mais empresas a contar com a <strong>alfaloc<\/strong> para a expedi\u00e7\u00e3o dos seus envios.Fique a conhecer esta \u00abFor\u00e7a Especial\u00bb e seja muito bem-vindo(a)!<br \/><br \/><strong>Por si fazemos mais e melhor.<\/strong><\/p>\t\t\t\t\t\t<\/div>\n\t\t\t\t<\/div>\n\t\t\t\t<\/div>\n\t\t\t\t<\/div>\n\t\t<div class=\"elementor-element elementor-element-e02f2d5 e-con-full elementor-hidden-tablet elementor-hidden-mobile_extra elementor-hidden-mobile e-flex e-con e-child\" data-id=\"e02f2d5\" data-element_type=\"container\">\n\t\t\t\t<\/div>\n\t\t\t\t\t<\/div>\n\t\t\t\t<\/div>\n\t\t\t\t<\/div>\n\t\t","protected":false},"excerpt":{"rendered":"<p>Saiba mais sobre a Alfaloc, l\u00edder em transportes urgentes e cr\u00edticos em Portugal. Compromisso com qualidade, inova\u00e7\u00e3o e satisfa\u00e7\u00e3o do cliente<\/p>\n","protected":false},"author":1,"featured_media":384,"parent":0,"menu_order":0,"comment_status":"closed","ping_status":"closed","template":"","meta":{"footnotes":""},"class_list":["post-2513","page","type-page","status-publish","has-post-thumbnail","hentry"],"yoast_head":"<!-- This site is optimized with the Yoast SEO Premium plugin v27.5 (Yoast SEO v27.5) - https:\/\/yoast.com\/product\/yoast-seo-premium-wordpress\/ -->\n<title>Sobre n\u00f3s - Alfaloc FR - Transportes em Portugal<\/title>\n<meta name=\"description\" content=\"Saiba mais sobre a Alfaloc, l\u00edder em transportes urgentes e cr\u00edticos em Portugal. Compromisso com qualidade, inova\u00e7\u00e3o e satisfa\u00e7\u00e3o do cliente\" \/>\n<meta name=\"robots\" content=\"index, follow, max-snippet:-1, max-image-preview:large, max-video-preview:-1\" \/>\n<link rel=\"canonical\" href=\"https:\/\/alfaloc.fr\/pt-pt\/sobre-nos\/\" \/>\n<meta property=\"og:locale\" content=\"pt_PT\" \/>\n<meta property=\"og:type\" content=\"article\" \/>\n<meta property=\"og:title\" content=\"Sobre n\u00f3s - Alfaloc FR - Transportes em Portugal\" \/>\n<meta property=\"og:description\" content=\"Saiba mais sobre a Alfaloc, l\u00edder em transportes urgentes e cr\u00edticos em Portugal. Compromisso com qualidade, inova\u00e7\u00e3o e satisfa\u00e7\u00e3o do cliente\" \/>\n<meta property=\"og:url\" content=\"https:\/\/alfaloc.fr\/pt-pt\/sobre-nos\/\" \/>\n<meta property=\"og:site_name\" content=\"Alfaloc FR\" \/>\n<meta property=\"article:modified_time\" content=\"2024-12-17T15:13:50+00:00\" \/>\n<meta property=\"og:image\" content=\"https:\/\/alfaloc.fr\/wp-content\/uploads\/sites\/3\/2024\/08\/nacional.png\" \/>\n\t<meta property=\"og:image:width\" content=\"300\" \/>\n\t<meta property=\"og:image:height\" content=\"300\" \/>\n\t<meta property=\"og:image:type\" content=\"image\/png\" \/>\n<meta name=\"twitter:card\" content=\"summary_large_image\" \/>\n<meta name=\"twitter:title\" content=\"Sobre n\u00f3s - Alfaloc FR - Transportes em Portugal\" \/>\n<meta name=\"twitter:description\" content=\"Saiba mais sobre a Alfaloc, l\u00edder em transportes urgentes e cr\u00edticos em Portugal. Compromisso com qualidade, inova\u00e7\u00e3o e satisfa\u00e7\u00e3o do cliente\" \/>\n<meta name=\"twitter:label1\" content=\"Tempo estimado de leitura\" \/>\n\t<meta name=\"twitter:data1\" content=\"2 minutos\" \/>\n<script type=\"application\/ld+json\" class=\"yoast-schema-graph\">{\"@context\":\"https:\\\/\\\/schema.org\",\"@graph\":[{\"@type\":[\"WebPage\",\"AboutPage\"],\"@id\":\"https:\\\/\\\/alfaloc.fr\\\/pt-pt\\\/sobre-nos\\\/\",\"url\":\"https:\\\/\\\/alfaloc.fr\\\/pt-pt\\\/sobre-nos\\\/\",\"name\":\"Sobre n\u00f3s - Alfaloc FR - Transportes em Portugal\",\"isPartOf\":{\"@id\":\"https:\\\/\\\/alfaloc.fr\\\/pt-pt\\\/#website\"},\"primaryImageOfPage\":{\"@id\":\"https:\\\/\\\/alfaloc.fr\\\/pt-pt\\\/sobre-nos\\\/#primaryimage\"},\"image\":{\"@id\":\"https:\\\/\\\/alfaloc.fr\\\/pt-pt\\\/sobre-nos\\\/#primaryimage\"},\"thumbnailUrl\":\"https:\\\/\\\/alfaloc.fr\\\/wp-content\\\/uploads\\\/sites\\\/3\\\/2023\\\/12\\\/alfaloc-footer-logo.svg\",\"datePublished\":\"2024-02-29T09:59:30+00:00\",\"dateModified\":\"2024-12-17T15:13:50+00:00\",\"description\":\"Saiba mais sobre a Alfaloc, l\u00edder em transportes urgentes e cr\u00edticos em Portugal. Compromisso com qualidade, inova\u00e7\u00e3o e satisfa\u00e7\u00e3o do cliente\",\"breadcrumb\":{\"@id\":\"https:\\\/\\\/alfaloc.fr\\\/pt-pt\\\/sobre-nos\\\/#breadcrumb\"},\"inLanguage\":\"pt-PT\",\"potentialAction\":[{\"@type\":\"ReadAction\",\"target\":[\"https:\\\/\\\/alfaloc.fr\\\/pt-pt\\\/sobre-nos\\\/\"]}]},{\"@type\":\"ImageObject\",\"inLanguage\":\"pt-PT\",\"@id\":\"https:\\\/\\\/alfaloc.fr\\\/pt-pt\\\/sobre-nos\\\/#primaryimage\",\"url\":\"https:\\\/\\\/alfaloc.fr\\\/wp-content\\\/uploads\\\/sites\\\/3\\\/2023\\\/12\\\/alfaloc-footer-logo.svg\",\"contentUrl\":\"https:\\\/\\\/alfaloc.fr\\\/wp-content\\\/uploads\\\/sites\\\/3\\\/2023\\\/12\\\/alfaloc-footer-logo.svg\",\"caption\":\"Alfaloc Transportes expresso\"},{\"@type\":\"BreadcrumbList\",\"@id\":\"https:\\\/\\\/alfaloc.fr\\\/pt-pt\\\/sobre-nos\\\/#breadcrumb\",\"itemListElement\":[{\"@type\":\"ListItem\",\"position\":1,\"name\":\"In\u00edcio\",\"item\":\"https:\\\/\\\/alfaloc.fr\\\/pt-pt\\\/\"},{\"@type\":\"ListItem\",\"position\":2,\"name\":\"Sobre n\u00f3s\"}]},{\"@type\":\"WebSite\",\"@id\":\"https:\\\/\\\/alfaloc.fr\\\/pt-pt\\\/#website\",\"url\":\"https:\\\/\\\/alfaloc.fr\\\/pt-pt\\\/\",\"name\":\"Alfaloc FR\",\"description\":\"\",\"potentialAction\":[{\"@type\":\"SearchAction\",\"target\":{\"@type\":\"EntryPoint\",\"urlTemplate\":\"https:\\\/\\\/alfaloc.fr\\\/pt-pt\\\/?s={search_term_string}\"},\"query-input\":{\"@type\":\"PropertyValueSpecification\",\"valueRequired\":true,\"valueName\":\"search_term_string\"}}],\"inLanguage\":\"pt-PT\"}]}<\/script>\n<!-- \/ Yoast SEO Premium plugin. -->","yoast_head_json":{"title":"Sobre n\u00f3s - Alfaloc FR - Transportes em Portugal","description":"Saiba mais sobre a Alfaloc, l\u00edder em transportes urgentes e cr\u00edticos em Portugal. Compromisso com qualidade, inova\u00e7\u00e3o e satisfa\u00e7\u00e3o do cliente","robots":{"index":"index","follow":"follow","max-snippet":"max-snippet:-1","max-image-preview":"max-image-preview:large","max-video-preview":"max-video-preview:-1"},"canonical":"https:\/\/alfaloc.fr\/pt-pt\/sobre-nos\/","og_locale":"pt_PT","og_type":"article","og_title":"Sobre n\u00f3s - Alfaloc FR - Transportes em Portugal","og_description":"Saiba mais sobre a Alfaloc, l\u00edder em transportes urgentes e cr\u00edticos em Portugal. Compromisso com qualidade, inova\u00e7\u00e3o e satisfa\u00e7\u00e3o do cliente","og_url":"https:\/\/alfaloc.fr\/pt-pt\/sobre-nos\/","og_site_name":"Alfaloc FR","article_modified_time":"2024-12-17T15:13:50+00:00","og_image":[{"width":300,"height":300,"url":"https:\/\/alfaloc.fr\/wp-content\/uploads\/sites\/3\/2024\/08\/nacional.png","type":"image\/png"}],"twitter_card":"summary_large_image","twitter_title":"Sobre n\u00f3s - Alfaloc FR - Transportes em Portugal","twitter_description":"Saiba mais sobre a Alfaloc, l\u00edder em transportes urgentes e cr\u00edticos em Portugal. Compromisso com qualidade, inova\u00e7\u00e3o e satisfa\u00e7\u00e3o do cliente","twitter_misc":{"Tempo estimado de leitura":"2 minutos"},"schema":{"@context":"https:\/\/schema.org","@graph":[{"@type":["WebPage","AboutPage"],"@id":"https:\/\/alfaloc.fr\/pt-pt\/sobre-nos\/","url":"https:\/\/alfaloc.fr\/pt-pt\/sobre-nos\/","name":"Sobre n\u00f3s - Alfaloc FR - Transportes em Portugal","isPartOf":{"@id":"https:\/\/alfaloc.fr\/pt-pt\/#website"},"primaryImageOfPage":{"@id":"https:\/\/alfaloc.fr\/pt-pt\/sobre-nos\/#primaryimage"},"image":{"@id":"https:\/\/alfaloc.fr\/pt-pt\/sobre-nos\/#primaryimage"},"thumbnailUrl":"https:\/\/alfaloc.fr\/wp-content\/uploads\/sites\/3\/2023\/12\/alfaloc-footer-logo.svg","datePublished":"2024-02-29T09:59:30+00:00","dateModified":"2024-12-17T15:13:50+00:00","description":"Saiba mais sobre a Alfaloc, l\u00edder em transportes urgentes e cr\u00edticos em Portugal. Compromisso com qualidade, inova\u00e7\u00e3o e satisfa\u00e7\u00e3o do cliente","breadcrumb":{"@id":"https:\/\/alfaloc.fr\/pt-pt\/sobre-nos\/#breadcrumb"},"inLanguage":"pt-PT","potentialAction":[{"@type":"ReadAction","target":["https:\/\/alfaloc.fr\/pt-pt\/sobre-nos\/"]}]},{"@type":"ImageObject","inLanguage":"pt-PT","@id":"https:\/\/alfaloc.fr\/pt-pt\/sobre-nos\/#primaryimage","url":"https:\/\/alfaloc.fr\/wp-content\/uploads\/sites\/3\/2023\/12\/alfaloc-footer-logo.svg","contentUrl":"https:\/\/alfaloc.fr\/wp-content\/uploads\/sites\/3\/2023\/12\/alfaloc-footer-logo.svg","caption":"Alfaloc Transportes expresso"},{"@type":"BreadcrumbList","@id":"https:\/\/alfaloc.fr\/pt-pt\/sobre-nos\/#breadcrumb","itemListElement":[{"@type":"ListItem","position":1,"name":"In\u00edcio","item":"https:\/\/alfaloc.fr\/pt-pt\/"},{"@type":"ListItem","position":2,"name":"Sobre n\u00f3s"}]},{"@type":"WebSite","@id":"https:\/\/alfaloc.fr\/pt-pt\/#website","url":"https:\/\/alfaloc.fr\/pt-pt\/","name":"Alfaloc FR","description":"","potentialAction":[{"@type":"SearchAction","target":{"@type":"EntryPoint","urlTemplate":"https:\/\/alfaloc.fr\/pt-pt\/?s={search_term_string}"},"query-input":{"@type":"PropertyValueSpecification","valueRequired":true,"valueName":"search_term_string"}}],"inLanguage":"pt-PT"}]}},"_links":{"self":[{"href":"https:\/\/alfaloc.fr\/pt-pt\/wp-json\/wp\/v2\/pages\/2513","targetHints":{"allow":["GET"]}}],"collection":[{"href":"https:\/\/alfaloc.fr\/pt-pt\/wp-json\/wp\/v2\/pages"}],"about":[{"href":"https:\/\/alfaloc.fr\/pt-pt\/wp-json\/wp\/v2\/types\/page"}],"author":[{"embeddable":true,"href":"https:\/\/alfaloc.fr\/pt-pt\/wp-json\/wp\/v2\/users\/1"}],"replies":[{"embeddable":true,"href":"https:\/\/alfaloc.fr\/pt-pt\/wp-json\/wp\/v2\/comments?post=2513"}],"version-history":[{"count":28,"href":"https:\/\/alfaloc.fr\/pt-pt\/wp-json\/wp\/v2\/pages\/2513\/revisions"}],"predecessor-version":[{"id":9270,"href":"https:\/\/alfaloc.fr\/pt-pt\/wp-json\/wp\/v2\/pages\/2513\/revisions\/9270"}],"wp:featuredmedia":[{"embeddable":true,"href":"https:\/\/alfaloc.fr\/pt-pt\/wp-json\/wp\/v2\/media\/384"}],"wp:attachment":[{"href":"https:\/\/alfaloc.fr\/pt-pt\/wp-json\/wp\/v2\/media?parent=2513"}],"curies":[{"name":"wp","href":"https:\/\/api.w.org\/{rel}","templated":true}]}}