{"id":2493,"date":"2024-02-28T18:47:43","date_gmt":"2024-02-28T18:47:43","guid":{"rendered":"https:\/\/alfaloc.pt\/?page_id=2493"},"modified":"2024-08-28T14:52:47","modified_gmt":"2024-08-28T14:52:47","slug":"missao-e-proposito","status":"publish","type":"page","link":"https:\/\/alfaloc.fr\/pt-pt\/missao-e-proposito\/","title":{"rendered":"Miss\u00e3o e Prop\u00f3sito"},"content":{"rendered":"\t\t<div data-elementor-type=\"wp-page\" data-elementor-id=\"2493\" class=\"elementor elementor-2493\" data-elementor-post-type=\"page\">\n\t\t\t\t<div class=\"elementor-element elementor-element-9745b2f e-flex e-con-boxed e-con e-parent\" data-id=\"9745b2f\" data-element_type=\"container\">\n\t\t\t\t\t<div class=\"e-con-inner\">\n\t\t<div class=\"elementor-element elementor-element-8a1bea6 e-con-full e-flex e-con e-child\" data-id=\"8a1bea6\" data-element_type=\"container\">\n\t\t\t\t<div class=\"elementor-element elementor-element-9451751 elementor-widget__width-inherit elementor-widget-mobile__width-inherit elementor-widget-tablet__width-initial elementor-widget elementor-widget-heading\" data-id=\"9451751\" data-element_type=\"widget\" data-widget_type=\"heading.default\">\n\t\t\t\t<div class=\"elementor-widget-container\">\n\t\t\t<style>\/*! elementor - v3.22.0 - 17-06-2024 *\/\n.elementor-heading-title{padding:0;margin:0;line-height:1}.elementor-widget-heading .elementor-heading-title[class*=elementor-size-]>a{color:inherit;font-size:inherit;line-height:inherit}.elementor-widget-heading .elementor-heading-title.elementor-size-small{font-size:15px}.elementor-widget-heading .elementor-heading-title.elementor-size-medium{font-size:19px}.elementor-widget-heading .elementor-heading-title.elementor-size-large{font-size:29px}.elementor-widget-heading .elementor-heading-title.elementor-size-xl{font-size:39px}.elementor-widget-heading .elementor-heading-title.elementor-size-xxl{font-size:59px}<\/style><h2 class=\"elementor-heading-title elementor-size-default\">L\u00edder com Valores<\/h2>\t\t<\/div>\n\t\t\t\t<\/div>\n\t\t\t\t<div class=\"elementor-element elementor-element-bf7bfd4 elementor-hidden-mobile elementor-widget elementor-widget-spacer\" data-id=\"bf7bfd4\" data-element_type=\"widget\" data-widget_type=\"spacer.default\">\n\t\t\t\t<div class=\"elementor-widget-container\">\n\t\t\t<style>\/*! elementor - v3.22.0 - 17-06-2024 *\/\n.elementor-column .elementor-spacer-inner{height:var(--spacer-size)}.e-con{--container-widget-width:100%}.e-con-inner>.elementor-widget-spacer,.e-con>.elementor-widget-spacer{width:var(--container-widget-width,var(--spacer-size));--align-self:var(--container-widget-align-self,initial);--flex-shrink:0}.e-con-inner>.elementor-widget-spacer>.elementor-widget-container,.e-con>.elementor-widget-spacer>.elementor-widget-container{height:100%;width:100%}.e-con-inner>.elementor-widget-spacer>.elementor-widget-container>.elementor-spacer,.e-con>.elementor-widget-spacer>.elementor-widget-container>.elementor-spacer{height:100%}.e-con-inner>.elementor-widget-spacer>.elementor-widget-container>.elementor-spacer>.elementor-spacer-inner,.e-con>.elementor-widget-spacer>.elementor-widget-container>.elementor-spacer>.elementor-spacer-inner{height:var(--container-widget-height,var(--spacer-size))}.e-con-inner>.elementor-widget-spacer.elementor-widget-empty,.e-con>.elementor-widget-spacer.elementor-widget-empty{position:relative;min-height:22px;min-width:22px}.e-con-inner>.elementor-widget-spacer.elementor-widget-empty .elementor-widget-empty-icon,.e-con>.elementor-widget-spacer.elementor-widget-empty .elementor-widget-empty-icon{position:absolute;top:0;bottom:0;left:0;right:0;margin:auto;padding:0;width:22px;height:22px}<\/style>\t\t<div class=\"elementor-spacer\">\n\t\t\t<div class=\"elementor-spacer-inner\"><\/div>\n\t\t<\/div>\n\t\t\t\t<\/div>\n\t\t\t\t<\/div>\n\t\t<div class=\"elementor-element elementor-element-4d7d16c e-con-full e-flex e-con e-child\" data-id=\"4d7d16c\" data-element_type=\"container\">\n\t\t\t\t<div class=\"elementor-element elementor-element-2f8db47 elementor-widget elementor-widget-heading\" data-id=\"2f8db47\" data-element_type=\"widget\" data-widget_type=\"heading.default\">\n\t\t\t\t<div class=\"elementor-widget-container\">\n\t\t\t<h3 class=\"elementor-heading-title elementor-size-default\">Qual \u00e9 a nossa Miss\u00e3o?<\/h3>\t\t<\/div>\n\t\t\t\t<\/div>\n\t\t\t\t<div class=\"elementor-element elementor-element-009a31e elementor-widget-mobile__width-initial elementor-widget elementor-widget-text-editor\" data-id=\"009a31e\" data-element_type=\"widget\" data-widget_type=\"text-editor.default\">\n\t\t\t\t<div class=\"elementor-widget-container\">\n\t\t\t<style>\/*! elementor - v3.22.0 - 17-06-2024 *\/\n.elementor-widget-text-editor.elementor-drop-cap-view-stacked .elementor-drop-cap{background-color:#69727d;color:#fff}.elementor-widget-text-editor.elementor-drop-cap-view-framed .elementor-drop-cap{color:#69727d;border:3px solid;background-color:transparent}.elementor-widget-text-editor:not(.elementor-drop-cap-view-default) .elementor-drop-cap{margin-top:8px}.elementor-widget-text-editor:not(.elementor-drop-cap-view-default) .elementor-drop-cap-letter{width:1em;height:1em}.elementor-widget-text-editor .elementor-drop-cap{float:left;text-align:center;line-height:1;font-size:50px}.elementor-widget-text-editor .elementor-drop-cap-letter{display:inline-block}<\/style>\t\t\t\t<p>Conquistarmos e merecermos confian\u00e7a, proporcionando experi\u00eancias de excel\u00eancia em solu\u00e7\u00f5es de transportes expresso.<\/p>\t\t\t\t\t\t<\/div>\n\t\t\t\t<\/div>\n\t\t\t\t<div class=\"elementor-element elementor-element-51cfe41 elementor-hidden-mobile elementor-hidden-tablet_extra elementor-hidden-tablet elementor-hidden-mobile_extra elementor-widget elementor-widget-spacer\" data-id=\"51cfe41\" data-element_type=\"widget\" data-widget_type=\"spacer.default\">\n\t\t\t\t<div class=\"elementor-widget-container\">\n\t\t\t\t\t<div class=\"elementor-spacer\">\n\t\t\t<div class=\"elementor-spacer-inner\"><\/div>\n\t\t<\/div>\n\t\t\t\t<\/div>\n\t\t\t\t<\/div>\n\t\t\t\t<div class=\"elementor-element elementor-element-ba41281 elementor-widget elementor-widget-heading\" data-id=\"ba41281\" data-element_type=\"widget\" data-widget_type=\"heading.default\">\n\t\t\t\t<div class=\"elementor-widget-container\">\n\t\t\t<h3 class=\"elementor-heading-title elementor-size-default\">Qual \u00e9 a nossa Vis\u00e3o?<\/h3>\t\t<\/div>\n\t\t\t\t<\/div>\n\t\t\t\t<div class=\"elementor-element elementor-element-9633a44 elementor-widget-mobile__width-initial elementor-widget elementor-widget-text-editor\" data-id=\"9633a44\" data-element_type=\"widget\" data-widget_type=\"text-editor.default\">\n\t\t\t\t<div class=\"elementor-widget-container\">\n\t\t\t\t\t\t\t<p>Ambicionamos ser uma empresa distintiva, formada por Pessoas que constroem rela\u00e7\u00f5es de confian\u00e7a rec\u00edproca, com potencial de cria\u00e7\u00e3o de valor para os clientes.<br \/>Pretendemos ser reconhecidos pela excel\u00eancia operacional, conduzida pelo humanismo, onde a flexibilidade para encontrar solu\u00e7\u00f5es contribua para o sucesso dos indiv\u00edduos e das organiza\u00e7\u00f5es.Queremos deixar pegadas ativas de respeito ao ambiente, \u00e0s comunidades e ao mundo.<\/p>\t\t\t\t\t\t<\/div>\n\t\t\t\t<\/div>\n\t\t\t\t<div class=\"elementor-element elementor-element-c52e0ef elementor-hidden-mobile elementor-hidden-tablet_extra elementor-hidden-tablet elementor-hidden-mobile_extra elementor-widget elementor-widget-spacer\" data-id=\"c52e0ef\" data-element_type=\"widget\" data-widget_type=\"spacer.default\">\n\t\t\t\t<div class=\"elementor-widget-container\">\n\t\t\t\t\t<div class=\"elementor-spacer\">\n\t\t\t<div class=\"elementor-spacer-inner\"><\/div>\n\t\t<\/div>\n\t\t\t\t<\/div>\n\t\t\t\t<\/div>\n\t\t\t\t<div class=\"elementor-element elementor-element-bba7a6f elementor-widget elementor-widget-heading\" data-id=\"bba7a6f\" data-element_type=\"widget\" data-widget_type=\"heading.default\">\n\t\t\t\t<div class=\"elementor-widget-container\">\n\t\t\t<h3 class=\"elementor-heading-title elementor-size-default\">Quais s\u00e3o os nossos Valores?<\/h3>\t\t<\/div>\n\t\t\t\t<\/div>\n\t\t\t\t<div class=\"elementor-element elementor-element-3f13505 elementor-widget-mobile__width-initial elementor-widget elementor-widget-text-editor\" data-id=\"3f13505\" data-element_type=\"widget\" data-widget_type=\"text-editor.default\">\n\t\t\t\t<div class=\"elementor-widget-container\">\n\t\t\t\t\t\t\t<p>Sentimos paix\u00e3o pelo que fazemos e valorizamos o compromisso.<br \/>Agimos com foco e integridade perante os desafios.<br \/>Valorizamos a escuta ativa e o respeito ao Ser humano e ao Ambiente.<br \/>Estimulamos a felicidade no trabalho, porque acreditamos que uma equipa de pessoas realizadas \u00e9 o maior compromisso para o sucesso de todos os que cruzam o nosso caminho.<\/p>\t\t\t\t\t\t<\/div>\n\t\t\t\t<\/div>\n\t\t\t\t<div class=\"elementor-element elementor-element-199e1d1 elementor-hidden-mobile elementor-hidden-tablet_extra elementor-hidden-tablet elementor-hidden-mobile_extra elementor-widget elementor-widget-spacer\" data-id=\"199e1d1\" data-element_type=\"widget\" data-widget_type=\"spacer.default\">\n\t\t\t\t<div class=\"elementor-widget-container\">\n\t\t\t\t\t<div class=\"elementor-spacer\">\n\t\t\t<div class=\"elementor-spacer-inner\"><\/div>\n\t\t<\/div>\n\t\t\t\t<\/div>\n\t\t\t\t<\/div>\n\t\t\t\t<div class=\"elementor-element elementor-element-c6a9c19 elementor-widget elementor-widget-heading\" data-id=\"c6a9c19\" data-element_type=\"widget\" data-widget_type=\"heading.default\">\n\t\t\t\t<div class=\"elementor-widget-container\">\n\t\t\t<h2 class=\"elementor-heading-title elementor-size-default\">Qual \u00e9 o nosso Prop\u00f3sito?<\/h2>\t\t<\/div>\n\t\t\t\t<\/div>\n\t\t\t\t<div class=\"elementor-element elementor-element-88eea05 elementor-widget-mobile__width-initial elementor-widget elementor-widget-text-editor\" data-id=\"88eea05\" data-element_type=\"widget\" data-widget_type=\"text-editor.default\">\n\t\t\t\t<div class=\"elementor-widget-container\">\n\t\t\t\t\t\t\t<p>Ajudar pessoas a levarem os seus sonhos mais longe.<\/p>\t\t\t\t\t\t<\/div>\n\t\t\t\t<\/div>\n\t\t\t\t<div class=\"elementor-element elementor-element-dfd6d76 elementor-widget elementor-widget-spacer\" data-id=\"dfd6d76\" data-element_type=\"widget\" data-widget_type=\"spacer.default\">\n\t\t\t\t<div class=\"elementor-widget-container\">\n\t\t\t\t\t<div class=\"elementor-spacer\">\n\t\t\t<div class=\"elementor-spacer-inner\"><\/div>\n\t\t<\/div>\n\t\t\t\t<\/div>\n\t\t\t\t<\/div>\n\t\t\t\t<div class=\"elementor-element elementor-element-3920cde elementor-widget elementor-widget-heading\" data-id=\"3920cde\" data-element_type=\"widget\" data-widget_type=\"heading.default\">\n\t\t\t\t<div class=\"elementor-widget-container\">\n\t\t\t<h3 class=\"elementor-heading-title elementor-size-default\">Pol\u00edtica de Qualidade na alfaloc<\/h3>\t\t<\/div>\n\t\t\t\t<\/div>\n\t\t\t\t<div class=\"elementor-element elementor-element-c07087e elementor-widget-mobile__width-initial elementor-widget elementor-widget-text-editor\" data-id=\"c07087e\" data-element_type=\"widget\" data-widget_type=\"text-editor.default\">\n\t\t\t\t<div class=\"elementor-widget-container\">\n\t\t\t\t\t\t\t<p>Apoiados na experi\u00eancia acumulada, procuramos identificar as necessidades do mercado, na atualidade, mas tamb\u00e9m as expectativas futuras, para desenvolvermos solu\u00e7\u00f5es sustent\u00e1veis que garantam continuadamente a prefer\u00eancia dos Clientes, satisfazendo os seus requisitos e as disposi\u00e7\u00f5es legais e regulamentares aplic\u00e1veis.<br \/><br \/>Estimulamos a obten\u00e7\u00e3o e a manuten\u00e7\u00e3o de n\u00edveis elevados das compet\u00eancias dos colaboradores, atrav\u00e9s da forma\u00e7\u00e3o, da partilha de experi\u00eancias e do trabalho em grupo, num ambiente que facilita a comunica\u00e7\u00e3o vertical e interdepartamental.<br \/><br \/>Desenvolvemos rela\u00e7\u00f5es pr\u00f3ximas com os nossos fornecedores (subcontratados) de modo a assegurar a melhoria cont\u00ednua do n\u00edvel qualitativo dos fornecimentos e a sua competitividade.<br \/><br \/>Promovemos a melhoria cont\u00ednua do desempenho da empresa atrav\u00e9s da monitoriza\u00e7\u00e3o dos Indicadores de Performance e da sua conjuga\u00e7\u00e3o com a realiza\u00e7\u00e3o de a\u00e7\u00f5es preventivas e corretivas adequadas.<\/p>\t\t\t\t\t\t<\/div>\n\t\t\t\t<\/div>\n\t\t\t\t<\/div>\n\t\t\t\t<\/div>\n\t\t<div class=\"elementor-element elementor-element-a60e9db e-con-full elementor-hidden-tablet elementor-hidden-mobile_extra elementor-hidden-mobile e-flex e-con e-child\" data-id=\"a60e9db\" data-element_type=\"container\">\n\t\t\t\t<\/div>\n\t\t\t\t\t<\/div>\n\t\t\t\t<\/div>\n\t\t\t\t<\/div>\n\t\t","protected":false},"excerpt":{"rendered":"<p>Conhe\u00e7a a miss\u00e3o e prop\u00f3sito da Alfaloc. Compromisso com servi\u00e7os de transporte de alta qualidade e responsabilidade social.<\/p>\n","protected":false},"author":1,"featured_media":7615,"parent":0,"menu_order":0,"comment_status":"closed","ping_status":"closed","template":"","meta":{"footnotes":""},"class_list":["post-2493","page","type-page","status-publish","has-post-thumbnail","hentry"],"yoast_head":"<!-- This site is optimized with the Yoast SEO Premium plugin v27.5 (Yoast SEO v27.5) - https:\/\/yoast.com\/product\/yoast-seo-premium-wordpress\/ -->\n<title>Miss\u00e3o e Prop\u00f3sito - Alfaloc FR<\/title>\n<meta name=\"description\" content=\"Conhe\u00e7a a miss\u00e3o e prop\u00f3sito da Alfaloc. Compromisso com servi\u00e7os de transporte de alta qualidade e responsabilidade social.\" \/>\n<meta name=\"robots\" content=\"index, follow, max-snippet:-1, max-image-preview:large, max-video-preview:-1\" \/>\n<link rel=\"canonical\" href=\"https:\/\/alfaloc.fr\/pt-pt\/missao-e-proposito\/\" \/>\n<meta property=\"og:locale\" content=\"pt_PT\" \/>\n<meta property=\"og:type\" content=\"article\" \/>\n<meta property=\"og:title\" content=\"Miss\u00e3o e Prop\u00f3sito - Alfaloc FR\" \/>\n<meta property=\"og:description\" content=\"Conhe\u00e7a a miss\u00e3o e prop\u00f3sito da Alfaloc. Compromisso com servi\u00e7os de transporte de alta qualidade e responsabilidade social.\" \/>\n<meta property=\"og:url\" content=\"https:\/\/alfaloc.fr\/pt-pt\/missao-e-proposito\/\" \/>\n<meta property=\"og:site_name\" content=\"Alfaloc FR\" \/>\n<meta property=\"article:modified_time\" content=\"2024-08-28T14:52:47+00:00\" \/>\n<meta property=\"og:image\" content=\"https:\/\/alfaloc.fr\/wp-content\/uploads\/sites\/3\/2024\/02\/alfaloc-ligue-nos-banner.jpg\" \/>\n\t<meta property=\"og:image:width\" content=\"1572\" \/>\n\t<meta property=\"og:image:height\" content=\"486\" \/>\n\t<meta property=\"og:image:type\" content=\"image\/jpeg\" \/>\n<meta name=\"twitter:card\" content=\"summary_large_image\" \/>\n<meta name=\"twitter:title\" content=\"Miss\u00e3o e Prop\u00f3sito\" \/>\n<meta name=\"twitter:label1\" content=\"Tempo estimado de leitura\" \/>\n\t<meta name=\"twitter:data1\" content=\"2 minutos\" \/>\n<script type=\"application\/ld+json\" class=\"yoast-schema-graph\">{\"@context\":\"https:\\\/\\\/schema.org\",\"@graph\":[{\"@type\":\"WebPage\",\"@id\":\"https:\\\/\\\/alfaloc.fr\\\/pt-pt\\\/missao-e-proposito\\\/\",\"url\":\"https:\\\/\\\/alfaloc.fr\\\/pt-pt\\\/missao-e-proposito\\\/\",\"name\":\"Miss\u00e3o e Prop\u00f3sito - Alfaloc FR\",\"isPartOf\":{\"@id\":\"https:\\\/\\\/alfaloc.fr\\\/pt-pt\\\/#website\"},\"primaryImageOfPage\":{\"@id\":\"https:\\\/\\\/alfaloc.fr\\\/pt-pt\\\/missao-e-proposito\\\/#primaryimage\"},\"image\":{\"@id\":\"https:\\\/\\\/alfaloc.fr\\\/pt-pt\\\/missao-e-proposito\\\/#primaryimage\"},\"thumbnailUrl\":\"https:\\\/\\\/alfaloc.fr\\\/wp-content\\\/uploads\\\/sites\\\/3\\\/2024\\\/08\\\/run-Thumb.png\",\"datePublished\":\"2024-02-28T18:47:43+00:00\",\"dateModified\":\"2024-08-28T14:52:47+00:00\",\"description\":\"Conhe\u00e7a a miss\u00e3o e prop\u00f3sito da Alfaloc. Compromisso com servi\u00e7os de transporte de alta qualidade e responsabilidade social.\",\"breadcrumb\":{\"@id\":\"https:\\\/\\\/alfaloc.fr\\\/pt-pt\\\/missao-e-proposito\\\/#breadcrumb\"},\"inLanguage\":\"pt-PT\",\"potentialAction\":[{\"@type\":\"ReadAction\",\"target\":[\"https:\\\/\\\/alfaloc.fr\\\/pt-pt\\\/missao-e-proposito\\\/\"]}]},{\"@type\":\"ImageObject\",\"inLanguage\":\"pt-PT\",\"@id\":\"https:\\\/\\\/alfaloc.fr\\\/pt-pt\\\/missao-e-proposito\\\/#primaryimage\",\"url\":\"https:\\\/\\\/alfaloc.fr\\\/wp-content\\\/uploads\\\/sites\\\/3\\\/2024\\\/08\\\/run-Thumb.png\",\"contentUrl\":\"https:\\\/\\\/alfaloc.fr\\\/wp-content\\\/uploads\\\/sites\\\/3\\\/2024\\\/08\\\/run-Thumb.png\",\"width\":432,\"height\":432},{\"@type\":\"BreadcrumbList\",\"@id\":\"https:\\\/\\\/alfaloc.fr\\\/pt-pt\\\/missao-e-proposito\\\/#breadcrumb\",\"itemListElement\":[{\"@type\":\"ListItem\",\"position\":1,\"name\":\"In\u00edcio\",\"item\":\"https:\\\/\\\/alfaloc.fr\\\/pt-pt\\\/\"},{\"@type\":\"ListItem\",\"position\":2,\"name\":\"Miss\u00e3o e Prop\u00f3sito\"}]},{\"@type\":\"WebSite\",\"@id\":\"https:\\\/\\\/alfaloc.fr\\\/pt-pt\\\/#website\",\"url\":\"https:\\\/\\\/alfaloc.fr\\\/pt-pt\\\/\",\"name\":\"Alfaloc FR\",\"description\":\"\",\"potentialAction\":[{\"@type\":\"SearchAction\",\"target\":{\"@type\":\"EntryPoint\",\"urlTemplate\":\"https:\\\/\\\/alfaloc.fr\\\/pt-pt\\\/?s={search_term_string}\"},\"query-input\":{\"@type\":\"PropertyValueSpecification\",\"valueRequired\":true,\"valueName\":\"search_term_string\"}}],\"inLanguage\":\"pt-PT\"}]}<\/script>\n<!-- \/ Yoast SEO Premium plugin. -->","yoast_head_json":{"title":"Miss\u00e3o e Prop\u00f3sito - Alfaloc FR","description":"Conhe\u00e7a a miss\u00e3o e prop\u00f3sito da Alfaloc. Compromisso com servi\u00e7os de transporte de alta qualidade e responsabilidade social.","robots":{"index":"index","follow":"follow","max-snippet":"max-snippet:-1","max-image-preview":"max-image-preview:large","max-video-preview":"max-video-preview:-1"},"canonical":"https:\/\/alfaloc.fr\/pt-pt\/missao-e-proposito\/","og_locale":"pt_PT","og_type":"article","og_title":"Miss\u00e3o e Prop\u00f3sito - Alfaloc FR","og_description":"Conhe\u00e7a a miss\u00e3o e prop\u00f3sito da Alfaloc. Compromisso com servi\u00e7os de transporte de alta qualidade e responsabilidade social.","og_url":"https:\/\/alfaloc.fr\/pt-pt\/missao-e-proposito\/","og_site_name":"Alfaloc FR","article_modified_time":"2024-08-28T14:52:47+00:00","og_image":[{"width":1572,"height":486,"url":"https:\/\/alfaloc.fr\/wp-content\/uploads\/sites\/3\/2024\/02\/alfaloc-ligue-nos-banner.jpg","type":"image\/jpeg"}],"twitter_card":"summary_large_image","twitter_title":"Miss\u00e3o e Prop\u00f3sito","twitter_misc":{"Tempo estimado de leitura":"2 minutos"},"schema":{"@context":"https:\/\/schema.org","@graph":[{"@type":"WebPage","@id":"https:\/\/alfaloc.fr\/pt-pt\/missao-e-proposito\/","url":"https:\/\/alfaloc.fr\/pt-pt\/missao-e-proposito\/","name":"Miss\u00e3o e Prop\u00f3sito - Alfaloc FR","isPartOf":{"@id":"https:\/\/alfaloc.fr\/pt-pt\/#website"},"primaryImageOfPage":{"@id":"https:\/\/alfaloc.fr\/pt-pt\/missao-e-proposito\/#primaryimage"},"image":{"@id":"https:\/\/alfaloc.fr\/pt-pt\/missao-e-proposito\/#primaryimage"},"thumbnailUrl":"https:\/\/alfaloc.fr\/wp-content\/uploads\/sites\/3\/2024\/08\/run-Thumb.png","datePublished":"2024-02-28T18:47:43+00:00","dateModified":"2024-08-28T14:52:47+00:00","description":"Conhe\u00e7a a miss\u00e3o e prop\u00f3sito da Alfaloc. Compromisso com servi\u00e7os de transporte de alta qualidade e responsabilidade social.","breadcrumb":{"@id":"https:\/\/alfaloc.fr\/pt-pt\/missao-e-proposito\/#breadcrumb"},"inLanguage":"pt-PT","potentialAction":[{"@type":"ReadAction","target":["https:\/\/alfaloc.fr\/pt-pt\/missao-e-proposito\/"]}]},{"@type":"ImageObject","inLanguage":"pt-PT","@id":"https:\/\/alfaloc.fr\/pt-pt\/missao-e-proposito\/#primaryimage","url":"https:\/\/alfaloc.fr\/wp-content\/uploads\/sites\/3\/2024\/08\/run-Thumb.png","contentUrl":"https:\/\/alfaloc.fr\/wp-content\/uploads\/sites\/3\/2024\/08\/run-Thumb.png","width":432,"height":432},{"@type":"BreadcrumbList","@id":"https:\/\/alfaloc.fr\/pt-pt\/missao-e-proposito\/#breadcrumb","itemListElement":[{"@type":"ListItem","position":1,"name":"In\u00edcio","item":"https:\/\/alfaloc.fr\/pt-pt\/"},{"@type":"ListItem","position":2,"name":"Miss\u00e3o e Prop\u00f3sito"}]},{"@type":"WebSite","@id":"https:\/\/alfaloc.fr\/pt-pt\/#website","url":"https:\/\/alfaloc.fr\/pt-pt\/","name":"Alfaloc FR","description":"","potentialAction":[{"@type":"SearchAction","target":{"@type":"EntryPoint","urlTemplate":"https:\/\/alfaloc.fr\/pt-pt\/?s={search_term_string}"},"query-input":{"@type":"PropertyValueSpecification","valueRequired":true,"valueName":"search_term_string"}}],"inLanguage":"pt-PT"}]}},"_links":{"self":[{"href":"https:\/\/alfaloc.fr\/pt-pt\/wp-json\/wp\/v2\/pages\/2493","targetHints":{"allow":["GET"]}}],"collection":[{"href":"https:\/\/alfaloc.fr\/pt-pt\/wp-json\/wp\/v2\/pages"}],"about":[{"href":"https:\/\/alfaloc.fr\/pt-pt\/wp-json\/wp\/v2\/types\/page"}],"author":[{"embeddable":true,"href":"https:\/\/alfaloc.fr\/pt-pt\/wp-json\/wp\/v2\/users\/1"}],"replies":[{"embeddable":true,"href":"https:\/\/alfaloc.fr\/pt-pt\/wp-json\/wp\/v2\/comments?post=2493"}],"version-history":[{"count":17,"href":"https:\/\/alfaloc.fr\/pt-pt\/wp-json\/wp\/v2\/pages\/2493\/revisions"}],"predecessor-version":[{"id":7354,"href":"https:\/\/alfaloc.fr\/pt-pt\/wp-json\/wp\/v2\/pages\/2493\/revisions\/7354"}],"wp:featuredmedia":[{"embeddable":true,"href":"https:\/\/alfaloc.fr\/pt-pt\/wp-json\/wp\/v2\/media\/7615"}],"wp:attachment":[{"href":"https:\/\/alfaloc.fr\/pt-pt\/wp-json\/wp\/v2\/media?parent=2493"}],"curies":[{"name":"wp","href":"https:\/\/api.w.org\/{rel}","templated":true}]}}