{"id":2307,"date":"2024-02-28T15:11:45","date_gmt":"2024-02-28T15:11:45","guid":{"rendered":"https:\/\/alfaloc.pt\/?page_id=2307"},"modified":"2024-12-11T17:44:44","modified_gmt":"2024-12-11T17:44:44","slug":"descontos-e-oportunidades","status":"publish","type":"page","link":"https:\/\/alfaloc.fr\/pt-pt\/descontos-e-oportunidades\/","title":{"rendered":"Descontos e Oportunidades"},"content":{"rendered":"\t\t<div data-elementor-type=\"wp-page\" data-elementor-id=\"2307\" class=\"elementor elementor-2307\" data-elementor-post-type=\"page\">\n\t\t\t\t<div class=\"elementor-element elementor-element-7369d284 e-flex e-con-boxed e-con e-parent\" data-id=\"7369d284\" data-element_type=\"container\">\n\t\t\t\t\t<div class=\"e-con-inner\">\n\t\t<div class=\"elementor-element elementor-element-5f281eb4 e-con-full e-flex e-con e-child\" data-id=\"5f281eb4\" data-element_type=\"container\">\n\t\t\t\t<div class=\"elementor-element elementor-element-4a5c74fb elementor-widget__width-inherit elementor-widget-mobile__width-inherit elementor-widget-tablet__width-initial elementor-widget elementor-widget-heading\" data-id=\"4a5c74fb\" data-element_type=\"widget\" data-widget_type=\"heading.default\">\n\t\t\t\t<div class=\"elementor-widget-container\">\n\t\t\t<style>\/*! elementor - v3.22.0 - 17-06-2024 *\/\n.elementor-heading-title{padding:0;margin:0;line-height:1}.elementor-widget-heading .elementor-heading-title[class*=elementor-size-]>a{color:inherit;font-size:inherit;line-height:inherit}.elementor-widget-heading .elementor-heading-title.elementor-size-small{font-size:15px}.elementor-widget-heading .elementor-heading-title.elementor-size-medium{font-size:19px}.elementor-widget-heading .elementor-heading-title.elementor-size-large{font-size:29px}.elementor-widget-heading .elementor-heading-title.elementor-size-xl{font-size:39px}.elementor-widget-heading .elementor-heading-title.elementor-size-xxl{font-size:59px}<\/style><h2 class=\"elementor-heading-title elementor-size-default\">Ofertas Exclusivas para os Seus Envios<\/h2>\t\t<\/div>\n\t\t\t\t<\/div>\n\t\t<div class=\"elementor-element elementor-element-b6c358a e-con-full e-flex e-con e-child\" data-id=\"b6c358a\" data-element_type=\"container\">\n\t\t<div class=\"elementor-element elementor-element-7f8a6c7 e-con-full e-flex e-con e-child\" data-id=\"7f8a6c7\" data-element_type=\"container\">\n\t\t\t\t<div class=\"elementor-element elementor-element-2d4d4ef elementor-widget elementor-widget-image\" data-id=\"2d4d4ef\" data-element_type=\"widget\" data-widget_type=\"image.default\">\n\t\t\t\t<div class=\"elementor-widget-container\">\n\t\t\t<style>\/*! elementor - v3.22.0 - 17-06-2024 *\/\n.elementor-widget-image{text-align:center}.elementor-widget-image a{display:inline-block}.elementor-widget-image a img[src$=\".svg\"]{width:48px}.elementor-widget-image img{vertical-align:middle;display:inline-block}<\/style>\t\t\t\t\t\t\t\t\t\t<img fetchpriority=\"high\" decoding=\"async\" width=\"600\" height=\"610\" src=\"https:\/\/alfaloc.fr\/wp-content\/uploads\/sites\/3\/2024\/12\/Banner_4-e1733852802816.png\" class=\"attachment-full size-full wp-image-9238\" alt=\"Alfaloc no Millenium Portugal Exportador\" \/>\t\t\t\t\t\t\t\t\t\t\t\t\t<\/div>\n\t\t\t\t<\/div>\n\t\t\t\t<\/div>\n\t\t<div class=\"elementor-element elementor-element-49a9f38 e-con-full e-flex e-con e-child\" data-id=\"49a9f38\" data-element_type=\"container\">\n\t\t\t\t<div class=\"elementor-element elementor-element-b100b9c elementor-widget__width-initial elementor-widget-mobile__width-initial elementor-widget elementor-widget-heading\" data-id=\"b100b9c\" data-element_type=\"widget\" data-widget_type=\"heading.default\">\n\t\t\t\t<div class=\"elementor-widget-container\">\n\t\t\t<h2 class=\"elementor-heading-title elementor-size-default\">Millennium Portugal Exportador<\/h2>\t\t<\/div>\n\t\t\t\t<\/div>\n\t\t\t\t<div class=\"elementor-element elementor-element-2bc6e0d elementor-widget-mobile__width-initial elementor-widget elementor-widget-text-editor\" data-id=\"2bc6e0d\" data-element_type=\"widget\" data-widget_type=\"text-editor.default\">\n\t\t\t\t<div class=\"elementor-widget-container\">\n\t\t\t<style>\/*! elementor - v3.22.0 - 17-06-2024 *\/\n.elementor-widget-text-editor.elementor-drop-cap-view-stacked .elementor-drop-cap{background-color:#69727d;color:#fff}.elementor-widget-text-editor.elementor-drop-cap-view-framed .elementor-drop-cap{color:#69727d;border:3px solid;background-color:transparent}.elementor-widget-text-editor:not(.elementor-drop-cap-view-default) .elementor-drop-cap{margin-top:8px}.elementor-widget-text-editor:not(.elementor-drop-cap-view-default) .elementor-drop-cap-letter{width:1em;height:1em}.elementor-widget-text-editor .elementor-drop-cap{float:left;text-align:center;line-height:1;font-size:50px}.elementor-widget-text-editor .elementor-drop-cap-letter{display:inline-block}<\/style>\t\t\t\t<div class=\"elementor-element elementor-element-59d81bbd elementor-widget__width-inherit elementor-widget-mobile__width-inherit elementor-widget-tablet__width-initial elementor-widget elementor-widget-heading\" data-id=\"59d81bbd\" data-element_type=\"widget\" data-widget_type=\"heading.default\"><div class=\"elementor-widget-container\">Alfaloc o seu parceiro para o desafio da internacionaliza\u00e7\u00e3o<\/div><div>\u00a0<\/div><\/div><p>Com a <strong>alfaloc<\/strong>, pode usufruir de vantagens especiais!<\/p>\t\t\t\t\t\t<\/div>\n\t\t\t\t<\/div>\n\t\t\t\t<div class=\"elementor-element elementor-element-7185704 alfaloc-download-btn elementor-widget elementor-widget-button\" data-id=\"7185704\" data-element_type=\"widget\" data-widget_type=\"button.default\">\n\t\t\t\t<div class=\"elementor-widget-container\">\n\t\t\t\t\t<div class=\"elementor-button-wrapper\">\n\t\t\t<a class=\"elementor-button elementor-button-link elementor-size-sm\" href=\"https:\/\/alfaloc.pt\/alfaloc-fr\/millennium-portugal-exportador\/\">\n\t\t\t\t\t\t<span class=\"elementor-button-content-wrapper\">\n\t\t\t\t\t\t\t\t\t<span class=\"elementor-button-text\">Ganhe VOUCHER<\/span>\n\t\t\t\t\t<\/span>\n\t\t\t\t\t<\/a>\n\t\t<\/div>\n\t\t\t\t<\/div>\n\t\t\t\t<\/div>\n\t\t\t\t<\/div>\n\t\t\t\t<\/div>\n\t\t<div class=\"elementor-element elementor-element-2c0dc8e e-con-full e-flex e-con e-child\" data-id=\"2c0dc8e\" data-element_type=\"container\">\n\t\t<div class=\"elementor-element elementor-element-1b2cd53 e-con-full e-flex e-con e-child\" data-id=\"1b2cd53\" data-element_type=\"container\">\n\t\t\t\t<div class=\"elementor-element elementor-element-8da0957 elementor-widget elementor-widget-image\" data-id=\"8da0957\" data-element_type=\"widget\" data-widget_type=\"image.default\">\n\t\t\t\t<div class=\"elementor-widget-container\">\n\t\t\t\t\t\t\t\t\t\t\t\t\t<img decoding=\"async\" width=\"1077\" height=\"604\" src=\"https:\/\/alfaloc.fr\/wp-content\/uploads\/sites\/3\/2024\/07\/man-face-03.png\" class=\"attachment-full size-full wp-image-5207\" alt=\"vamos assumir?\" srcset=\"https:\/\/alfaloc.fr\/wp-content\/uploads\/sites\/3\/2024\/07\/man-face-03.png 1077w, https:\/\/alfaloc.fr\/wp-content\/uploads\/sites\/3\/2024\/07\/man-face-03-300x168.png 300w, https:\/\/alfaloc.fr\/wp-content\/uploads\/sites\/3\/2024\/07\/man-face-03-1024x574.png 1024w, https:\/\/alfaloc.fr\/wp-content\/uploads\/sites\/3\/2024\/07\/man-face-03-768x431.png 768w\" sizes=\"(max-width: 1077px) 100vw, 1077px\" \/>\t\t\t\t\t\t\t\t\t\t\t\t\t<\/div>\n\t\t\t\t<\/div>\n\t\t\t\t<\/div>\n\t\t<div class=\"elementor-element elementor-element-9593460 e-con-full e-flex e-con e-child\" data-id=\"9593460\" data-element_type=\"container\">\n\t\t\t\t<div class=\"elementor-element elementor-element-27583a7 elementor-widget__width-initial elementor-widget-mobile__width-initial elementor-widget elementor-widget-heading\" data-id=\"27583a7\" data-element_type=\"widget\" data-widget_type=\"heading.default\">\n\t\t\t\t<div class=\"elementor-widget-container\">\n\t\t\t<h2 class=\"elementor-heading-title elementor-size-default\">Campanha \"vamos assumir?\"<\/h2>\t\t<\/div>\n\t\t\t\t<\/div>\n\t\t\t\t<div class=\"elementor-element elementor-element-04358f6 elementor-widget-mobile__width-initial elementor-widget elementor-widget-text-editor\" data-id=\"04358f6\" data-element_type=\"widget\" data-widget_type=\"text-editor.default\">\n\t\t\t\t<div class=\"elementor-widget-container\">\n\t\t\t\t\t\t\t<p>Sim, somos feitos de rela\u00e7\u00f5es especiais.<br \/>N\u00e3o queremos uma rela\u00e7\u00e3o banal.<\/p><p>Com a\u00a0<b>alfaloc<\/b>\u00a0ter\u00e1 um parceiro que conhece o setor, as suas necessidades e as solu\u00e7\u00f5es mais adequadas para os seus envios<\/p>\t\t\t\t\t\t<\/div>\n\t\t\t\t<\/div>\n\t\t\t\t<div class=\"elementor-element elementor-element-bd65b33 alfaloc-download-btn elementor-widget elementor-widget-button\" data-id=\"bd65b33\" data-element_type=\"widget\" data-widget_type=\"button.default\">\n\t\t\t\t<div class=\"elementor-widget-container\">\n\t\t\t\t\t<div class=\"elementor-button-wrapper\">\n\t\t\t<a class=\"elementor-button elementor-button-link elementor-size-sm\" href=\"https:\/\/alfaloc.pt\/alfaloc-fr\/vamos-assumir\/\">\n\t\t\t\t\t\t<span class=\"elementor-button-content-wrapper\">\n\t\t\t\t\t\t\t\t\t<span class=\"elementor-button-text\">Ganhe 150\u20ac<\/span>\n\t\t\t\t\t<\/span>\n\t\t\t\t\t<\/a>\n\t\t<\/div>\n\t\t\t\t<\/div>\n\t\t\t\t<\/div>\n\t\t\t\t<\/div>\n\t\t\t\t<\/div>\n\t\t<div class=\"elementor-element elementor-element-93de7b9 e-con-full e-flex e-con e-child\" data-id=\"93de7b9\" data-element_type=\"container\">\n\t\t<div class=\"elementor-element elementor-element-aa9d301 e-con-full e-flex e-con e-child\" data-id=\"aa9d301\" data-element_type=\"container\">\n\t\t\t\t<div class=\"elementor-element elementor-element-b060711 elementor-widget elementor-widget-image\" data-id=\"b060711\" data-element_type=\"widget\" data-widget_type=\"image.default\">\n\t\t\t\t<div class=\"elementor-widget-container\">\n\t\t\t\t\t\t\t\t\t\t\t\t\t<img decoding=\"async\" width=\"219\" height=\"196\" src=\"https:\/\/alfaloc.fr\/wp-content\/uploads\/sites\/3\/2024\/02\/logo_cliente-aplauso.png\" class=\"attachment-full size-full wp-image-2310\" alt=\"\" \/>\t\t\t\t\t\t\t\t\t\t\t\t\t<\/div>\n\t\t\t\t<\/div>\n\t\t\t\t<\/div>\n\t\t<div class=\"elementor-element elementor-element-6f067ce e-con-full e-flex e-con e-child\" data-id=\"6f067ce\" data-element_type=\"container\">\n\t\t\t\t<div class=\"elementor-element elementor-element-4360ef3 elementor-widget__width-initial elementor-widget-mobile__width-initial elementor-widget elementor-widget-heading\" data-id=\"4360ef3\" data-element_type=\"widget\" data-widget_type=\"heading.default\">\n\t\t\t\t<div class=\"elementor-widget-container\">\n\t\t\t<h2 class=\"elementor-heading-title elementor-size-default\">Empresa Aplauso<\/h2>\t\t<\/div>\n\t\t\t\t<\/div>\n\t\t\t\t<div class=\"elementor-element elementor-element-c182d9d elementor-widget-mobile__width-initial elementor-widget elementor-widget-text-editor\" data-id=\"c182d9d\" data-element_type=\"widget\" data-widget_type=\"text-editor.default\">\n\t\t\t\t<div class=\"elementor-widget-container\">\n\t\t\t\t\t\t\t<p>\u00c9 uma empresa Aplauso pelo milenium BCP? Encontrou aqui o seu parceiro Aplauso! O Millennium BCP declarou que confia na Alfaloc como empresa parceira do setor dos Transportes, nomeadamente para transportes urgentes, com necessidades de personaliza\u00e7\u00e3o ou cr\u00edticos. Saiba que vantagens poder\u00e1 ter..<\/p>\t\t\t\t\t\t<\/div>\n\t\t\t\t<\/div>\n\t\t\t\t<div class=\"elementor-element elementor-element-3cbb557 alfaloc-download-btn elementor-widget elementor-widget-button\" data-id=\"3cbb557\" data-element_type=\"widget\" data-widget_type=\"button.default\">\n\t\t\t\t<div class=\"elementor-widget-container\">\n\t\t\t\t\t<div class=\"elementor-button-wrapper\">\n\t\t\t<a class=\"elementor-button elementor-button-link elementor-size-sm\" href=\"https:\/\/alfaloc.pt\/alfaloc-fr\/empresa-aplauso\/\">\n\t\t\t\t\t\t<span class=\"elementor-button-content-wrapper\">\n\t\t\t\t\t\t\t\t\t<span class=\"elementor-button-text\">Vantagens Aplauso<\/span>\n\t\t\t\t\t<\/span>\n\t\t\t\t\t<\/a>\n\t\t<\/div>\n\t\t\t\t<\/div>\n\t\t\t\t<\/div>\n\t\t\t\t<\/div>\n\t\t\t\t<\/div>\n\t\t<div class=\"elementor-element elementor-element-dd56ec0 e-con-full e-flex e-con e-child\" data-id=\"dd56ec0\" data-element_type=\"container\">\n\t\t<div class=\"elementor-element elementor-element-2e86777 e-con-full e-flex e-con e-child\" data-id=\"2e86777\" data-element_type=\"container\">\n\t\t\t\t<div class=\"elementor-element elementor-element-68e0f73 elementor-widget elementor-widget-image\" data-id=\"68e0f73\" data-element_type=\"widget\" data-widget_type=\"image.default\">\n\t\t\t\t<div class=\"elementor-widget-container\">\n\t\t\t\t\t\t\t\t\t\t\t\t\t<img loading=\"lazy\" decoding=\"async\" width=\"257\" height=\"74\" src=\"https:\/\/alfaloc.fr\/wp-content\/uploads\/sites\/3\/2024\/02\/myalfaloc.png\" class=\"attachment-full size-full wp-image-2315\" alt=\"\" \/>\t\t\t\t\t\t\t\t\t\t\t\t\t<\/div>\n\t\t\t\t<\/div>\n\t\t\t\t<\/div>\n\t\t<div class=\"elementor-element elementor-element-3c24d0f e-con-full e-flex e-con e-child\" data-id=\"3c24d0f\" data-element_type=\"container\">\n\t\t\t\t<div class=\"elementor-element elementor-element-6916da7 elementor-widget__width-initial elementor-widget-mobile__width-initial elementor-widget elementor-widget-heading\" data-id=\"6916da7\" data-element_type=\"widget\" data-widget_type=\"heading.default\">\n\t\t\t\t<div class=\"elementor-widget-container\">\n\t\t\t<h2 class=\"elementor-heading-title elementor-size-default\">Condi\u00e7\u00f5es especiais<\/h2>\t\t<\/div>\n\t\t\t\t<\/div>\n\t\t\t\t<div class=\"elementor-element elementor-element-582adc1 elementor-widget-mobile__width-initial elementor-widget elementor-widget-text-editor\" data-id=\"582adc1\" data-element_type=\"widget\" data-widget_type=\"text-editor.default\">\n\t\t\t\t<div class=\"elementor-widget-container\">\n\t\t\t\t\t\t\t<p>J\u00e1 tem conta <strong>alfaloc<\/strong>? <a href=\"https:\/\/alfaloc.pt\/alfaloc-fr\/o-meu-primeiro-envio\/\">Abra conta<\/a> e beneficie de condi\u00e7\u00f5es especiais para os seus envios. Pe\u00e7a apoio a um comercial para uma avalia\u00e7\u00e3o correta das suas condi\u00e7\u00f5es especiais.<\/p>\t\t\t\t\t\t<\/div>\n\t\t\t\t<\/div>\n\t\t\t\t<div class=\"elementor-element elementor-element-576094c alfaloc-download-btn elementor-widget elementor-widget-button\" data-id=\"576094c\" data-element_type=\"widget\" data-widget_type=\"button.default\">\n\t\t\t\t<div class=\"elementor-widget-container\">\n\t\t\t\t\t<div class=\"elementor-button-wrapper\">\n\t\t\t<a class=\"elementor-button elementor-button-link elementor-size-sm\" href=\"https:\/\/alfaloc.pt\/alfaloc-fr\/vantagens-de-ser-cliente-alfaloc\/\">\n\t\t\t\t\t\t<span class=\"elementor-button-content-wrapper\">\n\t\t\t\t\t\t\t\t\t<span class=\"elementor-button-text\">Abra conta Alfaloc<\/span>\n\t\t\t\t\t<\/span>\n\t\t\t\t\t<\/a>\n\t\t<\/div>\n\t\t\t\t<\/div>\n\t\t\t\t<\/div>\n\t\t\t\t<\/div>\n\t\t\t\t<\/div>\n\t\t<div class=\"elementor-element elementor-element-984c39d e-con-full e-flex e-con e-child\" data-id=\"984c39d\" data-element_type=\"container\">\n\t\t<div class=\"elementor-element elementor-element-b2d161a e-con-full e-flex e-con e-child\" data-id=\"b2d161a\" data-element_type=\"container\">\n\t\t\t\t<div class=\"elementor-element elementor-element-1484147 elementor-widget elementor-widget-image\" data-id=\"1484147\" data-element_type=\"widget\" data-widget_type=\"image.default\">\n\t\t\t\t<div class=\"elementor-widget-container\">\n\t\t\t\t\t\t\t\t\t\t\t\t\t<img loading=\"lazy\" decoding=\"async\" width=\"256\" height=\"89\" src=\"https:\/\/alfaloc.fr\/wp-content\/uploads\/sites\/3\/2024\/02\/RACE.png\" class=\"attachment-full size-full wp-image-2316\" alt=\"\" \/>\t\t\t\t\t\t\t\t\t\t\t\t\t<\/div>\n\t\t\t\t<\/div>\n\t\t\t\t<div class=\"elementor-element elementor-element-8e5f122 elementor-widget__width-initial elementor-widget elementor-widget-heading\" data-id=\"8e5f122\" data-element_type=\"widget\" data-widget_type=\"heading.default\">\n\t\t\t\t<div class=\"elementor-widget-container\">\n\t\t\t<h2 class=\"elementor-heading-title elementor-size-default\">O MELHOR<br>\nDOS 2 MUNDOS<br>\nEM 2 DIAS<\/h2>\t\t<\/div>\n\t\t\t\t<\/div>\n\t\t\t\t<\/div>\n\t\t<div class=\"elementor-element elementor-element-71f849a e-con-full e-flex e-con e-child\" data-id=\"71f849a\" data-element_type=\"container\">\n\t\t\t\t<div class=\"elementor-element elementor-element-7bc0cc3 elementor-widget__width-initial elementor-widget-mobile__width-initial elementor-widget elementor-widget-heading\" data-id=\"7bc0cc3\" data-element_type=\"widget\" data-widget_type=\"heading.default\">\n\t\t\t\t<div class=\"elementor-widget-container\">\n\t\t\t<h2 class=\"elementor-heading-title elementor-size-default\">Servi\u00e7o RACE<\/h2>\t\t<\/div>\n\t\t\t\t<\/div>\n\t\t\t\t<div class=\"elementor-element elementor-element-9a02f12 elementor-widget-mobile__width-initial elementor-widget elementor-widget-text-editor\" data-id=\"9a02f12\" data-element_type=\"widget\" data-widget_type=\"text-editor.default\">\n\t\t\t\t<div class=\"elementor-widget-container\">\n\t\t\t\t\t\t\t<p>Beneficie de condi\u00e7\u00f5es ainda mais especiais com o servi\u00e7o RACE. Garantidamente -20% de desconto direto para os seus envios para os principais destinos da Uni\u00e3o Europeia.<\/p>\t\t\t\t\t\t<\/div>\n\t\t\t\t<\/div>\n\t\t\t\t<div class=\"elementor-element elementor-element-35b1b7a alfaloc-download-btn elementor-widget elementor-widget-button\" data-id=\"35b1b7a\" data-element_type=\"widget\" data-widget_type=\"button.default\">\n\t\t\t\t<div class=\"elementor-widget-container\">\n\t\t\t\t\t<div class=\"elementor-button-wrapper\">\n\t\t\t<a class=\"elementor-button elementor-button-link elementor-size-sm\" href=\"https:\/\/alfaloc.pt\/alfaloc-fr\/servico\/race\/\">\n\t\t\t\t\t\t<span class=\"elementor-button-content-wrapper\">\n\t\t\t\t\t\t\t\t\t<span class=\"elementor-button-text\">Poupe j\u00e1<\/span>\n\t\t\t\t\t<\/span>\n\t\t\t\t\t<\/a>\n\t\t<\/div>\n\t\t\t\t<\/div>\n\t\t\t\t<\/div>\n\t\t\t\t<\/div>\n\t\t\t\t<\/div>\n\t\t\t\t<\/div>\n\t\t<div class=\"elementor-element elementor-element-3efecb83 e-con-full elementor-hidden-tablet elementor-hidden-mobile_extra elementor-hidden-mobile e-flex e-con e-child\" data-id=\"3efecb83\" data-element_type=\"container\">\n\t\t\t\t<\/div>\n\t\t\t\t\t<\/div>\n\t\t\t\t<\/div>\n\t\t\t\t<\/div>\n\t\t","protected":false},"excerpt":{"rendered":"<p>Aproveite descontos exclusivos e oportunidades especiais na Alfaloc. Economize nos seus envios com as nossas ofertas.<\/p>\n","protected":false},"author":1,"featured_media":5207,"parent":0,"menu_order":0,"comment_status":"closed","ping_status":"closed","template":"","meta":{"footnotes":""},"class_list":["post-2307","page","type-page","status-publish","has-post-thumbnail","hentry"],"yoast_head":"<!-- This site is optimized with the Yoast SEO Premium plugin v27.5 (Yoast SEO v27.5) - https:\/\/yoast.com\/product\/yoast-seo-premium-wordpress\/ -->\n<title>Descontos e Oportunidades em envios - Alfaloc FR<\/title>\n<meta name=\"description\" content=\"Aproveite descontos exclusivos e oportunidades especiais na Alfaloc. Economize nos seus envios com as nossas ofertas.\" \/>\n<meta name=\"robots\" content=\"index, follow, max-snippet:-1, max-image-preview:large, max-video-preview:-1\" \/>\n<link rel=\"canonical\" href=\"https:\/\/alfaloc.fr\/pt-pt\/descontos-e-oportunidades\/\" \/>\n<meta property=\"og:locale\" content=\"pt_PT\" \/>\n<meta property=\"og:type\" content=\"article\" \/>\n<meta property=\"og:title\" content=\"Descontos e Oportunidades em envios - Alfaloc FR\" \/>\n<meta property=\"og:description\" content=\"Aproveite descontos exclusivos e oportunidades especiais na Alfaloc. Economize nos seus envios com as nossas ofertas.\" \/>\n<meta property=\"og:url\" content=\"https:\/\/alfaloc.fr\/pt-pt\/descontos-e-oportunidades\/\" \/>\n<meta property=\"og:site_name\" content=\"Alfaloc FR\" \/>\n<meta property=\"article:modified_time\" content=\"2024-12-11T17:44:44+00:00\" \/>\n<meta property=\"og:image\" content=\"https:\/\/alfaloc.fr\/wp-content\/uploads\/sites\/3\/2024\/07\/man-face-03.png\" \/>\n\t<meta property=\"og:image:width\" content=\"1077\" \/>\n\t<meta property=\"og:image:height\" content=\"604\" \/>\n\t<meta property=\"og:image:type\" content=\"image\/png\" \/>\n<meta name=\"twitter:card\" content=\"summary_large_image\" \/>\n<meta name=\"twitter:title\" content=\"Descontos e Oportunidades em envios - Alfaloc FR\" \/>\n<meta name=\"twitter:description\" content=\"Aproveite descontos exclusivos e oportunidades especiais na Alfaloc. Economize nos seus envios com as nossas ofertas.\" \/>\n<meta name=\"twitter:label1\" content=\"Tempo estimado de leitura\" \/>\n\t<meta name=\"twitter:data1\" content=\"3 minutos\" \/>\n<script type=\"application\/ld+json\" class=\"yoast-schema-graph\">{\"@context\":\"https:\\\/\\\/schema.org\",\"@graph\":[{\"@type\":\"WebPage\",\"@id\":\"https:\\\/\\\/alfaloc.fr\\\/pt-pt\\\/descontos-e-oportunidades\\\/\",\"url\":\"https:\\\/\\\/alfaloc.fr\\\/pt-pt\\\/descontos-e-oportunidades\\\/\",\"name\":\"Descontos e Oportunidades em envios - Alfaloc FR\",\"isPartOf\":{\"@id\":\"https:\\\/\\\/alfaloc.fr\\\/pt-pt\\\/#website\"},\"primaryImageOfPage\":{\"@id\":\"https:\\\/\\\/alfaloc.fr\\\/pt-pt\\\/descontos-e-oportunidades\\\/#primaryimage\"},\"image\":{\"@id\":\"https:\\\/\\\/alfaloc.fr\\\/pt-pt\\\/descontos-e-oportunidades\\\/#primaryimage\"},\"thumbnailUrl\":\"https:\\\/\\\/alfaloc.fr\\\/wp-content\\\/uploads\\\/sites\\\/3\\\/2024\\\/07\\\/man-face-03.png\",\"datePublished\":\"2024-02-28T15:11:45+00:00\",\"dateModified\":\"2024-12-11T17:44:44+00:00\",\"description\":\"Aproveite descontos exclusivos e oportunidades especiais na Alfaloc. Economize nos seus envios com as nossas ofertas.\",\"breadcrumb\":{\"@id\":\"https:\\\/\\\/alfaloc.fr\\\/pt-pt\\\/descontos-e-oportunidades\\\/#breadcrumb\"},\"inLanguage\":\"pt-PT\",\"potentialAction\":[{\"@type\":\"ReadAction\",\"target\":[\"https:\\\/\\\/alfaloc.fr\\\/pt-pt\\\/descontos-e-oportunidades\\\/\"]}]},{\"@type\":\"ImageObject\",\"inLanguage\":\"pt-PT\",\"@id\":\"https:\\\/\\\/alfaloc.fr\\\/pt-pt\\\/descontos-e-oportunidades\\\/#primaryimage\",\"url\":\"https:\\\/\\\/alfaloc.fr\\\/wp-content\\\/uploads\\\/sites\\\/3\\\/2024\\\/07\\\/man-face-03.png\",\"contentUrl\":\"https:\\\/\\\/alfaloc.fr\\\/wp-content\\\/uploads\\\/sites\\\/3\\\/2024\\\/07\\\/man-face-03.png\",\"width\":1077,\"height\":604,\"caption\":\"Campanha novos clientes Alfaloc\"},{\"@type\":\"BreadcrumbList\",\"@id\":\"https:\\\/\\\/alfaloc.fr\\\/pt-pt\\\/descontos-e-oportunidades\\\/#breadcrumb\",\"itemListElement\":[{\"@type\":\"ListItem\",\"position\":1,\"name\":\"In\u00edcio\",\"item\":\"https:\\\/\\\/alfaloc.fr\\\/pt-pt\\\/\"},{\"@type\":\"ListItem\",\"position\":2,\"name\":\"Descontos e Oportunidades\"}]},{\"@type\":\"WebSite\",\"@id\":\"https:\\\/\\\/alfaloc.fr\\\/pt-pt\\\/#website\",\"url\":\"https:\\\/\\\/alfaloc.fr\\\/pt-pt\\\/\",\"name\":\"Alfaloc FR\",\"description\":\"\",\"potentialAction\":[{\"@type\":\"SearchAction\",\"target\":{\"@type\":\"EntryPoint\",\"urlTemplate\":\"https:\\\/\\\/alfaloc.fr\\\/pt-pt\\\/?s={search_term_string}\"},\"query-input\":{\"@type\":\"PropertyValueSpecification\",\"valueRequired\":true,\"valueName\":\"search_term_string\"}}],\"inLanguage\":\"pt-PT\"}]}<\/script>\n<!-- \/ Yoast SEO Premium plugin. -->","yoast_head_json":{"title":"Descontos e Oportunidades em envios - Alfaloc FR","description":"Aproveite descontos exclusivos e oportunidades especiais na Alfaloc. Economize nos seus envios com as nossas ofertas.","robots":{"index":"index","follow":"follow","max-snippet":"max-snippet:-1","max-image-preview":"max-image-preview:large","max-video-preview":"max-video-preview:-1"},"canonical":"https:\/\/alfaloc.fr\/pt-pt\/descontos-e-oportunidades\/","og_locale":"pt_PT","og_type":"article","og_title":"Descontos e Oportunidades em envios - Alfaloc FR","og_description":"Aproveite descontos exclusivos e oportunidades especiais na Alfaloc. Economize nos seus envios com as nossas ofertas.","og_url":"https:\/\/alfaloc.fr\/pt-pt\/descontos-e-oportunidades\/","og_site_name":"Alfaloc FR","article_modified_time":"2024-12-11T17:44:44+00:00","og_image":[{"width":1077,"height":604,"url":"https:\/\/alfaloc.fr\/wp-content\/uploads\/sites\/3\/2024\/07\/man-face-03.png","type":"image\/png"}],"twitter_card":"summary_large_image","twitter_title":"Descontos e Oportunidades em envios - Alfaloc FR","twitter_description":"Aproveite descontos exclusivos e oportunidades especiais na Alfaloc. Economize nos seus envios com as nossas ofertas.","twitter_misc":{"Tempo estimado de leitura":"3 minutos"},"schema":{"@context":"https:\/\/schema.org","@graph":[{"@type":"WebPage","@id":"https:\/\/alfaloc.fr\/pt-pt\/descontos-e-oportunidades\/","url":"https:\/\/alfaloc.fr\/pt-pt\/descontos-e-oportunidades\/","name":"Descontos e Oportunidades em envios - Alfaloc FR","isPartOf":{"@id":"https:\/\/alfaloc.fr\/pt-pt\/#website"},"primaryImageOfPage":{"@id":"https:\/\/alfaloc.fr\/pt-pt\/descontos-e-oportunidades\/#primaryimage"},"image":{"@id":"https:\/\/alfaloc.fr\/pt-pt\/descontos-e-oportunidades\/#primaryimage"},"thumbnailUrl":"https:\/\/alfaloc.fr\/wp-content\/uploads\/sites\/3\/2024\/07\/man-face-03.png","datePublished":"2024-02-28T15:11:45+00:00","dateModified":"2024-12-11T17:44:44+00:00","description":"Aproveite descontos exclusivos e oportunidades especiais na Alfaloc. Economize nos seus envios com as nossas ofertas.","breadcrumb":{"@id":"https:\/\/alfaloc.fr\/pt-pt\/descontos-e-oportunidades\/#breadcrumb"},"inLanguage":"pt-PT","potentialAction":[{"@type":"ReadAction","target":["https:\/\/alfaloc.fr\/pt-pt\/descontos-e-oportunidades\/"]}]},{"@type":"ImageObject","inLanguage":"pt-PT","@id":"https:\/\/alfaloc.fr\/pt-pt\/descontos-e-oportunidades\/#primaryimage","url":"https:\/\/alfaloc.fr\/wp-content\/uploads\/sites\/3\/2024\/07\/man-face-03.png","contentUrl":"https:\/\/alfaloc.fr\/wp-content\/uploads\/sites\/3\/2024\/07\/man-face-03.png","width":1077,"height":604,"caption":"Campanha novos clientes Alfaloc"},{"@type":"BreadcrumbList","@id":"https:\/\/alfaloc.fr\/pt-pt\/descontos-e-oportunidades\/#breadcrumb","itemListElement":[{"@type":"ListItem","position":1,"name":"In\u00edcio","item":"https:\/\/alfaloc.fr\/pt-pt\/"},{"@type":"ListItem","position":2,"name":"Descontos e Oportunidades"}]},{"@type":"WebSite","@id":"https:\/\/alfaloc.fr\/pt-pt\/#website","url":"https:\/\/alfaloc.fr\/pt-pt\/","name":"Alfaloc FR","description":"","potentialAction":[{"@type":"SearchAction","target":{"@type":"EntryPoint","urlTemplate":"https:\/\/alfaloc.fr\/pt-pt\/?s={search_term_string}"},"query-input":{"@type":"PropertyValueSpecification","valueRequired":true,"valueName":"search_term_string"}}],"inLanguage":"pt-PT"}]}},"_links":{"self":[{"href":"https:\/\/alfaloc.fr\/pt-pt\/wp-json\/wp\/v2\/pages\/2307","targetHints":{"allow":["GET"]}}],"collection":[{"href":"https:\/\/alfaloc.fr\/pt-pt\/wp-json\/wp\/v2\/pages"}],"about":[{"href":"https:\/\/alfaloc.fr\/pt-pt\/wp-json\/wp\/v2\/types\/page"}],"author":[{"embeddable":true,"href":"https:\/\/alfaloc.fr\/pt-pt\/wp-json\/wp\/v2\/users\/1"}],"replies":[{"embeddable":true,"href":"https:\/\/alfaloc.fr\/pt-pt\/wp-json\/wp\/v2\/comments?post=2307"}],"version-history":[{"count":52,"href":"https:\/\/alfaloc.fr\/pt-pt\/wp-json\/wp\/v2\/pages\/2307\/revisions"}],"predecessor-version":[{"id":9266,"href":"https:\/\/alfaloc.fr\/pt-pt\/wp-json\/wp\/v2\/pages\/2307\/revisions\/9266"}],"wp:featuredmedia":[{"embeddable":true,"href":"https:\/\/alfaloc.fr\/pt-pt\/wp-json\/wp\/v2\/media\/5207"}],"wp:attachment":[{"href":"https:\/\/alfaloc.fr\/pt-pt\/wp-json\/wp\/v2\/media?parent=2307"}],"curies":[{"name":"wp","href":"https:\/\/api.w.org\/{rel}","templated":true}]}}