{"id":151,"date":"2023-12-19T18:22:53","date_gmt":"2023-12-19T18:22:53","guid":{"rendered":"https:\/\/alfaloc.pt\/?page_id=151"},"modified":"2024-12-04T14:46:14","modified_gmt":"2024-12-04T14:46:14","slug":"condicoes-gerais","status":"publish","type":"page","link":"https:\/\/alfaloc.fr\/pt-pt\/condicoes-gerais\/","title":{"rendered":"Condi\u00e7\u00f5es Gerais"},"content":{"rendered":"\t\t<div data-elementor-type=\"wp-page\" data-elementor-id=\"151\" class=\"elementor elementor-151\" data-elementor-post-type=\"page\">\n\t\t\t\t<div class=\"elementor-element elementor-element-d1bca47 e-flex e-con-boxed e-con e-parent\" data-id=\"d1bca47\" data-element_type=\"container\">\n\t\t\t\t\t<div class=\"e-con-inner\">\n\t\t<div class=\"elementor-element elementor-element-d2e6d72 e-con-full e-flex e-con e-child\" data-id=\"d2e6d72\" data-element_type=\"container\">\n\t\t\t\t<div class=\"elementor-element elementor-element-a090e74 elementor-widget__width-initial elementor-widget-mobile__width-inherit elementor-widget elementor-widget-heading\" data-id=\"a090e74\" data-element_type=\"widget\" data-widget_type=\"heading.default\">\n\t\t\t\t<div class=\"elementor-widget-container\">\n\t\t\t<style>\/*! elementor - v3.22.0 - 17-06-2024 *\/\n.elementor-heading-title{padding:0;margin:0;line-height:1}.elementor-widget-heading .elementor-heading-title[class*=elementor-size-]>a{color:inherit;font-size:inherit;line-height:inherit}.elementor-widget-heading .elementor-heading-title.elementor-size-small{font-size:15px}.elementor-widget-heading .elementor-heading-title.elementor-size-medium{font-size:19px}.elementor-widget-heading .elementor-heading-title.elementor-size-large{font-size:29px}.elementor-widget-heading .elementor-heading-title.elementor-size-xl{font-size:39px}.elementor-widget-heading .elementor-heading-title.elementor-size-xxl{font-size:59px}<\/style><h2 class=\"elementor-heading-title elementor-size-default\">Tudo o que precisa saber sobre os nossos servi\u00e7os<\/h2>\t\t<\/div>\n\t\t\t\t<\/div>\n\t\t\t\t<div class=\"elementor-element elementor-element-7be42e1 elementor-hidden-mobile elementor-widget elementor-widget-spacer\" data-id=\"7be42e1\" data-element_type=\"widget\" data-widget_type=\"spacer.default\">\n\t\t\t\t<div class=\"elementor-widget-container\">\n\t\t\t<style>\/*! elementor - v3.22.0 - 17-06-2024 *\/\n.elementor-column .elementor-spacer-inner{height:var(--spacer-size)}.e-con{--container-widget-width:100%}.e-con-inner>.elementor-widget-spacer,.e-con>.elementor-widget-spacer{width:var(--container-widget-width,var(--spacer-size));--align-self:var(--container-widget-align-self,initial);--flex-shrink:0}.e-con-inner>.elementor-widget-spacer>.elementor-widget-container,.e-con>.elementor-widget-spacer>.elementor-widget-container{height:100%;width:100%}.e-con-inner>.elementor-widget-spacer>.elementor-widget-container>.elementor-spacer,.e-con>.elementor-widget-spacer>.elementor-widget-container>.elementor-spacer{height:100%}.e-con-inner>.elementor-widget-spacer>.elementor-widget-container>.elementor-spacer>.elementor-spacer-inner,.e-con>.elementor-widget-spacer>.elementor-widget-container>.elementor-spacer>.elementor-spacer-inner{height:var(--container-widget-height,var(--spacer-size))}.e-con-inner>.elementor-widget-spacer.elementor-widget-empty,.e-con>.elementor-widget-spacer.elementor-widget-empty{position:relative;min-height:22px;min-width:22px}.e-con-inner>.elementor-widget-spacer.elementor-widget-empty .elementor-widget-empty-icon,.e-con>.elementor-widget-spacer.elementor-widget-empty .elementor-widget-empty-icon{position:absolute;top:0;bottom:0;left:0;right:0;margin:auto;padding:0;width:22px;height:22px}<\/style>\t\t<div class=\"elementor-spacer\">\n\t\t\t<div class=\"elementor-spacer-inner\"><\/div>\n\t\t<\/div>\n\t\t\t\t<\/div>\n\t\t\t\t<\/div>\n\t\t<div class=\"elementor-element elementor-element-35a06fd e-con-full e-flex e-con e-child\" data-id=\"35a06fd\" data-element_type=\"container\">\n\t\t\t\t<div class=\"elementor-element elementor-element-df42bf2 elementor-widget-mobile__width-initial elementor-widget elementor-widget-text-editor\" data-id=\"df42bf2\" data-element_type=\"widget\" data-widget_type=\"text-editor.default\">\n\t\t\t\t<div class=\"elementor-widget-container\">\n\t\t\t<style>\/*! elementor - v3.22.0 - 17-06-2024 *\/\n.elementor-widget-text-editor.elementor-drop-cap-view-stacked .elementor-drop-cap{background-color:#69727d;color:#fff}.elementor-widget-text-editor.elementor-drop-cap-view-framed .elementor-drop-cap{color:#69727d;border:3px solid;background-color:transparent}.elementor-widget-text-editor:not(.elementor-drop-cap-view-default) .elementor-drop-cap{margin-top:8px}.elementor-widget-text-editor:not(.elementor-drop-cap-view-default) .elementor-drop-cap-letter{width:1em;height:1em}.elementor-widget-text-editor .elementor-drop-cap{float:left;text-align:center;line-height:1;font-size:50px}.elementor-widget-text-editor .elementor-drop-cap-letter{display:inline-block}<\/style>\t\t\t\t<p>A rela\u00e7\u00e3o estabelecida com a <strong>alfaloc<\/strong> \u00e9 baseada numa total transpar\u00eancia e sentido de responsabilidade. Conhe\u00e7a as condi\u00e7\u00f5es gerais dos servi\u00e7os\u00a0<b>alfaloc<\/b>.<\/p><p>As condi\u00e7\u00f5es que s\u00e3o estabelecidas num contrato de presta\u00e7\u00e3o de servi\u00e7o, num acordo comercial suportado num caderno de servi\u00e7os ou numa \u00fanica carta de porte aceite por ambas as partes, respondem e respeitam a legisla\u00e7\u00e3o em vigor do pr\u00f3prio setor.<\/p>\t\t\t\t\t\t<\/div>\n\t\t\t\t<\/div>\n\t\t\t\t<div class=\"elementor-element elementor-element-9c5dba0 elementor-widget-mobile__width-inherit elementor-widget elementor-widget-heading\" data-id=\"9c5dba0\" data-element_type=\"widget\" data-widget_type=\"heading.default\">\n\t\t\t\t<div class=\"elementor-widget-container\">\n\t\t\t<h3 class=\"elementor-heading-title elementor-size-default\">Condi\u00e7\u00f5es gerais de servi\u00e7os Alfaloc<\/h3>\t\t<\/div>\n\t\t\t\t<\/div>\n\t\t\t\t<div class=\"elementor-element elementor-element-f5d97b4 elementor-widget-mobile__width-initial elementor-widget elementor-widget-text-editor\" data-id=\"f5d97b4\" data-element_type=\"widget\" data-widget_type=\"text-editor.default\">\n\t\t\t\t<div class=\"elementor-widget-container\">\n\t\t\t\t\t\t\t<p>Conhe\u00e7a todas as <a style=\"text-decoration: underline;color: #000\" href=\"https:\/\/alfaloc.pt\/alfaloc-fr\/wp-content\/uploads\/sites\/3\/2024\/03\/condicoes_gerais_prestacao_servicos_PT_2020.pdf\" target=\"_blank\" rel=\"noopener\">condi\u00e7\u00f5es gerais<\/a> da <strong>alfaloc<\/strong>.<\/p><p>Para ter acesso \u00e0s condi\u00e7\u00f5es espec\u00edficas dever\u00e1 aceder \u00e0 <a href=\"https:\/\/alfaloc.pt\/alfaloc-fr\/condicoes-de-envio\/\">P\u00e1gina das\u00a0Condi\u00e7\u00f5es<\/a><\/p>\t\t\t\t\t\t<\/div>\n\t\t\t\t<\/div>\n\t\t\t\t<div class=\"elementor-element elementor-element-44299f3 alfaloc-download-btn elementor-widget elementor-widget-button\" data-id=\"44299f3\" data-element_type=\"widget\" data-widget_type=\"button.default\">\n\t\t\t\t<div class=\"elementor-widget-container\">\n\t\t\t\t\t<div class=\"elementor-button-wrapper\">\n\t\t\t<a class=\"elementor-button elementor-button-link elementor-size-sm\" href=\"https:\/\/alfaloc.pt\/alfaloc-fr\/wp-content\/uploads\/sites\/3\/2024\/03\/condicoes_gerais_prestacao_servicos_PT_2020.pdf\">\n\t\t\t\t\t\t<span class=\"elementor-button-content-wrapper\">\n\t\t\t\t\t\t<span class=\"elementor-button-icon\">\n\t\t\t\t<svg xmlns=\"http:\/\/www.w3.org\/2000\/svg\" width=\"17\" height=\"20\" viewBox=\"0 0 17 20\" fill=\"none\"><g clip-path=\"url(#clip0_1064_2979)\"><path d=\"M8.5002 0C7.96899 0 7.53762 0.444708 7.53762 0.992346V12.2908L3.98299 8.66059C3.60538 8.27527 2.99609 8.27791 2.62233 8.66719C2.24856 9.05648 2.25112 9.68461 2.62873 10.0699L7.82306 15.3761C8.01123 15.5674 8.25571 15.6638 8.5002 15.6638C8.74468 15.6638 8.99044 15.5674 9.17733 15.3761L14.3717 10.0699C14.7493 9.68461 14.7518 9.05648 14.3781 8.66719C14.0043 8.27791 13.395 8.27527 13.0174 8.66059L9.46277 12.2908V0.992346C9.46277 0.444708 9.03141 0 8.5002 0Z\" fill=\"white\"><\/path><path d=\"M17 19.0076C17 18.46 16.5686 18.0153 16.0374 18.0153H0.962578C0.431368 18.0153 0 18.46 0 19.0076C0 19.5552 0.431368 20 0.962578 20H16.0387C16.5699 20 17.0013 19.5552 17.0013 19.0076H17Z\" fill=\"white\"><\/path><\/g><defs><clipPath id=\"clip0_1064_2979\"><rect width=\"17\" height=\"20\" fill=\"white\"><\/rect><\/clipPath><\/defs><\/svg>\t\t\t<\/span>\n\t\t\t\t\t\t\t\t\t<span class=\"elementor-button-text\">Download Pdf<\/span>\n\t\t\t\t\t<\/span>\n\t\t\t\t\t<\/a>\n\t\t<\/div>\n\t\t\t\t<\/div>\n\t\t\t\t<\/div>\n\t\t\t\t<div class=\"elementor-element elementor-element-e664a60 elementor-widget-mobile__width-initial elementor-widget elementor-widget-text-editor\" data-id=\"e664a60\" data-element_type=\"widget\" data-widget_type=\"text-editor.default\">\n\t\t\t\t<div class=\"elementor-widget-container\">\n\t\t\t\t\t\t\t<p>Todo o modelo de atua\u00e7\u00e3o da <strong>alfaloc<\/strong> respeita os princ\u00edpios da prote\u00e7\u00e3o de dados e da liberdade de cada cliente.<\/p>\t\t\t\t\t\t<\/div>\n\t\t\t\t<\/div>\n\t\t\t\t<div class=\"elementor-element elementor-element-283f4e6 elementor-widget-mobile__width-initial alfaloc-ul ul-dot-red no-space elementor-widget elementor-widget-text-editor\" data-id=\"283f4e6\" data-element_type=\"widget\" data-widget_type=\"text-editor.default\">\n\t\t\t\t<div class=\"elementor-widget-container\">\n\t\t\t\t\t\t\t<ul><li><a href=\"https:\/\/alfaloc.pt\/alfaloc-fr\/wp-content\/uploads\/sites\/3\/2024\/03\/alfaloc-politica-de-privacidade-termos-de-uso.pdf\" target=\"_blank\" rel=\"noopener\">Pol\u00edtica de Privacidade e Termos de Uso<\/a><\/li><\/ul>\t\t\t\t\t\t<\/div>\n\t\t\t\t<\/div>\n\t\t\t\t<\/div>\n\t\t\t\t<\/div>\n\t\t<div class=\"elementor-element elementor-element-9be912a e-con-full elementor-hidden-tablet elementor-hidden-mobile_extra elementor-hidden-mobile e-flex e-con e-child\" data-id=\"9be912a\" data-element_type=\"container\">\n\t\t\t\t<\/div>\n\t\t\t\t\t<\/div>\n\t\t\t\t<\/div>\n\t\t\t\t<\/div>\n\t\t","protected":false},"excerpt":{"rendered":"<p>Fique informado sobre as condi\u00e7\u00f5es legais da Alfaloc. Garantimos a conformidade com as normas legais em todos os nossos servi\u00e7os.<\/p>\n","protected":false},"author":1,"featured_media":7621,"parent":0,"menu_order":0,"comment_status":"closed","ping_status":"closed","template":"","meta":{"footnotes":""},"class_list":["post-151","page","type-page","status-publish","has-post-thumbnail","hentry"],"yoast_head":"<!-- This site is optimized with the Yoast SEO Premium plugin v27.5 (Yoast SEO v27.5) - https:\/\/yoast.com\/product\/yoast-seo-premium-wordpress\/ -->\n<title>Condi\u00e7\u00f5es Gerais - Alfaloc FR<\/title>\n<meta name=\"description\" content=\"Fique informado sobre as condi\u00e7\u00f5es gerais dos servi\u00e7os Alfaloc. Garantimos a conformidade com as normas legais em todos os nossos servi\u00e7os.\" \/>\n<meta name=\"robots\" content=\"index, follow, max-snippet:-1, max-image-preview:large, max-video-preview:-1\" \/>\n<link rel=\"canonical\" href=\"https:\/\/alfaloc.fr\/pt-pt\/condicoes-gerais\/\" \/>\n<meta property=\"og:locale\" content=\"pt_PT\" \/>\n<meta property=\"og:type\" content=\"article\" \/>\n<meta property=\"og:title\" content=\"Condi\u00e7\u00f5es Gerais\" \/>\n<meta property=\"og:description\" content=\"Fique informado sobre as condi\u00e7\u00f5es legais da Alfaloc. Garantimos a conformidade com as normas legais em todos os nossos servi\u00e7os.\" \/>\n<meta property=\"og:url\" content=\"https:\/\/alfaloc.fr\/pt-pt\/condicoes-gerais\/\" \/>\n<meta property=\"og:site_name\" content=\"Alfaloc FR\" \/>\n<meta property=\"article:modified_time\" content=\"2024-12-04T14:46:14+00:00\" \/>\n<meta property=\"og:image\" content=\"https:\/\/alfaloc.fr\/wp-content\/uploads\/sites\/3\/2024\/04\/alfaloc-vantagens-ser-cliente-alfaloc-banner.jpg\" \/>\n\t<meta property=\"og:image:width\" content=\"1920\" \/>\n\t<meta property=\"og:image:height\" content=\"432\" \/>\n\t<meta property=\"og:image:type\" content=\"image\/jpeg\" \/>\n<meta name=\"twitter:card\" content=\"summary_large_image\" \/>\n<meta name=\"twitter:description\" content=\"Fique informado sobre as condi\u00e7\u00f5es legais da Alfaloc. Garantimos a conformidade com as normas legais em todos os nossos servi\u00e7os.\" \/>\n<meta name=\"twitter:label1\" content=\"Tempo estimado de leitura\" \/>\n\t<meta name=\"twitter:data1\" content=\"1 minuto\" \/>\n<script type=\"application\/ld+json\" class=\"yoast-schema-graph\">{\"@context\":\"https:\\\/\\\/schema.org\",\"@graph\":[{\"@type\":\"WebPage\",\"@id\":\"https:\\\/\\\/alfaloc.fr\\\/pt-pt\\\/condicoes-gerais\\\/\",\"url\":\"https:\\\/\\\/alfaloc.fr\\\/pt-pt\\\/condicoes-gerais\\\/\",\"name\":\"Condi\u00e7\u00f5es Gerais - Alfaloc FR\",\"isPartOf\":{\"@id\":\"https:\\\/\\\/alfaloc.fr\\\/pt-pt\\\/#website\"},\"primaryImageOfPage\":{\"@id\":\"https:\\\/\\\/alfaloc.fr\\\/pt-pt\\\/condicoes-gerais\\\/#primaryimage\"},\"image\":{\"@id\":\"https:\\\/\\\/alfaloc.fr\\\/pt-pt\\\/condicoes-gerais\\\/#primaryimage\"},\"thumbnailUrl\":\"https:\\\/\\\/alfaloc.fr\\\/wp-content\\\/uploads\\\/sites\\\/3\\\/2024\\\/08\\\/docs-Thumb.png\",\"datePublished\":\"2023-12-19T18:22:53+00:00\",\"dateModified\":\"2024-12-04T14:46:14+00:00\",\"description\":\"Fique informado sobre as condi\u00e7\u00f5es gerais dos servi\u00e7os Alfaloc. Garantimos a conformidade com as normas legais em todos os nossos servi\u00e7os.\",\"breadcrumb\":{\"@id\":\"https:\\\/\\\/alfaloc.fr\\\/pt-pt\\\/condicoes-gerais\\\/#breadcrumb\"},\"inLanguage\":\"pt-PT\",\"potentialAction\":[{\"@type\":\"ReadAction\",\"target\":[\"https:\\\/\\\/alfaloc.fr\\\/pt-pt\\\/condicoes-gerais\\\/\"]}]},{\"@type\":\"ImageObject\",\"inLanguage\":\"pt-PT\",\"@id\":\"https:\\\/\\\/alfaloc.fr\\\/pt-pt\\\/condicoes-gerais\\\/#primaryimage\",\"url\":\"https:\\\/\\\/alfaloc.fr\\\/wp-content\\\/uploads\\\/sites\\\/3\\\/2024\\\/08\\\/docs-Thumb.png\",\"contentUrl\":\"https:\\\/\\\/alfaloc.fr\\\/wp-content\\\/uploads\\\/sites\\\/3\\\/2024\\\/08\\\/docs-Thumb.png\",\"width\":432,\"height\":432},{\"@type\":\"BreadcrumbList\",\"@id\":\"https:\\\/\\\/alfaloc.fr\\\/pt-pt\\\/condicoes-gerais\\\/#breadcrumb\",\"itemListElement\":[{\"@type\":\"ListItem\",\"position\":1,\"name\":\"In\u00edcio\",\"item\":\"https:\\\/\\\/alfaloc.fr\\\/pt-pt\\\/\"},{\"@type\":\"ListItem\",\"position\":2,\"name\":\"Condi\u00e7\u00f5es Gerais\"}]},{\"@type\":\"WebSite\",\"@id\":\"https:\\\/\\\/alfaloc.fr\\\/pt-pt\\\/#website\",\"url\":\"https:\\\/\\\/alfaloc.fr\\\/pt-pt\\\/\",\"name\":\"Alfaloc FR\",\"description\":\"\",\"potentialAction\":[{\"@type\":\"SearchAction\",\"target\":{\"@type\":\"EntryPoint\",\"urlTemplate\":\"https:\\\/\\\/alfaloc.fr\\\/pt-pt\\\/?s={search_term_string}\"},\"query-input\":{\"@type\":\"PropertyValueSpecification\",\"valueRequired\":true,\"valueName\":\"search_term_string\"}}],\"inLanguage\":\"pt-PT\"}]}<\/script>\n<!-- \/ Yoast SEO Premium plugin. -->","yoast_head_json":{"title":"Condi\u00e7\u00f5es Gerais - Alfaloc FR","description":"Fique informado sobre as condi\u00e7\u00f5es gerais dos servi\u00e7os Alfaloc. Garantimos a conformidade com as normas legais em todos os nossos servi\u00e7os.","robots":{"index":"index","follow":"follow","max-snippet":"max-snippet:-1","max-image-preview":"max-image-preview:large","max-video-preview":"max-video-preview:-1"},"canonical":"https:\/\/alfaloc.fr\/pt-pt\/condicoes-gerais\/","og_locale":"pt_PT","og_type":"article","og_title":"Condi\u00e7\u00f5es Gerais","og_description":"Fique informado sobre as condi\u00e7\u00f5es legais da Alfaloc. Garantimos a conformidade com as normas legais em todos os nossos servi\u00e7os.","og_url":"https:\/\/alfaloc.fr\/pt-pt\/condicoes-gerais\/","og_site_name":"Alfaloc FR","article_modified_time":"2024-12-04T14:46:14+00:00","og_image":[{"width":1920,"height":432,"url":"https:\/\/alfaloc.fr\/wp-content\/uploads\/sites\/3\/2024\/04\/alfaloc-vantagens-ser-cliente-alfaloc-banner.jpg","type":"image\/jpeg"}],"twitter_card":"summary_large_image","twitter_description":"Fique informado sobre as condi\u00e7\u00f5es legais da Alfaloc. Garantimos a conformidade com as normas legais em todos os nossos servi\u00e7os.","twitter_misc":{"Tempo estimado de leitura":"1 minuto"},"schema":{"@context":"https:\/\/schema.org","@graph":[{"@type":"WebPage","@id":"https:\/\/alfaloc.fr\/pt-pt\/condicoes-gerais\/","url":"https:\/\/alfaloc.fr\/pt-pt\/condicoes-gerais\/","name":"Condi\u00e7\u00f5es Gerais - Alfaloc FR","isPartOf":{"@id":"https:\/\/alfaloc.fr\/pt-pt\/#website"},"primaryImageOfPage":{"@id":"https:\/\/alfaloc.fr\/pt-pt\/condicoes-gerais\/#primaryimage"},"image":{"@id":"https:\/\/alfaloc.fr\/pt-pt\/condicoes-gerais\/#primaryimage"},"thumbnailUrl":"https:\/\/alfaloc.fr\/wp-content\/uploads\/sites\/3\/2024\/08\/docs-Thumb.png","datePublished":"2023-12-19T18:22:53+00:00","dateModified":"2024-12-04T14:46:14+00:00","description":"Fique informado sobre as condi\u00e7\u00f5es gerais dos servi\u00e7os Alfaloc. Garantimos a conformidade com as normas legais em todos os nossos servi\u00e7os.","breadcrumb":{"@id":"https:\/\/alfaloc.fr\/pt-pt\/condicoes-gerais\/#breadcrumb"},"inLanguage":"pt-PT","potentialAction":[{"@type":"ReadAction","target":["https:\/\/alfaloc.fr\/pt-pt\/condicoes-gerais\/"]}]},{"@type":"ImageObject","inLanguage":"pt-PT","@id":"https:\/\/alfaloc.fr\/pt-pt\/condicoes-gerais\/#primaryimage","url":"https:\/\/alfaloc.fr\/wp-content\/uploads\/sites\/3\/2024\/08\/docs-Thumb.png","contentUrl":"https:\/\/alfaloc.fr\/wp-content\/uploads\/sites\/3\/2024\/08\/docs-Thumb.png","width":432,"height":432},{"@type":"BreadcrumbList","@id":"https:\/\/alfaloc.fr\/pt-pt\/condicoes-gerais\/#breadcrumb","itemListElement":[{"@type":"ListItem","position":1,"name":"In\u00edcio","item":"https:\/\/alfaloc.fr\/pt-pt\/"},{"@type":"ListItem","position":2,"name":"Condi\u00e7\u00f5es Gerais"}]},{"@type":"WebSite","@id":"https:\/\/alfaloc.fr\/pt-pt\/#website","url":"https:\/\/alfaloc.fr\/pt-pt\/","name":"Alfaloc FR","description":"","potentialAction":[{"@type":"SearchAction","target":{"@type":"EntryPoint","urlTemplate":"https:\/\/alfaloc.fr\/pt-pt\/?s={search_term_string}"},"query-input":{"@type":"PropertyValueSpecification","valueRequired":true,"valueName":"search_term_string"}}],"inLanguage":"pt-PT"}]}},"_links":{"self":[{"href":"https:\/\/alfaloc.fr\/pt-pt\/wp-json\/wp\/v2\/pages\/151","targetHints":{"allow":["GET"]}}],"collection":[{"href":"https:\/\/alfaloc.fr\/pt-pt\/wp-json\/wp\/v2\/pages"}],"about":[{"href":"https:\/\/alfaloc.fr\/pt-pt\/wp-json\/wp\/v2\/types\/page"}],"author":[{"embeddable":true,"href":"https:\/\/alfaloc.fr\/pt-pt\/wp-json\/wp\/v2\/users\/1"}],"replies":[{"embeddable":true,"href":"https:\/\/alfaloc.fr\/pt-pt\/wp-json\/wp\/v2\/comments?post=151"}],"version-history":[{"count":70,"href":"https:\/\/alfaloc.fr\/pt-pt\/wp-json\/wp\/v2\/pages\/151\/revisions"}],"predecessor-version":[{"id":9216,"href":"https:\/\/alfaloc.fr\/pt-pt\/wp-json\/wp\/v2\/pages\/151\/revisions\/9216"}],"wp:featuredmedia":[{"embeddable":true,"href":"https:\/\/alfaloc.fr\/pt-pt\/wp-json\/wp\/v2\/media\/7621"}],"wp:attachment":[{"href":"https:\/\/alfaloc.fr\/pt-pt\/wp-json\/wp\/v2\/media?parent=151"}],"curies":[{"name":"wp","href":"https:\/\/api.w.org\/{rel}","templated":true}]}}