{"id":1491,"date":"2024-02-09T17:56:06","date_gmt":"2024-02-09T17:56:06","guid":{"rendered":"https:\/\/alfaloc.pt\/?page_id=1491"},"modified":"2024-08-01T15:58:06","modified_gmt":"2024-08-01T15:58:06","slug":"pedir-recolha","status":"publish","type":"page","link":"https:\/\/alfaloc.fr\/pt-pt\/pedir-recolha\/","title":{"rendered":"Pedir Recolha"},"content":{"rendered":"\t\t<div data-elementor-type=\"wp-page\" data-elementor-id=\"1491\" class=\"elementor elementor-1491\" data-elementor-post-type=\"page\">\n\t\t\t\t<div class=\"elementor-element elementor-element-dc44676 e-flex e-con-boxed e-con e-parent\" data-id=\"dc44676\" data-element_type=\"container\">\n\t\t\t\t\t<div class=\"e-con-inner\">\n\t\t<div class=\"elementor-element elementor-element-a430740 e-con-full e-flex e-con e-child\" data-id=\"a430740\" data-element_type=\"container\">\n\t\t<div class=\"elementor-element elementor-element-70183cf e-con-full e-flex e-con e-child\" data-id=\"70183cf\" data-element_type=\"container\">\n\t\t\t\t<div class=\"elementor-element elementor-element-be3a854 elementor-widget-tablet_extra__width-inherit elementor-widget elementor-widget-heading\" data-id=\"be3a854\" data-element_type=\"widget\" data-widget_type=\"heading.default\">\n\t\t\t\t<div class=\"elementor-widget-container\">\n\t\t\t<style>\/*! elementor - v3.22.0 - 17-06-2024 *\/\n.elementor-heading-title{padding:0;margin:0;line-height:1}.elementor-widget-heading .elementor-heading-title[class*=elementor-size-]>a{color:inherit;font-size:inherit;line-height:inherit}.elementor-widget-heading .elementor-heading-title.elementor-size-small{font-size:15px}.elementor-widget-heading .elementor-heading-title.elementor-size-medium{font-size:19px}.elementor-widget-heading .elementor-heading-title.elementor-size-large{font-size:29px}.elementor-widget-heading .elementor-heading-title.elementor-size-xl{font-size:39px}.elementor-widget-heading .elementor-heading-title.elementor-size-xxl{font-size:59px}<\/style><h2 class=\"elementor-heading-title elementor-size-default\">Agende a recolha da sua encomenda com facilidade<\/h2>\t\t<\/div>\n\t\t\t\t<\/div>\n\t\t\t\t<div class=\"elementor-element elementor-element-22934e2 elementor-widget-mobile__width-initial elementor-widget elementor-widget-text-editor\" data-id=\"22934e2\" data-element_type=\"widget\" data-widget_type=\"text-editor.default\">\n\t\t\t\t<div class=\"elementor-widget-container\">\n\t\t\t<style>\/*! elementor - v3.22.0 - 17-06-2024 *\/\n.elementor-widget-text-editor.elementor-drop-cap-view-stacked .elementor-drop-cap{background-color:#69727d;color:#fff}.elementor-widget-text-editor.elementor-drop-cap-view-framed .elementor-drop-cap{color:#69727d;border:3px solid;background-color:transparent}.elementor-widget-text-editor:not(.elementor-drop-cap-view-default) .elementor-drop-cap{margin-top:8px}.elementor-widget-text-editor:not(.elementor-drop-cap-view-default) .elementor-drop-cap-letter{width:1em;height:1em}.elementor-widget-text-editor .elementor-drop-cap{float:left;text-align:center;line-height:1;font-size:50px}.elementor-widget-text-editor .elementor-drop-cap-letter{display:inline-block}<\/style>\t\t\t\t<p>Para pedir um servi\u00e7o de transportes ou solicitar recolha de uma encomenda, dever\u00e1 ter <a href=\"https:\/\/alfaloc.pt\/alfaloc-fr\/como-abrir-conta\/\">conta alfaloc<\/a>.<\/p><p>S\u00f3 desta forma poder\u00e1 beneficiar de todas as <a href=\"https:\/\/alfaloc.pt\/alfaloc-fr\/vantagens-de-ser-cliente-alfaloc\/\">vantagens em ser cliente<\/a> <strong>alfaloc<\/strong>.<br \/>Se j\u00e1 \u00e9 cliente e j\u00e1 se <a href=\"https:\/\/my.alfaloc.pt\/auth\/register\" target=\"_blank\" rel=\"noopener\">registou no myalfaloc<\/a>, pe\u00e7a a sua recolha em <a href=\"https:\/\/my.alfaloc.pt\/waybill\/receiver\" target=\"_blank\" rel=\"noopener\">Nova Carta de Porte<\/a>.*<\/p>\t\t\t\t\t\t<\/div>\n\t\t\t\t<\/div>\n\t\t\t\t<div class=\"elementor-element elementor-element-f10c1f5 elementor-widget-mobile__width-inherit elementor-widget elementor-widget-heading\" data-id=\"f10c1f5\" data-element_type=\"widget\" data-widget_type=\"heading.default\">\n\t\t\t\t<div class=\"elementor-widget-container\">\n\t\t\t<h3 class=\"elementor-heading-title elementor-size-default\">J\u00e1 tem conta Alfaloc? <\/h3>\t\t<\/div>\n\t\t\t\t<\/div>\n\t\t\t\t<div class=\"elementor-element elementor-element-fa8febd elementor-widget-mobile__width-initial elementor-widget elementor-widget-text-editor\" data-id=\"fa8febd\" data-element_type=\"widget\" data-widget_type=\"text-editor.default\">\n\t\t\t\t<div class=\"elementor-widget-container\">\n\t\t\t\t\t\t\t<p><span style=\"color: var( --e-global-color-text );font-family: var( --e-global-typography-text-font-family ), Sans-serif;font-size: var( --e-global-typography-text-font-size );font-weight: var( --e-global-typography-text-font-weight );letter-spacing: var( --e-global-typography-text-letter-spacing );text-align: var(--text-align)\">Se ainda n\u00e3o tem conta com a <\/span><strong style=\"color: var( --e-global-color-text );font-family: var( --e-global-typography-text-font-family ), Sans-serif;font-size: var( --e-global-typography-text-font-size );letter-spacing: var( --e-global-typography-text-letter-spacing );text-align: var(--text-align)\">alfaloc<\/strong><span style=\"color: var( --e-global-color-text );font-family: var( --e-global-typography-text-font-family ), Sans-serif;font-size: var( --e-global-typography-text-font-size );font-weight: var( --e-global-typography-text-font-weight );letter-spacing: var( --e-global-typography-text-letter-spacing );text-align: var(--text-align)\"> e pretende agendar uma recolha, preencha o formul\u00e1rio abaixo.<\/span><\/p><p><strong>O pedido de Recolha n\u00e3o substitui a Carta de Porte e\/ou a restante documenta\u00e7\u00e3o legal necess\u00e1ria ao envio.<\/strong><\/p>\t\t\t\t\t\t<\/div>\n\t\t\t\t<\/div>\n\t\t\t\t<div class=\"elementor-element elementor-element-c846f02 elementor-widget__width-inherit elementor-widget elementor-widget-ws-form\" data-id=\"c846f02\" data-element_type=\"widget\" id=\"alfaloc-wsf-tab-form\" data-widget_type=\"ws-form.default\">\n\t\t\t\t<div class=\"elementor-widget-container\">\n\t\t\t<form action=\"https:\/\/alfaloc.fr\/pt-pt\/wp-json\/ws-form\/v1\/submit\" class=\"wsf-form wsf-form-canvas\" id=\"ws-form-1\" data-id=\"8\" data-instance-id=\"1\" method=\"POST\"><\/form>\t\t<\/div>\n\t\t\t\t<\/div>\n\t\t\t\t<div class=\"elementor-element elementor-element-d0d7842 elementor-widget elementor-widget-spacer\" data-id=\"d0d7842\" data-element_type=\"widget\" data-widget_type=\"spacer.default\">\n\t\t\t\t<div class=\"elementor-widget-container\">\n\t\t\t<style>\/*! elementor - v3.22.0 - 17-06-2024 *\/\n.elementor-column .elementor-spacer-inner{height:var(--spacer-size)}.e-con{--container-widget-width:100%}.e-con-inner>.elementor-widget-spacer,.e-con>.elementor-widget-spacer{width:var(--container-widget-width,var(--spacer-size));--align-self:var(--container-widget-align-self,initial);--flex-shrink:0}.e-con-inner>.elementor-widget-spacer>.elementor-widget-container,.e-con>.elementor-widget-spacer>.elementor-widget-container{height:100%;width:100%}.e-con-inner>.elementor-widget-spacer>.elementor-widget-container>.elementor-spacer,.e-con>.elementor-widget-spacer>.elementor-widget-container>.elementor-spacer{height:100%}.e-con-inner>.elementor-widget-spacer>.elementor-widget-container>.elementor-spacer>.elementor-spacer-inner,.e-con>.elementor-widget-spacer>.elementor-widget-container>.elementor-spacer>.elementor-spacer-inner{height:var(--container-widget-height,var(--spacer-size))}.e-con-inner>.elementor-widget-spacer.elementor-widget-empty,.e-con>.elementor-widget-spacer.elementor-widget-empty{position:relative;min-height:22px;min-width:22px}.e-con-inner>.elementor-widget-spacer.elementor-widget-empty .elementor-widget-empty-icon,.e-con>.elementor-widget-spacer.elementor-widget-empty .elementor-widget-empty-icon{position:absolute;top:0;bottom:0;left:0;right:0;margin:auto;padding:0;width:22px;height:22px}<\/style>\t\t<div class=\"elementor-spacer\">\n\t\t\t<div class=\"elementor-spacer-inner\"><\/div>\n\t\t<\/div>\n\t\t\t\t<\/div>\n\t\t\t\t<\/div>\n\t\t\t\t<div class=\"elementor-element elementor-element-5dd0b0c elementor-widget-mobile__width-initial elementor-widget elementor-widget-text-editor\" data-id=\"5dd0b0c\" data-element_type=\"widget\" data-widget_type=\"text-editor.default\">\n\t\t\t\t<div class=\"elementor-widget-container\">\n\t\t\t\t\t\t\t<p>*Se necessita de ajuda para solicitar uma recolha de encomenda ou simplesmente usar o <a href=\"https:\/\/my.alfaloc.pt\/auth\/login\" target=\"_blank\" rel=\"noopener\">myalfaloc<\/a> fale com o seu Gestor de Cliente.<br \/>H\u00e1 servi\u00e7os gratuitos e campanhas exclusivas para os Clientes que fazem envios via <a href=\"https:\/\/my.alfaloc.pt\/auth\/login\">myalfaloc<\/a>.<\/p><p><strong>Se precisa de ajuda, n\u00e3o hesite!<\/strong><br \/><a style=\"text-decoration: none !important\" href=\"#\"><strong>707 212 707<\/strong><\/a><strong> Servi\u00e7o de Apoio ao Cliente 24h<\/strong><br \/>Adoramos falar consigo!<\/p>\t\t\t\t\t\t<\/div>\n\t\t\t\t<\/div>\n\t\t\t\t<\/div>\n\t\t\t\t<\/div>\n\t\t<div class=\"elementor-element elementor-element-5373cd9 e-con-full elementor-hidden-tablet elementor-hidden-mobile_extra elementor-hidden-mobile e-flex e-con e-child\" data-id=\"5373cd9\" data-element_type=\"container\">\n\t\t\t\t<div class=\"elementor-element elementor-element-e7fdff8 elementor-widget elementor-widget-image\" data-id=\"e7fdff8\" data-element_type=\"widget\" data-widget_type=\"image.default\">\n\t\t\t\t<div class=\"elementor-widget-container\">\n\t\t\t<style>\/*! elementor - v3.22.0 - 17-06-2024 *\/\n.elementor-widget-image{text-align:center}.elementor-widget-image a{display:inline-block}.elementor-widget-image a img[src$=\".svg\"]{width:48px}.elementor-widget-image img{vertical-align:middle;display:inline-block}<\/style>\t\t\t\t\t\t\t\t\t\t<img fetchpriority=\"high\" decoding=\"async\" width=\"800\" height=\"448\" src=\"https:\/\/alfaloc.fr\/wp-content\/uploads\/sites\/3\/2024\/07\/myalfaloc_fazer_envio-1024x574.png\" class=\"attachment-large size-large wp-image-5458\" alt=\"Fazer envio myalfaloc\" srcset=\"https:\/\/alfaloc.fr\/wp-content\/uploads\/sites\/3\/2024\/07\/myalfaloc_fazer_envio-1024x574.png 1024w, https:\/\/alfaloc.fr\/wp-content\/uploads\/sites\/3\/2024\/07\/myalfaloc_fazer_envio-300x168.png 300w, https:\/\/alfaloc.fr\/wp-content\/uploads\/sites\/3\/2024\/07\/myalfaloc_fazer_envio-768x430.png 768w, https:\/\/alfaloc.fr\/wp-content\/uploads\/sites\/3\/2024\/07\/myalfaloc_fazer_envio.png 1124w\" sizes=\"(max-width: 800px) 100vw, 800px\" \/>\t\t\t\t\t\t\t\t\t\t\t\t\t<\/div>\n\t\t\t\t<\/div>\n\t\t\t\t<\/div>\n\t\t\t\t\t<\/div>\n\t\t\t\t<\/div>\n\t\t\t\t<\/div>\n\t\t","protected":false},"excerpt":{"rendered":"<p>Facilite os seus envios com o servi\u00e7o de entrega e recolha da Alfaloc. Fa\u00e7a a gest\u00e3o das suas encomendas rapidamente e sem complica\u00e7\u00e3o.<\/p>\n","protected":false},"author":1,"featured_media":2137,"parent":0,"menu_order":0,"comment_status":"closed","ping_status":"closed","template":"","meta":{"footnotes":""},"class_list":["post-1491","page","type-page","status-publish","has-post-thumbnail","hentry"],"yoast_head":"<!-- This site is optimized with the Yoast SEO Premium plugin v27.5 (Yoast SEO v27.5) - https:\/\/yoast.com\/product\/yoast-seo-premium-wordpress\/ -->\n<title>Pedir Recolha - Alfaloc FR<\/title>\n<meta name=\"description\" content=\"Facilite os seus envios com o servi\u00e7o de entrega e recolha de encomendas da Alfaloc. Fa\u00e7a a gest\u00e3o das suas encomendas rapidamente e sem ...\" \/>\n<meta name=\"robots\" content=\"index, follow, max-snippet:-1, max-image-preview:large, max-video-preview:-1\" \/>\n<link rel=\"canonical\" href=\"https:\/\/alfaloc.fr\/pt-pt\/pedir-recolha\/\" \/>\n<meta property=\"og:locale\" content=\"pt_PT\" \/>\n<meta property=\"og:type\" content=\"article\" \/>\n<meta property=\"og:title\" content=\"Pedir Recolha\" \/>\n<meta property=\"og:description\" content=\"Facilite os seus envios com o servi\u00e7o de entrega e recolha de encomendas da Alfaloc. Fa\u00e7a a gest\u00e3o das suas encomendas rapidamente e sem ...\" \/>\n<meta property=\"og:url\" content=\"https:\/\/alfaloc.fr\/pt-pt\/pedir-recolha\/\" \/>\n<meta property=\"og:site_name\" content=\"Alfaloc FR\" \/>\n<meta property=\"article:modified_time\" content=\"2024-08-01T15:58:06+00:00\" \/>\n<meta property=\"og:image\" content=\"https:\/\/alfaloc.fr\/wp-content\/uploads\/sites\/3\/2023\/12\/alfaloc-menu-solucoes-empresariais.jpg\" \/>\n\t<meta property=\"og:image:width\" content=\"331\" \/>\n\t<meta property=\"og:image:height\" content=\"220\" \/>\n\t<meta property=\"og:image:type\" content=\"image\/jpeg\" \/>\n<meta name=\"twitter:card\" content=\"summary_large_image\" \/>\n<meta name=\"twitter:label1\" content=\"Tempo estimado de leitura\" \/>\n\t<meta name=\"twitter:data1\" content=\"3 minutos\" \/>\n<script type=\"application\/ld+json\" class=\"yoast-schema-graph\">{\"@context\":\"https:\\\/\\\/schema.org\",\"@graph\":[{\"@type\":\"WebPage\",\"@id\":\"https:\\\/\\\/alfaloc.fr\\\/pt-pt\\\/pedir-recolha\\\/\",\"url\":\"https:\\\/\\\/alfaloc.fr\\\/pt-pt\\\/pedir-recolha\\\/\",\"name\":\"Pedir Recolha - Alfaloc FR\",\"isPartOf\":{\"@id\":\"https:\\\/\\\/alfaloc.fr\\\/pt-pt\\\/#website\"},\"primaryImageOfPage\":{\"@id\":\"https:\\\/\\\/alfaloc.fr\\\/pt-pt\\\/pedir-recolha\\\/#primaryimage\"},\"image\":{\"@id\":\"https:\\\/\\\/alfaloc.fr\\\/pt-pt\\\/pedir-recolha\\\/#primaryimage\"},\"thumbnailUrl\":\"https:\\\/\\\/alfaloc.fr\\\/wp-content\\\/uploads\\\/sites\\\/3\\\/2023\\\/12\\\/alfaloc-menu-solucoes-empresariais.jpg\",\"datePublished\":\"2024-02-09T17:56:06+00:00\",\"dateModified\":\"2024-08-01T15:58:06+00:00\",\"description\":\"Facilite os seus envios com o servi\u00e7o de entrega e recolha de encomendas da Alfaloc. Fa\u00e7a a gest\u00e3o das suas encomendas rapidamente e sem ...\",\"breadcrumb\":{\"@id\":\"https:\\\/\\\/alfaloc.fr\\\/pt-pt\\\/pedir-recolha\\\/#breadcrumb\"},\"inLanguage\":\"pt-PT\",\"potentialAction\":[{\"@type\":\"ReadAction\",\"target\":[\"https:\\\/\\\/alfaloc.fr\\\/pt-pt\\\/pedir-recolha\\\/\"]}]},{\"@type\":\"ImageObject\",\"inLanguage\":\"pt-PT\",\"@id\":\"https:\\\/\\\/alfaloc.fr\\\/pt-pt\\\/pedir-recolha\\\/#primaryimage\",\"url\":\"https:\\\/\\\/alfaloc.fr\\\/wp-content\\\/uploads\\\/sites\\\/3\\\/2023\\\/12\\\/alfaloc-menu-solucoes-empresariais.jpg\",\"contentUrl\":\"https:\\\/\\\/alfaloc.fr\\\/wp-content\\\/uploads\\\/sites\\\/3\\\/2023\\\/12\\\/alfaloc-menu-solucoes-empresariais.jpg\",\"width\":331,\"height\":220,\"caption\":\"Solu\u00e7\u00f5es empresariais Alfaloc\"},{\"@type\":\"BreadcrumbList\",\"@id\":\"https:\\\/\\\/alfaloc.fr\\\/pt-pt\\\/pedir-recolha\\\/#breadcrumb\",\"itemListElement\":[{\"@type\":\"ListItem\",\"position\":1,\"name\":\"In\u00edcio\",\"item\":\"https:\\\/\\\/alfaloc.fr\\\/pt-pt\\\/\"},{\"@type\":\"ListItem\",\"position\":2,\"name\":\"Pedir Recolha\"}]},{\"@type\":\"WebSite\",\"@id\":\"https:\\\/\\\/alfaloc.fr\\\/pt-pt\\\/#website\",\"url\":\"https:\\\/\\\/alfaloc.fr\\\/pt-pt\\\/\",\"name\":\"Alfaloc FR\",\"description\":\"\",\"potentialAction\":[{\"@type\":\"SearchAction\",\"target\":{\"@type\":\"EntryPoint\",\"urlTemplate\":\"https:\\\/\\\/alfaloc.fr\\\/pt-pt\\\/?s={search_term_string}\"},\"query-input\":{\"@type\":\"PropertyValueSpecification\",\"valueRequired\":true,\"valueName\":\"search_term_string\"}}],\"inLanguage\":\"pt-PT\"}]}<\/script>\n<!-- \/ Yoast SEO Premium plugin. -->","yoast_head_json":{"title":"Pedir Recolha - Alfaloc FR","description":"Facilite os seus envios com o servi\u00e7o de entrega e recolha de encomendas da Alfaloc. Fa\u00e7a a gest\u00e3o das suas encomendas rapidamente e sem ...","robots":{"index":"index","follow":"follow","max-snippet":"max-snippet:-1","max-image-preview":"max-image-preview:large","max-video-preview":"max-video-preview:-1"},"canonical":"https:\/\/alfaloc.fr\/pt-pt\/pedir-recolha\/","og_locale":"pt_PT","og_type":"article","og_title":"Pedir Recolha","og_description":"Facilite os seus envios com o servi\u00e7o de entrega e recolha de encomendas da Alfaloc. Fa\u00e7a a gest\u00e3o das suas encomendas rapidamente e sem ...","og_url":"https:\/\/alfaloc.fr\/pt-pt\/pedir-recolha\/","og_site_name":"Alfaloc FR","article_modified_time":"2024-08-01T15:58:06+00:00","og_image":[{"width":331,"height":220,"url":"https:\/\/alfaloc.fr\/wp-content\/uploads\/sites\/3\/2023\/12\/alfaloc-menu-solucoes-empresariais.jpg","type":"image\/jpeg"}],"twitter_card":"summary_large_image","twitter_misc":{"Tempo estimado de leitura":"3 minutos"},"schema":{"@context":"https:\/\/schema.org","@graph":[{"@type":"WebPage","@id":"https:\/\/alfaloc.fr\/pt-pt\/pedir-recolha\/","url":"https:\/\/alfaloc.fr\/pt-pt\/pedir-recolha\/","name":"Pedir Recolha - Alfaloc FR","isPartOf":{"@id":"https:\/\/alfaloc.fr\/pt-pt\/#website"},"primaryImageOfPage":{"@id":"https:\/\/alfaloc.fr\/pt-pt\/pedir-recolha\/#primaryimage"},"image":{"@id":"https:\/\/alfaloc.fr\/pt-pt\/pedir-recolha\/#primaryimage"},"thumbnailUrl":"https:\/\/alfaloc.fr\/wp-content\/uploads\/sites\/3\/2023\/12\/alfaloc-menu-solucoes-empresariais.jpg","datePublished":"2024-02-09T17:56:06+00:00","dateModified":"2024-08-01T15:58:06+00:00","description":"Facilite os seus envios com o servi\u00e7o de entrega e recolha de encomendas da Alfaloc. Fa\u00e7a a gest\u00e3o das suas encomendas rapidamente e sem ...","breadcrumb":{"@id":"https:\/\/alfaloc.fr\/pt-pt\/pedir-recolha\/#breadcrumb"},"inLanguage":"pt-PT","potentialAction":[{"@type":"ReadAction","target":["https:\/\/alfaloc.fr\/pt-pt\/pedir-recolha\/"]}]},{"@type":"ImageObject","inLanguage":"pt-PT","@id":"https:\/\/alfaloc.fr\/pt-pt\/pedir-recolha\/#primaryimage","url":"https:\/\/alfaloc.fr\/wp-content\/uploads\/sites\/3\/2023\/12\/alfaloc-menu-solucoes-empresariais.jpg","contentUrl":"https:\/\/alfaloc.fr\/wp-content\/uploads\/sites\/3\/2023\/12\/alfaloc-menu-solucoes-empresariais.jpg","width":331,"height":220,"caption":"Solu\u00e7\u00f5es empresariais Alfaloc"},{"@type":"BreadcrumbList","@id":"https:\/\/alfaloc.fr\/pt-pt\/pedir-recolha\/#breadcrumb","itemListElement":[{"@type":"ListItem","position":1,"name":"In\u00edcio","item":"https:\/\/alfaloc.fr\/pt-pt\/"},{"@type":"ListItem","position":2,"name":"Pedir Recolha"}]},{"@type":"WebSite","@id":"https:\/\/alfaloc.fr\/pt-pt\/#website","url":"https:\/\/alfaloc.fr\/pt-pt\/","name":"Alfaloc FR","description":"","potentialAction":[{"@type":"SearchAction","target":{"@type":"EntryPoint","urlTemplate":"https:\/\/alfaloc.fr\/pt-pt\/?s={search_term_string}"},"query-input":{"@type":"PropertyValueSpecification","valueRequired":true,"valueName":"search_term_string"}}],"inLanguage":"pt-PT"}]}},"_links":{"self":[{"href":"https:\/\/alfaloc.fr\/pt-pt\/wp-json\/wp\/v2\/pages\/1491","targetHints":{"allow":["GET"]}}],"collection":[{"href":"https:\/\/alfaloc.fr\/pt-pt\/wp-json\/wp\/v2\/pages"}],"about":[{"href":"https:\/\/alfaloc.fr\/pt-pt\/wp-json\/wp\/v2\/types\/page"}],"author":[{"embeddable":true,"href":"https:\/\/alfaloc.fr\/pt-pt\/wp-json\/wp\/v2\/users\/1"}],"replies":[{"embeddable":true,"href":"https:\/\/alfaloc.fr\/pt-pt\/wp-json\/wp\/v2\/comments?post=1491"}],"version-history":[{"count":88,"href":"https:\/\/alfaloc.fr\/pt-pt\/wp-json\/wp\/v2\/pages\/1491\/revisions"}],"predecessor-version":[{"id":6555,"href":"https:\/\/alfaloc.fr\/pt-pt\/wp-json\/wp\/v2\/pages\/1491\/revisions\/6555"}],"wp:featuredmedia":[{"embeddable":true,"href":"https:\/\/alfaloc.fr\/pt-pt\/wp-json\/wp\/v2\/media\/2137"}],"wp:attachment":[{"href":"https:\/\/alfaloc.fr\/pt-pt\/wp-json\/wp\/v2\/media?parent=1491"}],"curies":[{"name":"wp","href":"https:\/\/api.w.org\/{rel}","templated":true}]}}