{"id":1481,"date":"2024-02-09T16:20:24","date_gmt":"2024-02-09T16:20:24","guid":{"rendered":"https:\/\/alfaloc.pt\/?page_id=1481"},"modified":"2024-10-25T10:28:34","modified_gmt":"2024-10-25T10:28:34","slug":"taxa-de-combustivel","status":"publish","type":"page","link":"https:\/\/alfaloc.fr\/pt-pt\/taxa-de-combustivel\/","title":{"rendered":"Taxa de combust\u00edvel"},"content":{"rendered":"\t\t<div data-elementor-type=\"wp-page\" data-elementor-id=\"1481\" class=\"elementor elementor-1481\" data-elementor-post-type=\"page\">\n\t\t\t\t<div class=\"elementor-element elementor-element-5f28f9b e-flex e-con-boxed e-con e-parent\" data-id=\"5f28f9b\" data-element_type=\"container\">\n\t\t\t\t\t<div class=\"e-con-inner\">\n\t\t<div class=\"elementor-element elementor-element-44b35b5 e-con-full e-flex e-con e-child\" data-id=\"44b35b5\" data-element_type=\"container\">\n\t\t\t\t<div class=\"elementor-element elementor-element-f37d6fd elementor-widget__width-initial elementor-widget-mobile__width-inherit elementor-widget elementor-widget-heading\" data-id=\"f37d6fd\" data-element_type=\"widget\" data-widget_type=\"heading.default\">\n\t\t\t\t<div class=\"elementor-widget-container\">\n\t\t\t<style>\/*! elementor - v3.22.0 - 17-06-2024 *\/\n.elementor-heading-title{padding:0;margin:0;line-height:1}.elementor-widget-heading .elementor-heading-title[class*=elementor-size-]>a{color:inherit;font-size:inherit;line-height:inherit}.elementor-widget-heading .elementor-heading-title.elementor-size-small{font-size:15px}.elementor-widget-heading .elementor-heading-title.elementor-size-medium{font-size:19px}.elementor-widget-heading .elementor-heading-title.elementor-size-large{font-size:29px}.elementor-widget-heading .elementor-heading-title.elementor-size-xl{font-size:39px}.elementor-widget-heading .elementor-heading-title.elementor-size-xxl{font-size:59px}<\/style><h2 class=\"elementor-heading-title elementor-size-default\">Taxa de combust\u00edvel em vigor<\/h2>\t\t<\/div>\n\t\t\t\t<\/div>\n\t\t\t\t<div class=\"elementor-element elementor-element-550b7dc elementor-hidden-mobile elementor-widget elementor-widget-spacer\" data-id=\"550b7dc\" data-element_type=\"widget\" data-widget_type=\"spacer.default\">\n\t\t\t\t<div class=\"elementor-widget-container\">\n\t\t\t<style>\/*! elementor - v3.22.0 - 17-06-2024 *\/\n.elementor-column .elementor-spacer-inner{height:var(--spacer-size)}.e-con{--container-widget-width:100%}.e-con-inner>.elementor-widget-spacer,.e-con>.elementor-widget-spacer{width:var(--container-widget-width,var(--spacer-size));--align-self:var(--container-widget-align-self,initial);--flex-shrink:0}.e-con-inner>.elementor-widget-spacer>.elementor-widget-container,.e-con>.elementor-widget-spacer>.elementor-widget-container{height:100%;width:100%}.e-con-inner>.elementor-widget-spacer>.elementor-widget-container>.elementor-spacer,.e-con>.elementor-widget-spacer>.elementor-widget-container>.elementor-spacer{height:100%}.e-con-inner>.elementor-widget-spacer>.elementor-widget-container>.elementor-spacer>.elementor-spacer-inner,.e-con>.elementor-widget-spacer>.elementor-widget-container>.elementor-spacer>.elementor-spacer-inner{height:var(--container-widget-height,var(--spacer-size))}.e-con-inner>.elementor-widget-spacer.elementor-widget-empty,.e-con>.elementor-widget-spacer.elementor-widget-empty{position:relative;min-height:22px;min-width:22px}.e-con-inner>.elementor-widget-spacer.elementor-widget-empty .elementor-widget-empty-icon,.e-con>.elementor-widget-spacer.elementor-widget-empty .elementor-widget-empty-icon{position:absolute;top:0;bottom:0;left:0;right:0;margin:auto;padding:0;width:22px;height:22px}<\/style>\t\t<div class=\"elementor-spacer\">\n\t\t\t<div class=\"elementor-spacer-inner\"><\/div>\n\t\t<\/div>\n\t\t\t\t<\/div>\n\t\t\t\t<\/div>\n\t\t<div class=\"elementor-element elementor-element-99fe727 e-con-full e-flex e-con e-child\" data-id=\"99fe727\" data-element_type=\"container\">\n\t\t\t\t<div class=\"elementor-element elementor-element-392f3fe elementor-widget-mobile__width-initial elementor-widget elementor-widget-text-editor\" data-id=\"392f3fe\" data-element_type=\"widget\" data-widget_type=\"text-editor.default\">\n\t\t\t\t<div class=\"elementor-widget-container\">\n\t\t\t<style>\/*! elementor - v3.22.0 - 17-06-2024 *\/\n.elementor-widget-text-editor.elementor-drop-cap-view-stacked .elementor-drop-cap{background-color:#69727d;color:#fff}.elementor-widget-text-editor.elementor-drop-cap-view-framed .elementor-drop-cap{color:#69727d;border:3px solid;background-color:transparent}.elementor-widget-text-editor:not(.elementor-drop-cap-view-default) .elementor-drop-cap{margin-top:8px}.elementor-widget-text-editor:not(.elementor-drop-cap-view-default) .elementor-drop-cap-letter{width:1em;height:1em}.elementor-widget-text-editor .elementor-drop-cap{float:left;text-align:center;line-height:1;font-size:50px}.elementor-widget-text-editor .elementor-drop-cap-letter{display:inline-block}<\/style>\t\t\t\t<p>A Taxa de Combust\u00edvel a aplicar nos servi\u00e7os <strong>alfaloc<\/strong> \u00e9 atualizada semanalmente.<\/p><p>Conhe\u00e7a aqui a evolu\u00e7\u00e3o recente de cada taxa e o seu valor para cada semana:<\/p>\t\t\t\t\t\t<\/div>\n\t\t\t\t<\/div>\n\t\t\t\t<div class=\"elementor-element elementor-element-7d930d6 alfaloc-ul no-space elementor-widget elementor-widget-shortcode\" data-id=\"7d930d6\" data-element_type=\"widget\" data-widget_type=\"shortcode.default\">\n\t\t\t\t<div class=\"elementor-widget-container\">\n\t\t\t\t\t<div class=\"elementor-shortcode\"><ul><li>Taxa de combust\u00edvel para os servi\u00e7os:<ul><li><a href=\"https:\/\/alfaloc.fr\/pt-pt\/servico\/expresso-porta-a-porta\/\">Expresso porta-a-porta<\/a>&nbsp;(internacional), <a href=\"https:\/\/alfaloc.fr\/pt-pt\/servico\/race\/\">RACE<\/a> e servi\u00e7o 24h a partir de 11 de maio: 53.50%<\/li><li><a href=\"https:\/\/alfaloc.fr\/pt-pt\/servico\/camiao-diario\/\">Cami\u00e3o Di\u00e1rio<\/a> (internacional) a partir de 11 de maio: 34.75%<\/li><li><a href=\"https:\/\/alfaloc.fr\/pt-pt\/servico\/nacional\/\">Nacional<\/a> (\u201cDom\u00e9stico\u201d, inclui Madeira e A\u00e7ores) a partir de 11 de maio: 24.25%<\/li><\/ul><\/li><\/ul><\/div>\n\t\t\t\t<\/div>\n\t\t\t\t<\/div>\n\t\t\t\t<div class=\"elementor-element elementor-element-18d4e1c elementor-widget elementor-widget-text-editor\" data-id=\"18d4e1c\" data-element_type=\"widget\" data-widget_type=\"text-editor.default\">\n\t\t\t\t<div class=\"elementor-widget-container\">\n\t\t\t\t\t\t\t<p>O que \u00e9 a taxa de combust\u00edvel?<\/p>\t\t\t\t\t\t<\/div>\n\t\t\t\t<\/div>\n\t\t\t\t<div class=\"elementor-element elementor-element-166dae0 elementor-widget-mobile__width-initial elementor-widget elementor-widget-text-editor\" data-id=\"166dae0\" data-element_type=\"widget\" data-widget_type=\"text-editor.default\">\n\t\t\t\t<div class=\"elementor-widget-container\">\n\t\t\t\t\t\t\t<p>\u00c9 uma taxa que tem em vista proteger a sustentabilidade das empresas do setor dos transportes de mercadorias face \u00e0s oscila\u00e7\u00f5es dos pre\u00e7os dos combust\u00edveis necess\u00e1rios ao exerc\u00edcio da atividade.<\/p><p>Por vezes, esta taxa \u00e9 chamada de \u201cSobretaxa de combust\u00edvel\u201d.<\/p>\t\t\t\t\t\t<\/div>\n\t\t\t\t<\/div>\n\t\t\t\t<div class=\"elementor-element elementor-element-e6ce3b2 elementor-widget elementor-widget-text-editor\" data-id=\"e6ce3b2\" data-element_type=\"widget\" data-widget_type=\"text-editor.default\">\n\t\t\t\t<div class=\"elementor-widget-container\">\n\t\t\t\t\t\t\t<p>Quando se aplica?<\/p>\t\t\t\t\t\t<\/div>\n\t\t\t\t<\/div>\n\t\t\t\t<div class=\"elementor-element elementor-element-83d2bb7 elementor-widget-mobile__width-initial elementor-widget elementor-widget-text-editor\" data-id=\"83d2bb7\" data-element_type=\"widget\" data-widget_type=\"text-editor.default\">\n\t\t\t\t<div class=\"elementor-widget-container\">\n\t\t\t\t\t\t\t<p>Aplica-se a todos os envios das empresas com autoriza\u00e7\u00e3o para o transporte de mercadorias.<\/p><p>No entanto, cada empresa determina de forma independente qual a forma de aplica\u00e7\u00e3o desta taxa e qual o seu valor.<\/p><p>Na <b>alfalo<\/b>c, para servi\u00e7os especiais (\u00ab\u00e0 medida\u00bb) como o <a href=\"https:\/\/alfaloc.pt\/alfaloc-fr\/servico\/foguete\/\">Foguete<\/a> ou a <a href=\"https:\/\/alfaloc.pt\/alfaloc-fr\/servico\/partilha\/\">Partilha<\/a>, a taxa j\u00e1 se encontra inclu\u00edda no pre\u00e7o do servi\u00e7o apresentado ao Cliente. Para envios considerados de pequena pacotaria, o valor exato da taxa \u00e9 apresentado quer no or\u00e7amento quer na fatura do servi\u00e7o.<\/p>\t\t\t\t\t\t<\/div>\n\t\t\t\t<\/div>\n\t\t\t\t<div class=\"elementor-element elementor-element-2c2c0c7 elementor-widget elementor-widget-text-editor\" data-id=\"2c2c0c7\" data-element_type=\"widget\" data-widget_type=\"text-editor.default\">\n\t\t\t\t<div class=\"elementor-widget-container\">\n\t\t\t\t\t\t\t<p>Quando s\u00e3o atualizadas as taxas de combust\u00edvel?<\/p>\t\t\t\t\t\t<\/div>\n\t\t\t\t<\/div>\n\t\t\t\t<div class=\"elementor-element elementor-element-c58c72f elementor-widget-mobile__width-initial elementor-widget elementor-widget-text-editor\" data-id=\"c58c72f\" data-element_type=\"widget\" data-widget_type=\"text-editor.default\">\n\t\t\t\t<div class=\"elementor-widget-container\">\n\t\t\t\t\t\t\t<p>S\u00e3o atualizadas semanalmente e entram em vigor na segunda feira de cada semana.<\/p>\t\t\t\t\t\t<\/div>\n\t\t\t\t<\/div>\n\t\t\t\t<div class=\"elementor-element elementor-element-ed7e4f3 elementor-widget elementor-widget-text-editor\" data-id=\"ed7e4f3\" data-element_type=\"widget\" data-widget_type=\"text-editor.default\">\n\t\t\t\t<div class=\"elementor-widget-container\">\n\t\t\t\t\t\t\t<p>Como \u00e9 calculado o valor da taxa de combust\u00edvel?<\/p>\t\t\t\t\t\t<\/div>\n\t\t\t\t<\/div>\n\t\t\t\t<div class=\"elementor-element elementor-element-3747d65 elementor-widget-mobile__width-initial elementor-widget elementor-widget-text-editor\" data-id=\"3747d65\" data-element_type=\"widget\" data-widget_type=\"text-editor.default\">\n\t\t\t\t<div class=\"elementor-widget-container\">\n\t\t\t\t\t\t\t<p>Valor da taxa de combust\u00edvel (\u20ac) = valor do servi\u00e7o (\u20ac) x taxa de combust\u00edvel do meio escolhido (%)<\/p>\t\t\t\t\t\t<\/div>\n\t\t\t\t<\/div>\n\t\t\t\t<div class=\"elementor-element elementor-element-6abd1c1 elementor-widget elementor-widget-text-editor\" data-id=\"6abd1c1\" data-element_type=\"widget\" data-widget_type=\"text-editor.default\">\n\t\t\t\t<div class=\"elementor-widget-container\">\n\t\t\t\t\t\t\t<p>Em que \u00e9 que se baseiam as taxas de combust\u00edvel?<\/p>\t\t\t\t\t\t<\/div>\n\t\t\t\t<\/div>\n\t\t\t\t<div class=\"elementor-element elementor-element-8dfbf95 elementor-widget-mobile__width-initial alfaloc-ul no-space elementor-widget elementor-widget-text-editor\" data-id=\"8dfbf95\" data-element_type=\"widget\" data-widget_type=\"text-editor.default\">\n\t\t\t\t<div class=\"elementor-widget-container\">\n\t\t\t\t\t\t\t<ul><li>Servi\u00e7o internacional \u2013 <a href=\"https:\/\/alfaloc.pt\/alfaloc-fr\/servico\/expresso-porta-a-porta\/\">Expresso porta-a-porta<\/a> e 24h<\/li><\/ul>\t\t\t\t\t\t<\/div>\n\t\t\t\t<\/div>\n\t\t\t\t<div class=\"elementor-element elementor-element-1bdc62e elementor-widget-mobile__width-initial elementor-widget elementor-widget-text-editor\" data-id=\"1bdc62e\" data-element_type=\"widget\" data-widget_type=\"text-editor.default\">\n\t\t\t\t<div class=\"elementor-widget-container\">\n\t\t\t\t\t\t\t<p>Esta taxa \u00e9 baseada nos pre\u00e7os de combust\u00edvel de avia\u00e7\u00e3o de Roterd\u00e3o indicados pelo <a href=\"https:\/\/www.eia.gov\/\" target=\"_blank\" rel=\"noopener\">US Departament of Energy<\/a>. Para obter mais informa\u00e7\u00f5es sobre o combust\u00edvel de avia\u00e7\u00e3o consulte a p\u00e1gina <a href=\"https:\/\/www.eia.doe.gov\/dnav\/pet\/hist\/LeafHandler.ashx?n=PET&amp;s=EER_EPJK_PF4_RGC_DPG&amp;f=D\" target=\"_blank\" rel=\"noopener\">Spot Prices of Jet Fuel do US Department of Energy<\/a>.<\/p>\t\t\t\t\t\t<\/div>\n\t\t\t\t<\/div>\n\t\t\t\t<div class=\"elementor-element elementor-element-9956b4e elementor-widget-mobile__width-initial alfaloc-ul no-space elementor-widget elementor-widget-text-editor\" data-id=\"9956b4e\" data-element_type=\"widget\" data-widget_type=\"text-editor.default\">\n\t\t\t\t<div class=\"elementor-widget-container\">\n\t\t\t\t\t\t\t<ul><li>Servi\u00e7o internacional &#8211; Cami\u00e3o Di\u00e1rio<\/li><\/ul>\t\t\t\t\t\t<\/div>\n\t\t\t\t<\/div>\n\t\t\t\t<div class=\"elementor-element elementor-element-74633b6 elementor-widget-mobile__width-initial elementor-widget elementor-widget-text-editor\" data-id=\"74633b6\" data-element_type=\"widget\" data-widget_type=\"text-editor.default\">\n\t\t\t\t<div class=\"elementor-widget-container\">\n\t\t\t\t\t\t\t<p>Esta taxa \u00e9 baseada nos pre\u00e7os de combust\u00edvel diesel, publicados pela <a href=\"https:\/\/ec.europa.eu\/energy\/\" target=\"_blank\" rel=\"noopener\">Dire\u00e7\u00e3o-geral da Energia e dos Transportes da Comiss\u00e3o Europeia<\/a>. Para obter mais informa\u00e7\u00f5es sobre o combust\u00edvel Diesel pode consultar o <a href=\"https:\/\/energy.ec.europa.eu\/index_en\" target=\"_blank\" rel=\"noopener\">Boletim de Petr\u00f3leo na Dire\u00e7\u00e3o-geral da Energia e dos Transportes da Comiss\u00e3o Europeia<\/a>.<\/p>\t\t\t\t\t\t<\/div>\n\t\t\t\t<\/div>\n\t\t\t\t<div class=\"elementor-element elementor-element-6ed815e elementor-widget-mobile__width-initial alfaloc-ul no-space elementor-widget elementor-widget-text-editor\" data-id=\"6ed815e\" data-element_type=\"widget\" data-widget_type=\"text-editor.default\">\n\t\t\t\t<div class=\"elementor-widget-container\">\n\t\t\t\t\t\t\t<ul><li>Servi\u00e7o nacional (&#8220;Dom\u00e9stico&#8221;, inclui Madeira e A\u00e7ores)<\/li><\/ul>\t\t\t\t\t\t<\/div>\n\t\t\t\t<\/div>\n\t\t\t\t<div class=\"elementor-element elementor-element-3c4d7a5 elementor-widget-mobile__width-initial elementor-widget elementor-widget-text-editor\" data-id=\"3c4d7a5\" data-element_type=\"widget\" data-widget_type=\"text-editor.default\">\n\t\t\t\t<div class=\"elementor-widget-container\">\n\t\t\t\t\t\t\t<p>Esta taxa \u00e9 baseada no pre\u00e7o m\u00e9dio do Gas\u00f3leo Rodovi\u00e1rio publicado pela <a href=\"https:\/\/www.dgeg.pt\/\" target=\"_blank\" rel=\"noopener\">Dire\u00e7\u00e3o-geral de Geologia e Energia<\/a>. Para obter mais informa\u00e7\u00f5es sobre o pre\u00e7o m\u00e9dio do Gas\u00f3leo Rodovi\u00e1rio poder\u00e1 consultar a publica\u00e7\u00e3o da <a href=\"https:\/\/www.precoscombustiveis.dgeg.pt\/\" target=\"_blank\" rel=\"noopener\">DGEG &#8211; Evolu\u00e7\u00e3o do Pre\u00e7o M\u00e9dio das Gasolinas e Gas\u00f3leos<\/a>.<\/p>\t\t\t\t\t\t<\/div>\n\t\t\t\t<\/div>\n\t\t\t\t<\/div>\n\t\t\t\t<\/div>\n\t\t<div class=\"elementor-element elementor-element-7f2f13c e-con-full e-flex e-con e-child\" data-id=\"7f2f13c\" data-element_type=\"container\" data-settings=\"{&quot;sticky&quot;:&quot;top&quot;,&quot;sticky_on&quot;:[&quot;desktop&quot;,&quot;laptop&quot;,&quot;tablet_extra&quot;],&quot;sticky_offset&quot;:20,&quot;sticky_parent&quot;:&quot;yes&quot;,&quot;sticky_effects_offset&quot;:0}\">\n\t\t\t\t<div class=\"elementor-element elementor-element-0364186 elementor-widget elementor-widget-shortcode\" data-id=\"0364186\" data-element_type=\"widget\" data-widget_type=\"shortcode.default\">\n\t\t\t\t<div class=\"elementor-widget-container\">\n\t\t\t\t\t<div class=\"elementor-shortcode\">    <div style=\"width: 100%; height: 400px; margin: 0 auto;\">\n        <canvas id=\"myChart\"><\/canvas>\n    <\/div>\n    <\/div>\n\t\t\t\t<\/div>\n\t\t\t\t<\/div>\n\t\t\t\t<\/div>\n\t\t\t\t\t<\/div>\n\t\t\t\t<\/div>\n\t\t\t\t<\/div>\n\t\t","protected":false},"excerpt":{"rendered":"<p>Compreenda como a taxa de combust\u00edvel da Alfaloc \u00e9 calculada. Compromisso com a transpar\u00eancia e justi\u00e7a nos custos de envio.<\/p>\n","protected":false},"author":1,"featured_media":3714,"parent":0,"menu_order":0,"comment_status":"closed","ping_status":"closed","template":"","meta":{"footnotes":""},"class_list":["post-1481","page","type-page","status-publish","has-post-thumbnail","hentry"],"yoast_head":"<!-- This site is optimized with the Yoast SEO Premium plugin v27.5 (Yoast SEO v27.5) - https:\/\/yoast.com\/product\/yoast-seo-premium-wordpress\/ -->\n<title>Taxa de combust\u00edvel - Alfaloc FR<\/title>\n<meta name=\"description\" content=\"Compreenda como a taxa de combust\u00edvel da Alfaloc \u00e9 calculada. Compromisso com a transpar\u00eancia e justi\u00e7a nos custos de envio.\" \/>\n<meta name=\"robots\" content=\"index, follow, max-snippet:-1, max-image-preview:large, max-video-preview:-1\" \/>\n<link rel=\"canonical\" href=\"https:\/\/alfaloc.fr\/pt-pt\/taxa-de-combustivel\/\" \/>\n<meta property=\"og:locale\" content=\"pt_PT\" \/>\n<meta property=\"og:type\" content=\"article\" \/>\n<meta property=\"og:title\" content=\"Taxa de combust\u00edvel\" \/>\n<meta property=\"og:description\" content=\"Compreenda como a taxa de combust\u00edvel da Alfaloc \u00e9 calculada. Compromisso com a transpar\u00eancia e justi\u00e7a nos custos de envio.\" \/>\n<meta property=\"og:url\" content=\"https:\/\/alfaloc.fr\/pt-pt\/taxa-de-combustivel\/\" \/>\n<meta property=\"og:site_name\" content=\"Alfaloc FR\" \/>\n<meta property=\"article:modified_time\" content=\"2024-10-25T10:28:34+00:00\" \/>\n<meta property=\"og:image\" content=\"https:\/\/alfaloc.fr\/wp-content\/uploads\/sites\/3\/2024\/04\/alfaloc-vantagens-ser-cliente-alfaloc-banner.jpg\" \/>\n\t<meta property=\"og:image:width\" content=\"1920\" \/>\n\t<meta property=\"og:image:height\" content=\"432\" \/>\n\t<meta property=\"og:image:type\" content=\"image\/jpeg\" \/>\n<meta name=\"twitter:card\" content=\"summary_large_image\" \/>\n<meta name=\"twitter:description\" content=\"Compreenda como a taxa de combust\u00edvel da Alfaloc \u00e9 calculada. Compromisso com a transpar\u00eancia e justi\u00e7a nos custos de envio.\" \/>\n<meta name=\"twitter:label1\" content=\"Tempo estimado de leitura\" \/>\n\t<meta name=\"twitter:data1\" content=\"3 minutos\" \/>\n<script type=\"application\/ld+json\" class=\"yoast-schema-graph\">{\"@context\":\"https:\\\/\\\/schema.org\",\"@graph\":[{\"@type\":\"WebPage\",\"@id\":\"https:\\\/\\\/alfaloc.fr\\\/pt-pt\\\/taxa-de-combustivel\\\/\",\"url\":\"https:\\\/\\\/alfaloc.fr\\\/pt-pt\\\/taxa-de-combustivel\\\/\",\"name\":\"Taxa de combust\u00edvel - Alfaloc FR\",\"isPartOf\":{\"@id\":\"https:\\\/\\\/alfaloc.fr\\\/pt-pt\\\/#website\"},\"primaryImageOfPage\":{\"@id\":\"https:\\\/\\\/alfaloc.fr\\\/pt-pt\\\/taxa-de-combustivel\\\/#primaryimage\"},\"image\":{\"@id\":\"https:\\\/\\\/alfaloc.fr\\\/pt-pt\\\/taxa-de-combustivel\\\/#primaryimage\"},\"thumbnailUrl\":\"https:\\\/\\\/alfaloc.fr\\\/wp-content\\\/uploads\\\/sites\\\/3\\\/2024\\\/04\\\/alfaloc-vantagens-ser-cliente-alfaloc-banner.jpg\",\"datePublished\":\"2024-02-09T16:20:24+00:00\",\"dateModified\":\"2024-10-25T10:28:34+00:00\",\"description\":\"Compreenda como a taxa de combust\u00edvel da Alfaloc \u00e9 calculada. Compromisso com a transpar\u00eancia e justi\u00e7a nos custos de envio.\",\"breadcrumb\":{\"@id\":\"https:\\\/\\\/alfaloc.fr\\\/pt-pt\\\/taxa-de-combustivel\\\/#breadcrumb\"},\"inLanguage\":\"pt-PT\",\"potentialAction\":[{\"@type\":\"ReadAction\",\"target\":[\"https:\\\/\\\/alfaloc.fr\\\/pt-pt\\\/taxa-de-combustivel\\\/\"]}]},{\"@type\":\"ImageObject\",\"inLanguage\":\"pt-PT\",\"@id\":\"https:\\\/\\\/alfaloc.fr\\\/pt-pt\\\/taxa-de-combustivel\\\/#primaryimage\",\"url\":\"https:\\\/\\\/alfaloc.fr\\\/wp-content\\\/uploads\\\/sites\\\/3\\\/2024\\\/04\\\/alfaloc-vantagens-ser-cliente-alfaloc-banner.jpg\",\"contentUrl\":\"https:\\\/\\\/alfaloc.fr\\\/wp-content\\\/uploads\\\/sites\\\/3\\\/2024\\\/04\\\/alfaloc-vantagens-ser-cliente-alfaloc-banner.jpg\",\"width\":1920,\"height\":432,\"caption\":\"Vantagens de ser cliente Alfaloc\"},{\"@type\":\"BreadcrumbList\",\"@id\":\"https:\\\/\\\/alfaloc.fr\\\/pt-pt\\\/taxa-de-combustivel\\\/#breadcrumb\",\"itemListElement\":[{\"@type\":\"ListItem\",\"position\":1,\"name\":\"In\u00edcio\",\"item\":\"https:\\\/\\\/alfaloc.fr\\\/pt-pt\\\/\"},{\"@type\":\"ListItem\",\"position\":2,\"name\":\"Taxa de combust\u00edvel\"}]},{\"@type\":\"WebSite\",\"@id\":\"https:\\\/\\\/alfaloc.fr\\\/pt-pt\\\/#website\",\"url\":\"https:\\\/\\\/alfaloc.fr\\\/pt-pt\\\/\",\"name\":\"Alfaloc FR\",\"description\":\"\",\"potentialAction\":[{\"@type\":\"SearchAction\",\"target\":{\"@type\":\"EntryPoint\",\"urlTemplate\":\"https:\\\/\\\/alfaloc.fr\\\/pt-pt\\\/?s={search_term_string}\"},\"query-input\":{\"@type\":\"PropertyValueSpecification\",\"valueRequired\":true,\"valueName\":\"search_term_string\"}}],\"inLanguage\":\"pt-PT\"}]}<\/script>\n<!-- \/ Yoast SEO Premium plugin. -->","yoast_head_json":{"title":"Taxa de combust\u00edvel - Alfaloc FR","description":"Compreenda como a taxa de combust\u00edvel da Alfaloc \u00e9 calculada. Compromisso com a transpar\u00eancia e justi\u00e7a nos custos de envio.","robots":{"index":"index","follow":"follow","max-snippet":"max-snippet:-1","max-image-preview":"max-image-preview:large","max-video-preview":"max-video-preview:-1"},"canonical":"https:\/\/alfaloc.fr\/pt-pt\/taxa-de-combustivel\/","og_locale":"pt_PT","og_type":"article","og_title":"Taxa de combust\u00edvel","og_description":"Compreenda como a taxa de combust\u00edvel da Alfaloc \u00e9 calculada. Compromisso com a transpar\u00eancia e justi\u00e7a nos custos de envio.","og_url":"https:\/\/alfaloc.fr\/pt-pt\/taxa-de-combustivel\/","og_site_name":"Alfaloc FR","article_modified_time":"2024-10-25T10:28:34+00:00","og_image":[{"width":1920,"height":432,"url":"https:\/\/alfaloc.fr\/wp-content\/uploads\/sites\/3\/2024\/04\/alfaloc-vantagens-ser-cliente-alfaloc-banner.jpg","type":"image\/jpeg"}],"twitter_card":"summary_large_image","twitter_description":"Compreenda como a taxa de combust\u00edvel da Alfaloc \u00e9 calculada. Compromisso com a transpar\u00eancia e justi\u00e7a nos custos de envio.","twitter_misc":{"Tempo estimado de leitura":"3 minutos"},"schema":{"@context":"https:\/\/schema.org","@graph":[{"@type":"WebPage","@id":"https:\/\/alfaloc.fr\/pt-pt\/taxa-de-combustivel\/","url":"https:\/\/alfaloc.fr\/pt-pt\/taxa-de-combustivel\/","name":"Taxa de combust\u00edvel - Alfaloc FR","isPartOf":{"@id":"https:\/\/alfaloc.fr\/pt-pt\/#website"},"primaryImageOfPage":{"@id":"https:\/\/alfaloc.fr\/pt-pt\/taxa-de-combustivel\/#primaryimage"},"image":{"@id":"https:\/\/alfaloc.fr\/pt-pt\/taxa-de-combustivel\/#primaryimage"},"thumbnailUrl":"https:\/\/alfaloc.fr\/wp-content\/uploads\/sites\/3\/2024\/04\/alfaloc-vantagens-ser-cliente-alfaloc-banner.jpg","datePublished":"2024-02-09T16:20:24+00:00","dateModified":"2024-10-25T10:28:34+00:00","description":"Compreenda como a taxa de combust\u00edvel da Alfaloc \u00e9 calculada. Compromisso com a transpar\u00eancia e justi\u00e7a nos custos de envio.","breadcrumb":{"@id":"https:\/\/alfaloc.fr\/pt-pt\/taxa-de-combustivel\/#breadcrumb"},"inLanguage":"pt-PT","potentialAction":[{"@type":"ReadAction","target":["https:\/\/alfaloc.fr\/pt-pt\/taxa-de-combustivel\/"]}]},{"@type":"ImageObject","inLanguage":"pt-PT","@id":"https:\/\/alfaloc.fr\/pt-pt\/taxa-de-combustivel\/#primaryimage","url":"https:\/\/alfaloc.fr\/wp-content\/uploads\/sites\/3\/2024\/04\/alfaloc-vantagens-ser-cliente-alfaloc-banner.jpg","contentUrl":"https:\/\/alfaloc.fr\/wp-content\/uploads\/sites\/3\/2024\/04\/alfaloc-vantagens-ser-cliente-alfaloc-banner.jpg","width":1920,"height":432,"caption":"Vantagens de ser cliente Alfaloc"},{"@type":"BreadcrumbList","@id":"https:\/\/alfaloc.fr\/pt-pt\/taxa-de-combustivel\/#breadcrumb","itemListElement":[{"@type":"ListItem","position":1,"name":"In\u00edcio","item":"https:\/\/alfaloc.fr\/pt-pt\/"},{"@type":"ListItem","position":2,"name":"Taxa de combust\u00edvel"}]},{"@type":"WebSite","@id":"https:\/\/alfaloc.fr\/pt-pt\/#website","url":"https:\/\/alfaloc.fr\/pt-pt\/","name":"Alfaloc FR","description":"","potentialAction":[{"@type":"SearchAction","target":{"@type":"EntryPoint","urlTemplate":"https:\/\/alfaloc.fr\/pt-pt\/?s={search_term_string}"},"query-input":{"@type":"PropertyValueSpecification","valueRequired":true,"valueName":"search_term_string"}}],"inLanguage":"pt-PT"}]}},"_links":{"self":[{"href":"https:\/\/alfaloc.fr\/pt-pt\/wp-json\/wp\/v2\/pages\/1481","targetHints":{"allow":["GET"]}}],"collection":[{"href":"https:\/\/alfaloc.fr\/pt-pt\/wp-json\/wp\/v2\/pages"}],"about":[{"href":"https:\/\/alfaloc.fr\/pt-pt\/wp-json\/wp\/v2\/types\/page"}],"author":[{"embeddable":true,"href":"https:\/\/alfaloc.fr\/pt-pt\/wp-json\/wp\/v2\/users\/1"}],"replies":[{"embeddable":true,"href":"https:\/\/alfaloc.fr\/pt-pt\/wp-json\/wp\/v2\/comments?post=1481"}],"version-history":[{"count":89,"href":"https:\/\/alfaloc.fr\/pt-pt\/wp-json\/wp\/v2\/pages\/1481\/revisions"}],"predecessor-version":[{"id":8199,"href":"https:\/\/alfaloc.fr\/pt-pt\/wp-json\/wp\/v2\/pages\/1481\/revisions\/8199"}],"wp:featuredmedia":[{"embeddable":true,"href":"https:\/\/alfaloc.fr\/pt-pt\/wp-json\/wp\/v2\/media\/3714"}],"wp:attachment":[{"href":"https:\/\/alfaloc.fr\/pt-pt\/wp-json\/wp\/v2\/media?parent=1481"}],"curies":[{"name":"wp","href":"https:\/\/api.w.org\/{rel}","templated":true}]}}