{"id":11212,"date":"2024-07-05T08:50:18","date_gmt":"2024-07-05T08:50:18","guid":{"rendered":"https:\/\/alfaloc.pt\/como-calcular-el-precio-de-envio\/"},"modified":"2025-02-04T15:26:49","modified_gmt":"2025-02-04T15:26:49","slug":"como-calcular-el-precio-de-envio","status":"publish","type":"page","link":"https:\/\/alfaloc.fr\/es\/como-calcular-el-precio-de-envio\/","title":{"rendered":"C\u00f3mo calcular el precio de env\u00edo"},"content":{"rendered":"\t\t<div data-elementor-type=\"wp-page\" data-elementor-id=\"11212\" class=\"elementor elementor-11212 elementor-5297\" data-elementor-post-type=\"page\">\n\t\t\t\t<div class=\"elementor-element elementor-element-1124396 e-flex e-con-boxed e-con e-parent\" data-id=\"1124396\" data-element_type=\"container\">\n\t\t\t\t\t<div class=\"e-con-inner\">\n\t\t<div class=\"elementor-element elementor-element-48c3d1b e-con-full e-flex e-con e-child\" data-id=\"48c3d1b\" data-element_type=\"container\">\n\t\t\t\t<div class=\"elementor-element elementor-element-74a6fe5 elementor-widget__width-initial elementor-widget-mobile__width-inherit elementor-widget elementor-widget-heading\" data-id=\"74a6fe5\" data-element_type=\"widget\" data-widget_type=\"heading.default\">\n\t\t\t\t<div class=\"elementor-widget-container\">\n\t\t\t<style>\/*! elementor - v3.22.0 - 17-06-2024 *\/\n.elementor-heading-title{padding:0;margin:0;line-height:1}.elementor-widget-heading .elementor-heading-title[class*=elementor-size-]>a{color:inherit;font-size:inherit;line-height:inherit}.elementor-widget-heading .elementor-heading-title.elementor-size-small{font-size:15px}.elementor-widget-heading .elementor-heading-title.elementor-size-medium{font-size:19px}.elementor-widget-heading .elementor-heading-title.elementor-size-large{font-size:29px}.elementor-widget-heading .elementor-heading-title.elementor-size-xl{font-size:39px}.elementor-widget-heading .elementor-heading-title.elementor-size-xxl{font-size:59px}<\/style><h2 class=\"elementor-heading-title elementor-size-default\">El mejor precio para tu env\u00edo<\/h2>\t\t<\/div>\n\t\t\t\t<\/div>\n\t\t\t\t<div class=\"elementor-element elementor-element-1abed64 elementor-hidden-mobile elementor-widget elementor-widget-spacer\" data-id=\"1abed64\" data-element_type=\"widget\" data-widget_type=\"spacer.default\">\n\t\t\t\t<div class=\"elementor-widget-container\">\n\t\t\t<style>\/*! elementor - v3.22.0 - 17-06-2024 *\/\n.elementor-column .elementor-spacer-inner{height:var(--spacer-size)}.e-con{--container-widget-width:100%}.e-con-inner>.elementor-widget-spacer,.e-con>.elementor-widget-spacer{width:var(--container-widget-width,var(--spacer-size));--align-self:var(--container-widget-align-self,initial);--flex-shrink:0}.e-con-inner>.elementor-widget-spacer>.elementor-widget-container,.e-con>.elementor-widget-spacer>.elementor-widget-container{height:100%;width:100%}.e-con-inner>.elementor-widget-spacer>.elementor-widget-container>.elementor-spacer,.e-con>.elementor-widget-spacer>.elementor-widget-container>.elementor-spacer{height:100%}.e-con-inner>.elementor-widget-spacer>.elementor-widget-container>.elementor-spacer>.elementor-spacer-inner,.e-con>.elementor-widget-spacer>.elementor-widget-container>.elementor-spacer>.elementor-spacer-inner{height:var(--container-widget-height,var(--spacer-size))}.e-con-inner>.elementor-widget-spacer.elementor-widget-empty,.e-con>.elementor-widget-spacer.elementor-widget-empty{position:relative;min-height:22px;min-width:22px}.e-con-inner>.elementor-widget-spacer.elementor-widget-empty .elementor-widget-empty-icon,.e-con>.elementor-widget-spacer.elementor-widget-empty .elementor-widget-empty-icon{position:absolute;top:0;bottom:0;left:0;right:0;margin:auto;padding:0;width:22px;height:22px}<\/style>\t\t<div class=\"elementor-spacer\">\n\t\t\t<div class=\"elementor-spacer-inner\"><\/div>\n\t\t<\/div>\n\t\t\t\t<\/div>\n\t\t\t\t<\/div>\n\t\t<div class=\"elementor-element elementor-element-c6991f5 e-con-full e-flex e-con e-child\" data-id=\"c6991f5\" data-element_type=\"container\">\n\t\t\t\t<div class=\"elementor-element elementor-element-491bf35 elementor-widget-mobile__width-initial alfaloc-ul padding-ul alfaloc-ol-nav elementor-widget elementor-widget-text-editor\" data-id=\"491bf35\" data-element_type=\"widget\" data-widget_type=\"text-editor.default\">\n\t\t\t\t<div class=\"elementor-widget-container\">\n\t\t\t<style>\/*! elementor - v3.22.0 - 17-06-2024 *\/\n.elementor-widget-text-editor.elementor-drop-cap-view-stacked .elementor-drop-cap{background-color:#69727d;color:#fff}.elementor-widget-text-editor.elementor-drop-cap-view-framed .elementor-drop-cap{color:#69727d;border:3px solid;background-color:transparent}.elementor-widget-text-editor:not(.elementor-drop-cap-view-default) .elementor-drop-cap{margin-top:8px}.elementor-widget-text-editor:not(.elementor-drop-cap-view-default) .elementor-drop-cap-letter{width:1em;height:1em}.elementor-widget-text-editor .elementor-drop-cap{float:left;text-align:center;line-height:1;font-size:50px}.elementor-widget-text-editor .elementor-drop-cap-letter{display:inline-block}<\/style>\t\t\t\t<p>En <strong>alfaloc<\/strong> puedes obtener el precio de un env\u00edo de forma sencilla, a trav\u00e9s de diferentes canales, de forma independiente e inmediata. Aprende a calcular el mejor precio para tu transporte. <\/p>\n\t\t\t\t\t\t<\/div>\n\t\t\t\t<\/div>\n\t\t\t\t<div class=\"elementor-element elementor-element-8b3e2ca elementor-widget-mobile__width-initial alfaloc-ul padding-ul alfaloc-ol-nav elementor-widget elementor-widget-text-editor\" data-id=\"8b3e2ca\" data-element_type=\"widget\" data-widget_type=\"text-editor.default\">\n\t\t\t\t<div class=\"elementor-widget-container\">\n\t\t\t\t\t\t\t<p>Varias formas sencillas de hacerlo:<\/p>\n<ol>\n<li><a href=\"https:\/\/alfaloc.pt\/alfaloc-fr\/es\/calcular-precio\/\">Calcular precio<\/a>, en el sitio web<\/li>\n<li><a href=\"https:\/\/my.alfaloc.pt\/budget\/create\" target=\"_blank\" rel=\"noopener\">Nueva cotizaci\u00f3n<\/a>, en myalfaloc<\/li>\n<li>Enviar correo electr\u00f3nico a <a href=\"mailto:inbox@alfaloc.pt\">inbox@alfaloc.pt<\/a><\/li>\n<li>Solicite un presupuesto a trav\u00e9s del chat en alfaloc.pt<\/li>\n<li>Llama al 917 777 000<\/li>\n<\/ol>\n\t\t\t\t\t\t<\/div>\n\t\t\t\t<\/div>\n\t\t\t\t<div class=\"elementor-element elementor-element-43b3e6a elementor-widget-mobile__width-initial alfaloc-ul padding-ul alfaloc-ol-nav elementor-widget elementor-widget-text-editor\" data-id=\"43b3e6a\" data-element_type=\"widget\" data-widget_type=\"text-editor.default\">\n\t\t\t\t<div class=\"elementor-widget-container\">\n\t\t\t\t\t\t\t<p>Si no est\u00e1 seguro de qu\u00e9 servicio es el m\u00e1s adecuado para su env\u00edo, pruebe el juego de servicio de Alfaloc.<\/p><p>Descubre nuestras soluciones y&nbsp; <a href=\"https:\/\/alfaloc.pt\/alfaloc-fr\/servicos-mais-sustentaveis\/\" target=\"_blank\">transportes m\u00e1s sostenibles<\/a>.<\/p>\n<p>Si necesitas ayuda para simular un presupuesto en myalfaloc, mira este v\u00eddeo<\/p>\t\t\t\t\t\t<\/div>\n\t\t\t\t<\/div>\n\t\t\t\t<div class=\"elementor-element elementor-element-c5c3898 elementor-widget__width-initial elementor-widget elementor-widget-video\" data-id=\"c5c3898\" data-element_type=\"widget\" data-settings=\"{&quot;youtube_url&quot;:&quot;https:\\\/\\\/www.youtube.com\\\/watch?v=Fq0p0jue_Vg&quot;,&quot;modestbranding&quot;:&quot;yes&quot;,&quot;video_type&quot;:&quot;youtube&quot;,&quot;controls&quot;:&quot;yes&quot;}\" data-widget_type=\"video.default\">\n\t\t\t\t<div class=\"elementor-widget-container\">\n\t\t\t<style>\/*! elementor - v3.22.0 - 17-06-2024 *\/\n.elementor-widget-video .elementor-widget-container{overflow:hidden;transform:translateZ(0)}.elementor-widget-video .elementor-wrapper{aspect-ratio:var(--video-aspect-ratio)}.elementor-widget-video .elementor-wrapper iframe,.elementor-widget-video .elementor-wrapper video{height:100%;width:100%;display:flex;border:none;background-color:#000}@supports not (aspect-ratio:1\/1){.elementor-widget-video .elementor-wrapper{position:relative;overflow:hidden;height:0;padding-bottom:calc(100% \/ var(--video-aspect-ratio))}.elementor-widget-video .elementor-wrapper iframe,.elementor-widget-video .elementor-wrapper video{position:absolute;top:0;right:0;bottom:0;left:0}}.elementor-widget-video .elementor-open-inline .elementor-custom-embed-image-overlay{position:absolute;top:0;right:0;bottom:0;left:0;background-size:cover;background-position:50%}.elementor-widget-video .elementor-custom-embed-image-overlay{cursor:pointer;text-align:center}.elementor-widget-video .elementor-custom-embed-image-overlay:hover .elementor-custom-embed-play i{opacity:1}.elementor-widget-video .elementor-custom-embed-image-overlay img{display:block;width:100%;aspect-ratio:var(--video-aspect-ratio);-o-object-fit:cover;object-fit:cover;-o-object-position:center center;object-position:center center}@supports not (aspect-ratio:1\/1){.elementor-widget-video .elementor-custom-embed-image-overlay{position:relative;overflow:hidden;height:0;padding-bottom:calc(100% \/ var(--video-aspect-ratio))}.elementor-widget-video .elementor-custom-embed-image-overlay img{position:absolute;top:0;right:0;bottom:0;left:0}}.elementor-widget-video .e-hosted-video .elementor-video{-o-object-fit:cover;object-fit:cover}.e-con-inner>.elementor-widget-video,.e-con>.elementor-widget-video{width:var(--container-widget-width);--flex-grow:var(--container-widget-flex-grow)}<\/style>\t\t<div class=\"elementor-wrapper elementor-open-inline\">\n\t\t\t<div class=\"elementor-video\"><\/div>\t\t<\/div>\n\t\t\t\t<\/div>\n\t\t\t\t<\/div>\n\t\t\t\t<div class=\"elementor-element elementor-element-20cf18d elementor-hidden-mobile elementor-widget elementor-widget-spacer\" data-id=\"20cf18d\" data-element_type=\"widget\" data-widget_type=\"spacer.default\">\n\t\t\t\t<div class=\"elementor-widget-container\">\n\t\t\t\t\t<div class=\"elementor-spacer\">\n\t\t\t<div class=\"elementor-spacer-inner\"><\/div>\n\t\t<\/div>\n\t\t\t\t<\/div>\n\t\t\t\t<\/div>\n\t\t<div class=\"elementor-element elementor-element-4a46e5c e-con-full e-flex e-con e-child\" data-id=\"4a46e5c\" data-element_type=\"container\">\n\t\t\t\t<div class=\"elementor-element elementor-element-ba20b1a elementor-widget-mobile__width-initial alfaloc-ul padding-ul elementor-widget elementor-widget-text-editor\" data-id=\"ba20b1a\" data-element_type=\"widget\" data-widget_type=\"text-editor.default\">\n\t\t\t\t<div class=\"elementor-widget-container\">\n\t\t\t\t\t\t\t<p><strong>\u00bfCu\u00e1l es la principal diferencia entre \u00abCalcular precio\u00bb en la web y \u00abNueva cotizaci\u00f3n\u00bb en myalfaloc?<\/strong><\/p>\n<p>Al calcular la cotizaci\u00f3n (precio) en myalfaloc tiene descuentos adecuados para su empresa.<\/p>\n<p>En el sitio web no hay tales descuentos.<\/p>\n\t\t\t\t\t\t<\/div>\n\t\t\t\t<\/div>\n\t\t<div class=\"elementor-element elementor-element-87f9b43 e-con-full e-flex e-con e-child\" data-id=\"87f9b43\" data-element_type=\"container\">\n\t\t\t\t<div class=\"elementor-element elementor-element-2b3b849 elementor-widget-mobile__width-initial alfaloc-ul elementor-widget elementor-widget-text-editor\" data-id=\"2b3b849\" data-element_type=\"widget\" data-widget_type=\"text-editor.default\">\n\t\t\t\t<div class=\"elementor-widget-container\">\n\t\t\t\t\t\t\t<p><strong>\u00bfPor qu\u00e9?<\/strong><\/p>\n\t\t\t\t\t\t<\/div>\n\t\t\t\t<\/div>\n\t\t\t\t<div class=\"elementor-element elementor-element-4b73113 elementor-widget-mobile__width-initial alfaloc-ul elementor-widget elementor-widget-text-editor\" data-id=\"4b73113\" data-element_type=\"widget\" data-widget_type=\"text-editor.default\">\n\t\t\t\t<div class=\"elementor-widget-container\">\n\t\t\t\t\t\t\t<p>Para calcular un presupuesto (precio) de un env\u00edo en myalfaloc debes tener un n\u00famero de cliente de Alfaloc (puedes <a href=\"https:\/\/alfaloc.pt\/alfaloc-fr\/o-meu-primeiro-envio\/\">obtener el n\u00famero de cliente aqu\u00ed<\/a>).<\/p>\n<p>Cuando abres una cuenta alfaloc, y recibes el n\u00famero de cliente, hay un Gestor de Clientes que te habla de las necesidades de transporte de tu empresa:<\/p>\n<ul>\n<li>la frecuencia de las presentaciones,<\/li>\n<li>los destinos que m\u00e1s interesan a tu empresa,<\/li>\n<li>el peso com\u00fan de cada bulto,<\/li>\n<li>tipo de productos,<\/li>\n<li>entre otra informaci\u00f3n.<\/li>\n<\/ul>\n<p>El Gerente de Clientes utiliza esta informaci\u00f3n para preparar un plan de precios y descuentos que se adapte a las necesidades de su empresa.<\/p>\n<p>As\u00ed, cuando accedes a tu myalfaloc y haces presupuestos o <a href=\"#\">creas cartas de porte<\/a> , todos los precios son adecuados para tu empresa.<\/p>\n<p>(Tambi\u00e9n puede ser \u00fatil ver <a href=\"#\">c\u00f3mo configurar su acceso a myalfaloc<\/a>).<\/p>\n<p>A su vez, cuando accedes a <a href=\"https:\/\/alfaloc.pt\/alfaloc-fr\/es\/calcular-precio\/\">Calcular Precio<\/a> en la web -al no haber obligaci\u00f3n de registrar un usuario o iniciar sesi\u00f3n- no es posible que el sistema sepa qui\u00e9n est\u00e1 haciendo el c\u00e1lculo del precio, y por lo tanto no es posible saber qu\u00e9 descuentos aplicar, por lo que el precio que ves en el sitio no ser\u00e1 tan competitivo como el que ves en myalfaloc.<\/p>\n\t\t\t\t\t\t<\/div>\n\t\t\t\t<\/div>\n\t\t\t\t<\/div>\n\t\t<div class=\"elementor-element elementor-element-aebc283 e-con-full e-flex e-con e-child\" data-id=\"aebc283\" data-element_type=\"container\">\n\t\t\t\t<div class=\"elementor-element elementor-element-67d8310 elementor-widget-mobile__width-initial alfaloc-ul elementor-widget elementor-widget-text-editor\" data-id=\"67d8310\" data-element_type=\"widget\" data-widget_type=\"text-editor.default\">\n\t\t\t\t<div class=\"elementor-widget-container\">\n\t\t\t\t\t\t\t<p><strong>\u00bfPor qu\u00e9 cuando hago \u00abCalcular precio\u00bb en el sitio web, a veces no me da un precio inmediato y me sugiere un contacto de un vendedor?<\/strong><\/p>\n<p><strong>Alfaloc<\/strong> es especialista en transporte internacional y transporte urgente.<\/p>\n<p>La mayor\u00eda de las veces, para obtener los mejores precios de transporte, es una oportunidad, que aporta grandes ahorros y valor a\u00f1adido a nuestros clientes.<\/p>\n<p>Para estas situaciones, tenemos que comprobar la disponibilidad de veh\u00edculos y conductores, a tiempo, averiguar los tiempos de tr\u00e1fico y la posibilidad de recogida. Al ser personalizados, son servicios para los que es necesario Pedir Presupuesto. Y espere a que el Servicio de Atenci\u00f3n al Cliente o el Gerente de Atenci\u00f3n al Cliente le den una respuesta.  <\/p>\n\t\t\t\t\t\t<\/div>\n\t\t\t\t<\/div>\n\t\t\t\t<\/div>\n\t\t\t\t<\/div>\n\t\t\t\t<\/div>\n\t\t\t\t<\/div>\n\t\t<div class=\"elementor-element elementor-element-03d3a03 e-con-full elementor-hidden-tablet elementor-hidden-mobile_extra elementor-hidden-mobile e-flex e-con e-child\" data-id=\"03d3a03\" data-element_type=\"container\">\n\t\t\t\t<\/div>\n\t\t\t\t\t<\/div>\n\t\t\t\t<\/div>\n\t\t\t\t<\/div>\n\t\t","protected":false},"excerpt":{"rendered":"<p>Calcule el valor de su env\u00edo. Con solo datos sobre el origen, el destino y el peso aproximado, puedes simular el precio de tu transporte.   <\/p>\n","protected":false},"author":1,"featured_media":10188,"parent":0,"menu_order":0,"comment_status":"closed","ping_status":"closed","template":"","meta":{"footnotes":""},"class_list":["post-11212","page","type-page","status-publish","has-post-thumbnail","hentry"],"yoast_head":"<!-- This site is optimized with the Yoast SEO Premium plugin v27.5 (Yoast SEO v27.5) - https:\/\/yoast.com\/product\/yoast-seo-premium-wordpress\/ -->\n<title>C\u00f3mo calcular el precio de env\u00edo - Alfaloc FR - de env\u00edo<\/title>\n<meta name=\"description\" content=\"Calcule el valor de su env\u00edo. Con solo datos sobre el origen, el destino y el peso aproximado, puedes simular el precio de tu transporte.\" \/>\n<meta name=\"robots\" content=\"index, follow, max-snippet:-1, max-image-preview:large, max-video-preview:-1\" \/>\n<link rel=\"canonical\" href=\"https:\/\/alfaloc.fr\/es\/como-calcular-el-precio-de-envio\/\" \/>\n<meta property=\"og:locale\" content=\"es_ES\" \/>\n<meta property=\"og:type\" content=\"article\" \/>\n<meta property=\"og:title\" content=\"C\u00f3mo calcular el precio de env\u00edo - Alfaloc FR\" \/>\n<meta property=\"og:description\" content=\"Calcule el valor de su env\u00edo. Con solo datos sobre el origen, el destino y el peso aproximado, puedes simular el precio de tu transporte.\" \/>\n<meta property=\"og:url\" content=\"https:\/\/alfaloc.fr\/es\/como-calcular-el-precio-de-envio\/\" \/>\n<meta property=\"og:site_name\" content=\"Alfaloc FR\" \/>\n<meta property=\"article:modified_time\" content=\"2025-02-04T15:26:49+00:00\" \/>\n<meta property=\"og:image\" content=\"https:\/\/alfaloc.pt\/alfaloc-fr\/wp-content\/uploads\/sites\/3\/2024\/08\/nova-cotacao-2024.png\" \/>\n<meta name=\"twitter:card\" content=\"summary_large_image\" \/>\n<meta name=\"twitter:title\" content=\"C\u00f3mo calcular el precio de env\u00edo - Alfaloc FR\" \/>\n<meta name=\"twitter:description\" content=\"Calcule el valor de su env\u00edo. Con solo datos sobre el origen, el destino y el peso aproximado, puedes simular el precio de tu transporte.\" \/>\n<meta name=\"twitter:label1\" content=\"Tiempo de lectura\" \/>\n\t<meta name=\"twitter:data1\" content=\"3 minutos\" \/>\n<script type=\"application\/ld+json\" class=\"yoast-schema-graph\">{\"@context\":\"https:\\\/\\\/schema.org\",\"@graph\":[{\"@type\":\"WebPage\",\"@id\":\"https:\\\/\\\/alfaloc.fr\\\/es\\\/como-calcular-el-precio-de-envio\\\/\",\"url\":\"https:\\\/\\\/alfaloc.fr\\\/es\\\/como-calcular-el-precio-de-envio\\\/\",\"name\":\"C\u00f3mo calcular el precio de env\u00edo - Alfaloc FR - de env\u00edo\",\"isPartOf\":{\"@id\":\"https:\\\/\\\/alfaloc.fr\\\/es\\\/#website\"},\"primaryImageOfPage\":{\"@id\":\"https:\\\/\\\/alfaloc.fr\\\/es\\\/como-calcular-el-precio-de-envio\\\/#primaryimage\"},\"image\":{\"@id\":\"https:\\\/\\\/alfaloc.fr\\\/es\\\/como-calcular-el-precio-de-envio\\\/#primaryimage\"},\"thumbnailUrl\":\"https:\\\/\\\/alfaloc.fr\\\/wp-content\\\/uploads\\\/sites\\\/3\\\/2024\\\/08\\\/nova-cotacao-2024.png\",\"datePublished\":\"2024-07-05T08:50:18+00:00\",\"dateModified\":\"2025-02-04T15:26:49+00:00\",\"description\":\"Calcule el valor de su env\u00edo. Con solo datos sobre el origen, el destino y el peso aproximado, puedes simular el precio de tu transporte.\",\"breadcrumb\":{\"@id\":\"https:\\\/\\\/alfaloc.fr\\\/es\\\/como-calcular-el-precio-de-envio\\\/#breadcrumb\"},\"inLanguage\":\"es\",\"potentialAction\":[{\"@type\":\"ReadAction\",\"target\":[\"https:\\\/\\\/alfaloc.fr\\\/es\\\/como-calcular-el-precio-de-envio\\\/\"]}]},{\"@type\":\"ImageObject\",\"inLanguage\":\"es\",\"@id\":\"https:\\\/\\\/alfaloc.fr\\\/es\\\/como-calcular-el-precio-de-envio\\\/#primaryimage\",\"url\":\"https:\\\/\\\/alfaloc.fr\\\/wp-content\\\/uploads\\\/sites\\\/3\\\/2024\\\/08\\\/nova-cotacao-2024.png\",\"contentUrl\":\"https:\\\/\\\/alfaloc.fr\\\/wp-content\\\/uploads\\\/sites\\\/3\\\/2024\\\/08\\\/nova-cotacao-2024.png\",\"width\":300,\"height\":300,\"caption\":\"Calcular Pre\u00e7o\"},{\"@type\":\"BreadcrumbList\",\"@id\":\"https:\\\/\\\/alfaloc.fr\\\/es\\\/como-calcular-el-precio-de-envio\\\/#breadcrumb\",\"itemListElement\":[{\"@type\":\"ListItem\",\"position\":1,\"name\":\"In\u00edcio\",\"item\":\"https:\\\/\\\/alfaloc.fr\\\/es\\\/\"},{\"@type\":\"ListItem\",\"position\":2,\"name\":\"C\u00f3mo calcular el precio de env\u00edo\"}]},{\"@type\":\"WebSite\",\"@id\":\"https:\\\/\\\/alfaloc.fr\\\/es\\\/#website\",\"url\":\"https:\\\/\\\/alfaloc.fr\\\/es\\\/\",\"name\":\"Alfaloc FR\",\"description\":\"\",\"potentialAction\":[{\"@type\":\"SearchAction\",\"target\":{\"@type\":\"EntryPoint\",\"urlTemplate\":\"https:\\\/\\\/alfaloc.fr\\\/es\\\/?s={search_term_string}\"},\"query-input\":{\"@type\":\"PropertyValueSpecification\",\"valueRequired\":true,\"valueName\":\"search_term_string\"}}],\"inLanguage\":\"es\"}]}<\/script>\n<!-- \/ Yoast SEO Premium plugin. -->","yoast_head_json":{"title":"C\u00f3mo calcular el precio de env\u00edo - Alfaloc FR - de env\u00edo","description":"Calcule el valor de su env\u00edo. Con solo datos sobre el origen, el destino y el peso aproximado, puedes simular el precio de tu transporte.","robots":{"index":"index","follow":"follow","max-snippet":"max-snippet:-1","max-image-preview":"max-image-preview:large","max-video-preview":"max-video-preview:-1"},"canonical":"https:\/\/alfaloc.fr\/es\/como-calcular-el-precio-de-envio\/","og_locale":"es_ES","og_type":"article","og_title":"C\u00f3mo calcular el precio de env\u00edo - Alfaloc FR","og_description":"Calcule el valor de su env\u00edo. Con solo datos sobre el origen, el destino y el peso aproximado, puedes simular el precio de tu transporte.","og_url":"https:\/\/alfaloc.fr\/es\/como-calcular-el-precio-de-envio\/","og_site_name":"Alfaloc FR","article_modified_time":"2025-02-04T15:26:49+00:00","og_image":[{"url":"https:\/\/alfaloc.pt\/alfaloc-fr\/wp-content\/uploads\/sites\/3\/2024\/08\/nova-cotacao-2024.png","type":"","width":"","height":""}],"twitter_card":"summary_large_image","twitter_title":"C\u00f3mo calcular el precio de env\u00edo - Alfaloc FR","twitter_description":"Calcule el valor de su env\u00edo. Con solo datos sobre el origen, el destino y el peso aproximado, puedes simular el precio de tu transporte.","twitter_misc":{"Tiempo de lectura":"3 minutos"},"schema":{"@context":"https:\/\/schema.org","@graph":[{"@type":"WebPage","@id":"https:\/\/alfaloc.fr\/es\/como-calcular-el-precio-de-envio\/","url":"https:\/\/alfaloc.fr\/es\/como-calcular-el-precio-de-envio\/","name":"C\u00f3mo calcular el precio de env\u00edo - Alfaloc FR - de env\u00edo","isPartOf":{"@id":"https:\/\/alfaloc.fr\/es\/#website"},"primaryImageOfPage":{"@id":"https:\/\/alfaloc.fr\/es\/como-calcular-el-precio-de-envio\/#primaryimage"},"image":{"@id":"https:\/\/alfaloc.fr\/es\/como-calcular-el-precio-de-envio\/#primaryimage"},"thumbnailUrl":"https:\/\/alfaloc.fr\/wp-content\/uploads\/sites\/3\/2024\/08\/nova-cotacao-2024.png","datePublished":"2024-07-05T08:50:18+00:00","dateModified":"2025-02-04T15:26:49+00:00","description":"Calcule el valor de su env\u00edo. Con solo datos sobre el origen, el destino y el peso aproximado, puedes simular el precio de tu transporte.","breadcrumb":{"@id":"https:\/\/alfaloc.fr\/es\/como-calcular-el-precio-de-envio\/#breadcrumb"},"inLanguage":"es","potentialAction":[{"@type":"ReadAction","target":["https:\/\/alfaloc.fr\/es\/como-calcular-el-precio-de-envio\/"]}]},{"@type":"ImageObject","inLanguage":"es","@id":"https:\/\/alfaloc.fr\/es\/como-calcular-el-precio-de-envio\/#primaryimage","url":"https:\/\/alfaloc.fr\/wp-content\/uploads\/sites\/3\/2024\/08\/nova-cotacao-2024.png","contentUrl":"https:\/\/alfaloc.fr\/wp-content\/uploads\/sites\/3\/2024\/08\/nova-cotacao-2024.png","width":300,"height":300,"caption":"Calcular Pre\u00e7o"},{"@type":"BreadcrumbList","@id":"https:\/\/alfaloc.fr\/es\/como-calcular-el-precio-de-envio\/#breadcrumb","itemListElement":[{"@type":"ListItem","position":1,"name":"In\u00edcio","item":"https:\/\/alfaloc.fr\/es\/"},{"@type":"ListItem","position":2,"name":"C\u00f3mo calcular el precio de env\u00edo"}]},{"@type":"WebSite","@id":"https:\/\/alfaloc.fr\/es\/#website","url":"https:\/\/alfaloc.fr\/es\/","name":"Alfaloc FR","description":"","potentialAction":[{"@type":"SearchAction","target":{"@type":"EntryPoint","urlTemplate":"https:\/\/alfaloc.fr\/es\/?s={search_term_string}"},"query-input":{"@type":"PropertyValueSpecification","valueRequired":true,"valueName":"search_term_string"}}],"inLanguage":"es"}]}},"_links":{"self":[{"href":"https:\/\/alfaloc.fr\/es\/wp-json\/wp\/v2\/pages\/11212","targetHints":{"allow":["GET"]}}],"collection":[{"href":"https:\/\/alfaloc.fr\/es\/wp-json\/wp\/v2\/pages"}],"about":[{"href":"https:\/\/alfaloc.fr\/es\/wp-json\/wp\/v2\/types\/page"}],"author":[{"embeddable":true,"href":"https:\/\/alfaloc.fr\/es\/wp-json\/wp\/v2\/users\/1"}],"replies":[{"embeddable":true,"href":"https:\/\/alfaloc.fr\/es\/wp-json\/wp\/v2\/comments?post=11212"}],"version-history":[{"count":1,"href":"https:\/\/alfaloc.fr\/es\/wp-json\/wp\/v2\/pages\/11212\/revisions"}],"predecessor-version":[{"id":11214,"href":"https:\/\/alfaloc.fr\/es\/wp-json\/wp\/v2\/pages\/11212\/revisions\/11214"}],"wp:featuredmedia":[{"embeddable":true,"href":"https:\/\/alfaloc.fr\/es\/wp-json\/wp\/v2\/media\/10188"}],"wp:attachment":[{"href":"https:\/\/alfaloc.fr\/es\/wp-json\/wp\/v2\/media?parent=11212"}],"curies":[{"name":"wp","href":"https:\/\/api.w.org\/{rel}","templated":true}]}}