{"id":11089,"date":"2024-05-15T09:50:33","date_gmt":"2024-05-15T09:50:33","guid":{"rendered":"https:\/\/alfaloc.pt\/aplausos-de-la-empresa\/"},"modified":"2025-02-04T15:24:38","modified_gmt":"2025-02-04T15:24:38","slug":"aplausos-de-la-empresa","status":"publish","type":"page","link":"https:\/\/alfaloc.fr\/es\/aplausos-de-la-empresa\/","title":{"rendered":"APLAUSOS de la empresa"},"content":{"rendered":"\t\t<div data-elementor-type=\"wp-page\" data-elementor-id=\"11089\" class=\"elementor elementor-11089 elementor-3918\" data-elementor-post-type=\"page\">\n\t\t\t\t<div class=\"elementor-element elementor-element-60474014 e-flex e-con-boxed e-con e-parent\" data-id=\"60474014\" data-element_type=\"container\">\n\t\t\t\t\t<div class=\"e-con-inner\">\n\t\t<div class=\"elementor-element elementor-element-115f6401 e-con-full e-flex e-con e-child\" data-id=\"115f6401\" data-element_type=\"container\">\n\t\t\t\t<div class=\"elementor-element elementor-element-314592a elementor-widget__width-inherit elementor-widget-mobile__width-inherit elementor-widget-tablet__width-initial elementor-widget elementor-widget-heading\" data-id=\"314592a\" data-element_type=\"widget\" data-widget_type=\"heading.default\">\n\t\t\t\t<div class=\"elementor-widget-container\">\n\t\t\t<style>\/*! elementor - v3.22.0 - 17-06-2024 *\/\n.elementor-heading-title{padding:0;margin:0;line-height:1}.elementor-widget-heading .elementor-heading-title[class*=elementor-size-]>a{color:inherit;font-size:inherit;line-height:inherit}.elementor-widget-heading .elementor-heading-title.elementor-size-small{font-size:15px}.elementor-widget-heading .elementor-heading-title.elementor-size-medium{font-size:19px}.elementor-widget-heading .elementor-heading-title.elementor-size-large{font-size:29px}.elementor-widget-heading .elementor-heading-title.elementor-size-xl{font-size:39px}.elementor-widget-heading .elementor-heading-title.elementor-size-xxl{font-size:59px}<\/style><h2 class=\"elementor-heading-title elementor-size-default\">Alfaloc y Millennium BCP aplauden a las empresas portuguesas<\/h2>\t\t<\/div>\n\t\t\t\t<\/div>\n\t\t\t\t<div class=\"elementor-element elementor-element-fb7a68a elementor-hidden-tablet elementor-hidden-mobile_extra elementor-hidden-mobile elementor-widget elementor-widget-spacer\" data-id=\"fb7a68a\" data-element_type=\"widget\" data-widget_type=\"spacer.default\">\n\t\t\t\t<div class=\"elementor-widget-container\">\n\t\t\t<style>\/*! elementor - v3.22.0 - 17-06-2024 *\/\n.elementor-column .elementor-spacer-inner{height:var(--spacer-size)}.e-con{--container-widget-width:100%}.e-con-inner>.elementor-widget-spacer,.e-con>.elementor-widget-spacer{width:var(--container-widget-width,var(--spacer-size));--align-self:var(--container-widget-align-self,initial);--flex-shrink:0}.e-con-inner>.elementor-widget-spacer>.elementor-widget-container,.e-con>.elementor-widget-spacer>.elementor-widget-container{height:100%;width:100%}.e-con-inner>.elementor-widget-spacer>.elementor-widget-container>.elementor-spacer,.e-con>.elementor-widget-spacer>.elementor-widget-container>.elementor-spacer{height:100%}.e-con-inner>.elementor-widget-spacer>.elementor-widget-container>.elementor-spacer>.elementor-spacer-inner,.e-con>.elementor-widget-spacer>.elementor-widget-container>.elementor-spacer>.elementor-spacer-inner{height:var(--container-widget-height,var(--spacer-size))}.e-con-inner>.elementor-widget-spacer.elementor-widget-empty,.e-con>.elementor-widget-spacer.elementor-widget-empty{position:relative;min-height:22px;min-width:22px}.e-con-inner>.elementor-widget-spacer.elementor-widget-empty .elementor-widget-empty-icon,.e-con>.elementor-widget-spacer.elementor-widget-empty .elementor-widget-empty-icon{position:absolute;top:0;bottom:0;left:0;right:0;margin:auto;padding:0;width:22px;height:22px}<\/style>\t\t<div class=\"elementor-spacer\">\n\t\t\t<div class=\"elementor-spacer-inner\"><\/div>\n\t\t<\/div>\n\t\t\t\t<\/div>\n\t\t\t\t<\/div>\n\t\t<div class=\"elementor-element elementor-element-609765a1 e-con-full e-flex e-con e-child\" data-id=\"609765a1\" data-element_type=\"container\">\n\t\t\t\t<div class=\"elementor-element elementor-element-2f486c0b elementor-widget-mobile__width-initial elementor-widget elementor-widget-text-editor\" data-id=\"2f486c0b\" data-element_type=\"widget\" data-widget_type=\"text-editor.default\">\n\t\t\t\t<div class=\"elementor-widget-container\">\n\t\t\t<style>\/*! elementor - v3.22.0 - 17-06-2024 *\/\n.elementor-widget-text-editor.elementor-drop-cap-view-stacked .elementor-drop-cap{background-color:#69727d;color:#fff}.elementor-widget-text-editor.elementor-drop-cap-view-framed .elementor-drop-cap{color:#69727d;border:3px solid;background-color:transparent}.elementor-widget-text-editor:not(.elementor-drop-cap-view-default) .elementor-drop-cap{margin-top:8px}.elementor-widget-text-editor:not(.elementor-drop-cap-view-default) .elementor-drop-cap-letter{width:1em;height:1em}.elementor-widget-text-editor .elementor-drop-cap{float:left;text-align:center;line-height:1;font-size:50px}.elementor-widget-text-editor .elementor-drop-cap-letter{display:inline-block}<\/style>\t\t\t\t<p>\u00a1Con <b>alfaloc <\/b>podr\u00e1s<b> disfrutar de ventajas especiales! <\/b>Ventajas del programa BCP Aplauso<\/p>\n<p><span style=\"font-weight: 400;\">Millennium BCP ha aplaudido y apoyado a las empresas y emprendedores portugueses a trav\u00e9s de la soluci\u00f3n integrada de productos y servicios bancarios \u00abPrograma Empresa Aplauso\u00bb.<\/span><\/p>\n<p><span style=\"font-weight: 400;\">Este programa premia a las empresas que se destacan por su Solidez Financiera, Desempe\u00f1o Econ\u00f3mico y Capacidad de Innovaci\u00f3n.<\/span><\/p>\n<p><span style=\"font-weight: 400;\">Sepa que si su empresa ha cumplido con los requisitos que le permiten ser una Empresa de Aplausos, con <strong>alfaloc<\/strong> puede tener acceso a ventajas especiales.<\/span><\/p>\n<p><strong>\u00bfSe puede acceder a ventajas especiales con Alfaloc?<\/strong><\/p>\n<p><span style=\"font-weight: 400;\">A trav\u00e9s del Programa Aplauso, Millennium BCP le brinda una amplia gama de beneficios a trav\u00e9s de una red muy restringida de socios seleccionados.<\/span><\/p>\n<p><span style=\"font-weight: 400;\">Estos socios son tambi\u00e9n Empresas Aplauso y han destacado con tanto \u00e9xito en su sector de actividad que han sido seleccionados por Millennium BCP como la empresa de referencia con la que trabajar en el respectivo sector.<\/span><\/p>\n\t\t\t\t\t\t<\/div>\n\t\t\t\t<\/div>\n\t\t\t\t<div class=\"elementor-element elementor-element-f66a395 elementor-widget-mobile__width-inherit elementor-widget elementor-widget-heading\" data-id=\"f66a395\" data-element_type=\"widget\" data-widget_type=\"heading.default\">\n\t\t\t\t<div class=\"elementor-widget-container\">\n\t\t\t<h3 class=\"elementor-heading-title elementor-size-default\">Ventajas BCP Applause<\/h3>\t\t<\/div>\n\t\t\t\t<\/div>\n\t\t\t\t<div class=\"elementor-element elementor-element-3d9658b elementor-widget-mobile__width-initial elementor-widget elementor-widget-text-editor\" data-id=\"3d9658b\" data-element_type=\"widget\" data-widget_type=\"text-editor.default\">\n\t\t\t\t<div class=\"elementor-widget-container\">\n\t\t\t\t\t\t\t<p><span style=\"font-weight: 400;\">Millennium BCP ha elegido una vez m\u00e1s <strong>a alfaloc<\/strong> como Applause Partner en el sector del transporte, concretamente para el transporte urgente, con personalizaci\u00f3n o necesidades cr\u00edticas.<\/span><\/p>\n<p><span style=\"font-weight: 400;\">Por lo tanto, dado que<strong>lfaloc<\/strong> es un socio de Applause, su empresa puede disfrutar de los beneficios especiales otorgados a trav\u00e9s de Millennium BCP.<\/span><\/p>\n\t\t\t\t\t\t<\/div>\n\t\t\t\t<\/div>\n\t\t\t\t<div class=\"elementor-element elementor-element-ce1ea58 elementor-widget-mobile__width-auto elementor-widget elementor-widget-heading\" data-id=\"ce1ea58\" data-element_type=\"widget\" data-widget_type=\"heading.default\">\n\t\t\t\t<div class=\"elementor-widget-container\">\n\t\t\t<h3 class=\"elementor-heading-title elementor-size-default\">\u00bfEs su empresa una empresa de aplausos?<\/h3>\t\t<\/div>\n\t\t\t\t<\/div>\n\t\t\t\t<div class=\"elementor-element elementor-element-cc1c8f0 elementor-widget-mobile__width-initial alfaloc-ul padding-ul elementor-widget elementor-widget-text-editor\" data-id=\"cc1c8f0\" data-element_type=\"widget\" data-widget_type=\"text-editor.default\">\n\t\t\t\t<div class=\"elementor-widget-container\">\n\t\t\t\t\t\t\t<p><b>\u00bfCu\u00e1les son las ventajas para tu empresa Applause de ser cliente de Alfaloc?<\/b><\/p>\n<ul>\n<li><span style=\"font-weight: 400;\">15% de descuento en <\/span><a href=\"https:\/\/alfaloc.pt\/alfaloc-fr\/es\/servico\/comparticion\/\"><span style=\"font-weight: 400;\">servicios de transporte urgente<\/span><\/a>\n<ul>\n<li><span style=\"font-weight: 400;\">Desde y hacia Europa Central<\/span><\/li>\n<li><span style=\"font-weight: 400;\">En furgonetas y mini-TIR.<\/span><\/li>\n<li><span style=\"font-weight: 400;\">Un servicio creado para apoyar a las empresas exportadoras portuguesas en el env\u00edo de sus env\u00edos expr\u00e9s.<\/span><\/li>\n<\/ul>\n<\/li>\n<li><b>Alfaloc ofrece 3 soluciones de servicio (<\/b><a href=\"https:\/\/alfaloc.pt\/alfaloc-fr\/es\/servico\/comparticion\/\"><b>Sharing<\/b><\/a><b>, <\/b><a href=\"https:\/\/alfaloc.pt\/alfaloc-fr\/es\/servico\/sonyc\/\"><b>Sonyc<\/b><\/a><b> y <\/b><a href=\"https:\/\/alfaloc.pt\/alfaloc-fr\/es\/servico\/cohete\/\"><b>Rocket<\/b><\/a><b>) de excelencia a precios muy competitivos realizados en SHARING de recursos, con un enorme sentido de responsabilidad MEDIOAMBIENTAL.<\/b><\/li>\n<li><span style=\"font-weight: 400;\">BONO REGALO de 100km para utilizar en futuros servicios de transporte directos y dedicados &#8211; <\/span><a href=\"https:\/\/alfaloc.pt\/alfaloc-fr\/es\/servico\/cohete\/\"><span style=\"font-weight: 400;\">Foguete\u00ae<\/span><\/a><span style=\"font-weight: 400;\">, hasta un l\u00edmite del 10% del total de km. Servicios de transporte para situaciones urgentes, con necesidades de personalizaci\u00f3n o caracter\u00edsticas especiales. <\/span><\/li>\n<li><span style=\"font-weight: 400;\">Descuentos entre el 40% y el 55% en las condiciones de los servicios de transporte urgente para la exportaci\u00f3n (<\/span><a href=\"https:\/\/alfaloc.pt\/alfaloc-fr\/es\/servico\/expres-puerta-a-puerta\/\"><span style=\"font-weight: 400;\">Avi\u00f3n<\/span><\/a><span style=\"font-weight: 400;\">, <\/span><a href=\"https:\/\/alfaloc.pt\/alfaloc-fr\/es\/servico\/camion-diario\/\"><span style=\"font-weight: 400;\">Cami\u00f3n<\/span><\/a><span style=\"font-weight: 400;\"> y <\/span><a href=\"https:\/\/alfaloc.pt\/alfaloc-fr\/es\/servico\/raza\/\"><span style=\"font-weight: 400;\">RACE).<\/span><\/a><span style=\"font-weight: 400;\"><\/span><\/li>\n<li><span style=\"font-weight: 400;\">Condiciones muy especiales (<\/span><a href=\"https:\/\/alfaloc.pt\/alfaloc-fr\/es\/servico\/bajo-costo\/\"><span style=\"font-weight: 400;\">LowCost<\/span><\/a><span style=\"font-weight: 400;\">) para 16 destinos.<\/span><\/li>\n<li><span style=\"font-weight: 400;\">Oferta <\/span><a href=\"https:\/\/alfaloc.pt\/alfaloc-fr\/es\/embalaje\/\"><span style=\"font-weight: 400;\"> de embalaje<\/span><\/a><span style=\"font-weight: 400;\">  para env\u00edos expr\u00e9s internacionales. Hay m\u00e1s de 6 soluciones de embalaje. <\/span><\/li>\n<li><span style=\"font-weight: 400;\">Asignaci\u00f3n de un Gestor de Cuentas dedicado.<\/span><\/li>\n<li><span style=\"font-weight: 400;\">Pasarela online, privilegiada para los clientes de APPLAUSO, v\u00eda chat y\/o whatsapp para simplificar a\u00fan m\u00e1s la relaci\u00f3n entre cliente y Alfaloc.<\/span><\/li>\n<li><span style=\"font-weight: 400;\">Acceso a la <\/span> plataforma online <a href=\"https:\/\/my.alfaloc.pt\/dashboard\"><span style=\"font-weight: 400;\">myalfaloc<\/span><\/a> <span style=\"font-weight: 400;\"> para solicitar nuevos env\u00edos, gestionar el estado de los env\u00edos ya realizados, realizar el seguimiento de los env\u00edos en tr\u00e1nsito, obtener un presupuesto con tus tarifas personalizadas, consultar facturas, acceder a campa\u00f1as exclusivas, entre otros.<\/span><span style=\"font-weight: 400;\"><br \/><\/span><\/li>\n<\/ul>\n\t\t\t\t\t\t<\/div>\n\t\t\t\t<\/div>\n\t\t\t\t<div class=\"elementor-element elementor-element-d9492db elementor-widget-mobile__width-initial alfaloc-ul elementor-widget elementor-widget-text-editor\" data-id=\"d9492db\" data-element_type=\"widget\" data-widget_type=\"text-editor.default\">\n\t\t\t\t<div class=\"elementor-widget-container\">\n\t\t\t\t\t\t\t<p><b>Modo de empleo:<\/b><\/p>\n<p><a href=\"https:\/\/alfaloc.pt\/alfaloc-fr\/contactos\/\"><span style=\"font-weight: 400;\">Al ponerse en contacto con nosotros <\/span><\/a><span style=\"font-weight: 400;\">, consulte el c\u00f3digo promocional \u00abAPPLAUSO 2024\u00bb.<\/span><\/p>\n<p><b>Para m\u00e1s informaci\u00f3n:<\/b><\/p>\n<ul>\n<li style=\"font-weight: 400;\"><span style=\"font-weight: 400;\">contacta con el Servicio de Atenci\u00f3n al Cliente en el 917 777 100<\/span><\/li>\n<li style=\"font-weight: 400;\"><span style=\"font-weight: 400;\">o env\u00ede un correo electr\u00f3nico a marketing@alfaloc.pt<\/span><\/li>\n<li style=\"font-weight: 400;\"><span style=\"font-weight: 400;\">o haz clic en <\/span><a href=\"#liguem-me\"><span style=\"font-weight: 400;\">Ll\u00e1mame<\/span><\/a><span style=\"font-weight: 400;\"> y te devolveremos la llamada<\/span><\/li>\n<\/ul>\n\t\t\t\t\t\t<\/div>\n\t\t\t\t<\/div>\n\t\t\t\t<\/div>\n\t\t\t\t<\/div>\n\t\t<div class=\"elementor-element elementor-element-3bdd03a4 e-con-full elementor-hidden-tablet elementor-hidden-mobile_extra elementor-hidden-mobile e-flex e-con e-child\" data-id=\"3bdd03a4\" data-element_type=\"container\">\n\t\t\t\t<div class=\"elementor-element elementor-element-a62a201 elementor-widget elementor-widget-image\" data-id=\"a62a201\" data-element_type=\"widget\" data-widget_type=\"image.default\">\n\t\t\t\t<div class=\"elementor-widget-container\">\n\t\t\t<style>\/*! elementor - v3.22.0 - 17-06-2024 *\/\n.elementor-widget-image{text-align:center}.elementor-widget-image a{display:inline-block}.elementor-widget-image a img[src$=\".svg\"]{width:48px}.elementor-widget-image img{vertical-align:middle;display:inline-block}<\/style>\t\t\t\t\t\t\t\t\t\t<img fetchpriority=\"high\" decoding=\"async\" width=\"1772\" height=\"710\" src=\"https:\/\/alfaloc.fr\/wp-content\/uploads\/sites\/3\/2024\/05\/a3739ce79633aebb5404db45a174cbc62f7676ca65d87abc03cf2.jpg\" class=\"attachment-full size-full wp-image-9798\" alt=\"\" srcset=\"https:\/\/alfaloc.fr\/wp-content\/uploads\/sites\/3\/2024\/05\/a3739ce79633aebb5404db45a174cbc62f7676ca65d87abc03cf2.jpg 1772w, https:\/\/alfaloc.fr\/wp-content\/uploads\/sites\/3\/2024\/05\/a3739ce79633aebb5404db45a174cbc62f7676ca65d87abc03cf2-300x120.jpg 300w, https:\/\/alfaloc.fr\/wp-content\/uploads\/sites\/3\/2024\/05\/a3739ce79633aebb5404db45a174cbc62f7676ca65d87abc03cf2-1024x410.jpg 1024w, https:\/\/alfaloc.fr\/wp-content\/uploads\/sites\/3\/2024\/05\/a3739ce79633aebb5404db45a174cbc62f7676ca65d87abc03cf2-768x308.jpg 768w, https:\/\/alfaloc.fr\/wp-content\/uploads\/sites\/3\/2024\/05\/a3739ce79633aebb5404db45a174cbc62f7676ca65d87abc03cf2-1536x615.jpg 1536w\" sizes=\"(max-width: 1772px) 100vw, 1772px\" \/>\t\t\t\t\t\t\t\t\t\t\t\t\t<\/div>\n\t\t\t\t<\/div>\n\t\t\t\t<div class=\"elementor-element elementor-element-9dde412 elementor-widget elementor-widget-image\" data-id=\"9dde412\" data-element_type=\"widget\" data-widget_type=\"image.default\">\n\t\t\t\t<div class=\"elementor-widget-container\">\n\t\t\t\t\t\t\t\t\t\t\t\t\t<img decoding=\"async\" width=\"2062\" height=\"1404\" src=\"https:\/\/alfaloc.fr\/wp-content\/uploads\/sites\/3\/2024\/05\/Captura-de-ecra\u0303-2024-05-15-a\u0300s-11.15.44.png\" class=\"attachment-full size-full wp-image-9801\" alt=\"\" srcset=\"https:\/\/alfaloc.fr\/wp-content\/uploads\/sites\/3\/2024\/05\/Captura-de-ecra\u0303-2024-05-15-a\u0300s-11.15.44.png 2062w, https:\/\/alfaloc.fr\/wp-content\/uploads\/sites\/3\/2024\/05\/Captura-de-ecra\u0303-2024-05-15-a\u0300s-11.15.44-300x204.png 300w, https:\/\/alfaloc.fr\/wp-content\/uploads\/sites\/3\/2024\/05\/Captura-de-ecra\u0303-2024-05-15-a\u0300s-11.15.44-1024x697.png 1024w, https:\/\/alfaloc.fr\/wp-content\/uploads\/sites\/3\/2024\/05\/Captura-de-ecra\u0303-2024-05-15-a\u0300s-11.15.44-768x523.png 768w, https:\/\/alfaloc.fr\/wp-content\/uploads\/sites\/3\/2024\/05\/Captura-de-ecra\u0303-2024-05-15-a\u0300s-11.15.44-1536x1046.png 1536w, https:\/\/alfaloc.fr\/wp-content\/uploads\/sites\/3\/2024\/05\/Captura-de-ecra\u0303-2024-05-15-a\u0300s-11.15.44-2048x1394.png 2048w\" sizes=\"(max-width: 2062px) 100vw, 2062px\" \/>\t\t\t\t\t\t\t\t\t\t\t\t\t<\/div>\n\t\t\t\t<\/div>\n\t\t\t\t<\/div>\n\t\t\t\t\t<\/div>\n\t\t\t\t<\/div>\n\t\t\t\t<\/div>\n\t\t","protected":false},"excerpt":{"rendered":"<p>Millennium BCP ha vuelto a elegir a Alfaloc como Applause Partner en el sector del transporte urgente, con personalizaci\u00f3n o necesidades cr\u00edticas.<\/p>\n","protected":false},"author":4,"featured_media":9900,"parent":0,"menu_order":0,"comment_status":"closed","ping_status":"closed","template":"","meta":{"footnotes":""},"class_list":["post-11089","page","type-page","status-publish","has-post-thumbnail","hentry"],"yoast_head":"<!-- This site is optimized with the Yoast SEO Premium plugin v27.5 (Yoast SEO v27.5) - https:\/\/yoast.com\/product\/yoast-seo-premium-wordpress\/ -->\n<title>APLAUSOS de la empresa - Alfaloc FR - Ventajas BCP<\/title>\n<meta name=\"description\" content=\"Millennium BCP ha vuelto a elegir a alfaloc como Applause Partner para el transporte urgente, con personalizaci\u00f3n o necesidades cr\u00edticas.\" \/>\n<meta name=\"robots\" content=\"index, follow, max-snippet:-1, max-image-preview:large, max-video-preview:-1\" \/>\n<link rel=\"canonical\" href=\"https:\/\/alfaloc.fr\/es\/aplausos-de-la-empresa\/\" \/>\n<meta property=\"og:locale\" content=\"es_ES\" \/>\n<meta property=\"og:type\" content=\"article\" \/>\n<meta property=\"og:title\" content=\"APLAUSOS de la empresa - Alfaloc FR - Ventajas BCP\" \/>\n<meta property=\"og:description\" content=\"Millennium BCP ha vuelto a elegir a alfaloc como Applause Partner para el transporte urgente, con personalizaci\u00f3n o necesidades cr\u00edticas.\" \/>\n<meta property=\"og:url\" content=\"https:\/\/alfaloc.fr\/es\/aplausos-de-la-empresa\/\" \/>\n<meta property=\"og:site_name\" content=\"Alfaloc FR\" \/>\n<meta property=\"article:modified_time\" content=\"2025-02-04T15:24:38+00:00\" \/>\n<meta property=\"og:image\" content=\"https:\/\/alfaloc.fr\/wp-content\/uploads\/sites\/3\/2024\/06\/cliente_aplauso_alfaloc_bcp.png\" \/>\n\t<meta property=\"og:image:width\" content=\"283\" \/>\n\t<meta property=\"og:image:height\" content=\"254\" \/>\n\t<meta property=\"og:image:type\" content=\"image\/png\" \/>\n<meta name=\"twitter:card\" content=\"summary_large_image\" \/>\n<meta name=\"twitter:title\" content=\"APLAUSOS de la empresa - Alfaloc FR - Ventajas BCP\" \/>\n<meta name=\"twitter:description\" content=\"Millennium BCP ha vuelto a elegir a alfaloc como Applause Partner para el transporte urgente, con personalizaci\u00f3n o necesidades cr\u00edticas.\" \/>\n<meta name=\"twitter:label1\" content=\"Tiempo de lectura\" \/>\n\t<meta name=\"twitter:data1\" content=\"3 minutos\" \/>\n<script type=\"application\/ld+json\" class=\"yoast-schema-graph\">{\"@context\":\"https:\\\/\\\/schema.org\",\"@graph\":[{\"@type\":\"WebPage\",\"@id\":\"https:\\\/\\\/alfaloc.fr\\\/es\\\/aplausos-de-la-empresa\\\/\",\"url\":\"https:\\\/\\\/alfaloc.fr\\\/es\\\/aplausos-de-la-empresa\\\/\",\"name\":\"APLAUSOS de la empresa - Alfaloc FR - Ventajas BCP\",\"isPartOf\":{\"@id\":\"https:\\\/\\\/alfaloc.fr\\\/es\\\/#website\"},\"primaryImageOfPage\":{\"@id\":\"https:\\\/\\\/alfaloc.fr\\\/es\\\/aplausos-de-la-empresa\\\/#primaryimage\"},\"image\":{\"@id\":\"https:\\\/\\\/alfaloc.fr\\\/es\\\/aplausos-de-la-empresa\\\/#primaryimage\"},\"thumbnailUrl\":\"https:\\\/\\\/alfaloc.fr\\\/wp-content\\\/uploads\\\/sites\\\/3\\\/2024\\\/06\\\/cliente_aplauso_alfaloc_bcp.png\",\"datePublished\":\"2024-05-15T09:50:33+00:00\",\"dateModified\":\"2025-02-04T15:24:38+00:00\",\"description\":\"Millennium BCP ha vuelto a elegir a alfaloc como Applause Partner para el transporte urgente, con personalizaci\u00f3n o necesidades cr\u00edticas.\",\"breadcrumb\":{\"@id\":\"https:\\\/\\\/alfaloc.fr\\\/es\\\/aplausos-de-la-empresa\\\/#breadcrumb\"},\"inLanguage\":\"es\",\"potentialAction\":[{\"@type\":\"ReadAction\",\"target\":[\"https:\\\/\\\/alfaloc.fr\\\/es\\\/aplausos-de-la-empresa\\\/\"]}]},{\"@type\":\"ImageObject\",\"inLanguage\":\"es\",\"@id\":\"https:\\\/\\\/alfaloc.fr\\\/es\\\/aplausos-de-la-empresa\\\/#primaryimage\",\"url\":\"https:\\\/\\\/alfaloc.fr\\\/wp-content\\\/uploads\\\/sites\\\/3\\\/2024\\\/06\\\/cliente_aplauso_alfaloc_bcp.png\",\"contentUrl\":\"https:\\\/\\\/alfaloc.fr\\\/wp-content\\\/uploads\\\/sites\\\/3\\\/2024\\\/06\\\/cliente_aplauso_alfaloc_bcp.png\",\"width\":283,\"height\":254,\"caption\":\"Alfaloc \u00e9 cliente Aplauso 2024 Millenium BCP\"},{\"@type\":\"BreadcrumbList\",\"@id\":\"https:\\\/\\\/alfaloc.fr\\\/es\\\/aplausos-de-la-empresa\\\/#breadcrumb\",\"itemListElement\":[{\"@type\":\"ListItem\",\"position\":1,\"name\":\"In\u00edcio\",\"item\":\"https:\\\/\\\/alfaloc.fr\\\/es\\\/\"},{\"@type\":\"ListItem\",\"position\":2,\"name\":\"APLAUSOS de la empresa\"}]},{\"@type\":\"WebSite\",\"@id\":\"https:\\\/\\\/alfaloc.fr\\\/es\\\/#website\",\"url\":\"https:\\\/\\\/alfaloc.fr\\\/es\\\/\",\"name\":\"Alfaloc FR\",\"description\":\"\",\"potentialAction\":[{\"@type\":\"SearchAction\",\"target\":{\"@type\":\"EntryPoint\",\"urlTemplate\":\"https:\\\/\\\/alfaloc.fr\\\/es\\\/?s={search_term_string}\"},\"query-input\":{\"@type\":\"PropertyValueSpecification\",\"valueRequired\":true,\"valueName\":\"search_term_string\"}}],\"inLanguage\":\"es\"}]}<\/script>\n<!-- \/ Yoast SEO Premium plugin. -->","yoast_head_json":{"title":"APLAUSOS de la empresa - Alfaloc FR - Ventajas BCP","description":"Millennium BCP ha vuelto a elegir a alfaloc como Applause Partner para el transporte urgente, con personalizaci\u00f3n o necesidades cr\u00edticas.","robots":{"index":"index","follow":"follow","max-snippet":"max-snippet:-1","max-image-preview":"max-image-preview:large","max-video-preview":"max-video-preview:-1"},"canonical":"https:\/\/alfaloc.fr\/es\/aplausos-de-la-empresa\/","og_locale":"es_ES","og_type":"article","og_title":"APLAUSOS de la empresa - Alfaloc FR - Ventajas BCP","og_description":"Millennium BCP ha vuelto a elegir a alfaloc como Applause Partner para el transporte urgente, con personalizaci\u00f3n o necesidades cr\u00edticas.","og_url":"https:\/\/alfaloc.fr\/es\/aplausos-de-la-empresa\/","og_site_name":"Alfaloc FR","article_modified_time":"2025-02-04T15:24:38+00:00","og_image":[{"width":283,"height":254,"url":"https:\/\/alfaloc.fr\/wp-content\/uploads\/sites\/3\/2024\/06\/cliente_aplauso_alfaloc_bcp.png","type":"image\/png"}],"twitter_card":"summary_large_image","twitter_title":"APLAUSOS de la empresa - Alfaloc FR - Ventajas BCP","twitter_description":"Millennium BCP ha vuelto a elegir a alfaloc como Applause Partner para el transporte urgente, con personalizaci\u00f3n o necesidades cr\u00edticas.","twitter_misc":{"Tiempo de lectura":"3 minutos"},"schema":{"@context":"https:\/\/schema.org","@graph":[{"@type":"WebPage","@id":"https:\/\/alfaloc.fr\/es\/aplausos-de-la-empresa\/","url":"https:\/\/alfaloc.fr\/es\/aplausos-de-la-empresa\/","name":"APLAUSOS de la empresa - Alfaloc FR - Ventajas BCP","isPartOf":{"@id":"https:\/\/alfaloc.fr\/es\/#website"},"primaryImageOfPage":{"@id":"https:\/\/alfaloc.fr\/es\/aplausos-de-la-empresa\/#primaryimage"},"image":{"@id":"https:\/\/alfaloc.fr\/es\/aplausos-de-la-empresa\/#primaryimage"},"thumbnailUrl":"https:\/\/alfaloc.fr\/wp-content\/uploads\/sites\/3\/2024\/06\/cliente_aplauso_alfaloc_bcp.png","datePublished":"2024-05-15T09:50:33+00:00","dateModified":"2025-02-04T15:24:38+00:00","description":"Millennium BCP ha vuelto a elegir a alfaloc como Applause Partner para el transporte urgente, con personalizaci\u00f3n o necesidades cr\u00edticas.","breadcrumb":{"@id":"https:\/\/alfaloc.fr\/es\/aplausos-de-la-empresa\/#breadcrumb"},"inLanguage":"es","potentialAction":[{"@type":"ReadAction","target":["https:\/\/alfaloc.fr\/es\/aplausos-de-la-empresa\/"]}]},{"@type":"ImageObject","inLanguage":"es","@id":"https:\/\/alfaloc.fr\/es\/aplausos-de-la-empresa\/#primaryimage","url":"https:\/\/alfaloc.fr\/wp-content\/uploads\/sites\/3\/2024\/06\/cliente_aplauso_alfaloc_bcp.png","contentUrl":"https:\/\/alfaloc.fr\/wp-content\/uploads\/sites\/3\/2024\/06\/cliente_aplauso_alfaloc_bcp.png","width":283,"height":254,"caption":"Alfaloc \u00e9 cliente Aplauso 2024 Millenium BCP"},{"@type":"BreadcrumbList","@id":"https:\/\/alfaloc.fr\/es\/aplausos-de-la-empresa\/#breadcrumb","itemListElement":[{"@type":"ListItem","position":1,"name":"In\u00edcio","item":"https:\/\/alfaloc.fr\/es\/"},{"@type":"ListItem","position":2,"name":"APLAUSOS de la empresa"}]},{"@type":"WebSite","@id":"https:\/\/alfaloc.fr\/es\/#website","url":"https:\/\/alfaloc.fr\/es\/","name":"Alfaloc FR","description":"","potentialAction":[{"@type":"SearchAction","target":{"@type":"EntryPoint","urlTemplate":"https:\/\/alfaloc.fr\/es\/?s={search_term_string}"},"query-input":{"@type":"PropertyValueSpecification","valueRequired":true,"valueName":"search_term_string"}}],"inLanguage":"es"}]}},"_links":{"self":[{"href":"https:\/\/alfaloc.fr\/es\/wp-json\/wp\/v2\/pages\/11089","targetHints":{"allow":["GET"]}}],"collection":[{"href":"https:\/\/alfaloc.fr\/es\/wp-json\/wp\/v2\/pages"}],"about":[{"href":"https:\/\/alfaloc.fr\/es\/wp-json\/wp\/v2\/types\/page"}],"author":[{"embeddable":true,"href":"https:\/\/alfaloc.fr\/es\/wp-json\/wp\/v2\/users\/4"}],"replies":[{"embeddable":true,"href":"https:\/\/alfaloc.fr\/es\/wp-json\/wp\/v2\/comments?post=11089"}],"version-history":[{"count":2,"href":"https:\/\/alfaloc.fr\/es\/wp-json\/wp\/v2\/pages\/11089\/revisions"}],"predecessor-version":[{"id":11092,"href":"https:\/\/alfaloc.fr\/es\/wp-json\/wp\/v2\/pages\/11089\/revisions\/11092"}],"wp:featuredmedia":[{"embeddable":true,"href":"https:\/\/alfaloc.fr\/es\/wp-json\/wp\/v2\/media\/9900"}],"wp:attachment":[{"href":"https:\/\/alfaloc.fr\/es\/wp-json\/wp\/v2\/media?parent=11089"}],"curies":[{"name":"wp","href":"https:\/\/api.w.org\/{rel}","templated":true}]}}