{"id":10982,"date":"2024-02-29T09:59:30","date_gmt":"2024-02-29T09:59:30","guid":{"rendered":"https:\/\/alfaloc.pt\/sobre-nosotros\/"},"modified":"2025-02-04T15:22:47","modified_gmt":"2025-02-04T15:22:47","slug":"sobre-nosotros","status":"publish","type":"page","link":"https:\/\/alfaloc.fr\/es\/sobre-nosotros\/","title":{"rendered":"Sobre nosotros"},"content":{"rendered":"\t\t<div data-elementor-type=\"wp-page\" data-elementor-id=\"10982\" class=\"elementor elementor-10982 elementor-2513\" data-elementor-post-type=\"page\">\n\t\t\t\t<div class=\"elementor-element elementor-element-ec00ce9 e-flex e-con-boxed e-con e-parent\" data-id=\"ec00ce9\" data-element_type=\"container\">\n\t\t\t\t\t<div class=\"e-con-inner\">\n\t\t<div class=\"elementor-element elementor-element-f4de466 e-con-full e-flex e-con e-child\" data-id=\"f4de466\" data-element_type=\"container\">\n\t\t\t\t<div class=\"elementor-element elementor-element-9d43130 elementor-widget__width-inherit elementor-widget-mobile__width-inherit elementor-widget-tablet__width-initial elementor-widget elementor-widget-heading\" data-id=\"9d43130\" data-element_type=\"widget\" data-widget_type=\"heading.default\">\n\t\t\t\t<div class=\"elementor-widget-container\">\n\t\t\t<style>\/*! elementor - v3.22.0 - 17-06-2024 *\/\n.elementor-heading-title{padding:0;margin:0;line-height:1}.elementor-widget-heading .elementor-heading-title[class*=elementor-size-]>a{color:inherit;font-size:inherit;line-height:inherit}.elementor-widget-heading .elementor-heading-title.elementor-size-small{font-size:15px}.elementor-widget-heading .elementor-heading-title.elementor-size-medium{font-size:19px}.elementor-widget-heading .elementor-heading-title.elementor-size-large{font-size:29px}.elementor-widget-heading .elementor-heading-title.elementor-size-xl{font-size:39px}.elementor-widget-heading .elementor-heading-title.elementor-size-xxl{font-size:59px}<\/style><h2 class=\"elementor-heading-title elementor-size-default\">Nuestra Historia y Compromiso con nuestros clientes<\/h2>\t\t<\/div>\n\t\t\t\t<\/div>\n\t\t\t\t<div class=\"elementor-element elementor-element-1f2042e elementor-hidden-mobile elementor-widget elementor-widget-spacer\" data-id=\"1f2042e\" data-element_type=\"widget\" data-widget_type=\"spacer.default\">\n\t\t\t\t<div class=\"elementor-widget-container\">\n\t\t\t<style>\/*! elementor - v3.22.0 - 17-06-2024 *\/\n.elementor-column .elementor-spacer-inner{height:var(--spacer-size)}.e-con{--container-widget-width:100%}.e-con-inner>.elementor-widget-spacer,.e-con>.elementor-widget-spacer{width:var(--container-widget-width,var(--spacer-size));--align-self:var(--container-widget-align-self,initial);--flex-shrink:0}.e-con-inner>.elementor-widget-spacer>.elementor-widget-container,.e-con>.elementor-widget-spacer>.elementor-widget-container{height:100%;width:100%}.e-con-inner>.elementor-widget-spacer>.elementor-widget-container>.elementor-spacer,.e-con>.elementor-widget-spacer>.elementor-widget-container>.elementor-spacer{height:100%}.e-con-inner>.elementor-widget-spacer>.elementor-widget-container>.elementor-spacer>.elementor-spacer-inner,.e-con>.elementor-widget-spacer>.elementor-widget-container>.elementor-spacer>.elementor-spacer-inner{height:var(--container-widget-height,var(--spacer-size))}.e-con-inner>.elementor-widget-spacer.elementor-widget-empty,.e-con>.elementor-widget-spacer.elementor-widget-empty{position:relative;min-height:22px;min-width:22px}.e-con-inner>.elementor-widget-spacer.elementor-widget-empty .elementor-widget-empty-icon,.e-con>.elementor-widget-spacer.elementor-widget-empty .elementor-widget-empty-icon{position:absolute;top:0;bottom:0;left:0;right:0;margin:auto;padding:0;width:22px;height:22px}<\/style>\t\t<div class=\"elementor-spacer\">\n\t\t\t<div class=\"elementor-spacer-inner\"><\/div>\n\t\t<\/div>\n\t\t\t\t<\/div>\n\t\t\t\t<\/div>\n\t\t<div class=\"elementor-element elementor-element-a4df184 e-con-full e-flex e-con e-child\" data-id=\"a4df184\" data-element_type=\"container\">\n\t\t\t\t<div class=\"elementor-element elementor-element-ace9522 elementor-widget-mobile__width-initial elementor-widget elementor-widget-text-editor\" data-id=\"ace9522\" data-element_type=\"widget\" data-widget_type=\"text-editor.default\">\n\t\t\t\t<div class=\"elementor-widget-container\">\n\t\t\t<style>\/*! elementor - v3.22.0 - 17-06-2024 *\/\n.elementor-widget-text-editor.elementor-drop-cap-view-stacked .elementor-drop-cap{background-color:#69727d;color:#fff}.elementor-widget-text-editor.elementor-drop-cap-view-framed .elementor-drop-cap{color:#69727d;border:3px solid;background-color:transparent}.elementor-widget-text-editor:not(.elementor-drop-cap-view-default) .elementor-drop-cap{margin-top:8px}.elementor-widget-text-editor:not(.elementor-drop-cap-view-default) .elementor-drop-cap-letter{width:1em;height:1em}.elementor-widget-text-editor .elementor-drop-cap{float:left;text-align:center;line-height:1;font-size:50px}.elementor-widget-text-editor .elementor-drop-cap-letter{display:inline-block}<\/style>\t\t\t\t<p><strong>alfaloc<\/strong> es una empresa internacional de transporte urgente de mercanc\u00edas formada por <strong>personas de especial fuerza<\/strong> y una <strong>atenci\u00f3n inusitada<\/strong> a lo que el Cliente necesita. Operando en el transporte en Portugal desde hace casi 30 a\u00f1os. <\/p>\n<p>El punto fuerte de las soluciones <strong>de alfaloc<\/strong> son los servicios urgentes, personalizados y\/o cr\u00edticos, que se caracterizan por la adaptaci\u00f3n total a las necesidades del cliente y el transporte ininterrumpido de mercanc\u00edas hasta su destino.<\/p>\n<p><strong>Alfaloc busca ser un socio comercial y no un proveedor m\u00e1s.  <\/strong><\/p>\n<p>Los servicios abarcan desde el transporte de documentos hasta grandes cargas, a nivel internacional y nacional, por diferentes medios, para Clientes de diferentes sectores de actividad.<\/p>\n<p>Alfaloc tambi\u00e9n es conocido por su amabilidad en el servicio y la proximidad. La opini\u00f3n de los clientes siempre es muy valorada y apreciada, as\u00ed que no dudes en decirnos lo que piensas. <\/p>\n\t\t\t\t\t\t<\/div>\n\t\t\t\t<\/div>\n\t\t\t\t<div class=\"elementor-element elementor-element-88b96d0 elementor-hidden-mobile elementor-hidden-tablet_extra elementor-hidden-tablet elementor-hidden-mobile_extra elementor-widget elementor-widget-spacer\" data-id=\"88b96d0\" data-element_type=\"widget\" data-widget_type=\"spacer.default\">\n\t\t\t\t<div class=\"elementor-widget-container\">\n\t\t\t\t\t<div class=\"elementor-spacer\">\n\t\t\t<div class=\"elementor-spacer-inner\"><\/div>\n\t\t<\/div>\n\t\t\t\t<\/div>\n\t\t\t\t<\/div>\n\t\t\t\t<div class=\"elementor-element elementor-element-32a69f7 elementor-widget elementor-widget-heading\" data-id=\"32a69f7\" data-element_type=\"widget\" data-widget_type=\"heading.default\">\n\t\t\t\t<div class=\"elementor-widget-container\">\n\t\t\t<h2 class=\"elementor-heading-title elementor-size-default\">En el mercado del transporte desde 1995, actualmente contamos con 5 Delegaciones en Portugal y 1 en Espa\u00f1a:<\/h2>\t\t<\/div>\n\t\t\t\t<\/div>\n\t\t\t\t<div class=\"elementor-element elementor-element-86c72c6 elementor-widget-mobile__width-initial alfaloc-ul ul-dot-red elementor-widget elementor-widget-text-editor\" data-id=\"86c72c6\" data-element_type=\"widget\" data-widget_type=\"text-editor.default\">\n\t\t\t\t<div class=\"elementor-widget-container\">\n\t\t\t\t\t\t\t<ul>\n<li><a href=\"https:\/\/alfaloc.pt\/alfaloc-fr\/?page_id=9130\">Lisboa Oeste<\/a> \u2013 con sede en Cac\u00e9m<\/li>\n<li><a href=\"https:\/\/alfaloc.pt\/alfaloc-fr\/?page_id=9143\">Lisboa Este<\/a> \u2013 con sede en Loures<\/li>\n<li><a href=\"https:\/\/alfaloc.pt\/alfaloc-fr\/?page_id=9111\">Centro Litoral<\/a> \u2013 con sede en Marinha Grande<\/li>\n<li><a href=\"https:\/\/alfaloc.pt\/alfaloc-fr\/?page_id=9163\">Entre el Duero y el Vouga<\/a> \u2013 con sede en Oliveira de Azem\u00e9is<\/li>\n<li><a href=\"https:\/\/alfaloc.pt\/alfaloc-fr\/?page_id=9171\">Costa Norte<\/a> &#8211; con sede en Vila Nova de Famalic\u00e3o<\/li>\n<li><a href=\"http:\/\/www.alfaloc.es\">Alfaloc Euskad<\/a>i &#8211; con sede en San Sebasti\u00e1n<\/li>\n<\/ul>\n\t\t\t\t\t\t<\/div>\n\t\t\t\t<\/div>\n\t\t\t\t<div class=\"elementor-element elementor-element-031eb61 elementor-widget elementor-widget-spacer\" data-id=\"031eb61\" data-element_type=\"widget\" data-widget_type=\"spacer.default\">\n\t\t\t\t<div class=\"elementor-widget-container\">\n\t\t\t\t\t<div class=\"elementor-spacer\">\n\t\t\t<div class=\"elementor-spacer-inner\"><\/div>\n\t\t<\/div>\n\t\t\t\t<\/div>\n\t\t\t\t<\/div>\n\t\t\t\t<div class=\"elementor-element elementor-element-44848ec elementor-widget-mobile__width-initial elementor-widget elementor-widget-text-editor\" data-id=\"44848ec\" data-element_type=\"widget\" data-widget_type=\"text-editor.default\">\n\t\t\t\t<div class=\"elementor-widget-container\">\n\t\t\t\t\t\t\t<p>Los clientes de <strong>Alfaloc<\/strong> pertenecen a sectores de actividad como: Industria de Moldes y Pl\u00e1sticos, proveedores de la Industria de Automoci\u00f3n en general, Inform\u00e1tica, Calzado, Textil, Laboratorios, Farmac\u00e9utico, Sector P\u00fablico, entre otros.<\/p>\n<p><strong>alfaloc<\/strong> es la empresa merecedora de varios Certificados y Distinciones como Excelencia PYME, PYME l\u00edder. Echa un vistazo a algunos en <a href=\"https:\/\/alfaloc.pt\/alfaloc-fr\/es\/certificados-y-distinciones\/\">Certificados y Distinciones<\/a>. <\/p>\n<p>Existe un especial compromiso con la sostenibilidad econ\u00f3mica, ambiental y social, perfectamente reflejado en la <a href=\"https:\/\/alfaloc.pt\/alfaloc-fr\/es\/mision-y-proposito\/\">Misi\u00f3n, Visi\u00f3n y Valores<\/a><strong> de Alfaloc.<\/strong><\/p>\n<p>Es por ello que cada vez son m\u00e1s las empresas que conf\u00edan en <strong>alfaloc<\/strong> para el env\u00edo de sus env\u00edos. \u00a1Conoce esta \u00abFuerza Especial\u00bb y bienvenido!<\/p>\n<p><strong>Por ti hacemos m\u00e1s y mejor.<\/strong><\/p>\n\t\t\t\t\t\t<\/div>\n\t\t\t\t<\/div>\n\t\t\t\t<\/div>\n\t\t\t\t<\/div>\n\t\t<div class=\"elementor-element elementor-element-e02f2d5 e-con-full elementor-hidden-tablet elementor-hidden-mobile_extra elementor-hidden-mobile e-flex e-con e-child\" data-id=\"e02f2d5\" data-element_type=\"container\">\n\t\t\t\t<\/div>\n\t\t\t\t\t<\/div>\n\t\t\t\t<\/div>\n\t\t\t\t<\/div>\n\t\t","protected":false},"excerpt":{"rendered":"<p>M\u00e1s informaci\u00f3n sobre Alfaloc, l\u00edder en transporte urgente y cr\u00edtico en Portugal. Compromiso con la calidad, la innovaci\u00f3n y la satisfacci\u00f3n del cliente <\/p>\n","protected":false},"author":1,"featured_media":9522,"parent":0,"menu_order":0,"comment_status":"closed","ping_status":"closed","template":"","meta":{"footnotes":""},"class_list":["post-10982","page","type-page","status-publish","has-post-thumbnail","hentry"],"yoast_head":"<!-- This site is optimized with the Yoast SEO Premium plugin v27.5 (Yoast SEO v27.5) - https:\/\/yoast.com\/product\/yoast-seo-premium-wordpress\/ -->\n<title>Sobre nosotros - Alfaloc FR - Transporte en Portugal<\/title>\n<meta name=\"description\" content=\"M\u00e1s informaci\u00f3n sobre Alfaloc, l\u00edder en transporte urgente y cr\u00edtico en Portugal. Compromiso con la calidad, la innovaci\u00f3n y la satisfacci\u00f3n del cliente\" \/>\n<meta name=\"robots\" content=\"index, follow, max-snippet:-1, max-image-preview:large, max-video-preview:-1\" \/>\n<link rel=\"canonical\" href=\"https:\/\/alfaloc.fr\/es\/sobre-nosotros\/\" \/>\n<meta property=\"og:locale\" content=\"es_ES\" \/>\n<meta property=\"og:type\" content=\"article\" \/>\n<meta property=\"og:title\" content=\"Sobre nosotros - Alfaloc FR - Transporte en Portugal\" \/>\n<meta property=\"og:description\" content=\"M\u00e1s informaci\u00f3n sobre Alfaloc, l\u00edder en transporte urgente y cr\u00edtico en Portugal. Compromiso con la calidad, la innovaci\u00f3n y la satisfacci\u00f3n del cliente\" \/>\n<meta property=\"og:url\" content=\"https:\/\/alfaloc.fr\/es\/sobre-nosotros\/\" \/>\n<meta property=\"og:site_name\" content=\"Alfaloc FR\" \/>\n<meta property=\"article:modified_time\" content=\"2025-02-04T15:22:47+00:00\" \/>\n<meta property=\"og:image\" content=\"https:\/\/alfaloc.pt\/alfaloc-fr\/wp-content\/uploads\/sites\/3\/2024\/08\/nacional.png\" \/>\n<meta name=\"twitter:card\" content=\"summary_large_image\" \/>\n<meta name=\"twitter:title\" content=\"Sobre nosotros - Alfaloc FR - Transporte en Portugal\" \/>\n<meta name=\"twitter:description\" content=\"M\u00e1s informaci\u00f3n sobre Alfaloc, l\u00edder en transporte urgente y cr\u00edtico en Portugal. Compromiso con la calidad, la innovaci\u00f3n y la satisfacci\u00f3n del cliente\" \/>\n<meta name=\"twitter:label1\" content=\"Tiempo de lectura\" \/>\n\t<meta name=\"twitter:data1\" content=\"2 minutos\" \/>\n<script type=\"application\/ld+json\" class=\"yoast-schema-graph\">{\"@context\":\"https:\\\/\\\/schema.org\",\"@graph\":[{\"@type\":\"WebPage\",\"@id\":\"https:\\\/\\\/alfaloc.fr\\\/es\\\/sobre-nosotros\\\/\",\"url\":\"https:\\\/\\\/alfaloc.fr\\\/es\\\/sobre-nosotros\\\/\",\"name\":\"Sobre nosotros - Alfaloc FR - Transporte en Portugal\",\"isPartOf\":{\"@id\":\"https:\\\/\\\/alfaloc.fr\\\/es\\\/#website\"},\"primaryImageOfPage\":{\"@id\":\"https:\\\/\\\/alfaloc.fr\\\/es\\\/sobre-nosotros\\\/#primaryimage\"},\"image\":{\"@id\":\"https:\\\/\\\/alfaloc.fr\\\/es\\\/sobre-nosotros\\\/#primaryimage\"},\"thumbnailUrl\":\"https:\\\/\\\/alfaloc.fr\\\/wp-content\\\/uploads\\\/sites\\\/3\\\/2023\\\/12\\\/alfaloc-footer-logo.svg\",\"datePublished\":\"2024-02-29T09:59:30+00:00\",\"dateModified\":\"2025-02-04T15:22:47+00:00\",\"description\":\"M\u00e1s informaci\u00f3n sobre Alfaloc, l\u00edder en transporte urgente y cr\u00edtico en Portugal. Compromiso con la calidad, la innovaci\u00f3n y la satisfacci\u00f3n del cliente\",\"breadcrumb\":{\"@id\":\"https:\\\/\\\/alfaloc.fr\\\/es\\\/sobre-nosotros\\\/#breadcrumb\"},\"inLanguage\":\"es\",\"potentialAction\":[{\"@type\":\"ReadAction\",\"target\":[\"https:\\\/\\\/alfaloc.fr\\\/es\\\/sobre-nosotros\\\/\"]}]},{\"@type\":\"ImageObject\",\"inLanguage\":\"es\",\"@id\":\"https:\\\/\\\/alfaloc.fr\\\/es\\\/sobre-nosotros\\\/#primaryimage\",\"url\":\"https:\\\/\\\/alfaloc.fr\\\/wp-content\\\/uploads\\\/sites\\\/3\\\/2023\\\/12\\\/alfaloc-footer-logo.svg\",\"contentUrl\":\"https:\\\/\\\/alfaloc.fr\\\/wp-content\\\/uploads\\\/sites\\\/3\\\/2023\\\/12\\\/alfaloc-footer-logo.svg\",\"caption\":\"Alfaloc Transportes expresso\"},{\"@type\":\"BreadcrumbList\",\"@id\":\"https:\\\/\\\/alfaloc.fr\\\/es\\\/sobre-nosotros\\\/#breadcrumb\",\"itemListElement\":[{\"@type\":\"ListItem\",\"position\":1,\"name\":\"In\u00edcio\",\"item\":\"https:\\\/\\\/alfaloc.fr\\\/es\\\/\"},{\"@type\":\"ListItem\",\"position\":2,\"name\":\"Sobre nosotros\"}]},{\"@type\":\"WebSite\",\"@id\":\"https:\\\/\\\/alfaloc.fr\\\/es\\\/#website\",\"url\":\"https:\\\/\\\/alfaloc.fr\\\/es\\\/\",\"name\":\"Alfaloc FR\",\"description\":\"\",\"potentialAction\":[{\"@type\":\"SearchAction\",\"target\":{\"@type\":\"EntryPoint\",\"urlTemplate\":\"https:\\\/\\\/alfaloc.fr\\\/es\\\/?s={search_term_string}\"},\"query-input\":{\"@type\":\"PropertyValueSpecification\",\"valueRequired\":true,\"valueName\":\"search_term_string\"}}],\"inLanguage\":\"es\"}]}<\/script>\n<!-- \/ Yoast SEO Premium plugin. -->","yoast_head_json":{"title":"Sobre nosotros - Alfaloc FR - Transporte en Portugal","description":"M\u00e1s informaci\u00f3n sobre Alfaloc, l\u00edder en transporte urgente y cr\u00edtico en Portugal. Compromiso con la calidad, la innovaci\u00f3n y la satisfacci\u00f3n del cliente","robots":{"index":"index","follow":"follow","max-snippet":"max-snippet:-1","max-image-preview":"max-image-preview:large","max-video-preview":"max-video-preview:-1"},"canonical":"https:\/\/alfaloc.fr\/es\/sobre-nosotros\/","og_locale":"es_ES","og_type":"article","og_title":"Sobre nosotros - Alfaloc FR - Transporte en Portugal","og_description":"M\u00e1s informaci\u00f3n sobre Alfaloc, l\u00edder en transporte urgente y cr\u00edtico en Portugal. Compromiso con la calidad, la innovaci\u00f3n y la satisfacci\u00f3n del cliente","og_url":"https:\/\/alfaloc.fr\/es\/sobre-nosotros\/","og_site_name":"Alfaloc FR","article_modified_time":"2025-02-04T15:22:47+00:00","og_image":[{"url":"https:\/\/alfaloc.pt\/alfaloc-fr\/wp-content\/uploads\/sites\/3\/2024\/08\/nacional.png","type":"","width":"","height":""}],"twitter_card":"summary_large_image","twitter_title":"Sobre nosotros - Alfaloc FR - Transporte en Portugal","twitter_description":"M\u00e1s informaci\u00f3n sobre Alfaloc, l\u00edder en transporte urgente y cr\u00edtico en Portugal. Compromiso con la calidad, la innovaci\u00f3n y la satisfacci\u00f3n del cliente","twitter_misc":{"Tiempo de lectura":"2 minutos"},"schema":{"@context":"https:\/\/schema.org","@graph":[{"@type":"WebPage","@id":"https:\/\/alfaloc.fr\/es\/sobre-nosotros\/","url":"https:\/\/alfaloc.fr\/es\/sobre-nosotros\/","name":"Sobre nosotros - Alfaloc FR - Transporte en Portugal","isPartOf":{"@id":"https:\/\/alfaloc.fr\/es\/#website"},"primaryImageOfPage":{"@id":"https:\/\/alfaloc.fr\/es\/sobre-nosotros\/#primaryimage"},"image":{"@id":"https:\/\/alfaloc.fr\/es\/sobre-nosotros\/#primaryimage"},"thumbnailUrl":"https:\/\/alfaloc.fr\/wp-content\/uploads\/sites\/3\/2023\/12\/alfaloc-footer-logo.svg","datePublished":"2024-02-29T09:59:30+00:00","dateModified":"2025-02-04T15:22:47+00:00","description":"M\u00e1s informaci\u00f3n sobre Alfaloc, l\u00edder en transporte urgente y cr\u00edtico en Portugal. Compromiso con la calidad, la innovaci\u00f3n y la satisfacci\u00f3n del cliente","breadcrumb":{"@id":"https:\/\/alfaloc.fr\/es\/sobre-nosotros\/#breadcrumb"},"inLanguage":"es","potentialAction":[{"@type":"ReadAction","target":["https:\/\/alfaloc.fr\/es\/sobre-nosotros\/"]}]},{"@type":"ImageObject","inLanguage":"es","@id":"https:\/\/alfaloc.fr\/es\/sobre-nosotros\/#primaryimage","url":"https:\/\/alfaloc.fr\/wp-content\/uploads\/sites\/3\/2023\/12\/alfaloc-footer-logo.svg","contentUrl":"https:\/\/alfaloc.fr\/wp-content\/uploads\/sites\/3\/2023\/12\/alfaloc-footer-logo.svg","caption":"Alfaloc Transportes expresso"},{"@type":"BreadcrumbList","@id":"https:\/\/alfaloc.fr\/es\/sobre-nosotros\/#breadcrumb","itemListElement":[{"@type":"ListItem","position":1,"name":"In\u00edcio","item":"https:\/\/alfaloc.fr\/es\/"},{"@type":"ListItem","position":2,"name":"Sobre nosotros"}]},{"@type":"WebSite","@id":"https:\/\/alfaloc.fr\/es\/#website","url":"https:\/\/alfaloc.fr\/es\/","name":"Alfaloc FR","description":"","potentialAction":[{"@type":"SearchAction","target":{"@type":"EntryPoint","urlTemplate":"https:\/\/alfaloc.fr\/es\/?s={search_term_string}"},"query-input":{"@type":"PropertyValueSpecification","valueRequired":true,"valueName":"search_term_string"}}],"inLanguage":"es"}]}},"_links":{"self":[{"href":"https:\/\/alfaloc.fr\/es\/wp-json\/wp\/v2\/pages\/10982","targetHints":{"allow":["GET"]}}],"collection":[{"href":"https:\/\/alfaloc.fr\/es\/wp-json\/wp\/v2\/pages"}],"about":[{"href":"https:\/\/alfaloc.fr\/es\/wp-json\/wp\/v2\/types\/page"}],"author":[{"embeddable":true,"href":"https:\/\/alfaloc.fr\/es\/wp-json\/wp\/v2\/users\/1"}],"replies":[{"embeddable":true,"href":"https:\/\/alfaloc.fr\/es\/wp-json\/wp\/v2\/comments?post=10982"}],"version-history":[{"count":1,"href":"https:\/\/alfaloc.fr\/es\/wp-json\/wp\/v2\/pages\/10982\/revisions"}],"predecessor-version":[{"id":10983,"href":"https:\/\/alfaloc.fr\/es\/wp-json\/wp\/v2\/pages\/10982\/revisions\/10983"}],"wp:featuredmedia":[{"embeddable":true,"href":"https:\/\/alfaloc.fr\/es\/wp-json\/wp\/v2\/media\/9522"}],"wp:attachment":[{"href":"https:\/\/alfaloc.fr\/es\/wp-json\/wp\/v2\/media?parent=10982"}],"curies":[{"name":"wp","href":"https:\/\/api.w.org\/{rel}","templated":true}]}}